{"id":6633,"date":"2021-02-18T14:06:50","date_gmt":"2021-02-18T14:06:50","guid":{"rendered":"http:\/\/authtake.com\/?page_id=6633"},"modified":"2023-03-07T07:08:08","modified_gmt":"2023-03-07T07:08:08","slug":"resources-support-center","status":"publish","type":"page","link":"https:\/\/authtake.com\/tr\/resources-support-center\/","title":{"rendered":"Resources-Support Center"},"content":{"rendered":"<div data-elementor-type=\"wp-page\" data-elementor-id=\"6633\" class=\"elementor elementor-6633\">\n\t\t\t\t\t\t<section class=\"elementor-section elementor-top-section elementor-element elementor-element-3e8ea4a elementor-section-height-min-height elementor-section-boxed elementor-section-height-default elementor-section-items-middle wpr-particle-no wpr-sticky-section-no\" data-id=\"3e8ea4a\" data-element_type=\"section\" data-settings=\"{&quot;background_background&quot;:&quot;classic&quot;}\">\n\t\t\t\t\t\t<div class=\"elementor-container elementor-column-gap-default\">\n\t\t\t\t\t<div class=\"elementor-column elementor-col-50 elementor-top-column elementor-element elementor-element-6cf38b4\" data-id=\"6cf38b4\" data-element_type=\"column\">\n\t\t\t<div class=\"elementor-widget-wrap elementor-element-populated\">\n\t\t\t\t\t\t<div class=\"elementor-element elementor-element-9ec7fb9 elementor-widget elementor-widget-heading\" data-id=\"9ec7fb9\" data-element_type=\"widget\" data-widget_type=\"heading.default\">\n\t\t\t\t<div class=\"elementor-widget-container\">\n\t\t\t<h2 class=\"elementor-heading-title elementor-size-default\">- Kaynaklar -<\/h2>\t\t<\/div>\n\t\t\t\t<\/div>\n\t\t\t\t<div class=\"elementor-element elementor-element-d59cd84 elementor-widget elementor-widget-heading\" data-id=\"d59cd84\" data-element_type=\"widget\" data-widget_type=\"heading.default\">\n\t\t\t\t<div class=\"elementor-widget-container\">\n\t\t\t<h2 class=\"elementor-heading-title elementor-size-default\">Yard\u0131m ve Destek<\/h2>\t\t<\/div>\n\t\t\t\t<\/div>\n\t\t\t\t<div class=\"elementor-element elementor-element-4f44a20 elementor-widget elementor-widget-text-editor\" data-id=\"4f44a20\" data-element_type=\"widget\" data-widget_type=\"text-editor.default\">\n\t\t\t\t<div class=\"elementor-widget-container\">\n\t\t\t\t\t\t\t<p>AuthTake Destek Merkezi'ne ho\u015f geldiniz. AuthTake \u00fcr\u00fcnleri ile ilgili d\u00f6k\u00fcmanlara buradan ula\u015fabilirsiniz. \u0130htiyac\u0131n\u0131z olan veya ihtiya\u00e7 duyabilece\u011finiz her \u015feyi ele ald\u0131k.<\/p>\t\t\t\t\t\t<\/div>\n\t\t\t\t<\/div>\n\t\t\t\t<div class=\"elementor-element elementor-element-c511d8b elementor-widget elementor-widget-button\" data-id=\"c511d8b\" data-element_type=\"widget\" data-widget_type=\"button.default\">\n\t\t\t\t<div class=\"elementor-widget-container\">\n\t\t\t\t\t<div class=\"elementor-button-wrapper\">\n\t\t\t<a class=\"elementor-button elementor-button-link elementor-size-sm\" href=\"https:\/\/authtake.com\/tr\/company-contact-us\/\">\n\t\t\t\t\t\t<span class=\"elementor-button-content-wrapper\">\n\t\t\t\t\t\t<span class=\"elementor-button-text\">B\u0130ZE ULA\u015eIN<\/span>\n\t\t<\/span>\n\t\t\t\t\t<\/a>\n\t\t<\/div>\n\t\t\t\t<\/div>\n\t\t\t\t<\/div>\n\t\t\t\t\t<\/div>\n\t\t<\/div>\n\t\t\t\t<div class=\"elementor-column elementor-col-50 elementor-top-column elementor-element elementor-element-b995246\" data-id=\"b995246\" data-element_type=\"column\">\n\t\t\t<div class=\"elementor-widget-wrap\">\n\t\t\t\t\t\t\t<\/div>\n\t\t<\/div>\n\t\t\t\t\t<\/div>\n\t\t<\/section>\n\t\t\t\t<section class=\"elementor-section elementor-top-section elementor-element elementor-element-5b31724 elementor-section-boxed elementor-section-height-default elementor-section-height-default wpr-particle-no wpr-sticky-section-no\" data-id=\"5b31724\" data-element_type=\"section\">\n\t\t\t\t\t\t<div class=\"elementor-container elementor-column-gap-default\">\n\t\t\t\t\t<div class=\"elementor-column elementor-col-100 elementor-top-column elementor-element elementor-element-11cc271\" data-id=\"11cc271\" data-element_type=\"column\" data-settings=\"{&quot;animation&quot;:&quot;none&quot;}\">\n\t\t\t<div class=\"elementor-widget-wrap elementor-element-populated\">\n\t\t\t\t\t\t<section class=\"elementor-section elementor-inner-section elementor-element elementor-element-669bcc5 elementor-section-boxed elementor-section-height-default elementor-section-height-default wpr-particle-no wpr-sticky-section-no\" data-id=\"669bcc5\" data-element_type=\"section\">\n\t\t\t\t\t\t<div class=\"elementor-container elementor-column-gap-default\">\n\t\t\t\t\t<div class=\"elementor-column elementor-col-33 elementor-inner-column elementor-element elementor-element-c8f1cd7\" data-id=\"c8f1cd7\" data-element_type=\"column\" data-settings=\"{&quot;animation&quot;:&quot;none&quot;,&quot;background_background&quot;:&quot;classic&quot;}\">\n\t\t\t<div class=\"elementor-widget-wrap elementor-element-populated\">\n\t\t\t\t\t\t<div class=\"elementor-element elementor-element-8639065 elementor-view-default elementor-position-top elementor-mobile-position-top elementor-widget elementor-widget-icon-box\" data-id=\"8639065\" data-element_type=\"widget\" data-widget_type=\"icon-box.default\">\n\t\t\t\t<div class=\"elementor-widget-container\">\n\t\t\t\t\t<div class=\"elementor-icon-box-wrapper\">\n\t\t\t\t\t\t<div class=\"elementor-icon-box-icon\">\n\t\t\t\t<span  class=\"elementor-icon elementor-animation-\">\n\t\t\t\t<i aria-hidden=\"true\" class=\"fas fa-exclamation-circle\"><\/i>\t\t\t\t<\/span>\n\t\t\t<\/div>\n\t\t\t\t\t\t<div class=\"elementor-icon-box-content\">\n\t\t\t\t<h3 class=\"elementor-icon-box-title\">\n\t\t\t\t\t<span  >\n\t\t\t\t\t\tBilgiye Dayal\u0131\t\t\t\t\t<\/span>\n\t\t\t\t<\/h3>\n\t\t\t\t\t\t\t\t\t<p class=\"elementor-icon-box-description\">\n\t\t\t\t\t\tAuthTake ile ilgili makaleleri ve di\u011fer kullan\u0131c\u0131lar taraf\u0131ndan sorulan sorular\u0131 g\u00f6r\u00fcnt\u00fcleyin.\t\t\t\t\t<\/p>\n\t\t\t\t\t\t\t<\/div>\n\t\t<\/div>\n\t\t\t\t<\/div>\n\t\t\t\t<\/div>\n\t\t\t\t<div class=\"elementor-element elementor-element-5c5f3fb elementor-align-center elementor-widget elementor-widget-button\" data-id=\"5c5f3fb\" data-element_type=\"widget\" data-widget_type=\"button.default\">\n\t\t\t\t<div class=\"elementor-widget-container\">\n\t\t\t\t\t<div class=\"elementor-button-wrapper\">\n\t\t\t<a class=\"elementor-button elementor-button-link elementor-size-sm\" href=\"http:\/\/authtake.com\/tr\/supportcenter-knowledge-based\/\">\n\t\t\t\t\t\t<span class=\"elementor-button-content-wrapper\">\n\t\t\t\t\t\t<span class=\"elementor-button-text\">Daha Fazlas\u0131<\/span>\n\t\t<\/span>\n\t\t\t\t\t<\/a>\n\t\t<\/div>\n\t\t\t\t<\/div>\n\t\t\t\t<\/div>\n\t\t\t\t\t<\/div>\n\t\t<\/div>\n\t\t\t\t<div class=\"elementor-column elementor-col-33 elementor-inner-column elementor-element elementor-element-a0fc9bd\" data-id=\"a0fc9bd\" data-element_type=\"column\" data-settings=\"{&quot;animation&quot;:&quot;none&quot;,&quot;background_background&quot;:&quot;classic&quot;}\">\n\t\t\t<div class=\"elementor-widget-wrap elementor-element-populated\">\n\t\t\t\t\t\t<div class=\"elementor-element elementor-element-ddfc0bf elementor-view-default elementor-position-top elementor-mobile-position-top elementor-widget elementor-widget-icon-box\" data-id=\"ddfc0bf\" data-element_type=\"widget\" data-widget_type=\"icon-box.default\">\n\t\t\t\t<div class=\"elementor-widget-container\">\n\t\t\t\t\t<div class=\"elementor-icon-box-wrapper\">\n\t\t\t\t\t\t<div class=\"elementor-icon-box-icon\">\n\t\t\t\t<span  class=\"elementor-icon elementor-animation-\">\n\t\t\t\t<i aria-hidden=\"true\" class=\"fas fa-question-circle\"><\/i>\t\t\t\t<\/span>\n\t\t\t<\/div>\n\t\t\t\t\t\t<div class=\"elementor-icon-box-content\">\n\t\t\t\t<h3 class=\"elementor-icon-box-title\">\n\t\t\t\t\t<span  >\n\t\t\t\t\t\tBelgeler\t\t\t\t\t<\/span>\n\t\t\t\t<\/h3>\n\t\t\t\t\t\t\t\t\t<p class=\"elementor-icon-box-description\">\n\t\t\t\t\t\tAuthTake kullan\u0131m\u0131n\u0131z\u0131 iyile\u015ftirecek belgeleri g\u00f6r\u00fcnt\u00fcleyin.\t\t\t\t\t<\/p>\n\t\t\t\t\t\t\t<\/div>\n\t\t<\/div>\n\t\t\t\t<\/div>\n\t\t\t\t<\/div>\n\t\t\t\t<div class=\"elementor-element elementor-element-98d0678 elementor-align-center elementor-widget elementor-widget-button\" data-id=\"98d0678\" data-element_type=\"widget\" data-widget_type=\"button.default\">\n\t\t\t\t<div class=\"elementor-widget-container\">\n\t\t\t\t\t<div class=\"elementor-button-wrapper\">\n\t\t\t<a class=\"elementor-button elementor-button-link elementor-size-sm\" href=\"http:\/\/authtake.com\/tr\/supportcenter-documentation\/\">\n\t\t\t\t\t\t<span class=\"elementor-button-content-wrapper\">\n\t\t\t\t\t\t<span class=\"elementor-button-text\">Daha Fazlas\u0131<\/span>\n\t\t<\/span>\n\t\t\t\t\t<\/a>\n\t\t<\/div>\n\t\t\t\t<\/div>\n\t\t\t\t<\/div>\n\t\t\t\t\t<\/div>\n\t\t<\/div>\n\t\t\t\t<div class=\"elementor-column elementor-col-33 elementor-inner-column elementor-element elementor-element-6994fa2\" data-id=\"6994fa2\" data-element_type=\"column\" data-settings=\"{&quot;animation&quot;:&quot;none&quot;,&quot;background_background&quot;:&quot;classic&quot;}\">\n\t\t\t<div class=\"elementor-widget-wrap elementor-element-populated\">\n\t\t\t\t\t\t<div class=\"elementor-element elementor-element-010c196 elementor-view-default elementor-position-top elementor-mobile-position-top elementor-widget elementor-widget-icon-box\" data-id=\"010c196\" data-element_type=\"widget\" data-widget_type=\"icon-box.default\">\n\t\t\t\t<div class=\"elementor-widget-container\">\n\t\t\t\t\t<div class=\"elementor-icon-box-wrapper\">\n\t\t\t\t\t\t<div class=\"elementor-icon-box-icon\">\n\t\t\t\t<span  class=\"elementor-icon elementor-animation-\">\n\t\t\t\t<i aria-hidden=\"true\" class=\"fas fa-check-circle\"><\/i>\t\t\t\t<\/span>\n\t\t\t<\/div>\n\t\t\t\t\t\t<div class=\"elementor-icon-box-content\">\n\t\t\t\t<h3 class=\"elementor-icon-box-title\">\n\t\t\t\t\t<span  >\n\t\t\t\t\t\tBilet Sistemi\t\t\t\t\t<\/span>\n\t\t\t\t<\/h3>\n\t\t\t\t\t\t\t\t\t<p class=\"elementor-icon-box-description\">\n\t\t\t\t\t\tYeni bir talep olu\u015fturun veya eski taleplerinize verilen yan\u0131tlar\u0131 g\u00f6r\u00fcnt\u00fcleyin.\t\t\t\t\t<\/p>\n\t\t\t\t\t\t\t<\/div>\n\t\t<\/div>\n\t\t\t\t<\/div>\n\t\t\t\t<\/div>\n\t\t\t\t\t<\/div>\n\t\t<\/div>\n\t\t\t\t\t<\/div>\n\t\t<\/section>\n\t\t\t\t\t<\/div>\n\t\t<\/div>\n\t\t\t\t\t<\/div>\n\t\t<\/section>\n\t\t\t\t<section class=\"elementor-section elementor-top-section elementor-element elementor-element-3203865 elementor-section-boxed elementor-section-height-default elementor-section-height-default wpr-particle-no wpr-sticky-section-no\" data-id=\"3203865\" data-element_type=\"section\" data-settings=\"{&quot;background_background&quot;:&quot;classic&quot;}\">\n\t\t\t\t\t\t<div class=\"elementor-container elementor-column-gap-default\">\n\t\t\t\t\t<div class=\"elementor-column elementor-col-50 elementor-top-column elementor-element elementor-element-1874fd6\" data-id=\"1874fd6\" data-element_type=\"column\">\n\t\t\t<div class=\"elementor-widget-wrap elementor-element-populated\">\n\t\t\t\t\t\t<div class=\"elementor-element elementor-element-e389dc4 elementor-widget__width-initial elementor-widget elementor-widget-heading\" data-id=\"e389dc4\" data-element_type=\"widget\" data-widget_type=\"heading.default\">\n\t\t\t\t<div class=\"elementor-widget-container\">\n\t\t\t<h2 class=\"elementor-heading-title elementor-size-default\">En \u0130yi \u00dcr\u00fcnle Birle\u015ftirilmi\u015f En \u0130yi Teknik Destek<\/h2>\t\t<\/div>\n\t\t\t\t<\/div>\n\t\t\t\t<div class=\"elementor-element elementor-element-edba492 elementor-widget__width-initial elementor-widget elementor-widget-text-editor\" data-id=\"edba492\" data-element_type=\"widget\" data-widget_type=\"text-editor.default\">\n\t\t\t\t<div class=\"elementor-widget-container\">\n\t\t\t\t\t\t\t<p>Kimlik do\u011frulama i\u015fleminizde kullanabilece\u011finiz en iyi \u00fcr\u00fcnleri size sunmak i\u00e7in buraday\u0131z. Kullan\u0131c\u0131 deneyimi ve kullan\u0131c\u0131 memnuniyeti bizim \u00f6nceli\u011fimizdir, bu nedenle size en iyi \u00fcr\u00fcnleri sunarken h\u0131zl\u0131, kolay ve tatmin edici teknik destek sunuyoruz. En y\u00fcksek kalitede teknik ve m\u00fc\u015fteri deste\u011fi ald\u0131\u011f\u0131n\u0131zdan emin olmak istiyoruz. Destek merkezimizi kullanarak, sistemin kullan\u0131m\u0131 s\u0131ras\u0131nda kar\u015f\u0131la\u015fabilece\u011finiz sorunlar\u0131 7\/24\/365 kendi ba\u015f\u0131n\u0131za \u00e7\u00f6zebilir, detayl\u0131 a\u00e7\u0131klamalar\u0131n\u0131 sundu\u011fumuz belgeler ile entegrasyon i\u015flemlerinizi ger\u00e7ekle\u015ftirebilirsiniz. Problem \u00e7\u00f6zme ve s\u00fcre\u00e7 kullan\u0131m\u0131 i\u00e7in haz\u0131rlad\u0131\u011f\u0131m\u0131z dok\u00fcmanlar\u0131m\u0131z\u0131 herkesin uygulayabilece\u011fi kolayl\u0131k ve netlikte haz\u0131rlamaya \u00f6zen g\u00f6steriyoruz.<\/p>\t\t\t\t\t\t<\/div>\n\t\t\t\t<\/div>\n\t\t\t\t\t<\/div>\n\t\t<\/div>\n\t\t\t\t<div class=\"elementor-column elementor-col-50 elementor-top-column elementor-element elementor-element-bb1232a\" data-id=\"bb1232a\" data-element_type=\"column\">\n\t\t\t<div class=\"elementor-widget-wrap elementor-element-populated\">\n\t\t\t\t\t\t<div class=\"elementor-element elementor-element-8f47478 elementor-widget elementor-widget-image\" data-id=\"8f47478\" data-element_type=\"widget\" data-widget_type=\"image.default\">\n\t\t\t\t<div class=\"elementor-widget-container\">\n\t\t\t\t\t\t\t\t\t\t\t\t\t<img fetchpriority=\"high\" decoding=\"async\" width=\"800\" height=\"800\" src=\"https:\/\/authtake.com\/wp-content\/uploads\/2021\/01\/helpdesk_-1024x1024.png\" class=\"attachment-large size-large wp-image-1396\" alt=\"\" srcset=\"https:\/\/authtake.com\/wp-content\/uploads\/2021\/01\/helpdesk_-1024x1024.png 1024w, https:\/\/authtake.com\/wp-content\/uploads\/2021\/01\/helpdesk_-300x300.png 300w, https:\/\/authtake.com\/wp-content\/uploads\/2021\/01\/helpdesk_-150x150.png 150w, https:\/\/authtake.com\/wp-content\/uploads\/2021\/01\/helpdesk_-768x768.png 768w, https:\/\/authtake.com\/wp-content\/uploads\/2021\/01\/helpdesk_-1536x1536.png 1536w, https:\/\/authtake.com\/wp-content\/uploads\/2021\/01\/helpdesk_-2048x2048.png 2048w\" sizes=\"(max-width: 800px) 100vw, 800px\" \/>\t\t\t\t\t\t\t\t\t\t\t\t\t<\/div>\n\t\t\t\t<\/div>\n\t\t\t\t\t<\/div>\n\t\t<\/div>\n\t\t\t\t\t<\/div>\n\t\t<\/section>\n\t\t\t\t<section class=\"elementor-section elementor-top-section elementor-element elementor-element-39aaca7 elementor-section-boxed elementor-section-height-default elementor-section-height-default wpr-particle-no wpr-sticky-section-no\" data-id=\"39aaca7\" data-element_type=\"section\" data-settings=\"{&quot;background_background&quot;:&quot;classic&quot;}\">\n\t\t\t\t\t\t<div class=\"elementor-container elementor-column-gap-default\">\n\t\t\t\t\t<div class=\"elementor-column elementor-col-50 elementor-top-column elementor-element elementor-element-b24fcb0\" data-id=\"b24fcb0\" data-element_type=\"column\">\n\t\t\t<div class=\"elementor-widget-wrap elementor-element-populated\">\n\t\t\t\t\t\t<div class=\"elementor-element elementor-element-8add346 elementor-hidden-tablet elementor-hidden-phone elementor-widget elementor-widget-image\" data-id=\"8add346\" data-element_type=\"widget\" data-widget_type=\"image.default\">\n\t\t\t\t<div class=\"elementor-widget-container\">\n\t\t\t\t\t\t\t\t\t\t\t\t\t<img decoding=\"async\" width=\"800\" height=\"800\" src=\"https:\/\/authtake.com\/wp-content\/uploads\/2021\/02\/Wavy_Tech-19_Single-09-1024x1024.jpg\" class=\"attachment-large size-large wp-image-6676\" alt=\"\" srcset=\"https:\/\/authtake.com\/wp-content\/uploads\/2021\/02\/Wavy_Tech-19_Single-09-1024x1024.jpg 1024w, https:\/\/authtake.com\/wp-content\/uploads\/2021\/02\/Wavy_Tech-19_Single-09-300x300.jpg 300w, https:\/\/authtake.com\/wp-content\/uploads\/2021\/02\/Wavy_Tech-19_Single-09-150x150.jpg 150w, https:\/\/authtake.com\/wp-content\/uploads\/2021\/02\/Wavy_Tech-19_Single-09-768x768.jpg 768w, https:\/\/authtake.com\/wp-content\/uploads\/2021\/02\/Wavy_Tech-19_Single-09-1536x1536.jpg 1536w, https:\/\/authtake.com\/wp-content\/uploads\/2021\/02\/Wavy_Tech-19_Single-09-2048x2048.jpg 2048w\" sizes=\"(max-width: 800px) 100vw, 800px\" \/>\t\t\t\t\t\t\t\t\t\t\t\t\t<\/div>\n\t\t\t\t<\/div>\n\t\t\t\t\t<\/div>\n\t\t<\/div>\n\t\t\t\t<div class=\"elementor-column elementor-col-50 elementor-top-column elementor-element elementor-element-068fe13\" data-id=\"068fe13\" data-element_type=\"column\">\n\t\t\t<div class=\"elementor-widget-wrap elementor-element-populated\">\n\t\t\t\t\t\t<div class=\"elementor-element elementor-element-e6f5893 elementor-widget__width-initial elementor-widget elementor-widget-heading\" data-id=\"e6f5893\" data-element_type=\"widget\" data-widget_type=\"heading.default\">\n\t\t\t\t<div class=\"elementor-widget-container\">\n\t\t\t<h2 class=\"elementor-heading-title elementor-size-default\">Authtake'te D\u00fc\u015f\u00fcnceleriniz De\u011ferlidir<\/h2>\t\t<\/div>\n\t\t\t\t<\/div>\n\t\t\t\t<div class=\"elementor-element elementor-element-02bef36 elementor-widget__width-initial elementor-widget elementor-widget-text-editor\" data-id=\"02bef36\" data-element_type=\"widget\" data-widget_type=\"text-editor.default\">\n\t\t\t\t<div class=\"elementor-widget-container\">\n\t\t\t\t\t\t\t<p>\u00dcr\u00fcnlerimiz, belgelerimiz ve hizmetlerimizle ilgili g\u00f6r\u00fc\u015f ve \u00f6nerilerinize her zaman a\u00e7\u0131\u011f\u0131z. Dilerseniz g\u00f6r\u00fc\u015f ve \u00f6nerilerinizi bizlerle payla\u015fabilir, taleplerinizi iletebilirsiniz. AuthTake m\u00fc\u015fteri memnuniyetine de\u011fer verir. Bizim i\u00e7in m\u00fc\u015fterilerimizin yorumlar\u0131, de\u011ferlendirme ve iyile\u015ftirmede en \u00f6nemli itici g\u00fc\u00e7t\u00fcr. \u00dcr\u00fcn\u00fcm\u00fcz\u00fc Gartner Insight'tan de\u011ferlendirebilir ve yorumlar\u0131n\u0131z\u0131 bizimle payla\u015fabilirsiniz.<\/p>\t\t\t\t\t\t<\/div>\n\t\t\t\t<\/div>\n\t\t\t\t<div class=\"elementor-element elementor-element-d97fdde elementor-hidden-desktop elementor-widget elementor-widget-image\" data-id=\"d97fdde\" data-element_type=\"widget\" data-widget_type=\"image.default\">\n\t\t\t\t<div class=\"elementor-widget-container\">\n\t\t\t\t\t\t\t\t\t\t\t\t\t<img decoding=\"async\" width=\"800\" height=\"800\" src=\"https:\/\/authtake.com\/wp-content\/uploads\/2021\/02\/Wavy_Tech-19_Single-09-1024x1024.jpg\" class=\"attachment-large size-large wp-image-6676\" alt=\"\" srcset=\"https:\/\/authtake.com\/wp-content\/uploads\/2021\/02\/Wavy_Tech-19_Single-09-1024x1024.jpg 1024w, https:\/\/authtake.com\/wp-content\/uploads\/2021\/02\/Wavy_Tech-19_Single-09-300x300.jpg 300w, https:\/\/authtake.com\/wp-content\/uploads\/2021\/02\/Wavy_Tech-19_Single-09-150x150.jpg 150w, https:\/\/authtake.com\/wp-content\/uploads\/2021\/02\/Wavy_Tech-19_Single-09-768x768.jpg 768w, https:\/\/authtake.com\/wp-content\/uploads\/2021\/02\/Wavy_Tech-19_Single-09-1536x1536.jpg 1536w, https:\/\/authtake.com\/wp-content\/uploads\/2021\/02\/Wavy_Tech-19_Single-09-2048x2048.jpg 2048w\" sizes=\"(max-width: 800px) 100vw, 800px\" \/>\t\t\t\t\t\t\t\t\t\t\t\t\t<\/div>\n\t\t\t\t<\/div>\n\t\t\t\t\t<\/div>\n\t\t<\/div>\n\t\t\t\t\t<\/div>\n\t\t<\/section>\n\t\t\t\t<section class=\"elementor-section elementor-top-section elementor-element elementor-element-6d7baf5 elementor-section-boxed elementor-section-height-default elementor-section-height-default wpr-particle-no wpr-sticky-section-no\" data-id=\"6d7baf5\" data-element_type=\"section\">\n\t\t\t\t\t\t<div class=\"elementor-container elementor-column-gap-default\">\n\t\t\t\t\t<div class=\"elementor-column elementor-col-100 elementor-top-column elementor-element elementor-element-9bc1362\" data-id=\"9bc1362\" data-element_type=\"column\">\n\t\t\t<div class=\"elementor-widget-wrap elementor-element-populated\">\n\t\t\t\t\t\t<div class=\"elementor-element elementor-element-39d2246 elementor-hidden-tablet elementor-hidden-phone elementor-widget elementor-widget-spacer\" data-id=\"39d2246\" data-element_type=\"widget\" data-widget_type=\"spacer.default\">\n\t\t\t\t<div class=\"elementor-widget-container\">\n\t\t\t\t\t<div class=\"elementor-spacer\">\n\t\t\t<div class=\"elementor-spacer-inner\"><\/div>\n\t\t<\/div>\n\t\t\t\t<\/div>\n\t\t\t\t<\/div>\n\t\t\t\t\t<\/div>\n\t\t<\/div>\n\t\t\t\t\t<\/div>\n\t\t<\/section>\n\t\t\t\t<\/div>","protected":false},"excerpt":{"rendered":"<p>&#8211; Resources &#8211; Support Center Welcome to AuthTake Support Center. In here you can find related documents about AuthTake products. We covered everything you need or you may need. CONTACT US Knowledge Based View articles on AuthTake and questions asked by other users. Learn More Documentation View documentation that will improve your use of AuthTake. Learn More Ticket System Create a new request or view responses to your old requests. The Best Technical Support Combined With The Best Product We are here to provide you with the best products that you can use in your authentication process. User experience and user satisfaction are our top priorities, therefore we offer you fast, easy and satisfying technical support while offering the best products. We want to make sure you get the highest quality technical and customer support. By using our support center, you can solve the problems you may encounter during the use of the system on your own 24\/7\/365, and you can do your integration processes with the documents we provide detailed explanations. We take care to prepare our documents that we have prepared for problem solving and process usage with ease and clarity that everyone can apply. Your Thoughts Are Valuable In Authtake We are always open to your comments and suggestions about our products, documents and services. If you wish, you can share your opinions and suggestions with us and convey your requests. AuthTake values customer satisfaction. For us, the comments of our customers are the most important driving force in our evaluation and improvement. You can evaluate our product from Gartner Insight and share your comments with us.<\/p>","protected":false},"author":1,"featured_media":0,"parent":0,"menu_order":0,"comment_status":"closed","ping_status":"closed","template":"","meta":[],"_links":{"self":[{"href":"https:\/\/authtake.com\/tr\/wp-json\/wp\/v2\/pages\/6633"}],"collection":[{"href":"https:\/\/authtake.com\/tr\/wp-json\/wp\/v2\/pages"}],"about":[{"href":"https:\/\/authtake.com\/tr\/wp-json\/wp\/v2\/types\/page"}],"author":[{"embeddable":true,"href":"https:\/\/authtake.com\/tr\/wp-json\/wp\/v2\/users\/1"}],"replies":[{"embeddable":true,"href":"https:\/\/authtake.com\/tr\/wp-json\/wp\/v2\/comments?post=6633"}],"version-history":[{"count":6,"href":"https:\/\/authtake.com\/tr\/wp-json\/wp\/v2\/pages\/6633\/revisions"}],"predecessor-version":[{"id":14057,"href":"https:\/\/authtake.com\/tr\/wp-json\/wp\/v2\/pages\/6633\/revisions\/14057"}],"wp:attachment":[{"href":"https:\/\/authtake.com\/tr\/wp-json\/wp\/v2\/media?parent=6633"}],"curies":[{"name":"wp","href":"https:\/\/api.w.org\/{rel}","templated":true}]}}