{"id":5741,"date":"2021-02-05T08:32:35","date_gmt":"2021-02-05T08:32:35","guid":{"rendered":"http:\/\/authtake.com\/?page_id=5741"},"modified":"2023-03-06T14:18:11","modified_gmt":"2023-03-06T14:18:11","slug":"solutions-start-digital-transformation","status":"publish","type":"page","link":"https:\/\/authtake.com\/tr\/solutions-start-digital-transformation\/","title":{"rendered":"Solutions &#8211; Start Digital Transformation"},"content":{"rendered":"<div data-elementor-type=\"wp-page\" data-elementor-id=\"5741\" class=\"elementor elementor-5741\">\n\t\t\t\t\t\t<section class=\"elementor-section elementor-top-section elementor-element elementor-element-f78d99b elementor-section-height-min-height elementor-section-boxed elementor-section-height-default elementor-section-items-middle wpr-particle-no wpr-sticky-section-no\" data-id=\"f78d99b\" data-element_type=\"section\" data-settings=\"{&quot;background_background&quot;:&quot;classic&quot;}\">\n\t\t\t\t\t\t<div class=\"elementor-container elementor-column-gap-default\">\n\t\t\t\t\t<div class=\"elementor-column elementor-col-50 elementor-top-column elementor-element elementor-element-4cd4b6c\" data-id=\"4cd4b6c\" data-element_type=\"column\">\n\t\t\t<div class=\"elementor-widget-wrap elementor-element-populated\">\n\t\t\t\t\t\t<div class=\"elementor-element elementor-element-7204a99 elementor-widget elementor-widget-heading\" data-id=\"7204a99\" data-element_type=\"widget\" data-widget_type=\"heading.default\">\n\t\t\t\t<div class=\"elementor-widget-container\">\n\t\t\t<h2 class=\"elementor-heading-title elementor-size-default\">- \u00c7\u00f6z\u00fcmler -<\/h2>\t\t<\/div>\n\t\t\t\t<\/div>\n\t\t\t\t<div class=\"elementor-element elementor-element-6d5c32a elementor-widget elementor-widget-heading\" data-id=\"6d5c32a\" data-element_type=\"widget\" data-widget_type=\"heading.default\">\n\t\t\t\t<div class=\"elementor-widget-container\">\n\t\t\t<h2 class=\"elementor-heading-title elementor-size-default\">Dijital D\u00f6n\u00fc\u015f\u00fcm<\/h2>\t\t<\/div>\n\t\t\t\t<\/div>\n\t\t\t\t<div class=\"elementor-element elementor-element-cf9edba elementor-widget elementor-widget-text-editor\" data-id=\"cf9edba\" data-element_type=\"widget\" data-widget_type=\"text-editor.default\">\n\t\t\t\t<div class=\"elementor-widget-container\">\n\t\t\t\t\t\t\t<p>Dijital d\u00f6n\u00fc\u015f\u00fcm\u00fc, g\u00fcn\u00fcm\u00fczde kulland\u0131\u011f\u0131m\u0131z teknolojilerden daha ileri seviyeye ula\u015fan geli\u015fim, de\u011fi\u015fim ve d\u00f6n\u00fc\u015f\u00fcm olarak tan\u0131mlayabiliriz.<\/p>\t\t\t\t\t\t<\/div>\n\t\t\t\t<\/div>\n\t\t\t\t<div class=\"elementor-element elementor-element-62e0cb8 elementor-widget elementor-widget-button\" data-id=\"62e0cb8\" data-element_type=\"widget\" data-widget_type=\"button.default\">\n\t\t\t\t<div class=\"elementor-widget-container\">\n\t\t\t\t\t<div class=\"elementor-button-wrapper\">\n\t\t\t<a class=\"elementor-button elementor-button-link elementor-size-sm\" href=\"https:\/\/authtake.com\/tr\/company-contact-us\/\">\n\t\t\t\t\t\t<span class=\"elementor-button-content-wrapper\">\n\t\t\t\t\t\t<span class=\"elementor-button-text\">\u0130leti\u015fim<\/span>\n\t\t<\/span>\n\t\t\t\t\t<\/a>\n\t\t<\/div>\n\t\t\t\t<\/div>\n\t\t\t\t<\/div>\n\t\t\t\t<div class=\"elementor-element elementor-element-e79e429 elementor-widget elementor-widget-text-editor\" data-id=\"e79e429\" data-element_type=\"widget\" data-widget_type=\"text-editor.default\">\n\t\t\t\t<div class=\"elementor-widget-container\">\n\t\t\t\t\t\t\t<p>\u00a0- 30 G\u00fcn \u00fccretsiz deneyin<\/p><p>\u00a0- \u0130stedi\u011finiz zaman iptal edin<\/p>\t\t\t\t\t\t<\/div>\n\t\t\t\t<\/div>\n\t\t\t\t\t<\/div>\n\t\t<\/div>\n\t\t\t\t<div class=\"elementor-column elementor-col-50 elementor-top-column elementor-element elementor-element-e68b10c\" data-id=\"e68b10c\" data-element_type=\"column\">\n\t\t\t<div class=\"elementor-widget-wrap\">\n\t\t\t\t\t\t\t<\/div>\n\t\t<\/div>\n\t\t\t\t\t<\/div>\n\t\t<\/section>\n\t\t\t\t<section class=\"elementor-section elementor-top-section elementor-element elementor-element-fb3c6c1 elementor-section-boxed elementor-section-height-default elementor-section-height-default wpr-particle-no wpr-sticky-section-no\" data-id=\"fb3c6c1\" data-element_type=\"section\" data-settings=\"{&quot;background_background&quot;:&quot;classic&quot;,&quot;animation&quot;:&quot;none&quot;}\">\n\t\t\t\t\t\t\t<div class=\"elementor-background-overlay\"><\/div>\n\t\t\t\t\t\t\t<div class=\"elementor-container elementor-column-gap-default\">\n\t\t\t\t\t<div class=\"elementor-column elementor-col-100 elementor-top-column elementor-element elementor-element-1bea83f\" data-id=\"1bea83f\" data-element_type=\"column\">\n\t\t\t<div class=\"elementor-widget-wrap elementor-element-populated\">\n\t\t\t\t\t\t<div class=\"elementor-element elementor-element-43de954 elementor-widget elementor-widget-heading\" data-id=\"43de954\" data-element_type=\"widget\" data-widget_type=\"heading.default\">\n\t\t\t\t<div class=\"elementor-widget-container\">\n\t\t\t<h2 class=\"elementor-heading-title elementor-size-default\">Her \u015firket i\u00e7in dijital d\u00f6n\u00fc\u015f\u00fcm\u00fcn tan\u0131m\u0131 de\u011fi\u015fitir. AuthTake, her sekt\u00f6rden firman\u0131n farkl\u0131 ihtiya\u00e7lar\u0131na en uygun \u00e7\u00f6z\u00fcmleri sunar.<\/h2>\t\t<\/div>\n\t\t\t\t<\/div>\n\t\t\t\t\t<\/div>\n\t\t<\/div>\n\t\t\t\t\t<\/div>\n\t\t<\/section>\n\t\t\t\t<section class=\"elementor-section elementor-top-section elementor-element elementor-element-d61cc8b elementor-section-boxed elementor-section-height-default elementor-section-height-default wpr-particle-no wpr-sticky-section-no\" data-id=\"d61cc8b\" data-element_type=\"section\" data-settings=\"{&quot;background_background&quot;:&quot;classic&quot;}\">\n\t\t\t\t\t\t<div class=\"elementor-container elementor-column-gap-default\">\n\t\t\t\t\t<div class=\"elementor-column elementor-col-50 elementor-top-column elementor-element elementor-element-1c5e959\" data-id=\"1c5e959\" data-element_type=\"column\">\n\t\t\t<div class=\"elementor-widget-wrap elementor-element-populated\">\n\t\t\t\t\t\t<div class=\"elementor-element elementor-element-b0bd643 elementor-hidden-desktop elementor-hidden-tablet elementor-widget elementor-widget-image\" data-id=\"b0bd643\" data-element_type=\"widget\" data-widget_type=\"image.default\">\n\t\t\t\t<div class=\"elementor-widget-container\">\n\t\t\t\t\t\t\t\t\t\t\t\t\t<img fetchpriority=\"high\" decoding=\"async\" width=\"512\" height=\"512\" src=\"https:\/\/authtake.com\/wp-content\/uploads\/2021\/02\/transformation88.png\" class=\"attachment-large size-large wp-image-5819\" alt=\"\" srcset=\"https:\/\/authtake.com\/wp-content\/uploads\/2021\/02\/transformation88.png 512w, https:\/\/authtake.com\/wp-content\/uploads\/2021\/02\/transformation88-300x300.png 300w, https:\/\/authtake.com\/wp-content\/uploads\/2021\/02\/transformation88-150x150.png 150w\" sizes=\"(max-width: 512px) 100vw, 512px\" \/>\t\t\t\t\t\t\t\t\t\t\t\t\t<\/div>\n\t\t\t\t<\/div>\n\t\t\t\t<div class=\"elementor-element elementor-element-d22fcfb elementor-widget__width-initial elementor-widget elementor-widget-heading\" data-id=\"d22fcfb\" data-element_type=\"widget\" data-widget_type=\"heading.default\">\n\t\t\t\t<div class=\"elementor-widget-container\">\n\t\t\t<h2 class=\"elementor-heading-title elementor-size-default\">Kendi ihtiya\u00e7lar\u0131n\u0131za g\u00f6re kendi dijital d\u00f6n\u00fc\u015f\u00fcm\u00fcn\u00fcz\u00fc ba\u015flat\u0131n.<\/h2>\t\t<\/div>\n\t\t\t\t<\/div>\n\t\t\t\t<div class=\"elementor-element elementor-element-e0b0f01 elementor-widget__width-initial elementor-widget elementor-widget-text-editor\" data-id=\"e0b0f01\" data-element_type=\"widget\" data-widget_type=\"text-editor.default\">\n\t\t\t\t<div class=\"elementor-widget-container\">\n\t\t\t\t\t\t\t<p>Kurumunuzda dijital d\u00f6n\u00fc\u015f\u00fcme ba\u015flaman\u0131z i\u00e7in bir \u00e7ok sebep s\u0131ralayabiliriz ama en \u00f6nemli sebep firman\u0131z\u0131 geli\u015ftirmek de\u011fil, firman\u0131z\u0131n var olmas\u0131n\u0131 sa\u011flamakt\u0131r. Dijital d\u00f6n\u00fc\u015f\u00fcm art\u0131k \u015firketi bir ad\u0131m \u00f6teye ta\u015f\u0131yacak, \u015firketin ayakta kalabilmesi i\u00e7in sahip olmas\u0131 gereken bir deneyim haline gelmi\u015ftir. Covid-19 ile ba\u015flayan s\u00fcre\u00e7 bize dijital d\u00f6n\u00fc\u015f\u00fcmn gerisinde kald\u0131klar\u0131 i\u00e7in batmakta olan veya kapanan \u015firketleri g\u00f6rmemizi sa\u011flad\u0131.<\/p>\t\t\t\t\t\t<\/div>\n\t\t\t\t<\/div>\n\t\t\t\t\t<\/div>\n\t\t<\/div>\n\t\t\t\t<div class=\"elementor-column elementor-col-50 elementor-top-column elementor-element elementor-element-a9d03f6 elementor-hidden-tablet elementor-hidden-mobile\" data-id=\"a9d03f6\" data-element_type=\"column\">\n\t\t\t<div class=\"elementor-widget-wrap elementor-element-populated\">\n\t\t\t\t\t\t<div class=\"elementor-element elementor-element-8550945 elementor-hidden-phone elementor-widget elementor-widget-image\" data-id=\"8550945\" data-element_type=\"widget\" data-widget_type=\"image.default\">\n\t\t\t\t<div class=\"elementor-widget-container\">\n\t\t\t\t\t\t\t\t\t\t\t\t\t<img fetchpriority=\"high\" decoding=\"async\" width=\"512\" height=\"512\" src=\"https:\/\/authtake.com\/wp-content\/uploads\/2021\/02\/transformation88.png\" class=\"attachment-large size-large wp-image-5819\" alt=\"\" srcset=\"https:\/\/authtake.com\/wp-content\/uploads\/2021\/02\/transformation88.png 512w, https:\/\/authtake.com\/wp-content\/uploads\/2021\/02\/transformation88-300x300.png 300w, https:\/\/authtake.com\/wp-content\/uploads\/2021\/02\/transformation88-150x150.png 150w\" sizes=\"(max-width: 512px) 100vw, 512px\" \/>\t\t\t\t\t\t\t\t\t\t\t\t\t<\/div>\n\t\t\t\t<\/div>\n\t\t\t\t\t<\/div>\n\t\t<\/div>\n\t\t\t\t\t<\/div>\n\t\t<\/section>\n\t\t\t\t<section class=\"elementor-section elementor-top-section elementor-element elementor-element-fe46bf0 elementor-section-boxed elementor-section-height-default elementor-section-height-default wpr-particle-no wpr-sticky-section-no\" data-id=\"fe46bf0\" data-element_type=\"section\" data-settings=\"{&quot;background_background&quot;:&quot;classic&quot;}\">\n\t\t\t\t\t\t<div class=\"elementor-container elementor-column-gap-default\">\n\t\t\t\t\t<div class=\"elementor-column elementor-col-50 elementor-top-column elementor-element elementor-element-6b33d15\" data-id=\"6b33d15\" data-element_type=\"column\">\n\t\t\t<div class=\"elementor-widget-wrap elementor-element-populated\">\n\t\t\t\t\t\t<div class=\"elementor-element elementor-element-99799de elementor-widget elementor-widget-image\" data-id=\"99799de\" data-element_type=\"widget\" data-widget_type=\"image.default\">\n\t\t\t\t<div class=\"elementor-widget-container\">\n\t\t\t\t\t\t\t\t\t\t\t\t\t<img decoding=\"async\" width=\"800\" height=\"534\" src=\"https:\/\/authtake.com\/wp-content\/uploads\/2021\/02\/digital-trns-1024x683.png\" class=\"attachment-large size-large wp-image-5817\" alt=\"\" srcset=\"https:\/\/authtake.com\/wp-content\/uploads\/2021\/02\/digital-trns-1024x683.png 1024w, https:\/\/authtake.com\/wp-content\/uploads\/2021\/02\/digital-trns-300x200.png 300w, https:\/\/authtake.com\/wp-content\/uploads\/2021\/02\/digital-trns-768x512.png 768w, https:\/\/authtake.com\/wp-content\/uploads\/2021\/02\/digital-trns-1536x1024.png 1536w, https:\/\/authtake.com\/wp-content\/uploads\/2021\/02\/digital-trns-2048x1365.png 2048w\" sizes=\"(max-width: 800px) 100vw, 800px\" \/>\t\t\t\t\t\t\t\t\t\t\t\t\t<\/div>\n\t\t\t\t<\/div>\n\t\t\t\t<div class=\"elementor-element elementor-element-c9752ab elementor-hidden-tablet elementor-hidden-phone elementor-widget elementor-widget-spacer\" data-id=\"c9752ab\" data-element_type=\"widget\" data-widget_type=\"spacer.default\">\n\t\t\t\t<div class=\"elementor-widget-container\">\n\t\t\t\t\t<div class=\"elementor-spacer\">\n\t\t\t<div class=\"elementor-spacer-inner\"><\/div>\n\t\t<\/div>\n\t\t\t\t<\/div>\n\t\t\t\t<\/div>\n\t\t\t\t\t<\/div>\n\t\t<\/div>\n\t\t\t\t<div class=\"elementor-column elementor-col-50 elementor-top-column elementor-element elementor-element-26b3c5f\" data-id=\"26b3c5f\" data-element_type=\"column\">\n\t\t\t<div class=\"elementor-widget-wrap elementor-element-populated\">\n\t\t\t\t\t\t<div class=\"elementor-element elementor-element-8d23ab6 elementor-widget__width-initial elementor-widget elementor-widget-heading\" data-id=\"8d23ab6\" data-element_type=\"widget\" data-widget_type=\"heading.default\">\n\t\t\t\t<div class=\"elementor-widget-container\">\n\t\t\t<h2 class=\"elementor-heading-title elementor-size-default\">Yar\u0131n \u00c7ok Ge\u00e7 Olabilir, Teknolojinin Gerisinde Kalmay\u0131n.<\/h2>\t\t<\/div>\n\t\t\t\t<\/div>\n\t\t\t\t<div class=\"elementor-element elementor-element-8d84e79 elementor-widget__width-initial elementor-widget elementor-widget-text-editor\" data-id=\"8d84e79\" data-element_type=\"widget\" data-widget_type=\"text-editor.default\">\n\t\t\t\t<div class=\"elementor-widget-container\">\n\t\t\t\t\t\t\t<p>Kurumun ihtiya\u00e7 duydu\u011fu dijital d\u00f6n\u00fc\u015f\u00fcm, bir web sitesi ve online sat\u0131\u015flardan olu\u015fabilece\u011fi gibi, pandemi s\u0131ras\u0131nda \u015firket sistemlerine eri\u015fmek i\u00e7in kulland\u0131\u011f\u0131m\u0131z VPN eri\u015fiminden de olu\u015fabilir. Covid-19 nedeniyle kapanan i\u015fletmelerin \u00e7o\u011fu VPN eri\u015fimleri sayesinde uzaktan \u00e7al\u0131\u015fabildi ve hem \u00e7al\u0131\u015fanlar\u0131 hem de kendileri i\u00e7in gelir elde etti. T\u00fcm bunlar d\u00fc\u015f\u00fcn\u00fcld\u00fc\u011f\u00fcnde dijital d\u00f6n\u00fc\u015f\u00fcm ka\u00e7\u0131n\u0131lmazd\u0131r. Bunun i\u00e7in ihtiyac\u0131n\u0131z olan tek \u015fey AuthTake \u00fcr\u00fcn ailesi.<\/p><p><strong>AuthTake ile dijital d\u00f6n\u00fc\u015f\u00fcme \u015fimdi ba\u015flay\u0131n.<\/strong><\/p>\t\t\t\t\t\t<\/div>\n\t\t\t\t<\/div>\n\t\t\t\t\t<\/div>\n\t\t<\/div>\n\t\t\t\t\t<\/div>\n\t\t<\/section>\n\t\t\t\t<\/div>","protected":false},"excerpt":{"rendered":"<p>&#8211; Solutions &#8211; Start Digital Transformation We can define digital transformation as the development, change and transformation that we have achieved by gradually leaving the technologies we use today and using more advanced technologies. FREE TRIAL \u00a0&#8211; Try 30 days for free. \u00a0&#8211; Cancel anytime. Digital transformation looks different for every company. For this reason, it is normal for different companies to have different needs and the solutions that best meet the needs of the company are offered to you, your users, customers and business partners by AuthTake. Start your own digital transformation according to your own needs. We can list a many reasons to start digital transformation in your own institutions and organizations, but the most important reason is not to develop your company, but to ensure the presence of your company. Digital transformation is no longer a transformation that will take the company one step further, which would be nice to have, and has become a transformation that the company must have for survival. Covid-19 has shown us workplaces that are sinking or shutting down because they cannot catch digital transformation. Keep up with the transformation today, tomorrow can be too late. The digital transformation needed by the organization may consist of a website and online sales, or the VPN access we use to access company systems during the pandemic. Most of the businesses that close down due to Covid-19 were able to work remotely thanks to their VPN access and earned income for both their employees and themselves. Considering all of these, digital transformation is inevitable. All you need for this is the AuthTake product family. Start the digital transformation with AuthTake.<\/p>","protected":false},"author":1,"featured_media":0,"parent":0,"menu_order":0,"comment_status":"closed","ping_status":"closed","template":"","meta":[],"_links":{"self":[{"href":"https:\/\/authtake.com\/tr\/wp-json\/wp\/v2\/pages\/5741"}],"collection":[{"href":"https:\/\/authtake.com\/tr\/wp-json\/wp\/v2\/pages"}],"about":[{"href":"https:\/\/authtake.com\/tr\/wp-json\/wp\/v2\/types\/page"}],"author":[{"embeddable":true,"href":"https:\/\/authtake.com\/tr\/wp-json\/wp\/v2\/users\/1"}],"replies":[{"embeddable":true,"href":"https:\/\/authtake.com\/tr\/wp-json\/wp\/v2\/comments?post=5741"}],"version-history":[{"count":15,"href":"https:\/\/authtake.com\/tr\/wp-json\/wp\/v2\/pages\/5741\/revisions"}],"predecessor-version":[{"id":13979,"href":"https:\/\/authtake.com\/tr\/wp-json\/wp\/v2\/pages\/5741\/revisions\/13979"}],"wp:attachment":[{"href":"https:\/\/authtake.com\/tr\/wp-json\/wp\/v2\/media?parent=5741"}],"curies":[{"name":"wp","href":"https:\/\/api.w.org\/{rel}","templated":true}]}}