{"id":5652,"date":"2021-02-04T07:07:13","date_gmt":"2021-02-04T07:07:13","guid":{"rendered":"http:\/\/authtake.com\/?page_id=5652"},"modified":"2023-07-19T16:51:51","modified_gmt":"2023-07-19T13:51:51","slug":"integrations-radius-server-client","status":"publish","type":"page","link":"https:\/\/authtake.com\/tr\/integrations-radius-server-client\/","title":{"rendered":"Integrations &#8211; Radius Server \/ Client"},"content":{"rendered":"<div data-elementor-type=\"wp-page\" data-elementor-id=\"5652\" class=\"elementor elementor-5652\">\n\t\t\t\t\t\t<section class=\"elementor-section elementor-top-section elementor-element elementor-element-920f481 elementor-section-height-min-height elementor-section-boxed elementor-section-height-default elementor-section-items-middle wpr-particle-no wpr-sticky-section-no\" data-id=\"920f481\" data-element_type=\"section\" data-settings=\"{&quot;background_background&quot;:&quot;classic&quot;}\">\n\t\t\t\t\t\t<div class=\"elementor-container elementor-column-gap-default\">\n\t\t\t\t\t<div class=\"elementor-column elementor-col-50 elementor-top-column elementor-element elementor-element-71e4f1c\" data-id=\"71e4f1c\" data-element_type=\"column\">\n\t\t\t<div class=\"elementor-widget-wrap elementor-element-populated\">\n\t\t\t\t\t\t<div class=\"elementor-element elementor-element-3d1117b elementor-widget elementor-widget-heading\" data-id=\"3d1117b\" data-element_type=\"widget\" data-widget_type=\"heading.default\">\n\t\t\t\t<div class=\"elementor-widget-container\">\n\t\t\t<h2 class=\"elementor-heading-title elementor-size-default\">- Integrations -<\/h2>\t\t<\/div>\n\t\t\t\t<\/div>\n\t\t\t\t<div class=\"elementor-element elementor-element-4b50cc0 elementor-widget elementor-widget-heading\" data-id=\"4b50cc0\" data-element_type=\"widget\" data-widget_type=\"heading.default\">\n\t\t\t\t<div class=\"elementor-widget-container\">\n\t\t\t<h2 class=\"elementor-heading-title elementor-size-default\">Radius Server \/ Client<\/h2>\t\t<\/div>\n\t\t\t\t<\/div>\n\t\t\t\t<div class=\"elementor-element elementor-element-27740aa elementor-widget elementor-widget-text-editor\" data-id=\"27740aa\" data-element_type=\"widget\" data-widget_type=\"text-editor.default\">\n\t\t\t\t<div class=\"elementor-widget-container\">\n\t\t\t\t\t\t\t<p>AuthTake Radius Server ile t\u00fcm cihazlar\u0131n\u0131z\u0131n radius deste\u011fi ile entegrasyonunu h\u0131zl\u0131 ve kolay bir \u015fekilde sa\u011flay\u0131n,\u00a0<\/p>\t\t\t\t\t\t<\/div>\n\t\t\t\t<\/div>\n\t\t\t\t<div class=\"elementor-element elementor-element-5880ba6 elementor-widget elementor-widget-button\" data-id=\"5880ba6\" data-element_type=\"widget\" data-widget_type=\"button.default\">\n\t\t\t\t<div class=\"elementor-widget-container\">\n\t\t\t\t\t<div class=\"elementor-button-wrapper\">\n\t\t\t<a class=\"elementor-button elementor-button-link elementor-size-sm\" href=\"https:\/\/authtake.com\/tr\/company-contact-us\/\">\n\t\t\t\t\t\t<span class=\"elementor-button-content-wrapper\">\n\t\t\t\t\t\t<span class=\"elementor-button-text\">\u0130leti\u015fim<\/span>\n\t\t<\/span>\n\t\t\t\t\t<\/a>\n\t\t<\/div>\n\t\t\t\t<\/div>\n\t\t\t\t<\/div>\n\t\t\t\t<div class=\"elementor-element elementor-element-dcc3f14 elementor-widget elementor-widget-text-editor\" data-id=\"dcc3f14\" data-element_type=\"widget\" data-widget_type=\"text-editor.default\">\n\t\t\t\t<div class=\"elementor-widget-container\">\n\t\t\t\t\t\t\t<p>\u00a0- 30 G\u00fcn \u00fccretsiz deneyin<\/p><p>\u00a0- \u0130stedi\u011finiz zaman iptal edin<\/p>\t\t\t\t\t\t<\/div>\n\t\t\t\t<\/div>\n\t\t\t\t\t<\/div>\n\t\t<\/div>\n\t\t\t\t<div class=\"elementor-column elementor-col-50 elementor-top-column elementor-element elementor-element-61decdc\" data-id=\"61decdc\" data-element_type=\"column\">\n\t\t\t<div class=\"elementor-widget-wrap\">\n\t\t\t\t\t\t\t<\/div>\n\t\t<\/div>\n\t\t\t\t\t<\/div>\n\t\t<\/section>\n\t\t\t\t<section class=\"elementor-section elementor-top-section elementor-element elementor-element-74cb90d2 elementor-section-boxed elementor-section-height-default elementor-section-height-default wpr-particle-no wpr-sticky-section-no\" data-id=\"74cb90d2\" data-element_type=\"section\">\n\t\t\t\t\t\t<div class=\"elementor-container elementor-column-gap-default\">\n\t\t\t\t\t<div class=\"elementor-column elementor-col-50 elementor-top-column elementor-element elementor-element-4ad463a1\" data-id=\"4ad463a1\" data-element_type=\"column\">\n\t\t\t<div class=\"elementor-widget-wrap elementor-element-populated\">\n\t\t\t\t\t\t<div class=\"elementor-element elementor-element-2cd2823 elementor-widget__width-initial elementor-widget elementor-widget-heading\" data-id=\"2cd2823\" data-element_type=\"widget\" data-widget_type=\"heading.default\">\n\t\t\t\t<div class=\"elementor-widget-container\">\n\t\t\t<h2 class=\"elementor-heading-title elementor-size-default\">AuthTake size daha fazlas\u0131n\u0131 getirmek i\u00e7in her zaman burada.<\/h2>\t\t<\/div>\n\t\t\t\t<\/div>\n\t\t\t\t<div class=\"elementor-element elementor-element-776343f elementor-widget__width-initial elementor-widget elementor-widget-text-editor\" data-id=\"776343f\" data-element_type=\"widget\" data-widget_type=\"text-editor.default\">\n\t\t\t\t<div class=\"elementor-widget-container\">\n\t\t\t\t\t\t\t<p>Uzaktan Kimlik Do\u011frulama \u00c7evirmeli Kullan\u0131c\u0131 Hizmeti (RADIUS), uzaktan kimlik do\u011frulama sa\u011flar. AuthTake olarak kendi sunucumuza sahibiz, AuthTake RADIUS sunucusu \u00fczerinden sunucumuzu RADIUS destekleyen t\u00fcm cihaz, \u00fcr\u00fcn ve yaz\u0131l\u0131mlarla entegre edebilir ve kimlik do\u011frulama sunucusu olarak kullanabilirsiniz.<\/p><p>Kimlik do\u011frulama i\u015flemlerinizi sorunsuz bir \u015fekilde ger\u00e7ekle\u015ftirebilir ve gerekli t\u00fcm \u00f6nlemleri alabilirsiniz. Ek olarak, RADIUS ile parola olarak kimlik do\u011frulamas\u0131 yapabilirsiniz.<\/p>\t\t\t\t\t\t<\/div>\n\t\t\t\t<\/div>\n\t\t\t\t\t<\/div>\n\t\t<\/div>\n\t\t\t\t<div class=\"elementor-column elementor-col-50 elementor-top-column elementor-element elementor-element-678b27d6\" data-id=\"678b27d6\" data-element_type=\"column\">\n\t\t\t<div class=\"elementor-widget-wrap elementor-element-populated\">\n\t\t\t\t\t\t<div class=\"elementor-element elementor-element-cdf159f elementor-widget elementor-widget-image\" data-id=\"cdf159f\" data-element_type=\"widget\" data-widget_type=\"image.default\">\n\t\t\t\t<div class=\"elementor-widget-container\">\n\t\t\t\t\t\t\t\t\t\t\t\t\t<img fetchpriority=\"high\" decoding=\"async\" width=\"2002\" height=\"1528\" src=\"https:\/\/authtake.com\/wp-content\/uploads\/2021\/02\/server2.png\" class=\"attachment-full size-full wp-image-5787\" alt=\"\" srcset=\"https:\/\/authtake.com\/wp-content\/uploads\/2021\/02\/server2.png 2002w, https:\/\/authtake.com\/wp-content\/uploads\/2021\/02\/server2-300x229.png 300w, https:\/\/authtake.com\/wp-content\/uploads\/2021\/02\/server2-1024x782.png 1024w, https:\/\/authtake.com\/wp-content\/uploads\/2021\/02\/server2-768x586.png 768w, https:\/\/authtake.com\/wp-content\/uploads\/2021\/02\/server2-1536x1172.png 1536w\" sizes=\"(max-width: 2002px) 100vw, 2002px\" \/>\t\t\t\t\t\t\t\t\t\t\t\t\t<\/div>\n\t\t\t\t<\/div>\n\t\t\t\t<div class=\"elementor-element elementor-element-017cde4 elementor-hidden-desktop elementor-hidden-tablet elementor-widget elementor-widget-spacer\" data-id=\"017cde4\" data-element_type=\"widget\" data-widget_type=\"spacer.default\">\n\t\t\t\t<div class=\"elementor-widget-container\">\n\t\t\t\t\t<div class=\"elementor-spacer\">\n\t\t\t<div class=\"elementor-spacer-inner\"><\/div>\n\t\t<\/div>\n\t\t\t\t<\/div>\n\t\t\t\t<\/div>\n\t\t\t\t\t<\/div>\n\t\t<\/div>\n\t\t\t\t\t<\/div>\n\t\t<\/section>\n\t\t\t\t<section class=\"elementor-section elementor-top-section elementor-element elementor-element-6fce7ec elementor-section-boxed elementor-section-height-default elementor-section-height-default wpr-particle-no wpr-sticky-section-no\" data-id=\"6fce7ec\" data-element_type=\"section\" data-settings=\"{&quot;background_background&quot;:&quot;classic&quot;}\">\n\t\t\t\t\t\t<div class=\"elementor-container elementor-column-gap-default\">\n\t\t\t\t\t<div class=\"elementor-column elementor-col-100 elementor-top-column elementor-element elementor-element-5c45341\" data-id=\"5c45341\" data-element_type=\"column\">\n\t\t\t<div class=\"elementor-widget-wrap elementor-element-populated\">\n\t\t\t\t\t\t<div class=\"elementor-element elementor-element-13ca67a elementor-widget__width-initial elementor-widget elementor-widget-heading\" data-id=\"13ca67a\" data-element_type=\"widget\" data-widget_type=\"heading.default\">\n\t\t\t\t<div class=\"elementor-widget-container\">\n\t\t\t<h2 class=\"elementor-heading-title elementor-size-default\">Desteklenen \u00dcr\u00fcnler<\/h2>\t\t<\/div>\n\t\t\t\t<\/div>\n\t\t\t\t<div class=\"elementor-element elementor-element-73e6fe9 elementor-widget elementor-widget-image\" data-id=\"73e6fe9\" data-element_type=\"widget\" data-widget_type=\"image.default\">\n\t\t\t\t<div class=\"elementor-widget-container\">\n\t\t\t\t\t\t\t\t\t\t\t\t\t<img decoding=\"async\" width=\"800\" height=\"450\" src=\"https:\/\/authtake.com\/wp-content\/uploads\/2021\/03\/logolarr-1024x576.png\" class=\"attachment-large size-large wp-image-7728\" alt=\"\" srcset=\"https:\/\/authtake.com\/wp-content\/uploads\/2021\/03\/logolarr-1024x576.png 1024w, https:\/\/authtake.com\/wp-content\/uploads\/2021\/03\/logolarr-300x169.png 300w, https:\/\/authtake.com\/wp-content\/uploads\/2021\/03\/logolarr-768x432.png 768w, https:\/\/authtake.com\/wp-content\/uploads\/2021\/03\/logolarr-1536x864.png 1536w, https:\/\/authtake.com\/wp-content\/uploads\/2021\/03\/logolarr.png 1920w\" sizes=\"(max-width: 800px) 100vw, 800px\" \/>\t\t\t\t\t\t\t\t\t\t\t\t\t<\/div>\n\t\t\t\t<\/div>\n\t\t\t\t\t<\/div>\n\t\t<\/div>\n\t\t\t\t\t<\/div>\n\t\t<\/section>\n\t\t\t\t<\/div>","protected":false},"excerpt":{"rendered":"<p>&#8211; Integrations &#8211; Radius Server \/ Client Provide the integration of all your devices with radius support quickly and easily with\u00a0AuthTake Radius Server,\u00a0 FREE TRIAL \u00a0&#8211; Try 30 days for free. \u00a0&#8211; Cancel anytime. Don&#8217;t settle for less, AuthTake is always here to bring you more. Remote Authentication Dial-in User Service (RADIUS) provides remote authentication.\u00a0As AuthTake, we have our own server, through AuthTake RADIUS server, you can integrate our server with all devices, products and software that support RADIUS and use it as an authentication server. You can perform your identity verification processes smoothly and take all necessary precautions. Additionally, you can authenticate with RADIUS as passwordles. Supported Products<\/p>","protected":false},"author":1,"featured_media":0,"parent":0,"menu_order":0,"comment_status":"closed","ping_status":"closed","template":"","meta":[],"_links":{"self":[{"href":"https:\/\/authtake.com\/tr\/wp-json\/wp\/v2\/pages\/5652"}],"collection":[{"href":"https:\/\/authtake.com\/tr\/wp-json\/wp\/v2\/pages"}],"about":[{"href":"https:\/\/authtake.com\/tr\/wp-json\/wp\/v2\/types\/page"}],"author":[{"embeddable":true,"href":"https:\/\/authtake.com\/tr\/wp-json\/wp\/v2\/users\/1"}],"replies":[{"embeddable":true,"href":"https:\/\/authtake.com\/tr\/wp-json\/wp\/v2\/comments?post=5652"}],"version-history":[{"count":12,"href":"https:\/\/authtake.com\/tr\/wp-json\/wp\/v2\/pages\/5652\/revisions"}],"predecessor-version":[{"id":15994,"href":"https:\/\/authtake.com\/tr\/wp-json\/wp\/v2\/pages\/5652\/revisions\/15994"}],"wp:attachment":[{"href":"https:\/\/authtake.com\/tr\/wp-json\/wp\/v2\/media?parent=5652"}],"curies":[{"name":"wp","href":"https:\/\/api.w.org\/{rel}","templated":true}]}}