{"id":5646,"date":"2021-02-04T07:04:01","date_gmt":"2021-02-04T07:04:01","guid":{"rendered":"http:\/\/authtake.com\/?page_id=5646"},"modified":"2023-03-06T14:42:27","modified_gmt":"2023-03-06T14:42:27","slug":"integrations-cloud-on-prem-apps","status":"publish","type":"page","link":"https:\/\/authtake.com\/tr\/integrations-cloud-on-prem-apps\/","title":{"rendered":"Integrations &#8211; Cloud &#038; On-Prem Apps"},"content":{"rendered":"<div data-elementor-type=\"wp-page\" data-elementor-id=\"5646\" class=\"elementor elementor-5646\">\n\t\t\t\t\t\t<section class=\"elementor-section elementor-top-section elementor-element elementor-element-077118e elementor-section-height-min-height elementor-section-boxed elementor-section-height-default elementor-section-items-middle wpr-particle-no wpr-sticky-section-no\" data-id=\"077118e\" data-element_type=\"section\" data-settings=\"{&quot;background_background&quot;:&quot;classic&quot;}\">\n\t\t\t\t\t\t<div class=\"elementor-container elementor-column-gap-default\">\n\t\t\t\t\t<div class=\"elementor-column elementor-col-50 elementor-top-column elementor-element elementor-element-0399410\" data-id=\"0399410\" data-element_type=\"column\">\n\t\t\t<div class=\"elementor-widget-wrap elementor-element-populated\">\n\t\t\t\t\t\t<div class=\"elementor-element elementor-element-8493eb0 elementor-widget elementor-widget-heading\" data-id=\"8493eb0\" data-element_type=\"widget\" data-widget_type=\"heading.default\">\n\t\t\t\t<div class=\"elementor-widget-container\">\n\t\t\t<h2 class=\"elementor-heading-title elementor-size-default\">- Integrations -<\/h2>\t\t<\/div>\n\t\t\t\t<\/div>\n\t\t\t\t<div class=\"elementor-element elementor-element-1b739b3 elementor-widget elementor-widget-heading\" data-id=\"1b739b3\" data-element_type=\"widget\" data-widget_type=\"heading.default\">\n\t\t\t\t<div class=\"elementor-widget-container\">\n\t\t\t<h2 class=\"elementor-heading-title elementor-size-default\">Cloud & On - Prem<\/h2>\t\t<\/div>\n\t\t\t\t<\/div>\n\t\t\t\t<div class=\"elementor-element elementor-element-1618bd1 elementor-widget elementor-widget-text-editor\" data-id=\"1618bd1\" data-element_type=\"widget\" data-widget_type=\"text-editor.default\">\n\t\t\t\t<div class=\"elementor-widget-container\">\n\t\t\t\t\t\t\t<p>AuthTake kurumsal \u00fcr\u00fcn ailesini kurum ve kurulu\u015flar\u0131n\u0131z\u0131n sunucular\u0131nda On-Prem veya AuthTake sunucular\u0131nda bulut olarak kullanabilirsiniz.<\/p>\t\t\t\t\t\t<\/div>\n\t\t\t\t<\/div>\n\t\t\t\t<div class=\"elementor-element elementor-element-d00d21b elementor-widget elementor-widget-button\" data-id=\"d00d21b\" data-element_type=\"widget\" data-widget_type=\"button.default\">\n\t\t\t\t<div class=\"elementor-widget-container\">\n\t\t\t\t\t<div class=\"elementor-button-wrapper\">\n\t\t\t<a class=\"elementor-button elementor-button-link elementor-size-sm\" href=\"https:\/\/authtake.com\/tr\/company-contact-us\/\">\n\t\t\t\t\t\t<span class=\"elementor-button-content-wrapper\">\n\t\t\t\t\t\t<span class=\"elementor-button-text\">\u0130leti\u015fim<\/span>\n\t\t<\/span>\n\t\t\t\t\t<\/a>\n\t\t<\/div>\n\t\t\t\t<\/div>\n\t\t\t\t<\/div>\n\t\t\t\t<div class=\"elementor-element elementor-element-101e7da elementor-widget elementor-widget-text-editor\" data-id=\"101e7da\" data-element_type=\"widget\" data-widget_type=\"text-editor.default\">\n\t\t\t\t<div class=\"elementor-widget-container\">\n\t\t\t\t\t\t\t<p>\u00a0- 30 G\u00fcn \u00fccretsiz deneyin<\/p><p>\u00a0- \u0130stedi\u011finiz zaman iptal edin<\/p>\t\t\t\t\t\t<\/div>\n\t\t\t\t<\/div>\n\t\t\t\t\t<\/div>\n\t\t<\/div>\n\t\t\t\t<div class=\"elementor-column elementor-col-50 elementor-top-column elementor-element elementor-element-f226366\" data-id=\"f226366\" data-element_type=\"column\">\n\t\t\t<div class=\"elementor-widget-wrap\">\n\t\t\t\t\t\t\t<\/div>\n\t\t<\/div>\n\t\t\t\t\t<\/div>\n\t\t<\/section>\n\t\t\t\t<section class=\"elementor-section elementor-top-section elementor-element elementor-element-74cb90d2 elementor-section-boxed elementor-section-height-default elementor-section-height-default wpr-particle-no wpr-sticky-section-no\" data-id=\"74cb90d2\" data-element_type=\"section\">\n\t\t\t\t\t\t<div class=\"elementor-container elementor-column-gap-default\">\n\t\t\t\t\t<div class=\"elementor-column elementor-col-50 elementor-top-column elementor-element elementor-element-4ad463a1\" data-id=\"4ad463a1\" data-element_type=\"column\">\n\t\t\t<div class=\"elementor-widget-wrap elementor-element-populated\">\n\t\t\t\t\t\t<div class=\"elementor-element elementor-element-550908a7 elementor-hidden-desktop elementor-hidden-tablet elementor-widget elementor-widget-image\" data-id=\"550908a7\" data-element_type=\"widget\" data-widget_type=\"image.default\">\n\t\t\t\t<div class=\"elementor-widget-container\">\n\t\t\t\t\t\t\t\t\t\t\t\t\t<img fetchpriority=\"high\" decoding=\"async\" width=\"900\" height=\"897\" src=\"https:\/\/authtake.com\/wp-content\/uploads\/2021\/02\/pngpng.png\" class=\"attachment-full size-full wp-image-5756\" alt=\"\" srcset=\"https:\/\/authtake.com\/wp-content\/uploads\/2021\/02\/pngpng.png 900w, https:\/\/authtake.com\/wp-content\/uploads\/2021\/02\/pngpng-300x300.png 300w, https:\/\/authtake.com\/wp-content\/uploads\/2021\/02\/pngpng-150x150.png 150w, https:\/\/authtake.com\/wp-content\/uploads\/2021\/02\/pngpng-768x765.png 768w\" sizes=\"(max-width: 900px) 100vw, 900px\" \/>\t\t\t\t\t\t\t\t\t\t\t\t\t<\/div>\n\t\t\t\t<\/div>\n\t\t\t\t<div class=\"elementor-element elementor-element-ae133f2 elementor-widget elementor-widget-heading\" data-id=\"ae133f2\" data-element_type=\"widget\" data-widget_type=\"heading.default\">\n\t\t\t\t<div class=\"elementor-widget-container\">\n\t\t\t<h2 class=\"elementor-heading-title elementor-size-default\">Tek yapman\u0131z gereken ihtiyac\u0131n\u0131za en uygun paketi se\u00e7mek ve g\u00f6n\u00fcl rahatl\u0131\u011f\u0131n\u0131n tad\u0131n\u0131 \u00e7\u0131karmak.<\/h2>\t\t<\/div>\n\t\t\t\t<\/div>\n\t\t\t\t<div class=\"elementor-element elementor-element-988a8b1 elementor-widget elementor-widget-text-editor\" data-id=\"988a8b1\" data-element_type=\"widget\" data-widget_type=\"text-editor.default\">\n\t\t\t\t<div class=\"elementor-widget-container\">\n\t\t\t\t\t\t\t<p>AuthTake for business \u00fcr\u00fcn ailesini kurum ve kurulu\u015flar\u0131n\u0131z\u0131n sunucular\u0131nda on-prem veya bulut sunucular\u0131m\u0131zda bulut olarak kullanabilirsiniz. Bulut sistemindeki sunuculardan do\u011fabilecek her t\u00fcrl\u00fc maliyeti sizin i\u00e7in kar\u015f\u0131l\u0131yoruz. Verileriniz, birden \u00e7ok konumdaki birden \u00e7ok sunucuda yedeklenir. Verileriniz hi\u00e7bir ko\u015ful ve ko\u015fulda payla\u015f\u0131lmaz, \u00fc\u00e7\u00fcnc\u00fc ki\u015filerle s\u0131zd\u0131r\u0131lmaz veya \u00e7\u00f6kertilmez. On-prem sistemde firman\u0131z\u0131n kendi sunucular\u0131na kurulu yaz\u0131l\u0131mlar\u0131m\u0131z ile sizlere hizmet vermekteyiz. Se\u00e7im yapmakta zorlan\u0131yorsan\u0131z her ikisini de kullanabilir ve hibrit sistemimizi tercih edebilirsiniz.<\/p>\t\t\t\t\t\t<\/div>\n\t\t\t\t<\/div>\n\t\t\t\t\t<\/div>\n\t\t<\/div>\n\t\t\t\t<div class=\"elementor-column elementor-col-50 elementor-top-column elementor-element elementor-element-678b27d6\" data-id=\"678b27d6\" data-element_type=\"column\">\n\t\t\t<div class=\"elementor-widget-wrap elementor-element-populated\">\n\t\t\t\t\t\t<div class=\"elementor-element elementor-element-d46db04 elementor-hidden-phone elementor-widget elementor-widget-image\" data-id=\"d46db04\" data-element_type=\"widget\" data-widget_type=\"image.default\">\n\t\t\t\t<div class=\"elementor-widget-container\">\n\t\t\t\t\t\t\t\t\t\t\t\t\t<img fetchpriority=\"high\" decoding=\"async\" width=\"900\" height=\"897\" src=\"https:\/\/authtake.com\/wp-content\/uploads\/2021\/02\/pngpng.png\" class=\"attachment-full size-full wp-image-5756\" alt=\"\" srcset=\"https:\/\/authtake.com\/wp-content\/uploads\/2021\/02\/pngpng.png 900w, https:\/\/authtake.com\/wp-content\/uploads\/2021\/02\/pngpng-300x300.png 300w, https:\/\/authtake.com\/wp-content\/uploads\/2021\/02\/pngpng-150x150.png 150w, https:\/\/authtake.com\/wp-content\/uploads\/2021\/02\/pngpng-768x765.png 768w\" sizes=\"(max-width: 900px) 100vw, 900px\" \/>\t\t\t\t\t\t\t\t\t\t\t\t\t<\/div>\n\t\t\t\t<\/div>\n\t\t\t\t\t<\/div>\n\t\t<\/div>\n\t\t\t\t\t<\/div>\n\t\t<\/section>\n\t\t\t\t<section class=\"elementor-section elementor-top-section elementor-element elementor-element-1d679d7 elementor-section-boxed elementor-section-height-default elementor-section-height-default wpr-particle-no wpr-sticky-section-no\" data-id=\"1d679d7\" data-element_type=\"section\" data-settings=\"{&quot;background_background&quot;:&quot;classic&quot;}\">\n\t\t\t\t\t\t<div class=\"elementor-container elementor-column-gap-default\">\n\t\t\t\t\t<div class=\"elementor-column elementor-col-50 elementor-top-column elementor-element elementor-element-2ba199f\" data-id=\"2ba199f\" data-element_type=\"column\">\n\t\t\t<div class=\"elementor-widget-wrap elementor-element-populated\">\n\t\t\t\t\t\t<div class=\"elementor-element elementor-element-f15fbad elementor-widget elementor-widget-image\" data-id=\"f15fbad\" data-element_type=\"widget\" data-widget_type=\"image.default\">\n\t\t\t\t<div class=\"elementor-widget-container\">\n\t\t\t\t\t\t\t\t\t\t\t\t\t<img decoding=\"async\" width=\"1216\" height=\"1080\" src=\"https:\/\/authtake.com\/wp-content\/uploads\/2021\/02\/hybrddonpremise.png\" class=\"attachment-full size-full wp-image-5770\" alt=\"\" srcset=\"https:\/\/authtake.com\/wp-content\/uploads\/2021\/02\/hybrddonpremise.png 1216w, https:\/\/authtake.com\/wp-content\/uploads\/2021\/02\/hybrddonpremise-300x266.png 300w, https:\/\/authtake.com\/wp-content\/uploads\/2021\/02\/hybrddonpremise-1024x909.png 1024w, https:\/\/authtake.com\/wp-content\/uploads\/2021\/02\/hybrddonpremise-768x682.png 768w\" sizes=\"(max-width: 1216px) 100vw, 1216px\" \/>\t\t\t\t\t\t\t\t\t\t\t\t\t<\/div>\n\t\t\t\t<\/div>\n\t\t\t\t\t<\/div>\n\t\t<\/div>\n\t\t\t\t<div class=\"elementor-column elementor-col-50 elementor-top-column elementor-element elementor-element-633474a\" data-id=\"633474a\" data-element_type=\"column\">\n\t\t\t<div class=\"elementor-widget-wrap elementor-element-populated\">\n\t\t\t\t\t\t<div class=\"elementor-element elementor-element-94706d9 elementor-hidden-desktop elementor-widget elementor-widget-spacer\" data-id=\"94706d9\" data-element_type=\"widget\" data-widget_type=\"spacer.default\">\n\t\t\t\t<div class=\"elementor-widget-container\">\n\t\t\t\t\t<div class=\"elementor-spacer\">\n\t\t\t<div class=\"elementor-spacer-inner\"><\/div>\n\t\t<\/div>\n\t\t\t\t<\/div>\n\t\t\t\t<\/div>\n\t\t\t\t<div class=\"elementor-element elementor-element-73dfaeb elementor-widget elementor-widget-heading\" data-id=\"73dfaeb\" data-element_type=\"widget\" data-widget_type=\"heading.default\">\n\t\t\t\t<div class=\"elementor-widget-container\">\n\t\t\t<h2 class=\"elementor-heading-title elementor-size-default\">Her zaman g\u00fcvenli ve entegrasyonu kolayd\u0131r.<\/h2>\t\t<\/div>\n\t\t\t\t<\/div>\n\t\t\t\t<div class=\"elementor-element elementor-element-c7183fd elementor-widget elementor-widget-text-editor\" data-id=\"c7183fd\" data-element_type=\"widget\" data-widget_type=\"text-editor.default\">\n\t\t\t\t<div class=\"elementor-widget-container\">\n\t\t\t\t\t\t\t<p>SSO \u00fcr\u00fcn\u00fcm\u00fcz ile bulut ve on-prem uygulamalar\u0131n\u0131z\u0131 tek bir platforma ta\u015f\u0131yabilirsiniz. \u00c7al\u0131\u015fanlar\u0131n\u0131za m\u00fcmk\u00fcn olan en h\u0131zl\u0131 sistem kullan\u0131m\u0131n\u0131 sa\u011flayabilirsiniz. G\u00fcn i\u00e7inde her uygulamay\u0131 tekrar tekrar do\u011frulamaktan kurtulabilirsiniz. \u00c7al\u0131\u015fanlar\u0131n\u0131z\u0131n tekrarlayan kimlik do\u011frulamas\u0131 yapmas\u0131 veya hesap \u015fifrelerini hat\u0131rlamas\u0131 gerekmez. AuthTake Parolas\u0131z MFA ve AuthTake MFA, AuthTake SSO ile entegre \u00e7al\u0131\u015f\u0131r.<\/p><p>AuhTake SSO'nun Single Sign-Out \u00f6zelli\u011fi ile kullan\u0131c\u0131lar\u0131n\u0131z \u00e7\u0131k\u0131\u015f yapmak istedi\u011finde, her uygulamay\u0131 tek tek kapatmak yerine toplu olarak kapatabilirler. \u00c7al\u0131\u015fanlar\u0131n\u0131z\u0131n unuttuklar\u0131 \u015fifreleri s\u0131f\u0131rlamak zorunda kalmadan, \u015fifrelerin hat\u0131rlanmas\u0131, kaydedilmesi veya \u00e7al\u0131nmas\u0131 gibi nedenlerle olu\u015fan g\u00fcvenlik a\u00e7\u0131klar\u0131 olmadan, \u00e7al\u0131\u015fanlar\u0131n\u0131z\u0131n verimlili\u011fini g\u00f6zlemleyeceksiniz.<\/p>\t\t\t\t\t\t<\/div>\n\t\t\t\t<\/div>\n\t\t\t\t\t<\/div>\n\t\t<\/div>\n\t\t\t\t\t<\/div>\n\t\t<\/section>\n\t\t\t\t<\/div>","protected":false},"excerpt":{"rendered":"<p>&#8211; Integrations &#8211; Cloud &#038; On &#8211; Prem You can use AuthTake for business product family on the servers of your institutions and organizations as on-prem or cloud on AuthTake servers. FREE TRIAL \u00a0&#8211; Try 30 days for free. \u00a0&#8211; Cancel anytime. All you have to do is choose the package that best suits your needs and enjoy the peace of mind. You can use AuthTake for business product family on the servers of your institutions and organizations as on-prem or cloud on our servers. We cover any costs that may arise from servers in the cloud system for you. Your data is backed up on multiple servers in multiple locations. Your data is not shared, leaked with third parties or collapsed under any circumstances and conditions. In the on-prem system, we serve you with our software installed on your company&#8217;s own servers. If you have trouble choosing, you can use both and choose our hybrid system. Always safe and easy to integrate. You can move your cloud and on-prem applications to a single platform with our SSO product. You can provide your employees with the fastest possible system usage. You can avoid having to verify each application over and over again during the day. Your employees do not have to perform repetitive authentication nor do they have to remember their account passwords. AuthTake Passwordless MFA and AuthTake MFA work integrated with AuthTake SSO. AuhTake SSO has a single sign-out feature. When your users want to log out, they can close each application collectively instead of closing them individually. You will observe the productivity of your employees without having to deal with resetting passwords that they have forgotten, without the security vulnerabilities caused by passwords to be remembered, recorded or stolen passwords.<\/p>","protected":false},"author":1,"featured_media":0,"parent":0,"menu_order":0,"comment_status":"closed","ping_status":"closed","template":"","meta":[],"_links":{"self":[{"href":"https:\/\/authtake.com\/tr\/wp-json\/wp\/v2\/pages\/5646"}],"collection":[{"href":"https:\/\/authtake.com\/tr\/wp-json\/wp\/v2\/pages"}],"about":[{"href":"https:\/\/authtake.com\/tr\/wp-json\/wp\/v2\/types\/page"}],"author":[{"embeddable":true,"href":"https:\/\/authtake.com\/tr\/wp-json\/wp\/v2\/users\/1"}],"replies":[{"embeddable":true,"href":"https:\/\/authtake.com\/tr\/wp-json\/wp\/v2\/comments?post=5646"}],"version-history":[{"count":12,"href":"https:\/\/authtake.com\/tr\/wp-json\/wp\/v2\/pages\/5646\/revisions"}],"predecessor-version":[{"id":14002,"href":"https:\/\/authtake.com\/tr\/wp-json\/wp\/v2\/pages\/5646\/revisions\/14002"}],"wp:attachment":[{"href":"https:\/\/authtake.com\/tr\/wp-json\/wp\/v2\/media?parent=5646"}],"curies":[{"name":"wp","href":"https:\/\/api.w.org\/{rel}","templated":true}]}}