{"id":5645,"date":"2021-02-04T07:03:48","date_gmt":"2021-02-04T07:03:48","guid":{"rendered":"http:\/\/authtake.com\/?page_id=5645"},"modified":"2023-03-06T14:35:43","modified_gmt":"2023-03-06T14:35:43","slug":"integrations-vpn-products","status":"publish","type":"page","link":"https:\/\/authtake.com\/tr\/integrations-vpn-products\/","title":{"rendered":"Integrations &#8211; VPN Products"},"content":{"rendered":"<div data-elementor-type=\"wp-page\" data-elementor-id=\"5645\" class=\"elementor elementor-5645\">\n\t\t\t\t\t\t<section class=\"elementor-section elementor-top-section elementor-element elementor-element-f2ceabb elementor-section-height-min-height elementor-section-boxed elementor-section-height-default elementor-section-items-middle wpr-particle-no wpr-sticky-section-no\" data-id=\"f2ceabb\" data-element_type=\"section\" data-settings=\"{&quot;background_background&quot;:&quot;classic&quot;}\">\n\t\t\t\t\t\t<div class=\"elementor-container elementor-column-gap-default\">\n\t\t\t\t\t<div class=\"elementor-column elementor-col-50 elementor-top-column elementor-element elementor-element-c165f6f\" data-id=\"c165f6f\" data-element_type=\"column\">\n\t\t\t<div class=\"elementor-widget-wrap elementor-element-populated\">\n\t\t\t\t\t\t<div class=\"elementor-element elementor-element-3898381 elementor-widget elementor-widget-heading\" data-id=\"3898381\" data-element_type=\"widget\" data-widget_type=\"heading.default\">\n\t\t\t\t<div class=\"elementor-widget-container\">\n\t\t\t<h2 class=\"elementor-heading-title elementor-size-default\">- Integrations -<\/h2>\t\t<\/div>\n\t\t\t\t<\/div>\n\t\t\t\t<div class=\"elementor-element elementor-element-4d3e516 elementor-widget elementor-widget-heading\" data-id=\"4d3e516\" data-element_type=\"widget\" data-widget_type=\"heading.default\">\n\t\t\t\t<div class=\"elementor-widget-container\">\n\t\t\t<h2 class=\"elementor-heading-title elementor-size-default\">VPN \u00dcr\u00fcnleri<\/h2>\t\t<\/div>\n\t\t\t\t<\/div>\n\t\t\t\t<div class=\"elementor-element elementor-element-aa3d29b elementor-widget elementor-widget-text-editor\" data-id=\"aa3d29b\" data-element_type=\"widget\" data-widget_type=\"text-editor.default\">\n\t\t\t\t<div class=\"elementor-widget-container\">\n\t\t\t\t\t\t\t<p>\u00c7al\u0131\u015fanlar\u0131n\u0131z\u0131n sistemlerinize uzaktan eri\u015fimde VPN \u00fcr\u00fcnlerini kullanmas\u0131 gerekir. AuthTake ile VPN eri\u015fiminizde \u015fifrelerin payla\u015f\u0131lmas\u0131, \u00e7al\u0131nmas\u0131 veya unutulmas\u0131ndan kaynaklanan sorunlar\u0131 ortadan kald\u0131rabilirsiniz.<\/p>\t\t\t\t\t\t<\/div>\n\t\t\t\t<\/div>\n\t\t\t\t<div class=\"elementor-element elementor-element-c909a85 elementor-widget elementor-widget-button\" data-id=\"c909a85\" data-element_type=\"widget\" data-widget_type=\"button.default\">\n\t\t\t\t<div class=\"elementor-widget-container\">\n\t\t\t\t\t<div class=\"elementor-button-wrapper\">\n\t\t\t<a class=\"elementor-button elementor-button-link elementor-size-sm\" href=\"https:\/\/authtake.com\/tr\/company-contact-us\/\">\n\t\t\t\t\t\t<span class=\"elementor-button-content-wrapper\">\n\t\t\t\t\t\t<span class=\"elementor-button-text\">\u0130leti\u015fim<\/span>\n\t\t<\/span>\n\t\t\t\t\t<\/a>\n\t\t<\/div>\n\t\t\t\t<\/div>\n\t\t\t\t<\/div>\n\t\t\t\t<div class=\"elementor-element elementor-element-34d90ea elementor-widget elementor-widget-text-editor\" data-id=\"34d90ea\" data-element_type=\"widget\" data-widget_type=\"text-editor.default\">\n\t\t\t\t<div class=\"elementor-widget-container\">\n\t\t\t\t\t\t\t<p>\u00a0- 30 G\u00fcn \u00fccretsiz deneyin<\/p><p>\u00a0- \u0130stedi\u011finiz zaman iptal edin<\/p>\t\t\t\t\t\t<\/div>\n\t\t\t\t<\/div>\n\t\t\t\t\t<\/div>\n\t\t<\/div>\n\t\t\t\t<div class=\"elementor-column elementor-col-50 elementor-top-column elementor-element elementor-element-2c4f21a\" data-id=\"2c4f21a\" data-element_type=\"column\">\n\t\t\t<div class=\"elementor-widget-wrap\">\n\t\t\t\t\t\t\t<\/div>\n\t\t<\/div>\n\t\t\t\t\t<\/div>\n\t\t<\/section>\n\t\t\t\t<section class=\"elementor-section elementor-top-section elementor-element elementor-element-74cb90d2 elementor-section-boxed elementor-section-height-default elementor-section-height-default wpr-particle-no wpr-sticky-section-no\" data-id=\"74cb90d2\" data-element_type=\"section\">\n\t\t\t\t\t\t<div class=\"elementor-container elementor-column-gap-default\">\n\t\t\t\t\t<div class=\"elementor-column elementor-col-50 elementor-top-column elementor-element elementor-element-4ad463a1\" data-id=\"4ad463a1\" data-element_type=\"column\">\n\t\t\t<div class=\"elementor-widget-wrap elementor-element-populated\">\n\t\t\t\t\t\t<div class=\"elementor-element elementor-element-550908a7 elementor-hidden-desktop elementor-hidden-tablet elementor-widget elementor-widget-image\" data-id=\"550908a7\" data-element_type=\"widget\" data-widget_type=\"image.default\">\n\t\t\t\t<div class=\"elementor-widget-container\">\n\t\t\t\t\t\t\t\t\t\t\t\t\t<img fetchpriority=\"high\" decoding=\"async\" width=\"803\" height=\"532\" src=\"https:\/\/authtake.com\/wp-content\/uploads\/2021\/02\/vpn_uu.png\" class=\"attachment-full size-full wp-image-5710\" alt=\"\" srcset=\"https:\/\/authtake.com\/wp-content\/uploads\/2021\/02\/vpn_uu.png 803w, https:\/\/authtake.com\/wp-content\/uploads\/2021\/02\/vpn_uu-300x199.png 300w, https:\/\/authtake.com\/wp-content\/uploads\/2021\/02\/vpn_uu-768x509.png 768w\" sizes=\"(max-width: 803px) 100vw, 803px\" \/>\t\t\t\t\t\t\t\t\t\t\t\t\t<\/div>\n\t\t\t\t<\/div>\n\t\t\t\t<div class=\"elementor-element elementor-element-f0dd5e9 elementor-widget__width-initial elementor-widget elementor-widget-heading\" data-id=\"f0dd5e9\" data-element_type=\"widget\" data-widget_type=\"heading.default\">\n\t\t\t\t<div class=\"elementor-widget-container\">\n\t\t\t<h2 class=\"elementor-heading-title elementor-size-default\">AuthTake \u00dcr\u00fcn Ailesi T\u00fcm \u0130htiya\u00e7lar\u0131n\u0131z\u0131 Kar\u015f\u0131lamaya Haz\u0131r.<\/h2>\t\t<\/div>\n\t\t\t\t<\/div>\n\t\t\t\t<div class=\"elementor-element elementor-element-cd4be7a elementor-widget__width-initial elementor-widget elementor-widget-text-editor\" data-id=\"cd4be7a\" data-element_type=\"widget\" data-widget_type=\"text-editor.default\">\n\t\t\t\t<div class=\"elementor-widget-container\">\n\t\t\t\t\t\t\t<p>VPN eri\u015fiminde kullan\u0131lan standart y\u00f6ntem, kullan\u0131c\u0131 ad\u0131 ve parola ile kimlik do\u011frulamad\u0131r. Bu y\u00f6ntemle kimlik do\u011frulamas\u0131 yap\u0131ld\u0131ktan sonra kullan\u0131c\u0131, \u015firketin t\u00fcm verilerine eri\u015febilir hale gelir. Bu noktadan sonra \u015firket \u00e7al\u0131\u015fanlar\u0131 g\u00fcnl\u00fck i\u015flerini uzaktan eri\u015fimle sa\u011flarken, kendilerini yetkili ki\u015fi olarak tan\u0131tan k\u00f6t\u00fc niyetli ki\u015filer \u015firket verilerini \u00e7almaya, s\u0131zd\u0131rmaya veya satmaya ba\u015flar. K\u00f6t\u00fc niyetli ki\u015filer bunu, kullan\u0131c\u0131 \u015fifrelerini ele ge\u00e7irerek veya k\u0131rarak yapar.<\/p><p>Yapmam\u0131z gereken, kulland\u0131\u011f\u0131n\u0131z \u015fifreleri daha g\u00fcvenli hale getirmek veya \u015fifre kullan\u0131m\u0131na tamamen son vermek.<\/p><p><strong>Yapmam\u0131z gereken, kulland\u0131\u011f\u0131n\u0131z \u015fifreleri daha g\u00fcvenli hale getirmek veya \u015fifre kullan\u0131m\u0131na tamamen son vermek.<\/strong><\/p>\t\t\t\t\t\t<\/div>\n\t\t\t\t<\/div>\n\t\t\t\t\t<\/div>\n\t\t<\/div>\n\t\t\t\t<div class=\"elementor-column elementor-col-50 elementor-top-column elementor-element elementor-element-678b27d6\" data-id=\"678b27d6\" data-element_type=\"column\">\n\t\t\t<div class=\"elementor-widget-wrap elementor-element-populated\">\n\t\t\t\t\t\t<div class=\"elementor-element elementor-element-3c43f0c elementor-hidden-phone elementor-widget elementor-widget-image\" data-id=\"3c43f0c\" data-element_type=\"widget\" data-widget_type=\"image.default\">\n\t\t\t\t<div class=\"elementor-widget-container\">\n\t\t\t\t\t\t\t\t\t\t\t\t\t<img fetchpriority=\"high\" decoding=\"async\" width=\"803\" height=\"532\" src=\"https:\/\/authtake.com\/wp-content\/uploads\/2021\/02\/vpn_uu.png\" class=\"attachment-full size-full wp-image-5710\" alt=\"\" srcset=\"https:\/\/authtake.com\/wp-content\/uploads\/2021\/02\/vpn_uu.png 803w, https:\/\/authtake.com\/wp-content\/uploads\/2021\/02\/vpn_uu-300x199.png 300w, https:\/\/authtake.com\/wp-content\/uploads\/2021\/02\/vpn_uu-768x509.png 768w\" sizes=\"(max-width: 803px) 100vw, 803px\" \/>\t\t\t\t\t\t\t\t\t\t\t\t\t<\/div>\n\t\t\t\t<\/div>\n\t\t\t\t\t<\/div>\n\t\t<\/div>\n\t\t\t\t\t<\/div>\n\t\t<\/section>\n\t\t\t\t<section class=\"elementor-section elementor-top-section elementor-element elementor-element-0765b70 elementor-section-boxed elementor-section-height-default elementor-section-height-default wpr-particle-no wpr-sticky-section-no\" data-id=\"0765b70\" data-element_type=\"section\" data-settings=\"{&quot;background_background&quot;:&quot;classic&quot;}\">\n\t\t\t\t\t\t<div class=\"elementor-container elementor-column-gap-default\">\n\t\t\t\t\t<div class=\"elementor-column elementor-col-50 elementor-top-column elementor-element elementor-element-752ed06\" data-id=\"752ed06\" data-element_type=\"column\">\n\t\t\t<div class=\"elementor-widget-wrap elementor-element-populated\">\n\t\t\t\t\t\t<div class=\"elementor-element elementor-element-a608705 elementor-hidden-tablet elementor-hidden-phone elementor-widget elementor-widget-spacer\" data-id=\"a608705\" data-element_type=\"widget\" data-widget_type=\"spacer.default\">\n\t\t\t\t<div class=\"elementor-widget-container\">\n\t\t\t\t\t<div class=\"elementor-spacer\">\n\t\t\t<div class=\"elementor-spacer-inner\"><\/div>\n\t\t<\/div>\n\t\t\t\t<\/div>\n\t\t\t\t<\/div>\n\t\t\t\t<div class=\"elementor-element elementor-element-bcb6711 elementor-widget elementor-widget-image\" data-id=\"bcb6711\" data-element_type=\"widget\" data-widget_type=\"image.default\">\n\t\t\t\t<div class=\"elementor-widget-container\">\n\t\t\t\t\t\t\t\t\t\t\t\t\t<img decoding=\"async\" width=\"3710\" height=\"3710\" src=\"https:\/\/authtake.com\/wp-content\/uploads\/2021\/02\/cvpn.png\" class=\"attachment-full size-full wp-image-5774\" alt=\"\" srcset=\"https:\/\/authtake.com\/wp-content\/uploads\/2021\/02\/cvpn.png 3710w, https:\/\/authtake.com\/wp-content\/uploads\/2021\/02\/cvpn-300x300.png 300w, https:\/\/authtake.com\/wp-content\/uploads\/2021\/02\/cvpn-1024x1024.png 1024w, https:\/\/authtake.com\/wp-content\/uploads\/2021\/02\/cvpn-150x150.png 150w, https:\/\/authtake.com\/wp-content\/uploads\/2021\/02\/cvpn-768x768.png 768w, https:\/\/authtake.com\/wp-content\/uploads\/2021\/02\/cvpn-1536x1536.png 1536w, https:\/\/authtake.com\/wp-content\/uploads\/2021\/02\/cvpn-2048x2048.png 2048w\" sizes=\"(max-width: 3710px) 100vw, 3710px\" \/>\t\t\t\t\t\t\t\t\t\t\t\t\t<\/div>\n\t\t\t\t<\/div>\n\t\t\t\t\t<\/div>\n\t\t<\/div>\n\t\t\t\t<div class=\"elementor-column elementor-col-50 elementor-top-column elementor-element elementor-element-0694c99\" data-id=\"0694c99\" data-element_type=\"column\">\n\t\t\t<div class=\"elementor-widget-wrap elementor-element-populated\">\n\t\t\t\t\t\t<div class=\"elementor-element elementor-element-608ed9b elementor-hidden-desktop elementor-widget elementor-widget-spacer\" data-id=\"608ed9b\" data-element_type=\"widget\" data-widget_type=\"spacer.default\">\n\t\t\t\t<div class=\"elementor-widget-container\">\n\t\t\t\t\t<div class=\"elementor-spacer\">\n\t\t\t<div class=\"elementor-spacer-inner\"><\/div>\n\t\t<\/div>\n\t\t\t\t<\/div>\n\t\t\t\t<\/div>\n\t\t\t\t<div class=\"elementor-element elementor-element-c95aad7 elementor-widget__width-initial elementor-widget elementor-widget-heading\" data-id=\"c95aad7\" data-element_type=\"widget\" data-widget_type=\"heading.default\">\n\t\t\t\t<div class=\"elementor-widget-container\">\n\t\t\t<h2 class=\"elementor-heading-title elementor-size-default\">AuthTake'i bug\u00fcn kullanmaya ba\u015flay\u0131n ve dijital d\u00fcnyan\u0131n gerisinde kalmay\u0131n.<\/h2>\t\t<\/div>\n\t\t\t\t<\/div>\n\t\t\t\t<div class=\"elementor-element elementor-element-314c85c elementor-widget__width-initial elementor-widget elementor-widget-text-editor\" data-id=\"314c85c\" data-element_type=\"widget\" data-widget_type=\"text-editor.default\">\n\t\t\t\t<div class=\"elementor-widget-container\">\n\t\t\t\t\t\t\t<p>AuthTake Multi Factor Authentication ile \u015fifrelerinizin g\u00fcvenli\u011fini art\u0131rabilirsiniz. Parolaya ek olarak alabilece\u011finiz \u00e7e\u015fitli g\u00fcvenlik \u00f6nlemleri, parolan\u0131z\u0131n \u00e7al\u0131nmas\u0131 durumunda sistemlerinize kolayca eri\u015filememesinden emin olman\u0131z\u0131 sa\u011flar. Eri\u015fim sorununu \u00e7\u00f6zm\u00fc\u015f olsak da, \u015fifrelerin do\u011fas\u0131 gere\u011fi baz\u0131 sorunlar ortaya \u00e7\u0131kabilir. \u00d6rne\u011fin, kolayca unutulabilirler.<\/p><p>AuthTake PassKiosk \u00fcr\u00fcn\u00fcm\u00fcz\u00fc kullanarak unutulan \u015fifrelerden kaynaklanan yard\u0131m masas\u0131 aramalar\u0131n\u0131 ve \u00e7al\u0131\u015fanlar\u0131n\u0131z\u0131n IT ekibinden cevap beklerken kaybetti\u011fi mesai saatlerini azaltabilirsiniz. AuthTake PassKiosk, kullan\u0131c\u0131lar\u0131n kendi parolalar\u0131n\u0131 s\u0131f\u0131rlamalar\u0131na olanak tan\u0131r.<\/p>\t\t\t\t\t\t<\/div>\n\t\t\t\t<\/div>\n\t\t\t\t\t<\/div>\n\t\t<\/div>\n\t\t\t\t\t<\/div>\n\t\t<\/section>\n\t\t\t\t<\/div>","protected":false},"excerpt":{"rendered":"<p>&#8211; Integrations &#8211; VPN Products Your employees have to use VPN products in remote access to your systems. With AuthTake, you can eliminate the problems caused by sharing, stolen or forgotten passwords in your VPN access. FREE TRIAL \u00a0&#8211; Try 30 days for free. \u00a0&#8211; Cancel anytime. AuthTake product family is ready to meet all your needs. The standard method used in VPN access is authentication with username and password. Following the authentication with this method, the user becomes accessible to all data of the company. From this point on, while company personnel provide their daily tasks with remote access, malicious people who introduce themselves as authorized persons start stealing, leaking or selling company data. Malicious people do this by intercepting or cracking user passwords. What we need to do is to make the passwords we use more secure or to stop using passwords. What we need to do is to make the passwords we use more secure or to stop using passwords. Start using AuthTake today and meet the needs of the digital world. With AuthTake Multi Factor Authentication, you can increase the security of your passwords. Various security measures that you can take in addition to the password ensure that your systems cannot be easily accessed in case your password is stolen. Although we have solved the access problem, some problems may occur due to the nature of passwords. For example, they can be forgotten easily. You can use our AuthTake PassKiosk product to decrease help desk calls caused by forgotten passwords and your employees&#8217; lost working hours waiting for an answer from the IT team. AuthTake PassKiosk allows users to reset their own passwords.<\/p>","protected":false},"author":1,"featured_media":0,"parent":0,"menu_order":0,"comment_status":"closed","ping_status":"closed","template":"","meta":[],"_links":{"self":[{"href":"https:\/\/authtake.com\/tr\/wp-json\/wp\/v2\/pages\/5645"}],"collection":[{"href":"https:\/\/authtake.com\/tr\/wp-json\/wp\/v2\/pages"}],"about":[{"href":"https:\/\/authtake.com\/tr\/wp-json\/wp\/v2\/types\/page"}],"author":[{"embeddable":true,"href":"https:\/\/authtake.com\/tr\/wp-json\/wp\/v2\/users\/1"}],"replies":[{"embeddable":true,"href":"https:\/\/authtake.com\/tr\/wp-json\/wp\/v2\/comments?post=5645"}],"version-history":[{"count":9,"href":"https:\/\/authtake.com\/tr\/wp-json\/wp\/v2\/pages\/5645\/revisions"}],"predecessor-version":[{"id":13993,"href":"https:\/\/authtake.com\/tr\/wp-json\/wp\/v2\/pages\/5645\/revisions\/13993"}],"wp:attachment":[{"href":"https:\/\/authtake.com\/tr\/wp-json\/wp\/v2\/media?parent=5645"}],"curies":[{"name":"wp","href":"https:\/\/api.w.org\/{rel}","templated":true}]}}