{"id":5644,"date":"2021-02-04T07:03:34","date_gmt":"2021-02-04T07:03:34","guid":{"rendered":"http:\/\/authtake.com\/?page_id=5644"},"modified":"2023-03-06T14:14:37","modified_gmt":"2023-03-06T14:14:37","slug":"integrations-microsoft-exchange","status":"publish","type":"page","link":"https:\/\/authtake.com\/tr\/integrations-microsoft-exchange\/","title":{"rendered":"Integrations &#8211; Microsoft Exchange"},"content":{"rendered":"<div data-elementor-type=\"wp-page\" data-elementor-id=\"5644\" class=\"elementor elementor-5644\">\n\t\t\t\t\t\t<section class=\"elementor-section elementor-top-section elementor-element elementor-element-31b4bdf elementor-section-height-min-height elementor-section-boxed elementor-section-height-default elementor-section-items-middle wpr-particle-no wpr-sticky-section-no\" data-id=\"31b4bdf\" data-element_type=\"section\" data-settings=\"{&quot;background_background&quot;:&quot;classic&quot;}\">\n\t\t\t\t\t\t<div class=\"elementor-container elementor-column-gap-default\">\n\t\t\t\t\t<div class=\"elementor-column elementor-col-50 elementor-top-column elementor-element elementor-element-ea1dab0\" data-id=\"ea1dab0\" data-element_type=\"column\">\n\t\t\t<div class=\"elementor-widget-wrap elementor-element-populated\">\n\t\t\t\t\t\t<div class=\"elementor-element elementor-element-f2dc5a5 elementor-widget elementor-widget-heading\" data-id=\"f2dc5a5\" data-element_type=\"widget\" data-widget_type=\"heading.default\">\n\t\t\t\t<div class=\"elementor-widget-container\">\n\t\t\t<h2 class=\"elementor-heading-title elementor-size-default\">- Integrations -<\/h2>\t\t<\/div>\n\t\t\t\t<\/div>\n\t\t\t\t<div class=\"elementor-element elementor-element-58f0aa8 elementor-widget elementor-widget-heading\" data-id=\"58f0aa8\" data-element_type=\"widget\" data-widget_type=\"heading.default\">\n\t\t\t\t<div class=\"elementor-widget-container\">\n\t\t\t<h2 class=\"elementor-heading-title elementor-size-default\">Microsoft Exchange<\/h2>\t\t<\/div>\n\t\t\t\t<\/div>\n\t\t\t\t<div class=\"elementor-element elementor-element-d1cff2f elementor-widget elementor-widget-text-editor\" data-id=\"d1cff2f\" data-element_type=\"widget\" data-widget_type=\"text-editor.default\">\n\t\t\t\t<div class=\"elementor-widget-container\">\n\t\t\t\t\t\t\t<p>E-postalar\u0131n\u0131za eri\u015fim vazge\u00e7ilmezdir. AuthTake ile bunlara her yerden ve her zaman g\u00fcvenli bir \u015fekilde eri\u015febilirsiniz.<\/p>\t\t\t\t\t\t<\/div>\n\t\t\t\t<\/div>\n\t\t\t\t<div class=\"elementor-element elementor-element-11de153 elementor-widget elementor-widget-button\" data-id=\"11de153\" data-element_type=\"widget\" data-widget_type=\"button.default\">\n\t\t\t\t<div class=\"elementor-widget-container\">\n\t\t\t\t\t<div class=\"elementor-button-wrapper\">\n\t\t\t<a class=\"elementor-button elementor-button-link elementor-size-sm\" href=\"https:\/\/authtake.com\/tr\/company-contact-us\/\">\n\t\t\t\t\t\t<span class=\"elementor-button-content-wrapper\">\n\t\t\t\t\t\t<span class=\"elementor-button-text\">\u0130leti\u015fim<\/span>\n\t\t<\/span>\n\t\t\t\t\t<\/a>\n\t\t<\/div>\n\t\t\t\t<\/div>\n\t\t\t\t<\/div>\n\t\t\t\t<div class=\"elementor-element elementor-element-4413e90 elementor-widget elementor-widget-text-editor\" data-id=\"4413e90\" data-element_type=\"widget\" data-widget_type=\"text-editor.default\">\n\t\t\t\t<div class=\"elementor-widget-container\">\n\t\t\t\t\t\t\t<p>\u00a0- 30 G\u00fcn \u00fccretsiz deneyin<\/p><p>\u00a0- \u0130stedi\u011finiz zaman iptal edin<\/p>\t\t\t\t\t\t<\/div>\n\t\t\t\t<\/div>\n\t\t\t\t\t<\/div>\n\t\t<\/div>\n\t\t\t\t<div class=\"elementor-column elementor-col-50 elementor-top-column elementor-element elementor-element-f0e4bf4\" data-id=\"f0e4bf4\" data-element_type=\"column\">\n\t\t\t<div class=\"elementor-widget-wrap\">\n\t\t\t\t\t\t\t<\/div>\n\t\t<\/div>\n\t\t\t\t\t<\/div>\n\t\t<\/section>\n\t\t\t\t<section class=\"elementor-section elementor-top-section elementor-element elementor-element-74cb90d2 elementor-section-boxed elementor-section-height-default elementor-section-height-default wpr-particle-no wpr-sticky-section-no\" data-id=\"74cb90d2\" data-element_type=\"section\">\n\t\t\t\t\t\t<div class=\"elementor-container elementor-column-gap-default\">\n\t\t\t\t\t<div class=\"elementor-column elementor-col-50 elementor-top-column elementor-element elementor-element-4ad463a1\" data-id=\"4ad463a1\" data-element_type=\"column\">\n\t\t\t<div class=\"elementor-widget-wrap elementor-element-populated\">\n\t\t\t\t\t\t<div class=\"elementor-element elementor-element-550908a7 elementor-hidden-desktop elementor-hidden-tablet elementor-widget elementor-widget-image\" data-id=\"550908a7\" data-element_type=\"widget\" data-widget_type=\"image.default\">\n\t\t\t\t<div class=\"elementor-widget-container\">\n\t\t\t\t\t\t\t\t\t\t\t\t\t<img fetchpriority=\"high\" decoding=\"async\" width=\"1920\" height=\"961\" src=\"https:\/\/authtake.com\/wp-content\/uploads\/2021\/02\/Phishing2.png\" class=\"attachment-full size-full wp-image-5717\" alt=\"\" srcset=\"https:\/\/authtake.com\/wp-content\/uploads\/2021\/02\/Phishing2.png 1920w, https:\/\/authtake.com\/wp-content\/uploads\/2021\/02\/Phishing2-300x150.png 300w, https:\/\/authtake.com\/wp-content\/uploads\/2021\/02\/Phishing2-1024x513.png 1024w, https:\/\/authtake.com\/wp-content\/uploads\/2021\/02\/Phishing2-768x384.png 768w, https:\/\/authtake.com\/wp-content\/uploads\/2021\/02\/Phishing2-1536x769.png 1536w\" sizes=\"(max-width: 1920px) 100vw, 1920px\" \/>\t\t\t\t\t\t\t\t\t\t\t\t\t<\/div>\n\t\t\t\t<\/div>\n\t\t\t\t<div class=\"elementor-element elementor-element-3beece2 elementor-widget__width-initial elementor-widget elementor-widget-heading\" data-id=\"3beece2\" data-element_type=\"widget\" data-widget_type=\"heading.default\">\n\t\t\t\t<div class=\"elementor-widget-container\">\n\t\t\t<h2 class=\"elementor-heading-title elementor-size-default\">Eski usul gizlilik ve g\u00fcvenlik \u00f6nlemlerinizi de\u011fi\u015ftirin.<\/h2>\t\t<\/div>\n\t\t\t\t<\/div>\n\t\t\t\t<div class=\"elementor-element elementor-element-a9bc0c0 elementor-widget__width-initial elementor-widget elementor-widget-text-editor\" data-id=\"a9bc0c0\" data-element_type=\"widget\" data-widget_type=\"text-editor.default\">\n\t\t\t\t<div class=\"elementor-widget-container\">\n\t\t\t\t\t\t\t<p>E-postalar\u0131n\u0131za tek bir \u015fifre ile eri\u015firseniz bu \u015fifrenin \u00e7al\u0131nmas\u0131 sizi \u00e7ok zor durumlarda b\u0131rakabilir. Bunu \u00f6nlemek i\u00e7in birden fazla kimlik do\u011frulama y\u00f6ntemi geli\u015ftirdik.<\/p><p>Kimlik do\u011frulama y\u00f6ntemlerinde tek parolan\u0131n g\u00fcvenli\u011fi sa\u011flanamad\u0131\u011f\u0131 i\u00e7in parolalara ek \u00f6nlemler ekledik veya parola kullan\u0131m\u0131n\u0131 kald\u0131rd\u0131k. Bu y\u00f6ntemleri kullan\u0131m al\u0131\u015fkanl\u0131klar\u0131n\u0131za g\u00f6re ay\u0131rd\u0131k ve gerekli entegrasyonlar\u0131 yapt\u0131k.<\/p>\t\t\t\t\t\t<\/div>\n\t\t\t\t<\/div>\n\t\t\t\t\t<\/div>\n\t\t<\/div>\n\t\t\t\t<div class=\"elementor-column elementor-col-50 elementor-top-column elementor-element elementor-element-678b27d6\" data-id=\"678b27d6\" data-element_type=\"column\">\n\t\t\t<div class=\"elementor-widget-wrap elementor-element-populated\">\n\t\t\t\t\t\t<div class=\"elementor-element elementor-element-4400daa elementor-hidden-phone elementor-widget elementor-widget-image\" data-id=\"4400daa\" data-element_type=\"widget\" data-widget_type=\"image.default\">\n\t\t\t\t<div class=\"elementor-widget-container\">\n\t\t\t\t\t\t\t\t\t\t\t\t\t<img fetchpriority=\"high\" decoding=\"async\" width=\"1920\" height=\"961\" src=\"https:\/\/authtake.com\/wp-content\/uploads\/2021\/02\/Phishing2.png\" class=\"attachment-full size-full wp-image-5717\" alt=\"\" srcset=\"https:\/\/authtake.com\/wp-content\/uploads\/2021\/02\/Phishing2.png 1920w, https:\/\/authtake.com\/wp-content\/uploads\/2021\/02\/Phishing2-300x150.png 300w, https:\/\/authtake.com\/wp-content\/uploads\/2021\/02\/Phishing2-1024x513.png 1024w, https:\/\/authtake.com\/wp-content\/uploads\/2021\/02\/Phishing2-768x384.png 768w, https:\/\/authtake.com\/wp-content\/uploads\/2021\/02\/Phishing2-1536x769.png 1536w\" sizes=\"(max-width: 1920px) 100vw, 1920px\" \/>\t\t\t\t\t\t\t\t\t\t\t\t\t<\/div>\n\t\t\t\t<\/div>\n\t\t\t\t\t<\/div>\n\t\t<\/div>\n\t\t\t\t\t<\/div>\n\t\t<\/section>\n\t\t\t\t<section class=\"elementor-section elementor-top-section elementor-element elementor-element-6fce7ec elementor-section-boxed elementor-section-height-default elementor-section-height-default wpr-particle-no wpr-sticky-section-no\" data-id=\"6fce7ec\" data-element_type=\"section\" data-settings=\"{&quot;background_background&quot;:&quot;classic&quot;}\">\n\t\t\t\t\t\t<div class=\"elementor-container elementor-column-gap-default\">\n\t\t\t\t\t<div class=\"elementor-column elementor-col-50 elementor-top-column elementor-element elementor-element-5c45341\" data-id=\"5c45341\" data-element_type=\"column\">\n\t\t\t<div class=\"elementor-widget-wrap elementor-element-populated\">\n\t\t\t\t\t\t<div class=\"elementor-element elementor-element-cdf7ae8 elementor-widget elementor-widget-image\" data-id=\"cdf7ae8\" data-element_type=\"widget\" data-widget_type=\"image.default\">\n\t\t\t\t<div class=\"elementor-widget-container\">\n\t\t\t\t\t\t\t\t\t\t\t\t\t<img decoding=\"async\" width=\"527\" height=\"1024\" src=\"https:\/\/authtake.com\/wp-content\/uploads\/2021\/05\/Mail-649x1260-1-527x1024.png\" class=\"attachment-large size-large wp-image-10331\" alt=\"\" srcset=\"https:\/\/authtake.com\/wp-content\/uploads\/2021\/05\/Mail-649x1260-1-527x1024.png 527w, https:\/\/authtake.com\/wp-content\/uploads\/2021\/05\/Mail-649x1260-1-155x300.png 155w, https:\/\/authtake.com\/wp-content\/uploads\/2021\/05\/Mail-649x1260-1.png 649w\" sizes=\"(max-width: 527px) 100vw, 527px\" \/>\t\t\t\t\t\t\t\t\t\t\t\t\t<\/div>\n\t\t\t\t<\/div>\n\t\t\t\t\t<\/div>\n\t\t<\/div>\n\t\t\t\t<div class=\"elementor-column elementor-col-50 elementor-top-column elementor-element elementor-element-3ecdb59\" data-id=\"3ecdb59\" data-element_type=\"column\">\n\t\t\t<div class=\"elementor-widget-wrap elementor-element-populated\">\n\t\t\t\t\t\t<div class=\"elementor-element elementor-element-95b57bf elementor-widget__width-initial elementor-widget elementor-widget-heading\" data-id=\"95b57bf\" data-element_type=\"widget\" data-widget_type=\"heading.default\">\n\t\t\t\t<div class=\"elementor-widget-container\">\n\t\t\t<h2 class=\"elementor-heading-title elementor-size-default\">AuthTake'in modern ve yenilik\u00e7i \u00e7\u00f6z\u00fcmleriyle tan\u0131\u015f\u0131n<\/h2>\t\t<\/div>\n\t\t\t\t<\/div>\n\t\t\t\t<div class=\"elementor-element elementor-element-9585ceb elementor-widget__width-initial elementor-widget elementor-widget-text-editor\" data-id=\"9585ceb\" data-element_type=\"widget\" data-widget_type=\"text-editor.default\">\n\t\t\t\t<div class=\"elementor-widget-container\">\n\t\t\t\t\t\t\t<p>AuthTake Multi Factor Authentication \u00fcr\u00fcn\u00fc Microsoft Exchange ile entegre edilebilir. Y\u00fcksek g\u00fcvenlik \u00f6nlemleri alarak mobil ve\/veya masa\u00fcst\u00fc Microsoft Exchane kullan\u0131m\u0131n\u0131z\u0131 do\u011frulayabilirsiniz. AuthTake Passwordless MFA \u00fcr\u00fcn\u00fc, Microsoft OWA entegrasyonuna sahiptir. Bu entegrasyon ile e-postalar\u0131n\u0131za \u015fifresiz web eri\u015fimi sa\u011flamak i\u00e7in yapman\u0131z gereken do\u011frulama i\u015flemini ger\u00e7ekle\u015ftirebilirsiniz. Parolas\u0131z eri\u015fim ile farkl\u0131 hesaplar i\u00e7in akl\u0131n\u0131zda farkl\u0131 parolalar tutman\u0131za veya bunlar\u0131 yazarak g\u00fcvenlik a\u00e7\u0131klar\u0131na neden olman\u0131za gerek yok.<\/p><p>T\u00fcm bu \u00f6zelliklere ek olarak ActiveSync ve MAPI protokollerini destekliyor, ak\u0131ll\u0131 telefonlara ve bilgisayarlara yap\u0131lan mail kurulumlar\u0131nda \u00e7ok fakt\u00f6rl\u00fc kimlik do\u011frulama (MFA) do\u011frulamas\u0131 ile g\u00fcvenlik seviyesini y\u00fckseltiyoruz.<\/p>\t\t\t\t\t\t<\/div>\n\t\t\t\t<\/div>\n\t\t\t\t\t<\/div>\n\t\t<\/div>\n\t\t\t\t\t<\/div>\n\t\t<\/section>\n\t\t\t\t<\/div>","protected":false},"excerpt":{"rendered":"<p>&#8211; Integrations &#8211; Microsoft Exchange Access to your e-mails is indispensable. With AuthTake you are able to access them from anywhere and anytime, securely. FREE TRIAL \u00a0&#8211; Try 30 days for free. \u00a0&#8211; Cancel anytime. Change your old school privacy and security measures. If you access your e-mails with a single password, the theft of this password can leave you in very difficult situations. We have developed multiple authentication methods to prevent this. Security of only one password can&#8217;t provide in authentication methods so we added additional measures in addition to passwords or removed the use of the password. We have separated these methods according to your usage patterns and made the necessary integrations. Meet the modern and innovative solutions by AuthTake AuthTake Multi Factor Authentication product can be integrated with Microsoft Exchange. You can authenticate your mobile and\/or desktop Microsoft Exchane usage by taking high security measures. AuthTake Passwordless MFA product has Microsoft OWA integration. With this integration, you can perform the authentication you have to make web access to your e-mails without a password. With passwordless access, you don&#8217;t need to keep different passwords in your mind for different accounts or cause security vulnerabilities by writing them down. In addition to all these features, we support the ActiveSync and MAPI protocols, and we raise the security level with multi factor authentication (MFA) verification in mail setups to smart phones and computers.<\/p>","protected":false},"author":1,"featured_media":0,"parent":0,"menu_order":0,"comment_status":"closed","ping_status":"closed","template":"","meta":[],"_links":{"self":[{"href":"https:\/\/authtake.com\/tr\/wp-json\/wp\/v2\/pages\/5644"}],"collection":[{"href":"https:\/\/authtake.com\/tr\/wp-json\/wp\/v2\/pages"}],"about":[{"href":"https:\/\/authtake.com\/tr\/wp-json\/wp\/v2\/types\/page"}],"author":[{"embeddable":true,"href":"https:\/\/authtake.com\/tr\/wp-json\/wp\/v2\/users\/1"}],"replies":[{"embeddable":true,"href":"https:\/\/authtake.com\/tr\/wp-json\/wp\/v2\/comments?post=5644"}],"version-history":[{"count":6,"href":"https:\/\/authtake.com\/tr\/wp-json\/wp\/v2\/pages\/5644\/revisions"}],"predecessor-version":[{"id":13973,"href":"https:\/\/authtake.com\/tr\/wp-json\/wp\/v2\/pages\/5644\/revisions\/13973"}],"wp:attachment":[{"href":"https:\/\/authtake.com\/tr\/wp-json\/wp\/v2\/media?parent=5644"}],"curies":[{"name":"wp","href":"https:\/\/api.w.org\/{rel}","templated":true}]}}