{"id":5643,"date":"2021-02-04T07:03:12","date_gmt":"2021-02-04T07:03:12","guid":{"rendered":"http:\/\/authtake.com\/?page_id=5643"},"modified":"2023-03-06T14:34:25","modified_gmt":"2023-03-06T14:34:25","slug":"integrations-windows-linux-mac","status":"publish","type":"page","link":"https:\/\/authtake.com\/tr\/integrations-windows-linux-mac\/","title":{"rendered":"Integrations &#8211; Windows \/ Linux \/ Mac"},"content":{"rendered":"<div data-elementor-type=\"wp-page\" data-elementor-id=\"5643\" class=\"elementor elementor-5643\">\n\t\t\t\t\t\t<section class=\"elementor-section elementor-top-section elementor-element elementor-element-9a4a3c2 elementor-section-height-min-height elementor-section-boxed elementor-section-height-default elementor-section-items-middle wpr-particle-no wpr-sticky-section-no\" data-id=\"9a4a3c2\" data-element_type=\"section\" data-settings=\"{&quot;background_background&quot;:&quot;classic&quot;}\">\n\t\t\t\t\t\t<div class=\"elementor-container elementor-column-gap-default\">\n\t\t\t\t\t<div class=\"elementor-column elementor-col-50 elementor-top-column elementor-element elementor-element-0220439\" data-id=\"0220439\" data-element_type=\"column\">\n\t\t\t<div class=\"elementor-widget-wrap elementor-element-populated\">\n\t\t\t\t\t\t<div class=\"elementor-element elementor-element-2eaa0d6 elementor-widget elementor-widget-heading\" data-id=\"2eaa0d6\" data-element_type=\"widget\" data-widget_type=\"heading.default\">\n\t\t\t\t<div class=\"elementor-widget-container\">\n\t\t\t<h2 class=\"elementor-heading-title elementor-size-default\">- Integrations -<\/h2>\t\t<\/div>\n\t\t\t\t<\/div>\n\t\t\t\t<div class=\"elementor-element elementor-element-28561e0 elementor-widget elementor-widget-heading\" data-id=\"28561e0\" data-element_type=\"widget\" data-widget_type=\"heading.default\">\n\t\t\t\t<div class=\"elementor-widget-container\">\n\t\t\t<h2 class=\"elementor-heading-title elementor-size-default\">Windows \/ Linux \/ Mac<\/h2>\t\t<\/div>\n\t\t\t\t<\/div>\n\t\t\t\t<div class=\"elementor-element elementor-element-c4b9af8 elementor-widget elementor-widget-text-editor\" data-id=\"c4b9af8\" data-element_type=\"widget\" data-widget_type=\"text-editor.default\">\n\t\t\t\t<div class=\"elementor-widget-container\">\n\t\t\t\t\t\t\t<p>AuthTake, kulland\u0131\u011f\u0131n\u0131z i\u015fletim sistemi ne olursa olsun size en iyi hizmeti sunar.<\/p>\t\t\t\t\t\t<\/div>\n\t\t\t\t<\/div>\n\t\t\t\t<div class=\"elementor-element elementor-element-1f9af9e elementor-widget elementor-widget-button\" data-id=\"1f9af9e\" data-element_type=\"widget\" data-widget_type=\"button.default\">\n\t\t\t\t<div class=\"elementor-widget-container\">\n\t\t\t\t\t<div class=\"elementor-button-wrapper\">\n\t\t\t<a class=\"elementor-button elementor-button-link elementor-size-sm\" href=\"https:\/\/authtake.com\/tr\/company-contact-us\/\">\n\t\t\t\t\t\t<span class=\"elementor-button-content-wrapper\">\n\t\t\t\t\t\t<span class=\"elementor-button-text\">\u0130leti\u015fim<\/span>\n\t\t<\/span>\n\t\t\t\t\t<\/a>\n\t\t<\/div>\n\t\t\t\t<\/div>\n\t\t\t\t<\/div>\n\t\t\t\t<div class=\"elementor-element elementor-element-e0d5587 elementor-widget elementor-widget-text-editor\" data-id=\"e0d5587\" data-element_type=\"widget\" data-widget_type=\"text-editor.default\">\n\t\t\t\t<div class=\"elementor-widget-container\">\n\t\t\t\t\t\t\t<p>\u00a0- 30 G\u00fcn \u00fccretsiz deneyin<\/p><p>\u00a0- \u0130stedi\u011finiz zaman iptal edin<\/p>\t\t\t\t\t\t<\/div>\n\t\t\t\t<\/div>\n\t\t\t\t\t<\/div>\n\t\t<\/div>\n\t\t\t\t<div class=\"elementor-column elementor-col-50 elementor-top-column elementor-element elementor-element-73b36b1\" data-id=\"73b36b1\" data-element_type=\"column\">\n\t\t\t<div class=\"elementor-widget-wrap\">\n\t\t\t\t\t\t\t<\/div>\n\t\t<\/div>\n\t\t\t\t\t<\/div>\n\t\t<\/section>\n\t\t\t\t<section class=\"elementor-section elementor-top-section elementor-element elementor-element-74cb90d2 elementor-section-boxed elementor-section-height-default elementor-section-height-default wpr-particle-no wpr-sticky-section-no\" data-id=\"74cb90d2\" data-element_type=\"section\">\n\t\t\t\t\t\t<div class=\"elementor-container elementor-column-gap-default\">\n\t\t\t\t\t<div class=\"elementor-column elementor-col-50 elementor-top-column elementor-element elementor-element-4ad463a1\" data-id=\"4ad463a1\" data-element_type=\"column\">\n\t\t\t<div class=\"elementor-widget-wrap elementor-element-populated\">\n\t\t\t\t\t\t<div class=\"elementor-element elementor-element-63e59bc elementor-hidden-desktop elementor-hidden-tablet elementor-widget elementor-widget-image\" data-id=\"63e59bc\" data-element_type=\"widget\" data-widget_type=\"image.default\">\n\t\t\t\t<div class=\"elementor-widget-container\">\n\t\t\t\t\t\t\t\t\t\t\t\t\t<img fetchpriority=\"high\" decoding=\"async\" width=\"1012\" height=\"757\" src=\"https:\/\/authtake.com\/wp-content\/uploads\/2021\/02\/logn.png\" class=\"attachment-full size-full wp-image-5781\" alt=\"\" srcset=\"https:\/\/authtake.com\/wp-content\/uploads\/2021\/02\/logn.png 1012w, https:\/\/authtake.com\/wp-content\/uploads\/2021\/02\/logn-300x224.png 300w, https:\/\/authtake.com\/wp-content\/uploads\/2021\/02\/logn-768x574.png 768w\" sizes=\"(max-width: 1012px) 100vw, 1012px\" \/>\t\t\t\t\t\t\t\t\t\t\t\t\t<\/div>\n\t\t\t\t<\/div>\n\t\t\t\t<div class=\"elementor-element elementor-element-84f8af8 elementor-widget__width-initial elementor-widget elementor-widget-heading\" data-id=\"84f8af8\" data-element_type=\"widget\" data-widget_type=\"heading.default\">\n\t\t\t\t<div class=\"elementor-widget-container\">\n\t\t\t<h2 class=\"elementor-heading-title elementor-size-default\">Farkl\u0131 \u0130\u015fletim Sistemleri, Tek \u00dcr\u00fcn.<\/h2>\t\t<\/div>\n\t\t\t\t<\/div>\n\t\t\t\t<div class=\"elementor-element elementor-element-4d025d4 elementor-widget__width-initial elementor-widget elementor-widget-text-editor\" data-id=\"4d025d4\" data-element_type=\"widget\" data-widget_type=\"text-editor.default\">\n\t\t\t\t<div class=\"elementor-widget-container\">\n\t\t\t\t\t\t\t<p>Windows Login ekran\u0131nda AuthTake Multi Factor Authentication ile kimlik do\u011frulamas\u0131 yapabilirsiniz. Windows Oturum A\u00e7ma i\u015fleminizi \u00c7ok Fakt\u00f6rl\u00fc Kimlik Do\u011frulama ile ger\u00e7ekle\u015ftirmeniz, i\u015f istasyonunuza veya ki\u015fisel bilgisayar\u0131n\u0131za yetkisiz eri\u015fimi engeller.<\/p><p>AuthTake \u00fcr\u00fcn ailesi ile oturum a\u00e7ma i\u015fleminizi yapmak, i\u015f istasyonunuza veya ki\u015fisel bilgisayar\u0131n\u0131za yetkisiz eri\u015fimi engeller.<\/p>\t\t\t\t\t\t<\/div>\n\t\t\t\t<\/div>\n\t\t\t\t\t<\/div>\n\t\t<\/div>\n\t\t\t\t<div class=\"elementor-column elementor-col-50 elementor-top-column elementor-element elementor-element-678b27d6\" data-id=\"678b27d6\" data-element_type=\"column\">\n\t\t\t<div class=\"elementor-widget-wrap elementor-element-populated\">\n\t\t\t\t\t\t<div class=\"elementor-element elementor-element-c03514a elementor-hidden-tablet elementor-hidden-phone elementor-widget elementor-widget-spacer\" data-id=\"c03514a\" data-element_type=\"widget\" data-widget_type=\"spacer.default\">\n\t\t\t\t<div class=\"elementor-widget-container\">\n\t\t\t\t\t<div class=\"elementor-spacer\">\n\t\t\t<div class=\"elementor-spacer-inner\"><\/div>\n\t\t<\/div>\n\t\t\t\t<\/div>\n\t\t\t\t<\/div>\n\t\t\t\t<div class=\"elementor-element elementor-element-550908a7 elementor-hidden-phone elementor-widget elementor-widget-image\" data-id=\"550908a7\" data-element_type=\"widget\" data-widget_type=\"image.default\">\n\t\t\t\t<div class=\"elementor-widget-container\">\n\t\t\t\t\t\t\t\t\t\t\t\t\t<img fetchpriority=\"high\" decoding=\"async\" width=\"1012\" height=\"757\" src=\"https:\/\/authtake.com\/wp-content\/uploads\/2021\/02\/logn.png\" class=\"attachment-full size-full wp-image-5781\" alt=\"\" srcset=\"https:\/\/authtake.com\/wp-content\/uploads\/2021\/02\/logn.png 1012w, https:\/\/authtake.com\/wp-content\/uploads\/2021\/02\/logn-300x224.png 300w, https:\/\/authtake.com\/wp-content\/uploads\/2021\/02\/logn-768x574.png 768w\" sizes=\"(max-width: 1012px) 100vw, 1012px\" \/>\t\t\t\t\t\t\t\t\t\t\t\t\t<\/div>\n\t\t\t\t<\/div>\n\t\t\t\t\t<\/div>\n\t\t<\/div>\n\t\t\t\t\t<\/div>\n\t\t<\/section>\n\t\t\t\t<section class=\"elementor-section elementor-top-section elementor-element elementor-element-b10cf93 elementor-section-boxed elementor-section-height-default elementor-section-height-default wpr-particle-no wpr-sticky-section-no\" data-id=\"b10cf93\" data-element_type=\"section\" data-settings=\"{&quot;background_background&quot;:&quot;classic&quot;}\">\n\t\t\t\t\t\t<div class=\"elementor-container elementor-column-gap-default\">\n\t\t\t\t\t<div class=\"elementor-column elementor-col-50 elementor-top-column elementor-element elementor-element-4307f4a\" data-id=\"4307f4a\" data-element_type=\"column\">\n\t\t\t<div class=\"elementor-widget-wrap elementor-element-populated\">\n\t\t\t\t\t\t<div class=\"elementor-element elementor-element-2e9bfc0 elementor-widget elementor-widget-image\" data-id=\"2e9bfc0\" data-element_type=\"widget\" data-widget_type=\"image.default\">\n\t\t\t\t<div class=\"elementor-widget-container\">\n\t\t\t\t\t\t\t\t\t\t\t\t\t<img decoding=\"async\" width=\"1920\" height=\"1080\" src=\"https:\/\/authtake.com\/wp-content\/uploads\/2021\/01\/bypassresmi.png\" class=\"attachment-full size-full wp-image-2973\" alt=\"\" srcset=\"https:\/\/authtake.com\/wp-content\/uploads\/2021\/01\/bypassresmi.png 1920w, https:\/\/authtake.com\/wp-content\/uploads\/2021\/01\/bypassresmi-300x169.png 300w, https:\/\/authtake.com\/wp-content\/uploads\/2021\/01\/bypassresmi-1024x576.png 1024w, https:\/\/authtake.com\/wp-content\/uploads\/2021\/01\/bypassresmi-768x432.png 768w, https:\/\/authtake.com\/wp-content\/uploads\/2021\/01\/bypassresmi-1536x864.png 1536w\" sizes=\"(max-width: 1920px) 100vw, 1920px\" \/>\t\t\t\t\t\t\t\t\t\t\t\t\t<\/div>\n\t\t\t\t<\/div>\n\t\t\t\t\t<\/div>\n\t\t<\/div>\n\t\t\t\t<div class=\"elementor-column elementor-col-50 elementor-top-column elementor-element elementor-element-7f2faee\" data-id=\"7f2faee\" data-element_type=\"column\">\n\t\t\t<div class=\"elementor-widget-wrap elementor-element-populated\">\n\t\t\t\t\t\t<div class=\"elementor-element elementor-element-bb8452f elementor-widget__width-initial elementor-widget elementor-widget-heading\" data-id=\"bb8452f\" data-element_type=\"widget\" data-widget_type=\"heading.default\">\n\t\t\t\t<div class=\"elementor-widget-container\">\n\t\t\t<h2 class=\"elementor-heading-title elementor-size-default\">AuthTake, kulland\u0131\u011f\u0131n\u0131z cihaz ne olursa olsun size en iyi hizmeti sunar.<\/h2>\t\t<\/div>\n\t\t\t\t<\/div>\n\t\t\t\t<div class=\"elementor-element elementor-element-d6d0154 elementor-widget__width-initial elementor-widget elementor-widget-text-editor\" data-id=\"d6d0154\" data-element_type=\"widget\" data-widget_type=\"text-editor.default\">\n\t\t\t\t<div class=\"elementor-widget-container\">\n\t\t\t\t\t\t\t<p>MFA\/Parolas\u0131z MFA gibi oturum a\u00e7arken se\u00e7ebilece\u011finiz birka\u00e7 farkl\u0131 kimlik do\u011frulama y\u00f6ntemi vard\u0131r. Ayr\u0131ca QR kodu ile kimlik do\u011frulamas\u0131 yapabilirsiniz.<\/p><p>Bunlara ek olarak zaman ve konum fakt\u00f6rlerini de ekleyebilirsiniz. Bunlar\u0131n d\u0131\u015f\u0131nda farkl\u0131 kombinasyonlar olu\u015fturmak da m\u00fcmk\u00fcnd\u00fcr. SSH ile ba\u011flant\u0131lar\u0131n\u0131z\u0131 da g\u00fcvence alt\u0131na alabilirsiniz.<\/p><p>Windows, Linux ve MAC i\u015fletim sistemlerinde, bilgisayar\u0131n\u0131z kapal\u0131yken ilk a\u00e7\u0131l\u0131\u015f ekran\u0131na eri\u015fmek i\u00e7in kullanabilece\u011finiz y\u00f6ntemlere ek olarak, bilgisayarlar\u0131n\u0131z\u0131 uzaktan kilitleyebilir ve kilidini a\u00e7abilirsiniz. Bu kilitleme\/kilit a\u00e7ma i\u015flemlerini sadece birka\u00e7 saniye i\u00e7erisinde ger\u00e7ekle\u015ftirebilir, kullanmad\u0131\u011f\u0131n\u0131z zamanlarda bilgisayar\u0131n\u0131z a\u00e7\u0131k b\u0131rak\u0131l\u0131rsa belirtti\u011finiz s\u00fcre i\u00e7erisinde bildirim alarak bilgisayar\u0131n\u0131z\u0131 kilitleyebilirsiniz. AuthTake \u00fcr\u00fcn ailesi sadece g\u00fcvenli\u011finizi de\u011fil, kullan\u0131c\u0131 memnuniyetini de \u00f6nemser.<\/p>\t\t\t\t\t\t<\/div>\n\t\t\t\t<\/div>\n\t\t\t\t\t<\/div>\n\t\t<\/div>\n\t\t\t\t\t<\/div>\n\t\t<\/section>\n\t\t\t\t<\/div>","protected":false},"excerpt":{"rendered":"<p>&#8211; Integrations &#8211; Windows \/ Linux \/ Mac AuthTake offers you the best service regardless of the operation system you use. FREE TRIAL \u00a0&#8211; Try 30 days for free. \u00a0&#8211; Cancel anytime. Multiple Operation Systems, One Product. You can authenticate with AuthTake Multi Factor Authentication on the Windows Log-in screen. Performing your Windows Log-in process with Multi Factor Authentication prevents unauthorized access to your workstation or personal computer. Making your log-in process with the AuthTake product family prevents unauthorized access to your workstation or personal computer. AuthTake offers you the best service regardless of the device you use. There are several different authentication methods you can choose from when logging in such as MFA\/Passwordless MFA. Also you can authenticate with QR code. In addition to these, you can add time and location factors. Apart from these, it is possible to create different combinations. With SSH, you can also secure your connections. In Windows, Linux and MAC operating systems, you can lock and unlock your computers remotely, in addition to the methods you can use to access the first splash screen when your computer is turned off. You can perform these lock \/ unlock operations in just a few seconds, if your computer is left on when you are not using it, you can lock your computer by receiving a notification within the time period you specify. AuthTake product family cares about not only your safety but also user satisfaction.<\/p>","protected":false},"author":1,"featured_media":0,"parent":0,"menu_order":0,"comment_status":"closed","ping_status":"closed","template":"","meta":[],"_links":{"self":[{"href":"https:\/\/authtake.com\/tr\/wp-json\/wp\/v2\/pages\/5643"}],"collection":[{"href":"https:\/\/authtake.com\/tr\/wp-json\/wp\/v2\/pages"}],"about":[{"href":"https:\/\/authtake.com\/tr\/wp-json\/wp\/v2\/types\/page"}],"author":[{"embeddable":true,"href":"https:\/\/authtake.com\/tr\/wp-json\/wp\/v2\/users\/1"}],"replies":[{"embeddable":true,"href":"https:\/\/authtake.com\/tr\/wp-json\/wp\/v2\/comments?post=5643"}],"version-history":[{"count":9,"href":"https:\/\/authtake.com\/tr\/wp-json\/wp\/v2\/pages\/5643\/revisions"}],"predecessor-version":[{"id":13990,"href":"https:\/\/authtake.com\/tr\/wp-json\/wp\/v2\/pages\/5643\/revisions\/13990"}],"wp:attachment":[{"href":"https:\/\/authtake.com\/tr\/wp-json\/wp\/v2\/media?parent=5643"}],"curies":[{"name":"wp","href":"https:\/\/api.w.org\/{rel}","templated":true}]}}