{"id":5641,"date":"2021-02-04T06:58:34","date_gmt":"2021-02-04T06:58:34","guid":{"rendered":"http:\/\/authtake.com\/?page_id=5641"},"modified":"2023-03-06T14:11:39","modified_gmt":"2023-03-06T14:11:39","slug":"integrations-ms-ad-azure-ad-open-ldap","status":"publish","type":"page","link":"https:\/\/authtake.com\/tr\/integrations-ms-ad-azure-ad-open-ldap\/","title":{"rendered":"Integrations &#8211; MS AD \/ Azure AD \/ Open LDAP"},"content":{"rendered":"<div data-elementor-type=\"wp-page\" data-elementor-id=\"5641\" class=\"elementor elementor-5641\">\n\t\t\t\t\t\t<section class=\"elementor-section elementor-top-section elementor-element elementor-element-6d68a82 elementor-section-height-min-height elementor-section-boxed elementor-section-height-default elementor-section-items-middle wpr-particle-no wpr-sticky-section-no\" data-id=\"6d68a82\" data-element_type=\"section\" data-settings=\"{&quot;background_background&quot;:&quot;classic&quot;}\">\n\t\t\t\t\t\t<div class=\"elementor-container elementor-column-gap-default\">\n\t\t\t\t\t<div class=\"elementor-column elementor-col-50 elementor-top-column elementor-element elementor-element-6b90284\" data-id=\"6b90284\" data-element_type=\"column\">\n\t\t\t<div class=\"elementor-widget-wrap elementor-element-populated\">\n\t\t\t\t\t\t<div class=\"elementor-element elementor-element-baf8977 elementor-widget elementor-widget-heading\" data-id=\"baf8977\" data-element_type=\"widget\" data-widget_type=\"heading.default\">\n\t\t\t\t<div class=\"elementor-widget-container\">\n\t\t\t<h2 class=\"elementor-heading-title elementor-size-default\">- \u00c7\u00f6z\u00fcmler -<\/h2>\t\t<\/div>\n\t\t\t\t<\/div>\n\t\t\t\t<div class=\"elementor-element elementor-element-57b3890 elementor-widget elementor-widget-heading\" data-id=\"57b3890\" data-element_type=\"widget\" data-widget_type=\"heading.default\">\n\t\t\t\t<div class=\"elementor-widget-container\">\n\t\t\t<h2 class=\"elementor-heading-title elementor-size-default\">MS \/ AD \/ Azure AD \/ Open LDAP<\/h2>\t\t<\/div>\n\t\t\t\t<\/div>\n\t\t\t\t<div class=\"elementor-element elementor-element-c8f6e24 elementor-widget elementor-widget-text-editor\" data-id=\"c8f6e24\" data-element_type=\"widget\" data-widget_type=\"text-editor.default\">\n\t\t\t\t<div class=\"elementor-widget-container\">\n\t\t\t\t\t\t\t<p>AuthTake, kurulu\u015funuzun kimlik dizini hizmetinde \u00f6nemli bilgilere eri\u015fiminizi g\u00fcvence alt\u0131na al\u0131r.<\/p>\t\t\t\t\t\t<\/div>\n\t\t\t\t<\/div>\n\t\t\t\t<div class=\"elementor-element elementor-element-0860592 elementor-widget elementor-widget-button\" data-id=\"0860592\" data-element_type=\"widget\" data-widget_type=\"button.default\">\n\t\t\t\t<div class=\"elementor-widget-container\">\n\t\t\t\t\t<div class=\"elementor-button-wrapper\">\n\t\t\t<a class=\"elementor-button elementor-button-link elementor-size-sm\" href=\"https:\/\/authtake.com\/tr\/company-contact-us\/\">\n\t\t\t\t\t\t<span class=\"elementor-button-content-wrapper\">\n\t\t\t\t\t\t<span class=\"elementor-button-text\">\u0130leti\u015fim<\/span>\n\t\t<\/span>\n\t\t\t\t\t<\/a>\n\t\t<\/div>\n\t\t\t\t<\/div>\n\t\t\t\t<\/div>\n\t\t\t\t<div class=\"elementor-element elementor-element-f7836c6 elementor-widget elementor-widget-text-editor\" data-id=\"f7836c6\" data-element_type=\"widget\" data-widget_type=\"text-editor.default\">\n\t\t\t\t<div class=\"elementor-widget-container\">\n\t\t\t\t\t\t\t<p>\u00a0- 30 G\u00fcn \u00fccretsiz deneyin<\/p><p>\u00a0- \u0130stedi\u011finiz zaman iptal edin<\/p>\t\t\t\t\t\t<\/div>\n\t\t\t\t<\/div>\n\t\t\t\t\t<\/div>\n\t\t<\/div>\n\t\t\t\t<div class=\"elementor-column elementor-col-50 elementor-top-column elementor-element elementor-element-a6b10eb\" data-id=\"a6b10eb\" data-element_type=\"column\">\n\t\t\t<div class=\"elementor-widget-wrap\">\n\t\t\t\t\t\t\t<\/div>\n\t\t<\/div>\n\t\t\t\t\t<\/div>\n\t\t<\/section>\n\t\t\t\t<section class=\"elementor-section elementor-top-section elementor-element elementor-element-74cb90d2 elementor-section-boxed elementor-section-height-default elementor-section-height-default wpr-particle-no wpr-sticky-section-no\" data-id=\"74cb90d2\" data-element_type=\"section\">\n\t\t\t\t\t\t<div class=\"elementor-container elementor-column-gap-default\">\n\t\t\t\t\t<div class=\"elementor-column elementor-col-50 elementor-top-column elementor-element elementor-element-4ad463a1\" data-id=\"4ad463a1\" data-element_type=\"column\">\n\t\t\t<div class=\"elementor-widget-wrap elementor-element-populated\">\n\t\t\t\t\t\t<div class=\"elementor-element elementor-element-105bad0 elementor-widget__width-initial elementor-widget elementor-widget-heading\" data-id=\"105bad0\" data-element_type=\"widget\" data-widget_type=\"heading.default\">\n\t\t\t\t<div class=\"elementor-widget-container\">\n\t\t\t<h2 class=\"elementor-heading-title elementor-size-default\">AuthTake \u00dcr\u00fcn Ailesi T\u00fcm \u0130htiya\u00e7lar\u0131n\u0131z\u0131 Kar\u015f\u0131lamaya Haz\u0131r.<\/h2>\t\t<\/div>\n\t\t\t\t<\/div>\n\t\t\t\t<div class=\"elementor-element elementor-element-a11df68 elementor-widget__width-initial elementor-widget elementor-widget-text-editor\" data-id=\"a11df68\" data-element_type=\"widget\" data-widget_type=\"text-editor.default\">\n\t\t\t\t<div class=\"elementor-widget-container\">\n\t\t\t\t\t\t\t<p>AuthTake ailesinin size sundu\u011fu bir di\u011fer ayr\u0131cal\u0131k ise \u00e7oklu kimlik dizin hizmeti entegrasyonlar\u0131 ile tercihinize uygun kimlik dizin hizmeti entegrasyonunu sa\u011flamakt\u0131r. Destek merkezi de \u00e7e\u015fitli entegrasyonlar\u0131n nas\u0131l yap\u0131laca\u011f\u0131na dair dok\u00fcmanlar olarak haz\u0131rlanm\u0131\u015ft\u0131r.<\/p>\t\t\t\t\t\t<\/div>\n\t\t\t\t<\/div>\n\t\t\t\t\t<\/div>\n\t\t<\/div>\n\t\t\t\t<div class=\"elementor-column elementor-col-50 elementor-top-column elementor-element elementor-element-678b27d6\" data-id=\"678b27d6\" data-element_type=\"column\">\n\t\t\t<div class=\"elementor-widget-wrap elementor-element-populated\">\n\t\t\t\t\t\t<div class=\"elementor-element elementor-element-550908a7 elementor-widget elementor-widget-image\" data-id=\"550908a7\" data-element_type=\"widget\" data-widget_type=\"image.default\">\n\t\t\t\t<div class=\"elementor-widget-container\">\n\t\t\t\t\t\t\t\t\t\t\t\t\t<img fetchpriority=\"high\" decoding=\"async\" width=\"2544\" height=\"1729\" src=\"https:\/\/authtake.com\/wp-content\/uploads\/2021\/02\/89367-Donusturulmus.png\" class=\"attachment-full size-full wp-image-5684\" alt=\"\" srcset=\"https:\/\/authtake.com\/wp-content\/uploads\/2021\/02\/89367-Donusturulmus.png 2544w, https:\/\/authtake.com\/wp-content\/uploads\/2021\/02\/89367-Donusturulmus-300x204.png 300w, https:\/\/authtake.com\/wp-content\/uploads\/2021\/02\/89367-Donusturulmus-1024x696.png 1024w, https:\/\/authtake.com\/wp-content\/uploads\/2021\/02\/89367-Donusturulmus-768x522.png 768w, https:\/\/authtake.com\/wp-content\/uploads\/2021\/02\/89367-Donusturulmus-1536x1044.png 1536w, https:\/\/authtake.com\/wp-content\/uploads\/2021\/02\/89367-Donusturulmus-2048x1392.png 2048w\" sizes=\"(max-width: 2544px) 100vw, 2544px\" \/>\t\t\t\t\t\t\t\t\t\t\t\t\t<\/div>\n\t\t\t\t<\/div>\n\t\t\t\t\t<\/div>\n\t\t<\/div>\n\t\t\t\t\t<\/div>\n\t\t<\/section>\n\t\t\t\t<section class=\"elementor-section elementor-top-section elementor-element elementor-element-383dcd4 elementor-section-boxed elementor-section-height-default elementor-section-height-default wpr-particle-no wpr-sticky-section-no\" data-id=\"383dcd4\" data-element_type=\"section\" data-settings=\"{&quot;background_background&quot;:&quot;classic&quot;,&quot;animation&quot;:&quot;none&quot;}\">\n\t\t\t\t\t\t\t<div class=\"elementor-background-overlay\"><\/div>\n\t\t\t\t\t\t\t<div class=\"elementor-container elementor-column-gap-default\">\n\t\t\t\t\t<div class=\"elementor-column elementor-col-100 elementor-top-column elementor-element elementor-element-ffa6b96\" data-id=\"ffa6b96\" data-element_type=\"column\">\n\t\t\t<div class=\"elementor-widget-wrap elementor-element-populated\">\n\t\t\t\t\t\t<div class=\"elementor-element elementor-element-c9c6cc1 elementor-widget elementor-widget-heading\" data-id=\"c9c6cc1\" data-element_type=\"widget\" data-widget_type=\"heading.default\">\n\t\t\t\t<div class=\"elementor-widget-container\">\n\t\t\t<h5 class=\"elementor-heading-title elementor-size-default\">Kimlik dizini hizmetiniz asla kopyalanmaz. Y\u00fcksek g\u00fcvenlik \u00f6nlemleri ile var\u0131\u015f noktas\u0131na transfer edilir. Bulut kullan\u0131m\u0131n\u0131zda kimlik dizini hizmetiniz birden fazla sunucuda yedeklenir ve size hizmet verilir, olas\u0131 sunucu sorunlar\u0131n\u0131n \u00f6n\u00fcne ge\u00e7ilir ve kurum ve kurulu\u015flar\u0131n\u0131z\u0131n herhangi bir kayb\u0131n\u0131n \u00f6n\u00fcne ge\u00e7ilir.<\/h5>\t\t<\/div>\n\t\t\t\t<\/div>\n\t\t\t\t\t<\/div>\n\t\t<\/div>\n\t\t\t\t\t<\/div>\n\t\t<\/section>\n\t\t\t\t<section class=\"elementor-section elementor-top-section elementor-element elementor-element-4bebcf8 elementor-section-boxed elementor-section-height-default elementor-section-height-default wpr-particle-no wpr-sticky-section-no\" data-id=\"4bebcf8\" data-element_type=\"section\">\n\t\t\t\t\t\t<div class=\"elementor-container elementor-column-gap-default\">\n\t\t\t\t\t<div class=\"elementor-column elementor-col-50 elementor-top-column elementor-element elementor-element-82cdab7 elementor-hidden-tablet elementor-hidden-mobile\" data-id=\"82cdab7\" data-element_type=\"column\">\n\t\t\t<div class=\"elementor-widget-wrap elementor-element-populated\">\n\t\t\t\t\t\t<div class=\"elementor-element elementor-element-dafdea2 elementor-widget elementor-widget-image\" data-id=\"dafdea2\" data-element_type=\"widget\" data-widget_type=\"image.default\">\n\t\t\t\t<div class=\"elementor-widget-container\">\n\t\t\t\t\t\t\t\t\t\t\t\t\t<img decoding=\"async\" width=\"2560\" height=\"1707\" src=\"https:\/\/authtake.com\/wp-content\/uploads\/2021\/03\/20944142-scaled.jpg\" class=\"attachment-full size-full wp-image-8656\" alt=\"\" srcset=\"https:\/\/authtake.com\/wp-content\/uploads\/2021\/03\/20944142-scaled.jpg 2560w, https:\/\/authtake.com\/wp-content\/uploads\/2021\/03\/20944142-300x200.jpg 300w, https:\/\/authtake.com\/wp-content\/uploads\/2021\/03\/20944142-1024x683.jpg 1024w, https:\/\/authtake.com\/wp-content\/uploads\/2021\/03\/20944142-768x512.jpg 768w, https:\/\/authtake.com\/wp-content\/uploads\/2021\/03\/20944142-1536x1024.jpg 1536w, https:\/\/authtake.com\/wp-content\/uploads\/2021\/03\/20944142-2048x1365.jpg 2048w\" sizes=\"(max-width: 2560px) 100vw, 2560px\" \/>\t\t\t\t\t\t\t\t\t\t\t\t\t<\/div>\n\t\t\t\t<\/div>\n\t\t\t\t\t<\/div>\n\t\t<\/div>\n\t\t\t\t<div class=\"elementor-column elementor-col-50 elementor-top-column elementor-element elementor-element-742a5fd\" data-id=\"742a5fd\" data-element_type=\"column\">\n\t\t\t<div class=\"elementor-widget-wrap elementor-element-populated\">\n\t\t\t\t\t\t<div class=\"elementor-element elementor-element-9d285ea elementor-widget__width-initial elementor-widget elementor-widget-heading\" data-id=\"9d285ea\" data-element_type=\"widget\" data-widget_type=\"heading.default\">\n\t\t\t\t<div class=\"elementor-widget-container\">\n\t\t\t<h2 class=\"elementor-heading-title elementor-size-default\">Bug\u00fcn kullanmaya ba\u015flay\u0131n ve dijital d\u00fcnyan\u0131n gerisinde kalmay\u0131n.<\/h2>\t\t<\/div>\n\t\t\t\t<\/div>\n\t\t\t\t<div class=\"elementor-element elementor-element-00d795c elementor-widget__width-initial elementor-widget elementor-widget-text-editor\" data-id=\"00d795c\" data-element_type=\"widget\" data-widget_type=\"text-editor.default\">\n\t\t\t\t<div class=\"elementor-widget-container\">\n\t\t\t\t\t\t\t<p>AuthTake ailesinin size sundu\u011fu bir di\u011fer ayr\u0131cal\u0131k ise \u00e7oklu kimlik dizin hizmeti entegrasyonlar\u0131 ile tercihinize uygun kimlik dizin hizmeti entegrasyonunu sa\u011flamakt\u0131r. Destek merkezi de \u00e7e\u015fitli entegrasyonlar\u0131n nas\u0131l yap\u0131laca\u011f\u0131na dair dok\u00fcmanlar olarak haz\u0131rlanm\u0131\u015ft\u0131r.<\/p>\t\t\t\t\t\t<\/div>\n\t\t\t\t<\/div>\n\t\t\t\t<div class=\"elementor-element elementor-element-36d5549 elementor-hidden-desktop elementor-widget elementor-widget-image\" data-id=\"36d5549\" data-element_type=\"widget\" data-widget_type=\"image.default\">\n\t\t\t\t<div class=\"elementor-widget-container\">\n\t\t\t\t\t\t\t\t\t\t\t\t\t<img decoding=\"async\" width=\"2560\" height=\"1707\" src=\"https:\/\/authtake.com\/wp-content\/uploads\/2021\/03\/20944142-scaled.jpg\" class=\"attachment-full size-full wp-image-8656\" alt=\"\" srcset=\"https:\/\/authtake.com\/wp-content\/uploads\/2021\/03\/20944142-scaled.jpg 2560w, https:\/\/authtake.com\/wp-content\/uploads\/2021\/03\/20944142-300x200.jpg 300w, https:\/\/authtake.com\/wp-content\/uploads\/2021\/03\/20944142-1024x683.jpg 1024w, https:\/\/authtake.com\/wp-content\/uploads\/2021\/03\/20944142-768x512.jpg 768w, https:\/\/authtake.com\/wp-content\/uploads\/2021\/03\/20944142-1536x1024.jpg 1536w, https:\/\/authtake.com\/wp-content\/uploads\/2021\/03\/20944142-2048x1365.jpg 2048w\" sizes=\"(max-width: 2560px) 100vw, 2560px\" \/>\t\t\t\t\t\t\t\t\t\t\t\t\t<\/div>\n\t\t\t\t<\/div>\n\t\t\t\t\t<\/div>\n\t\t<\/div>\n\t\t\t\t\t<\/div>\n\t\t<\/section>\n\t\t\t\t<\/div>","protected":false},"excerpt":{"rendered":"<p>&#8211; Solutions &#8211; MS \/ AD \/ Azure AD \/ Open LDAP AuthTake secures your access to important informations in your corganizations identity directory service. FREE TRIAL \u00a0&#8211; Try 30 days for free. \u00a0&#8211; Cancel anytime. AuthTake product family is ready to meet all your needs. Another privilege offered to you by the AuthTake family is to provide identity directory service integration that matches your preference with multiple identity directory service integrations. Support center has also been prepared as documents on how to make various integrations. Your identity directory service is never copied. It is transferred to the destination with high security measures. In your cloud usage, your identity directory service is backed up on more than one server and you are served, possible server problems are prevented and any loss of your institutions and organizations is prevented. Start using it today and meet the needs of the digital world. Another privilege offered to you by the AuthTake family is to provide identity directory service integration that matches your preference with multiple identity directory service integrations. Support center has also been prepared as documents on how to make various integrations.<\/p>","protected":false},"author":1,"featured_media":0,"parent":0,"menu_order":0,"comment_status":"closed","ping_status":"closed","template":"","meta":[],"_links":{"self":[{"href":"https:\/\/authtake.com\/tr\/wp-json\/wp\/v2\/pages\/5641"}],"collection":[{"href":"https:\/\/authtake.com\/tr\/wp-json\/wp\/v2\/pages"}],"about":[{"href":"https:\/\/authtake.com\/tr\/wp-json\/wp\/v2\/types\/page"}],"author":[{"embeddable":true,"href":"https:\/\/authtake.com\/tr\/wp-json\/wp\/v2\/users\/1"}],"replies":[{"embeddable":true,"href":"https:\/\/authtake.com\/tr\/wp-json\/wp\/v2\/comments?post=5641"}],"version-history":[{"count":9,"href":"https:\/\/authtake.com\/tr\/wp-json\/wp\/v2\/pages\/5641\/revisions"}],"predecessor-version":[{"id":13970,"href":"https:\/\/authtake.com\/tr\/wp-json\/wp\/v2\/pages\/5641\/revisions\/13970"}],"wp:attachment":[{"href":"https:\/\/authtake.com\/tr\/wp-json\/wp\/v2\/media?parent=5641"}],"curies":[{"name":"wp","href":"https:\/\/api.w.org\/{rel}","templated":true}]}}