{"id":4301,"date":"2021-01-25T07:55:56","date_gmt":"2021-01-25T07:55:56","guid":{"rendered":"http:\/\/authtake.com\/?page_id=4301"},"modified":"2023-06-16T16:24:46","modified_gmt":"2023-06-16T13:24:46","slug":"solutions-manage-personal-passwords","status":"publish","type":"page","link":"https:\/\/authtake.com\/tr\/solutions-manage-personal-passwords\/","title":{"rendered":"Solutions &#8211; Manage Personal Passwords"},"content":{"rendered":"<div data-elementor-type=\"wp-page\" data-elementor-id=\"4301\" class=\"elementor elementor-4301\">\n\t\t\t\t\t\t<section class=\"elementor-section elementor-top-section elementor-element elementor-element-612e771 elementor-section-height-min-height elementor-section-boxed elementor-section-height-default elementor-section-items-middle wpr-particle-no wpr-sticky-section-no\" data-id=\"612e771\" data-element_type=\"section\" data-settings=\"{&quot;background_background&quot;:&quot;classic&quot;}\">\n\t\t\t\t\t\t<div class=\"elementor-container elementor-column-gap-default\">\n\t\t\t\t\t<div class=\"elementor-column elementor-col-50 elementor-top-column elementor-element elementor-element-40cfc8a\" data-id=\"40cfc8a\" data-element_type=\"column\">\n\t\t\t<div class=\"elementor-widget-wrap elementor-element-populated\">\n\t\t\t\t\t\t<div class=\"elementor-element elementor-element-9abf5d7 elementor-widget elementor-widget-heading\" data-id=\"9abf5d7\" data-element_type=\"widget\" data-widget_type=\"heading.default\">\n\t\t\t\t<div class=\"elementor-widget-container\">\n\t\t\t<h2 class=\"elementor-heading-title elementor-size-default\">- \u00c7\u00f6z\u00fcmler -<\/h2>\t\t<\/div>\n\t\t\t\t<\/div>\n\t\t\t\t<div class=\"elementor-element elementor-element-4e34c72 elementor-widget elementor-widget-heading\" data-id=\"4e34c72\" data-element_type=\"widget\" data-widget_type=\"heading.default\">\n\t\t\t\t<div class=\"elementor-widget-container\">\n\t\t\t<h2 class=\"elementor-heading-title elementor-size-default\">Ki\u015fisel Parolalar\u0131n\u0131z\u0131 Y\u00f6netin<\/h2>\t\t<\/div>\n\t\t\t\t<\/div>\n\t\t\t\t<div class=\"elementor-element elementor-element-49c3673 elementor-widget elementor-widget-text-editor\" data-id=\"49c3673\" data-element_type=\"widget\" data-widget_type=\"text-editor.default\">\n\t\t\t\t<div class=\"elementor-widget-container\">\n\t\t\t\t\t\t\t<p>Ki\u015fisel \u015fifrelerin g\u00fcvenli\u011fini sa\u011flamak ki\u015fisel bir sorumluluktur, ancak bu sorumlulu\u011fun y\u00fck\u00fcn\u00fc azaltmak i\u00e7in gerekli t\u00fcm g\u00fcvenli\u011fi sa\u011fl\u0131yoruz.<\/p>\t\t\t\t\t\t<\/div>\n\t\t\t\t<\/div>\n\t\t\t\t<div class=\"elementor-element elementor-element-9640992 elementor-widget elementor-widget-button\" data-id=\"9640992\" data-element_type=\"widget\" data-widget_type=\"button.default\">\n\t\t\t\t<div class=\"elementor-widget-container\">\n\t\t\t\t\t<div class=\"elementor-button-wrapper\">\n\t\t\t<a class=\"elementor-button elementor-button-link elementor-size-sm\" href=\"https:\/\/authtake.com\/tr\/company-contact-us\/\">\n\t\t\t\t\t\t<span class=\"elementor-button-content-wrapper\">\n\t\t\t\t\t\t<span class=\"elementor-button-text\">\u0130leti\u015fim<\/span>\n\t\t<\/span>\n\t\t\t\t\t<\/a>\n\t\t<\/div>\n\t\t\t\t<\/div>\n\t\t\t\t<\/div>\n\t\t\t\t<div class=\"elementor-element elementor-element-f295105 elementor-widget elementor-widget-text-editor\" data-id=\"f295105\" data-element_type=\"widget\" data-widget_type=\"text-editor.default\">\n\t\t\t\t<div class=\"elementor-widget-container\">\n\t\t\t\t\t\t\t<p>\u00a0- 30 G\u00fcn \u00fccretsiz deneyin<\/p><p>\u00a0- \u0130stedi\u011finiz zaman iptal edin<\/p>\t\t\t\t\t\t<\/div>\n\t\t\t\t<\/div>\n\t\t\t\t\t<\/div>\n\t\t<\/div>\n\t\t\t\t<div class=\"elementor-column elementor-col-50 elementor-top-column elementor-element elementor-element-ae30699\" data-id=\"ae30699\" data-element_type=\"column\">\n\t\t\t<div class=\"elementor-widget-wrap\">\n\t\t\t\t\t\t\t<\/div>\n\t\t<\/div>\n\t\t\t\t\t<\/div>\n\t\t<\/section>\n\t\t\t\t<section class=\"elementor-section elementor-top-section elementor-element elementor-element-d61cc8b elementor-section-boxed elementor-section-height-default elementor-section-height-default wpr-particle-no wpr-sticky-section-no\" data-id=\"d61cc8b\" data-element_type=\"section\" data-settings=\"{&quot;background_background&quot;:&quot;classic&quot;}\">\n\t\t\t\t\t\t<div class=\"elementor-container elementor-column-gap-default\">\n\t\t\t\t\t<div class=\"elementor-column elementor-col-50 elementor-top-column elementor-element elementor-element-1c5e959\" data-id=\"1c5e959\" data-element_type=\"column\">\n\t\t\t<div class=\"elementor-widget-wrap elementor-element-populated\">\n\t\t\t\t\t\t<div class=\"elementor-element elementor-element-934d444 elementor-hidden-desktop elementor-hidden-tablet elementor-widget elementor-widget-spacer\" data-id=\"934d444\" data-element_type=\"widget\" data-widget_type=\"spacer.default\">\n\t\t\t\t<div class=\"elementor-widget-container\">\n\t\t\t\t\t<div class=\"elementor-spacer\">\n\t\t\t<div class=\"elementor-spacer-inner\"><\/div>\n\t\t<\/div>\n\t\t\t\t<\/div>\n\t\t\t\t<\/div>\n\t\t\t\t<div class=\"elementor-element elementor-element-06cba70 elementor-widget__width-initial elementor-widget elementor-widget-heading\" data-id=\"06cba70\" data-element_type=\"widget\" data-widget_type=\"heading.default\">\n\t\t\t\t<div class=\"elementor-widget-container\">\n\t\t\t<h2 class=\"elementor-heading-title elementor-size-default\">Parolalar\u0131n Getirdi\u011fi Zorluklar Tarih Oluyor<\/h2>\t\t<\/div>\n\t\t\t\t<\/div>\n\t\t\t\t<div class=\"elementor-element elementor-element-70a14ed elementor-widget__width-initial elementor-widget elementor-widget-text-editor\" data-id=\"70a14ed\" data-element_type=\"widget\" data-widget_type=\"text-editor.default\">\n\t\t\t\t<div class=\"elementor-widget-container\">\n\t\t\t\t\t\t\t<p>Karma\u015f\u0131k parolalar\u0131 hat\u0131rlaman\u0131n ve bu parolalar\u0131 bir yere not alman\u0131n sonu\u00e7lar\u0131n\u0131 biliyoruz.<\/p><p>Parola kullanmak zorunda kald\u0131\u011f\u0131n\u0131z uygulama ve sistemlerde g\u00fcvenli\u011fi nas\u0131l sa\u011flayabilirsiniz? \u0130\u00e7inden \u00e7\u0131kamad\u0131ysan\u0131z gelin bu sorunu sizin i\u00e7in \u00e7\u00f6zelim.<\/p>\t\t\t\t\t\t<\/div>\n\t\t\t\t<\/div>\n\t\t\t\t\t<\/div>\n\t\t<\/div>\n\t\t\t\t<div class=\"elementor-column elementor-col-50 elementor-top-column elementor-element elementor-element-a9d03f6\" data-id=\"a9d03f6\" data-element_type=\"column\">\n\t\t\t<div class=\"elementor-widget-wrap elementor-element-populated\">\n\t\t\t\t\t\t<div class=\"elementor-element elementor-element-b0bd643 elementor-widget elementor-widget-image\" data-id=\"b0bd643\" data-element_type=\"widget\" data-widget_type=\"image.default\">\n\t\t\t\t<div class=\"elementor-widget-container\">\n\t\t\t\t\t\t\t\t\t\t\t\t\t<img fetchpriority=\"high\" decoding=\"async\" width=\"800\" height=\"797\" src=\"https:\/\/authtake.com\/wp-content\/uploads\/2021\/02\/pngpng.png\" class=\"attachment-large size-large wp-image-5756\" alt=\"\" srcset=\"https:\/\/authtake.com\/wp-content\/uploads\/2021\/02\/pngpng.png 900w, https:\/\/authtake.com\/wp-content\/uploads\/2021\/02\/pngpng-300x300.png 300w, https:\/\/authtake.com\/wp-content\/uploads\/2021\/02\/pngpng-150x150.png 150w, https:\/\/authtake.com\/wp-content\/uploads\/2021\/02\/pngpng-768x765.png 768w\" sizes=\"(max-width: 800px) 100vw, 800px\" \/>\t\t\t\t\t\t\t\t\t\t\t\t\t<\/div>\n\t\t\t\t<\/div>\n\t\t\t\t\t<\/div>\n\t\t<\/div>\n\t\t\t\t\t<\/div>\n\t\t<\/section>\n\t\t\t\t<section class=\"elementor-section elementor-top-section elementor-element elementor-element-fe46bf0 elementor-section-boxed elementor-section-height-default elementor-section-height-default wpr-particle-no wpr-sticky-section-no\" data-id=\"fe46bf0\" data-element_type=\"section\" data-settings=\"{&quot;background_background&quot;:&quot;classic&quot;}\">\n\t\t\t\t\t\t<div class=\"elementor-container elementor-column-gap-default\">\n\t\t\t\t\t<div class=\"elementor-column elementor-col-50 elementor-top-column elementor-element elementor-element-6b33d15\" data-id=\"6b33d15\" data-element_type=\"column\">\n\t\t\t<div class=\"elementor-widget-wrap elementor-element-populated\">\n\t\t\t\t\t\t<div class=\"elementor-element elementor-element-5a35e1a elementor-hidden-tablet elementor-hidden-phone elementor-widget elementor-widget-image\" data-id=\"5a35e1a\" data-element_type=\"widget\" data-widget_type=\"image.default\">\n\t\t\t\t<div class=\"elementor-widget-container\">\n\t\t\t\t\t\t\t\t\t\t\t\t\t<img decoding=\"async\" width=\"500\" height=\"500\" src=\"https:\/\/authtake.com\/wp-content\/uploads\/2021\/01\/whatismypassword-1.png\" class=\"attachment-large size-large wp-image-4389\" alt=\"\" srcset=\"https:\/\/authtake.com\/wp-content\/uploads\/2021\/01\/whatismypassword-1.png 500w, https:\/\/authtake.com\/wp-content\/uploads\/2021\/01\/whatismypassword-1-300x300.png 300w, https:\/\/authtake.com\/wp-content\/uploads\/2021\/01\/whatismypassword-1-150x150.png 150w\" sizes=\"(max-width: 500px) 100vw, 500px\" \/>\t\t\t\t\t\t\t\t\t\t\t\t\t<\/div>\n\t\t\t\t<\/div>\n\t\t\t\t<div class=\"elementor-element elementor-element-304f2aa elementor-hidden-phone elementor-widget elementor-widget-spacer\" data-id=\"304f2aa\" data-element_type=\"widget\" data-widget_type=\"spacer.default\">\n\t\t\t\t<div class=\"elementor-widget-container\">\n\t\t\t\t\t<div class=\"elementor-spacer\">\n\t\t\t<div class=\"elementor-spacer-inner\"><\/div>\n\t\t<\/div>\n\t\t\t\t<\/div>\n\t\t\t\t<\/div>\n\t\t\t\t\t<\/div>\n\t\t<\/div>\n\t\t\t\t<div class=\"elementor-column elementor-col-50 elementor-top-column elementor-element elementor-element-26b3c5f\" data-id=\"26b3c5f\" data-element_type=\"column\">\n\t\t\t<div class=\"elementor-widget-wrap elementor-element-populated\">\n\t\t\t\t\t\t<div class=\"elementor-element elementor-element-18b8f16 elementor-widget__width-initial elementor-widget elementor-widget-text-editor\" data-id=\"18b8f16\" data-element_type=\"widget\" data-widget_type=\"text-editor.default\">\n\t\t\t\t<div class=\"elementor-widget-container\">\n\t\t\t\t\t\t\t<p>Sizi olas\u0131 sonu\u00e7lardan korumak ve harika bir kullan\u0131c\u0131 deneyimi sa\u011flamak i\u00e7in AuthTake AccountBox'\u0131 geli\u015ftirdik. AuthTake AccountBox, \u015fifrelerinizi kulland\u0131\u011f\u0131n\u0131z cihazlar\u0131n d\u0131\u015f\u0131nda saklar, bu da kulland\u0131\u011f\u0131n\u0131z cihazlar\u0131n kaybolmas\u0131 veya \u00e7al\u0131nmas\u0131 durumunda hesap gizlili\u011finizi kaybetmemenizi sa\u011flar. Kimlik do\u011frulaman\u0131z gerekti\u011finde sizin i\u00e7in \u015fifrenizi otomatik olarak doldurur. Tek yapman\u0131z gereken ak\u0131lda kal\u0131c\u0131 olmayan ancak de\u015fifre edilmesi zor \u015fifreler se\u00e7mek.<\/p>\t\t\t\t\t\t<\/div>\n\t\t\t\t<\/div>\n\t\t\t\t<div class=\"elementor-element elementor-element-684f5fe elementor-widget elementor-widget-heading\" data-id=\"684f5fe\" data-element_type=\"widget\" data-widget_type=\"heading.default\">\n\t\t\t\t<div class=\"elementor-widget-container\">\n\t\t\t<h2 class=\"elementor-heading-title elementor-size-default\"><a href=\"https:\/\/authtake.com\/tr\/account-box\/\">AuthTake AccountBox Hakk\u0131nda Daha Fazla Bilgi<\/a><\/h2>\t\t<\/div>\n\t\t\t\t<\/div>\n\t\t\t\t<div class=\"elementor-element elementor-element-67190be elementor-hidden-desktop elementor-widget elementor-widget-image\" data-id=\"67190be\" data-element_type=\"widget\" data-widget_type=\"image.default\">\n\t\t\t\t<div class=\"elementor-widget-container\">\n\t\t\t\t\t\t\t\t\t\t\t\t\t<img decoding=\"async\" width=\"500\" height=\"500\" src=\"https:\/\/authtake.com\/wp-content\/uploads\/2021\/01\/whatismypassword-1.png\" class=\"attachment-large size-large wp-image-4389\" alt=\"\" srcset=\"https:\/\/authtake.com\/wp-content\/uploads\/2021\/01\/whatismypassword-1.png 500w, https:\/\/authtake.com\/wp-content\/uploads\/2021\/01\/whatismypassword-1-300x300.png 300w, https:\/\/authtake.com\/wp-content\/uploads\/2021\/01\/whatismypassword-1-150x150.png 150w\" sizes=\"(max-width: 500px) 100vw, 500px\" \/>\t\t\t\t\t\t\t\t\t\t\t\t\t<\/div>\n\t\t\t\t<\/div>\n\t\t\t\t<div class=\"elementor-element elementor-element-216038b elementor-hidden-phone elementor-widget elementor-widget-spacer\" data-id=\"216038b\" data-element_type=\"widget\" data-widget_type=\"spacer.default\">\n\t\t\t\t<div class=\"elementor-widget-container\">\n\t\t\t\t\t<div class=\"elementor-spacer\">\n\t\t\t<div class=\"elementor-spacer-inner\"><\/div>\n\t\t<\/div>\n\t\t\t\t<\/div>\n\t\t\t\t<\/div>\n\t\t\t\t\t<\/div>\n\t\t<\/div>\n\t\t\t\t\t<\/div>\n\t\t<\/section>\n\t\t\t\t<section class=\"elementor-section elementor-top-section elementor-element elementor-element-0ca442b elementor-section-boxed elementor-section-height-default elementor-section-height-default wpr-particle-no wpr-sticky-section-no\" data-id=\"0ca442b\" data-element_type=\"section\" data-settings=\"{&quot;background_background&quot;:&quot;classic&quot;}\">\n\t\t\t\t\t\t<div class=\"elementor-container elementor-column-gap-default\">\n\t\t\t\t\t<div class=\"elementor-column elementor-col-50 elementor-top-column elementor-element elementor-element-5a3011e\" data-id=\"5a3011e\" data-element_type=\"column\">\n\t\t\t<div class=\"elementor-widget-wrap elementor-element-populated\">\n\t\t\t\t\t\t<div class=\"elementor-element elementor-element-443ac93 elementor-widget__width-initial elementor-widget elementor-widget-heading\" data-id=\"443ac93\" data-element_type=\"widget\" data-widget_type=\"heading.default\">\n\t\t\t\t<div class=\"elementor-widget-container\">\n\t\t\t<h2 class=\"elementor-heading-title elementor-size-default\">AccountBox'\u0131 T\u00fcm Pop\u00fcler Taray\u0131c\u0131larda Eklenti Olarak Kurabilirsiniz<\/h2>\t\t<\/div>\n\t\t\t\t<\/div>\n\t\t\t\t<div class=\"elementor-element elementor-element-c024069 elementor-widget__width-initial elementor-widget elementor-widget-text-editor\" data-id=\"c024069\" data-element_type=\"widget\" data-widget_type=\"text-editor.default\">\n\t\t\t\t<div class=\"elementor-widget-container\">\n\t\t\t\t\t\t\t<p>AuthTakeAccountBox, uygulamalar\u0131n\u0131za taray\u0131c\u0131lardan (Chrome, Firefox, Edge, Opera, Safari vb.) pop\u00fcler taray\u0131c\u0131lara uzant\u0131s\u0131na kadar eri\u015fmenizi sa\u011flar. Ba\u015fvuru sayfas\u0131na geldi\u011finizde, PassBox uygulamay\u0131 tan\u0131r ve \u015fifrenizi otomatik olarak doldurur. Dilerseniz AuthTake uygulaman\u0131za telefonunuzdan bildirim g\u00f6nderebilir ve bu bildirime onay vermeniz halinde kullan\u0131c\u0131 ad\u0131 ve \u015fifreniz otomatik olarak doldurularak sisteme giri\u015f yapabilirsiniz.<\/p>\t\t\t\t\t\t<\/div>\n\t\t\t\t<\/div>\n\t\t\t\t\t<\/div>\n\t\t<\/div>\n\t\t\t\t<div class=\"elementor-column elementor-col-50 elementor-top-column elementor-element elementor-element-8bf7f64\" data-id=\"8bf7f64\" data-element_type=\"column\">\n\t\t\t<div class=\"elementor-widget-wrap elementor-element-populated\">\n\t\t\t\t\t\t<div class=\"elementor-element elementor-element-09969a7 elementor-widget elementor-widget-image\" data-id=\"09969a7\" data-element_type=\"widget\" data-widget_type=\"image.default\">\n\t\t\t\t<div class=\"elementor-widget-container\">\n\t\t\t\t\t\t\t\t\t\t\t\t\t<img decoding=\"async\" width=\"800\" height=\"788\" src=\"https:\/\/authtake.com\/wp-content\/uploads\/2021\/02\/browser222-1024x1009.png\" class=\"attachment-large size-large wp-image-6614\" alt=\"\" srcset=\"https:\/\/authtake.com\/wp-content\/uploads\/2021\/02\/browser222-1024x1009.png 1024w, https:\/\/authtake.com\/wp-content\/uploads\/2021\/02\/browser222-300x296.png 300w, https:\/\/authtake.com\/wp-content\/uploads\/2021\/02\/browser222-768x757.png 768w, https:\/\/authtake.com\/wp-content\/uploads\/2021\/02\/browser222.png 1057w\" sizes=\"(max-width: 800px) 100vw, 800px\" \/>\t\t\t\t\t\t\t\t\t\t\t\t\t<\/div>\n\t\t\t\t<\/div>\n\t\t\t\t\t<\/div>\n\t\t<\/div>\n\t\t\t\t\t<\/div>\n\t\t<\/section>\n\t\t\t\t<\/div>","protected":false},"excerpt":{"rendered":"<p>&#8211; Solutions &#8211; Manage Personal Passwords It is personal responsibility to ensure the security of personal passwords, but we provide all necessary security to reduce the burden of this responsibility. FREE TRIAL \u00a0&#8211; Try 30 days for free. \u00a0&#8211; Cancel anytime. All The Difficulties Caused By Passwords Are Becoming History We know how hard passwords are to remember and observe the results of taking notes these passwords down somewhere. How can you ensure security in applications and systems where you have been forced to use your passwords? If you haven&#8217;t been able to get out of it, let us solve this problem for you. We developed AuthTake AccountBox to protect you from possible consequences and provide a great user experience. AuthTake PassBox stores your passwords outside of the devices you use, which ensures that you do not lose your account privacy if the devices you use are lost or stolen. It automatically fills your password for you when you need to authenticate. All you have to do is choose passwords that are not memorable but difficult to decipher. Learn More About AuthTake AccountBox AuthTake Has Plug-in to all Popular Browsers AuthTake AccountBox allows you to access your applications from browsers (Chrome, Firefox, Edge, Opera, Safari etc.) through to its extension to popular browsers. When you come to the application page, PassBox recognizes the application and automatically fills your password. If you prefer, you can send a notification to your AuthTake application on your phone, and if you consent to this notification, your username and password automatically filled and you can log into the system.<\/p>","protected":false},"author":1,"featured_media":0,"parent":0,"menu_order":0,"comment_status":"closed","ping_status":"closed","template":"","meta":[],"_links":{"self":[{"href":"https:\/\/authtake.com\/tr\/wp-json\/wp\/v2\/pages\/4301"}],"collection":[{"href":"https:\/\/authtake.com\/tr\/wp-json\/wp\/v2\/pages"}],"about":[{"href":"https:\/\/authtake.com\/tr\/wp-json\/wp\/v2\/types\/page"}],"author":[{"embeddable":true,"href":"https:\/\/authtake.com\/tr\/wp-json\/wp\/v2\/users\/1"}],"replies":[{"embeddable":true,"href":"https:\/\/authtake.com\/tr\/wp-json\/wp\/v2\/comments?post=4301"}],"version-history":[{"count":12,"href":"https:\/\/authtake.com\/tr\/wp-json\/wp\/v2\/pages\/4301\/revisions"}],"predecessor-version":[{"id":15282,"href":"https:\/\/authtake.com\/tr\/wp-json\/wp\/v2\/pages\/4301\/revisions\/15282"}],"wp:attachment":[{"href":"https:\/\/authtake.com\/tr\/wp-json\/wp\/v2\/media?parent=4301"}],"curies":[{"name":"wp","href":"https:\/\/api.w.org\/{rel}","templated":true}]}}