{"id":4299,"date":"2021-01-25T07:54:14","date_gmt":"2021-01-25T07:54:14","guid":{"rendered":"http:\/\/authtake.com\/?page_id=4299"},"modified":"2023-06-16T16:24:06","modified_gmt":"2023-06-16T13:24:06","slug":"solutions-fido2-support","status":"publish","type":"page","link":"https:\/\/authtake.com\/tr\/solutions-fido2-support\/","title":{"rendered":"Solutions &#8211; FIDO2 Support"},"content":{"rendered":"<div data-elementor-type=\"wp-page\" data-elementor-id=\"4299\" class=\"elementor elementor-4299\">\n\t\t\t\t\t\t<section class=\"elementor-section elementor-top-section elementor-element elementor-element-6bba93a elementor-section-height-min-height elementor-section-boxed elementor-section-height-default elementor-section-items-middle wpr-particle-no wpr-sticky-section-no\" data-id=\"6bba93a\" data-element_type=\"section\" data-settings=\"{&quot;background_background&quot;:&quot;classic&quot;}\">\n\t\t\t\t\t\t<div class=\"elementor-container elementor-column-gap-default\">\n\t\t\t\t\t<div class=\"elementor-column elementor-col-50 elementor-top-column elementor-element elementor-element-8cbc56c\" data-id=\"8cbc56c\" data-element_type=\"column\">\n\t\t\t<div class=\"elementor-widget-wrap elementor-element-populated\">\n\t\t\t\t\t\t<div class=\"elementor-element elementor-element-5e34077 elementor-widget elementor-widget-heading\" data-id=\"5e34077\" data-element_type=\"widget\" data-widget_type=\"heading.default\">\n\t\t\t\t<div class=\"elementor-widget-container\">\n\t\t\t<h2 class=\"elementor-heading-title elementor-size-default\">- \u00c7\u00f6z\u00fcmler -<\/h2>\t\t<\/div>\n\t\t\t\t<\/div>\n\t\t\t\t<div class=\"elementor-element elementor-element-8e3374b elementor-widget elementor-widget-heading\" data-id=\"8e3374b\" data-element_type=\"widget\" data-widget_type=\"heading.default\">\n\t\t\t\t<div class=\"elementor-widget-container\">\n\t\t\t<h2 class=\"elementor-heading-title elementor-size-default\">FIDO2 Deste\u011fi<\/h2>\t\t<\/div>\n\t\t\t\t<\/div>\n\t\t\t\t<div class=\"elementor-element elementor-element-f8ee725 elementor-widget elementor-widget-text-editor\" data-id=\"f8ee725\" data-element_type=\"widget\" data-widget_type=\"text-editor.default\">\n\t\t\t\t<div class=\"elementor-widget-container\">\n\t\t\t\t\t\t\t<p>AuthTake, g\u00fcvenli parolas\u0131z kullan\u0131c\u0131 kimlik do\u011frulama hizmetinde ortak\/\u00f6zel anahtar \u00e7iftlerinden olu\u015fan Public-Key Cryptography (PKC) altyap\u0131s\u0131n\u0131 kullanarak FIDO deste\u011fi sunar.<\/p>\t\t\t\t\t\t<\/div>\n\t\t\t\t<\/div>\n\t\t\t\t<div class=\"elementor-element elementor-element-79c1781 elementor-widget elementor-widget-button\" data-id=\"79c1781\" data-element_type=\"widget\" data-widget_type=\"button.default\">\n\t\t\t\t<div class=\"elementor-widget-container\">\n\t\t\t\t\t<div class=\"elementor-button-wrapper\">\n\t\t\t<a class=\"elementor-button elementor-button-link elementor-size-sm\" href=\"https:\/\/authtake.com\/tr\/company-contact-us\/\">\n\t\t\t\t\t\t<span class=\"elementor-button-content-wrapper\">\n\t\t\t\t\t\t<span class=\"elementor-button-text\">\u0130leti\u015fim<\/span>\n\t\t<\/span>\n\t\t\t\t\t<\/a>\n\t\t<\/div>\n\t\t\t\t<\/div>\n\t\t\t\t<\/div>\n\t\t\t\t<div class=\"elementor-element elementor-element-aa43385 elementor-widget elementor-widget-text-editor\" data-id=\"aa43385\" data-element_type=\"widget\" data-widget_type=\"text-editor.default\">\n\t\t\t\t<div class=\"elementor-widget-container\">\n\t\t\t\t\t\t\t<p>\u00a0- 30 G\u00fcn \u00fccretsiz deneyin<\/p><p>\u00a0- \u0130stedi\u011finiz zaman iptal edin<\/p>\t\t\t\t\t\t<\/div>\n\t\t\t\t<\/div>\n\t\t\t\t\t<\/div>\n\t\t<\/div>\n\t\t\t\t<div class=\"elementor-column elementor-col-50 elementor-top-column elementor-element elementor-element-70bc914\" data-id=\"70bc914\" data-element_type=\"column\">\n\t\t\t<div class=\"elementor-widget-wrap\">\n\t\t\t\t\t\t\t<\/div>\n\t\t<\/div>\n\t\t\t\t\t<\/div>\n\t\t<\/section>\n\t\t\t\t<section class=\"elementor-section elementor-top-section elementor-element elementor-element-d61cc8b elementor-section-boxed elementor-section-height-default elementor-section-height-default wpr-particle-no wpr-sticky-section-no\" data-id=\"d61cc8b\" data-element_type=\"section\" data-settings=\"{&quot;background_background&quot;:&quot;classic&quot;}\">\n\t\t\t\t\t\t<div class=\"elementor-container elementor-column-gap-default\">\n\t\t\t\t\t<div class=\"elementor-column elementor-col-100 elementor-top-column elementor-element elementor-element-1c5e959\" data-id=\"1c5e959\" data-element_type=\"column\">\n\t\t\t<div class=\"elementor-widget-wrap elementor-element-populated\">\n\t\t\t\t\t\t<div class=\"elementor-element elementor-element-ebddef6 elementor-widget__width-initial elementor-widget elementor-widget-heading\" data-id=\"ebddef6\" data-element_type=\"widget\" data-widget_type=\"heading.default\">\n\t\t\t\t<div class=\"elementor-widget-container\">\n\t\t\t<h2 class=\"elementor-heading-title elementor-size-default\">AuthTake taraf\u0131ndan sa\u011flanan FIDO deste\u011fi ile koruma<\/h2>\t\t<\/div>\n\t\t\t\t<\/div>\n\t\t\t\t<div class=\"elementor-element elementor-element-95cc6c8 elementor-widget__width-initial elementor-widget elementor-widget-text-editor\" data-id=\"95cc6c8\" data-element_type=\"widget\" data-widget_type=\"text-editor.default\">\n\t\t\t\t<div class=\"elementor-widget-container\">\n\t\t\t\t\t\t\t<p>A\u00e7\u0131k end\u00fcstri birli\u011fi olarak FIDO Alliance, d\u00fcnyan\u0131n parolalara a\u015f\u0131r\u0131 ba\u011f\u0131ml\u0131l\u0131\u011f\u0131n\u0131 azaltmaya yard\u0131mc\u0131 olmak i\u00e7in kimlik do\u011frulama \u00fczerinde \u00e7al\u0131\u015fmaya devam ediyor.<\/p><p>FIDO \u00e7al\u0131\u015fma moduna g\u00f6re kullan\u0131c\u0131ya ait cihazdan (Ak\u0131ll\u0131 telefon, FIDO destekli fiziksel jeton vb.) login talebi ba\u015flat\u0131l\u0131r. Cihaz, oturum a\u00e7ma talebini AuthTake sunucusuna iletir. Sunucu bu iste\u011fe yan\u0131t olarak bir Challenge mesaj\u0131 olu\u015fturur ve cihaza g\u00f6nderir, cihaz bu Challenge mesaj\u0131n\u0131 \u00fczerindeki gizli anahtar ile imzalar ve tekrar sunucuya iletir. Sunucu, imzalanan mesaj\u0131n ger\u00e7ekli\u011fini kendi genel anahtar\u0131yla do\u011frular ve giri\u015f onay\u0131n\u0131 ger\u00e7ekle\u015ftirir.<\/p><p>T\u00fcm bu do\u011frulama s\u00fcre\u00e7lerinde FIDO, mobil cihaz\u0131n deste\u011fine g\u00f6re kullan\u0131c\u0131dan biyometrik do\u011frulama talep etmektedir.<\/p>\t\t\t\t\t\t<\/div>\n\t\t\t\t<\/div>\n\t\t\t\t\t<\/div>\n\t\t<\/div>\n\t\t\t\t\t<\/div>\n\t\t<\/section>\n\t\t\t\t<section class=\"elementor-section elementor-top-section elementor-element elementor-element-fe46bf0 elementor-section-boxed elementor-section-height-default elementor-section-height-default wpr-particle-no wpr-sticky-section-no\" data-id=\"fe46bf0\" data-element_type=\"section\" data-settings=\"{&quot;background_background&quot;:&quot;classic&quot;}\">\n\t\t\t\t\t\t<div class=\"elementor-container elementor-column-gap-default\">\n\t\t\t\t\t<div class=\"elementor-column elementor-col-100 elementor-top-column elementor-element elementor-element-6b33d15\" data-id=\"6b33d15\" data-element_type=\"column\">\n\t\t\t<div class=\"elementor-widget-wrap elementor-element-populated\">\n\t\t\t\t\t\t<div class=\"elementor-element elementor-element-5a35e1a elementor-widget elementor-widget-image\" data-id=\"5a35e1a\" data-element_type=\"widget\" data-widget_type=\"image.default\">\n\t\t\t\t<div class=\"elementor-widget-container\">\n\t\t\t\t\t\t\t\t\t\t\t\t\t<img fetchpriority=\"high\" decoding=\"async\" width=\"800\" height=\"452\" src=\"https:\/\/authtake.com\/wp-content\/uploads\/2021\/01\/FIDO-1024x579.png\" class=\"attachment-large size-large wp-image-1072\" alt=\"\" srcset=\"https:\/\/authtake.com\/wp-content\/uploads\/2021\/01\/FIDO-1024x579.png 1024w, https:\/\/authtake.com\/wp-content\/uploads\/2021\/01\/FIDO-300x170.png 300w, https:\/\/authtake.com\/wp-content\/uploads\/2021\/01\/FIDO-768x434.png 768w, https:\/\/authtake.com\/wp-content\/uploads\/2021\/01\/FIDO-1536x869.png 1536w, https:\/\/authtake.com\/wp-content\/uploads\/2021\/01\/FIDO.png 1920w\" sizes=\"(max-width: 800px) 100vw, 800px\" \/>\t\t\t\t\t\t\t\t\t\t\t\t\t<\/div>\n\t\t\t\t<\/div>\n\t\t\t\t\t<\/div>\n\t\t<\/div>\n\t\t\t\t\t<\/div>\n\t\t<\/section>\n\t\t\t\t<section class=\"elementor-section elementor-top-section elementor-element elementor-element-3c0d42f elementor-section-boxed elementor-section-height-default elementor-section-height-default wpr-particle-no wpr-sticky-section-no\" data-id=\"3c0d42f\" data-element_type=\"section\" data-settings=\"{&quot;background_background&quot;:&quot;classic&quot;}\">\n\t\t\t\t\t\t<div class=\"elementor-container elementor-column-gap-default\">\n\t\t\t\t\t<div class=\"elementor-column elementor-col-100 elementor-top-column elementor-element elementor-element-84e1eda\" data-id=\"84e1eda\" data-element_type=\"column\">\n\t\t\t<div class=\"elementor-widget-wrap elementor-element-populated\">\n\t\t\t\t\t\t<div class=\"elementor-element elementor-element-8c729be elementor-widget__width-initial elementor-widget elementor-widget-text-editor\" data-id=\"8c729be\" data-element_type=\"widget\" data-widget_type=\"text-editor.default\">\n\t\t\t\t<div class=\"elementor-widget-container\">\n\t\t\t\t\t\t\t<p>FIDO2 sayesinde sadece sizin bilebilece\u011finiz bilgiler ve, sadece size ait olan \u00f6zellikler (parmak izi, y\u00fcz tarama) kullan\u0131larak kimlik do\u011frulamas\u0131 sa\u011flan\u0131r. Bu sayede Phising Attack gibi siber sald\u0131r\u0131lar\u0131n b\u00fcy\u00fck \u00f6l\u00e7\u00fcde \u00f6n\u00fcne ge\u00e7ilebilmektedir.<\/p>\t\t\t\t\t\t<\/div>\n\t\t\t\t<\/div>\n\t\t\t\t\t<\/div>\n\t\t<\/div>\n\t\t\t\t\t<\/div>\n\t\t<\/section>\n\t\t\t\t<\/div>","protected":false},"excerpt":{"rendered":"<p>&#8211; Solutions &#8211; FIDO2 Support AuthTake offers FIDO support using Public-Key Cryptography (PKC) infrastructure consisting of public \/ private key pairs in secure passwordless user authentication service. FREE TRIAL \u00a0&#8211; Try 30 days for free. \u00a0&#8211; Cancel anytime. Protection with FIDO support provided by AuthTake The FIDO Alliance, as an open industry association, continues to work on authentication to help reduce the world&#8217;s over-reliance on passwords. According to the FIDO operating mode, the login request is initiated from the device owned by the user (Smart phone, physical token with FIDO support, etc.). The device transmits the login request to the AuthTake server. The server creates a Challenge message in response to this request and sends it to the device, the device signs this Challenge message with the secret key on it and transmits it to the server again. The server verifies the authenticity of the signed message with its own public key and realizes the input confirmation. In all these verification processes, FIDO requests biometric verification from the user according to the support of the mobile device. Thanks to FIDO2, authentication is provided by using information that only you can know, your possession and inheritance that only belongs to you. In this way, it is possible to prevent cyber attacks such as phishing theft to a large extent.<\/p>","protected":false},"author":1,"featured_media":0,"parent":0,"menu_order":0,"comment_status":"closed","ping_status":"closed","template":"","meta":[],"_links":{"self":[{"href":"https:\/\/authtake.com\/tr\/wp-json\/wp\/v2\/pages\/4299"}],"collection":[{"href":"https:\/\/authtake.com\/tr\/wp-json\/wp\/v2\/pages"}],"about":[{"href":"https:\/\/authtake.com\/tr\/wp-json\/wp\/v2\/types\/page"}],"author":[{"embeddable":true,"href":"https:\/\/authtake.com\/tr\/wp-json\/wp\/v2\/users\/1"}],"replies":[{"embeddable":true,"href":"https:\/\/authtake.com\/tr\/wp-json\/wp\/v2\/comments?post=4299"}],"version-history":[{"count":9,"href":"https:\/\/authtake.com\/tr\/wp-json\/wp\/v2\/pages\/4299\/revisions"}],"predecessor-version":[{"id":15279,"href":"https:\/\/authtake.com\/tr\/wp-json\/wp\/v2\/pages\/4299\/revisions\/15279"}],"wp:attachment":[{"href":"https:\/\/authtake.com\/tr\/wp-json\/wp\/v2\/media?parent=4299"}],"curies":[{"name":"wp","href":"https:\/\/api.w.org\/{rel}","templated":true}]}}