{"id":4294,"date":"2021-01-25T07:52:09","date_gmt":"2021-01-25T04:52:09","guid":{"rendered":"http:\/\/authtake.com\/?page_id=4294"},"modified":"2023-08-03T13:57:40","modified_gmt":"2023-08-03T10:57:40","slug":"features-brute-force-attack-prevention","status":"publish","type":"page","link":"https:\/\/authtake.com\/tr\/features-brute-force-attack-prevention\/","title":{"rendered":"Features &#8211; Brute Force Attack Prevention"},"content":{"rendered":"<div data-elementor-type=\"wp-page\" data-elementor-id=\"4294\" class=\"elementor elementor-4294\">\n\t\t\t\t\t\t<section class=\"elementor-section elementor-top-section elementor-element elementor-element-38b847d elementor-section-height-min-height elementor-section-boxed elementor-section-height-default elementor-section-items-middle wpr-particle-no wpr-sticky-section-no\" data-id=\"38b847d\" data-element_type=\"section\" data-settings=\"{&quot;background_background&quot;:&quot;classic&quot;}\">\n\t\t\t\t\t\t<div class=\"elementor-container elementor-column-gap-default\">\n\t\t\t\t\t<div class=\"elementor-column elementor-col-50 elementor-top-column elementor-element elementor-element-457fb40\" data-id=\"457fb40\" data-element_type=\"column\">\n\t\t\t<div class=\"elementor-widget-wrap elementor-element-populated\">\n\t\t\t\t\t\t<div class=\"elementor-element elementor-element-1baa50c elementor-widget elementor-widget-heading\" data-id=\"1baa50c\" data-element_type=\"widget\" data-widget_type=\"heading.default\">\n\t\t\t\t<div class=\"elementor-widget-container\">\n\t\t\t<h2 class=\"elementor-heading-title elementor-size-default\">- \u00c7\u00f6z\u00fcmler -<\/h2>\t\t<\/div>\n\t\t\t\t<\/div>\n\t\t\t\t<div class=\"elementor-element elementor-element-b30947d elementor-widget elementor-widget-heading\" data-id=\"b30947d\" data-element_type=\"widget\" data-widget_type=\"heading.default\">\n\t\t\t\t<div class=\"elementor-widget-container\">\n\t\t\t<h2 class=\"elementor-heading-title elementor-size-default\">Brute Force Sald\u0131r\u0131s\u0131 \u00d6nlemi<\/h2>\t\t<\/div>\n\t\t\t\t<\/div>\n\t\t\t\t<div class=\"elementor-element elementor-element-e8bde08 elementor-widget elementor-widget-text-editor\" data-id=\"e8bde08\" data-element_type=\"widget\" data-widget_type=\"text-editor.default\">\n\t\t\t\t<div class=\"elementor-widget-container\">\n\t\t\t\t\t\t\t<p>Sistemlerinizden kesinlikle uzak tutman\u0131z gereken sald\u0131r\u0131lardan biridir. AuthTake tam da burada devreye giriyor.<\/p>\t\t\t\t\t\t<\/div>\n\t\t\t\t<\/div>\n\t\t\t\t<div class=\"elementor-element elementor-element-bfb3f7c elementor-widget elementor-widget-button\" data-id=\"bfb3f7c\" data-element_type=\"widget\" data-widget_type=\"button.default\">\n\t\t\t\t<div class=\"elementor-widget-container\">\n\t\t\t\t\t<div class=\"elementor-button-wrapper\">\n\t\t\t<a class=\"elementor-button elementor-button-link elementor-size-sm\" href=\"https:\/\/authtake.com\/tr\/company-contact-us\/\">\n\t\t\t\t\t\t<span class=\"elementor-button-content-wrapper\">\n\t\t\t\t\t\t<span class=\"elementor-button-text\">\u0130leti\u015fim<\/span>\n\t\t<\/span>\n\t\t\t\t\t<\/a>\n\t\t<\/div>\n\t\t\t\t<\/div>\n\t\t\t\t<\/div>\n\t\t\t\t<div class=\"elementor-element elementor-element-0f2664b elementor-widget elementor-widget-text-editor\" data-id=\"0f2664b\" data-element_type=\"widget\" data-widget_type=\"text-editor.default\">\n\t\t\t\t<div class=\"elementor-widget-container\">\n\t\t\t\t\t\t\t<p>\u00a0- 30 G\u00fcn \u00fccretsiz deneyin<\/p><p>\u00a0- \u0130stedi\u011finiz zaman iptal edin<\/p>\t\t\t\t\t\t<\/div>\n\t\t\t\t<\/div>\n\t\t\t\t\t<\/div>\n\t\t<\/div>\n\t\t\t\t<div class=\"elementor-column elementor-col-50 elementor-top-column elementor-element elementor-element-dcd82ed\" data-id=\"dcd82ed\" data-element_type=\"column\">\n\t\t\t<div class=\"elementor-widget-wrap\">\n\t\t\t\t\t\t\t<\/div>\n\t\t<\/div>\n\t\t\t\t\t<\/div>\n\t\t<\/section>\n\t\t\t\t<section class=\"elementor-section elementor-top-section elementor-element elementor-element-d61cc8b elementor-section-boxed elementor-section-height-default elementor-section-height-default wpr-particle-no wpr-sticky-section-no\" data-id=\"d61cc8b\" data-element_type=\"section\" data-settings=\"{&quot;background_background&quot;:&quot;classic&quot;}\">\n\t\t\t\t\t\t<div class=\"elementor-container elementor-column-gap-default\">\n\t\t\t\t\t<div class=\"elementor-column elementor-col-50 elementor-top-column elementor-element elementor-element-1c5e959\" data-id=\"1c5e959\" data-element_type=\"column\">\n\t\t\t<div class=\"elementor-widget-wrap elementor-element-populated\">\n\t\t\t\t\t\t<div class=\"elementor-element elementor-element-e84f97c elementor-widget__width-initial elementor-widget elementor-widget-heading\" data-id=\"e84f97c\" data-element_type=\"widget\" data-widget_type=\"heading.default\">\n\t\t\t\t<div class=\"elementor-widget-container\">\n\t\t\t<h2 class=\"elementor-heading-title elementor-size-default\">Brute Force Attack Nedir?<\/h2>\t\t<\/div>\n\t\t\t\t<\/div>\n\t\t\t\t<div class=\"elementor-element elementor-element-38a7db9 elementor-widget__width-initial elementor-widget elementor-widget-text-editor\" data-id=\"38a7db9\" data-element_type=\"widget\" data-widget_type=\"text-editor.default\">\n\t\t\t\t<div class=\"elementor-widget-container\">\n\t\t\t\t\t\t\t<p>En pop\u00fcler Brute Force sald\u0131r\u0131lar\u0131 s\u00f6zl\u00fcklerle yap\u0131l\u0131r. Kullan\u0131c\u0131 ad\u0131n\u0131 bilen veya tahmin eden sald\u0131rganlar, s\u0131k kullan\u0131lan \u015fifreleri listeleyen s\u00f6zl\u00fckler yard\u0131m\u0131yla sisteme sald\u0131r\u0131r ve kullan\u0131c\u0131lar\u0131n hesaplar\u0131na eri\u015fmeye \u00e7al\u0131\u015f\u0131r. \u015eirketlerin gizli belgelerini hedef al\u0131n\u0131r. Sald\u0131rganlar bu belgeleri \u00e7al\u0131p satabilir, bu durum \u015firketin geli\u015ftirdi\u011fi \u00fcr\u00fcnlerin \u00f6zelliklerinin \u00e7al\u0131nmas\u0131na neden olabilece\u011fi gibi, devlet kurumlar\u0131nda meydana geldi\u011finde siyasi sorunlara da neden olabilir.<\/p>\t\t\t\t\t\t<\/div>\n\t\t\t\t<\/div>\n\t\t\t\t<div class=\"elementor-element elementor-element-5e93dc2 elementor-widget elementor-widget-text-editor\" data-id=\"5e93dc2\" data-element_type=\"widget\" data-widget_type=\"text-editor.default\">\n\t\t\t\t<div class=\"elementor-widget-container\">\n\t\t\t\t\t\t\t<em>Verizon'a g\u00f6re<a style=\"text-decoration: underline; color: dark blue;\" target=\"_blank\" rel=\"noopener\"><span style=\"text-decoration: underline;\">\u00a02020 Veri \u0130hlal Ara\u015ft\u0131rmalar\u0131 Raporu<\/span><\/a>Brute Force parolalar\u0131n\u0131 i\u00e7eren bilgisayar korsanl\u0131\u011f\u0131, birincil sald\u0131r\u0131 vekt\u00f6r\u00fc olmaya devam ediyor. Bilgisayar korsanl\u0131\u011f\u0131n\u0131n neden oldu\u011fu ihlallerin 'inden fazlas\u0131 Brute Force veya kay\u0131p ya da \u00e7al\u0131nan kimlik bilgilerinin kullan\u0131m\u0131n\u0131 i\u00e7erir.<\/em>\t\t\t\t\t\t<\/div>\n\t\t\t\t<\/div>\n\t\t\t\t\t<\/div>\n\t\t<\/div>\n\t\t\t\t<div class=\"elementor-column elementor-col-50 elementor-top-column elementor-element elementor-element-a9d03f6\" data-id=\"a9d03f6\" data-element_type=\"column\">\n\t\t\t<div class=\"elementor-widget-wrap elementor-element-populated\">\n\t\t\t\t\t\t<div class=\"elementor-element elementor-element-b0bd643 elementor-widget elementor-widget-image\" data-id=\"b0bd643\" data-element_type=\"widget\" data-widget_type=\"image.default\">\n\t\t\t\t<div class=\"elementor-widget-container\">\n\t\t\t\t\t\t\t\t\t\t\t\t\t<img fetchpriority=\"high\" decoding=\"async\" width=\"800\" height=\"563\" src=\"https:\/\/authtake.com\/wp-content\/uploads\/2021\/01\/golgeli-ist-1024x721.png\" class=\"attachment-large size-large wp-image-4364\" alt=\"\" srcset=\"https:\/\/authtake.com\/wp-content\/uploads\/2021\/01\/golgeli-ist-1024x721.png 1024w, https:\/\/authtake.com\/wp-content\/uploads\/2021\/01\/golgeli-ist-300x211.png 300w, https:\/\/authtake.com\/wp-content\/uploads\/2021\/01\/golgeli-ist-768x540.png 768w, https:\/\/authtake.com\/wp-content\/uploads\/2021\/01\/golgeli-ist.png 1421w\" sizes=\"(max-width: 800px) 100vw, 800px\" \/>\t\t\t\t\t\t\t\t\t\t\t\t\t<\/div>\n\t\t\t\t<\/div>\n\t\t\t\t<div class=\"elementor-element elementor-element-a78ce1b elementor-widget elementor-widget-spacer\" data-id=\"a78ce1b\" data-element_type=\"widget\" data-widget_type=\"spacer.default\">\n\t\t\t\t<div class=\"elementor-widget-container\">\n\t\t\t\t\t<div class=\"elementor-spacer\">\n\t\t\t<div class=\"elementor-spacer-inner\"><\/div>\n\t\t<\/div>\n\t\t\t\t<\/div>\n\t\t\t\t<\/div>\n\t\t\t\t\t<\/div>\n\t\t<\/div>\n\t\t\t\t\t<\/div>\n\t\t<\/section>\n\t\t\t\t<section class=\"elementor-section elementor-top-section elementor-element elementor-element-fe46bf0 elementor-section-boxed elementor-section-height-default elementor-section-height-default wpr-particle-no wpr-sticky-section-no\" data-id=\"fe46bf0\" data-element_type=\"section\" data-settings=\"{&quot;background_background&quot;:&quot;classic&quot;}\">\n\t\t\t\t\t\t<div class=\"elementor-container elementor-column-gap-default\">\n\t\t\t\t\t<div class=\"elementor-column elementor-col-50 elementor-top-column elementor-element elementor-element-6b33d15 elementor-hidden-tablet elementor-hidden-mobile\" data-id=\"6b33d15\" data-element_type=\"column\">\n\t\t\t<div class=\"elementor-widget-wrap elementor-element-populated\">\n\t\t\t\t\t\t<div class=\"elementor-element elementor-element-8f8ce21 elementor-widget elementor-widget-image\" data-id=\"8f8ce21\" data-element_type=\"widget\" data-widget_type=\"image.default\">\n\t\t\t\t<div class=\"elementor-widget-container\">\n\t\t\t\t\t\t\t\t\t\t\t\t\t<img decoding=\"async\" width=\"800\" height=\"800\" src=\"https:\/\/authtake.com\/wp-content\/uploads\/2021\/01\/hacker_2-1024x1024.png\" class=\"attachment-large size-large wp-image-4370\" alt=\"\" srcset=\"https:\/\/authtake.com\/wp-content\/uploads\/2021\/01\/hacker_2-1024x1024.png 1024w, https:\/\/authtake.com\/wp-content\/uploads\/2021\/01\/hacker_2-300x300.png 300w, https:\/\/authtake.com\/wp-content\/uploads\/2021\/01\/hacker_2-150x150.png 150w, https:\/\/authtake.com\/wp-content\/uploads\/2021\/01\/hacker_2-768x768.png 768w, https:\/\/authtake.com\/wp-content\/uploads\/2021\/01\/hacker_2-1536x1536.png 1536w, https:\/\/authtake.com\/wp-content\/uploads\/2021\/01\/hacker_2-2048x2048.png 2048w\" sizes=\"(max-width: 800px) 100vw, 800px\" \/>\t\t\t\t\t\t\t\t\t\t\t\t\t<\/div>\n\t\t\t\t<\/div>\n\t\t\t\t\t<\/div>\n\t\t<\/div>\n\t\t\t\t<div class=\"elementor-column elementor-col-50 elementor-top-column elementor-element elementor-element-26b3c5f\" data-id=\"26b3c5f\" data-element_type=\"column\">\n\t\t\t<div class=\"elementor-widget-wrap elementor-element-populated\">\n\t\t\t\t\t\t<div class=\"elementor-element elementor-element-9e5dd40 elementor-widget__width-initial elementor-widget elementor-widget-heading\" data-id=\"9e5dd40\" data-element_type=\"widget\" data-widget_type=\"heading.default\">\n\t\t\t\t<div class=\"elementor-widget-container\">\n\t\t\t<h2 class=\"elementor-heading-title elementor-size-default\">S\u0131radaki Kurban \u015eirketiniz Olabilir.<\/h2>\t\t<\/div>\n\t\t\t\t<\/div>\n\t\t\t\t<div class=\"elementor-element elementor-element-18b8f16 elementor-widget__width-initial elementor-widget elementor-widget-text-editor\" data-id=\"18b8f16\" data-element_type=\"widget\" data-widget_type=\"text-editor.default\">\n\t\t\t\t<div class=\"elementor-widget-container\">\n\t\t\t\t\t\t\t<p>Gece saatlerinde bir kurumda ya\u015fanan kaba kuvvet sald\u0131r\u0131s\u0131 nedeniyle 1 g\u00fcn \u00e7al\u0131\u015famaz hale geldi. \u015eirket \u00e7al\u0131\u015fanlar\u0131n\u0131n bilgilerine ula\u015fan sald\u0131rganlar, ad-soyad gibi \u00f6nemsiz ve ula\u015f\u0131labilir bir bilgi gibi g\u00f6r\u00fcnen bu bilgileri kullanarak \u015firketin sistemini bozdu.<\/p><p>Peki bu nas\u0131l oldu? \u015eirketin Active Directory'sine eri\u015fen bilgisayar korsanlar\u0131, sistem eri\u015fim portal\u0131nda \u00e7al\u0131\u015fanlar\u0131n kullan\u0131c\u0131 ad\u0131n\u0131 girerek yanl\u0131\u015f \u015fifre girmeye \u00e7al\u0131\u015ft\u0131. Bu i\u015flemi makinelerle tekrarlayarak kullan\u0131c\u0131 hesaplar\u0131n\u0131n kilitlenmesini sa\u011flad\u0131lar. Bu kilitlenmenin bir sonucu olarak, \u015firketin BT ekibine ya\u011fmur gibi \u00e7a\u011fr\u0131lar ya\u011fmaya ba\u015flad\u0131. T\u00fcm aramalara cevap veremeyen bili\u015fim ekibi \u00e7ok zor durumda kald\u0131. Bu olay\u0131n \u00e7\u00f6z\u00fcm\u00fc g\u00fcnl\u00fck 5000 ki\u015fiye, yani 5000 i\u015f g\u00fcn\u00fcne mal oldu. Bir kurumda tek bir gecede ya\u015fanan Brute Force sald\u0131r\u0131s\u0131 nedeniyle kurum 1 g\u00fcn \u00e7al\u0131\u015famaz hale geldi. \u015eirket \u00e7al\u0131\u015fanlar\u0131n\u0131n bilgilerine ula\u015fan sald\u0131rganlar, bu bilgileri kullanarak \u015firketin sistemini bozdu,<\/p>\t\t\t\t\t\t<\/div>\n\t\t\t\t<\/div>\n\t\t\t\t<div class=\"elementor-element elementor-element-dda2bad elementor-hidden-desktop elementor-widget elementor-widget-image\" data-id=\"dda2bad\" data-element_type=\"widget\" data-widget_type=\"image.default\">\n\t\t\t\t<div class=\"elementor-widget-container\">\n\t\t\t\t\t\t\t\t\t\t\t\t\t<img decoding=\"async\" width=\"800\" height=\"800\" src=\"https:\/\/authtake.com\/wp-content\/uploads\/2021\/01\/hacker_2-1024x1024.png\" class=\"attachment-large size-large wp-image-4370\" alt=\"\" srcset=\"https:\/\/authtake.com\/wp-content\/uploads\/2021\/01\/hacker_2-1024x1024.png 1024w, https:\/\/authtake.com\/wp-content\/uploads\/2021\/01\/hacker_2-300x300.png 300w, https:\/\/authtake.com\/wp-content\/uploads\/2021\/01\/hacker_2-150x150.png 150w, https:\/\/authtake.com\/wp-content\/uploads\/2021\/01\/hacker_2-768x768.png 768w, https:\/\/authtake.com\/wp-content\/uploads\/2021\/01\/hacker_2-1536x1536.png 1536w, https:\/\/authtake.com\/wp-content\/uploads\/2021\/01\/hacker_2-2048x2048.png 2048w\" sizes=\"(max-width: 800px) 100vw, 800px\" \/>\t\t\t\t\t\t\t\t\t\t\t\t\t<\/div>\n\t\t\t\t<\/div>\n\t\t\t\t\t<\/div>\n\t\t<\/div>\n\t\t\t\t\t<\/div>\n\t\t<\/section>\n\t\t\t\t<section class=\"elementor-section elementor-top-section elementor-element elementor-element-94a72e6 elementor-section-boxed elementor-section-height-default elementor-section-height-default wpr-particle-no wpr-sticky-section-no\" data-id=\"94a72e6\" data-element_type=\"section\" data-settings=\"{&quot;background_background&quot;:&quot;classic&quot;}\">\n\t\t\t\t\t\t<div class=\"elementor-container elementor-column-gap-default\">\n\t\t\t\t\t<div class=\"elementor-column elementor-col-50 elementor-top-column elementor-element elementor-element-bb5f039\" data-id=\"bb5f039\" data-element_type=\"column\">\n\t\t\t<div class=\"elementor-widget-wrap elementor-element-populated\">\n\t\t\t\t\t\t<div class=\"elementor-element elementor-element-66d940b elementor-hidden-desktop elementor-hidden-tablet elementor-widget elementor-widget-spacer\" data-id=\"66d940b\" data-element_type=\"widget\" data-widget_type=\"spacer.default\">\n\t\t\t\t<div class=\"elementor-widget-container\">\n\t\t\t\t\t<div class=\"elementor-spacer\">\n\t\t\t<div class=\"elementor-spacer-inner\"><\/div>\n\t\t<\/div>\n\t\t\t\t<\/div>\n\t\t\t\t<\/div>\n\t\t\t\t<div class=\"elementor-element elementor-element-cdaefc5 elementor-widget__width-initial elementor-widget elementor-widget-heading\" data-id=\"cdaefc5\" data-element_type=\"widget\" data-widget_type=\"heading.default\">\n\t\t\t\t<div class=\"elementor-widget-container\">\n\t\t\t<h2 class=\"elementor-heading-title elementor-size-default\">Brute Force Sald\u0131r\u0131lar\u0131n\u0131 \u015eirketinizden Uzak Tutun.<\/h2>\t\t<\/div>\n\t\t\t\t<\/div>\n\t\t\t\t<div class=\"elementor-element elementor-element-03c24b7 elementor-widget__width-initial elementor-widget elementor-widget-text-editor\" data-id=\"03c24b7\" data-element_type=\"widget\" data-widget_type=\"text-editor.default\">\n\t\t\t\t<div class=\"elementor-widget-container\">\n\t\t\t\t\t\t\t<p>AuthTake geli\u015ftirdi\u011fi \u00e7\u00f6z\u00fcmler ile sistemlerinize eri\u015fim i\u00e7in kimlik do\u011frulama sa\u011flar. AuthTake, kullan\u0131c\u0131 oturum a\u00e7ma iste\u011fini do\u011frudan \u015firketinizin aktif y\u00f6neticisine arama olarak g\u00f6ndermedi\u011fi i\u00e7in bu sald\u0131r\u0131 ile sisteminizin \u00e7\u00f6kmesi m\u00fcmk\u00fcn de\u011fildir. AuthTake kimlik do\u011frulama \u00fcr\u00fcn\u00fc ile, oturum a\u00e7ma istekleri \u00f6nce AuthTake'in sisteminde de\u011ferlendirilir ve se\u00e7ti\u011finiz say\u0131dan fazla hatal\u0131 oturum a\u00e7ma istekleri, kullan\u0131c\u0131 do\u011fru bir \u015fekilde kimlik do\u011frulamas\u0131 yapana kadar Aktif Y\u00f6neticinize g\u00f6nderilmez.. AuthTake, kullan\u0131c\u0131lar\u0131n\u0131z\u0131n i\u015fini zorla\u015ft\u0131rmaz, ancak sald\u0131ranlar i\u00e7in ayn\u0131 \u015feyi s\u00f6yleyemeyece\u011fim.<\/p>\t\t\t\t\t\t<\/div>\n\t\t\t\t<\/div>\n\t\t\t\t\t<\/div>\n\t\t<\/div>\n\t\t\t\t<div class=\"elementor-column elementor-col-50 elementor-top-column elementor-element elementor-element-aeb936f\" data-id=\"aeb936f\" data-element_type=\"column\">\n\t\t\t<div class=\"elementor-widget-wrap elementor-element-populated\">\n\t\t\t\t\t\t<div class=\"elementor-element elementor-element-4da4dd1 elementor-widget elementor-widget-image\" data-id=\"4da4dd1\" data-element_type=\"widget\" data-widget_type=\"image.default\">\n\t\t\t\t<div class=\"elementor-widget-container\">\n\t\t\t\t\t\t\t\t\t\t\t\t\t<img decoding=\"async\" width=\"800\" height=\"662\" src=\"https:\/\/authtake.com\/wp-content\/uploads\/2021\/01\/financegor.png\" class=\"attachment-large size-large wp-image-3403\" alt=\"\" srcset=\"https:\/\/authtake.com\/wp-content\/uploads\/2021\/01\/financegor.png 833w, https:\/\/authtake.com\/wp-content\/uploads\/2021\/01\/financegor-300x248.png 300w, https:\/\/authtake.com\/wp-content\/uploads\/2021\/01\/financegor-768x635.png 768w\" sizes=\"(max-width: 800px) 100vw, 800px\" \/>\t\t\t\t\t\t\t\t\t\t\t\t\t<\/div>\n\t\t\t\t<\/div>\n\t\t\t\t<div class=\"elementor-element elementor-element-93d06f6 elementor-hidden-desktop elementor-hidden-tablet elementor-widget elementor-widget-spacer\" data-id=\"93d06f6\" data-element_type=\"widget\" data-widget_type=\"spacer.default\">\n\t\t\t\t<div class=\"elementor-widget-container\">\n\t\t\t\t\t<div class=\"elementor-spacer\">\n\t\t\t<div class=\"elementor-spacer-inner\"><\/div>\n\t\t<\/div>\n\t\t\t\t<\/div>\n\t\t\t\t<\/div>\n\t\t\t\t\t<\/div>\n\t\t<\/div>\n\t\t\t\t\t<\/div>\n\t\t<\/section>\n\t\t\t\t<\/div>","protected":false},"excerpt":{"rendered":"<p>&#8211; Solutions &#8211; Brute Force Attack Prevention It&#8217;s one of those attacks that you should keep away from your systems. We know it&#8217;s hard to keep it away. For this reason, Authtake is here. FREE TRIAL \u00a0&#8211; Try 30 days for free. \u00a0&#8211; Cancel anytime. What Is Brute Force Attack? The most popular brute force attacks are done with dictionaries. The attackers, who know or guess the username, attack the system with the help of dictionaries that list the frequently used passwords and try to access the accounts of the users. Attackers target company confidential documents. They can steal and sell these documents, this situation may cause the theft of the features of the products developed by the company, as well as political problems when it occurs in government institutions. According to Verizon\u2019s\u00a02020 Data Breach Investigations Report, hacking, which includes brute forcing passwords, remains the primary attack vector. Over 80% of breaches caused by hacking involve brute force or the use of lost or stolen credentials. Don&#8217;t Worry, This Is Not Your Company .. For Now. Due to a brute force attack experienced at night in a institution became unable to work for 1 day. The attackers, who accessed the information of the company employees, broke the system of the company by using this information, which seemed to be an insignificant and accessible information such as name and surname. So how did it happen? Hackers who accessed the company&#8217;s Active Director entered the username of the employees on the system access portal and attempted incorrect passwords. By repeating this process with machines, they ensured that user accounts were locked. As a result of this lockdown, rain-like calls began to fall to the company&#8217;s IT team. The IT team, which could not reach all the calls, was in a very difficult situation. The solution of this incident cost 5000 people a day&#8217;s work, in other words, it cost 5000 working daysDue to a brute force attack experienced at night in a institution \/ organization, the institution \/ organization became unable to work for 1 day. The attackers, who accessed the information of the company employees, broke the system of the company by using this information, which seemed to be an insignificant and accessible information such as name and surname. Keep Brute Force Attacks Away From Your Company. With the solutions AuthTake has developed, it provides authentication for access to your systems. Since AuthTake does not send the user login request directly to your company&#8217;s active director as a call, it is not possible for your system to crash with this attack. With the AuthTake authentication product, login requests are first evaluated in AuthTake&#8217;s system and incorrect login requests more than times you choose are not sent to your Active Director until the user authenticates correctly.. AuthTake doesn&#8217;t make your users&#8217; job difficult, but we can&#8217;t say the same for the attackers.<\/p>","protected":false},"author":1,"featured_media":0,"parent":0,"menu_order":0,"comment_status":"closed","ping_status":"closed","template":"","meta":[],"_links":{"self":[{"href":"https:\/\/authtake.com\/tr\/wp-json\/wp\/v2\/pages\/4294"}],"collection":[{"href":"https:\/\/authtake.com\/tr\/wp-json\/wp\/v2\/pages"}],"about":[{"href":"https:\/\/authtake.com\/tr\/wp-json\/wp\/v2\/types\/page"}],"author":[{"embeddable":true,"href":"https:\/\/authtake.com\/tr\/wp-json\/wp\/v2\/users\/1"}],"replies":[{"embeddable":true,"href":"https:\/\/authtake.com\/tr\/wp-json\/wp\/v2\/comments?post=4294"}],"version-history":[{"count":7,"href":"https:\/\/authtake.com\/tr\/wp-json\/wp\/v2\/pages\/4294\/revisions"}],"predecessor-version":[{"id":16176,"href":"https:\/\/authtake.com\/tr\/wp-json\/wp\/v2\/pages\/4294\/revisions\/16176"}],"wp:attachment":[{"href":"https:\/\/authtake.com\/tr\/wp-json\/wp\/v2\/media?parent=4294"}],"curies":[{"name":"wp","href":"https:\/\/api.w.org\/{rel}","templated":true}]}}