{"id":4288,"date":"2021-01-25T06:41:50","date_gmt":"2021-01-25T06:41:50","guid":{"rendered":"http:\/\/authtake.com\/?page_id=4288"},"modified":"2023-03-06T13:03:58","modified_gmt":"2023-03-06T13:03:58","slug":"solutions-frictionless-customer-experiences","status":"publish","type":"page","link":"https:\/\/authtake.com\/tr\/solutions-frictionless-customer-experiences\/","title":{"rendered":"Solutions &#8211; Frictionless Customer Experiences"},"content":{"rendered":"<div data-elementor-type=\"wp-page\" data-elementor-id=\"4288\" class=\"elementor elementor-4288\">\n\t\t\t\t\t\t<section class=\"elementor-section elementor-top-section elementor-element elementor-element-a63bfa7 elementor-section-height-min-height elementor-section-boxed elementor-section-height-default elementor-section-items-middle wpr-particle-no wpr-sticky-section-no\" data-id=\"a63bfa7\" data-element_type=\"section\" data-settings=\"{&quot;background_background&quot;:&quot;classic&quot;}\">\n\t\t\t\t\t\t<div class=\"elementor-container elementor-column-gap-default\">\n\t\t\t\t\t<div class=\"elementor-column elementor-col-50 elementor-top-column elementor-element elementor-element-fb02a3e\" data-id=\"fb02a3e\" data-element_type=\"column\">\n\t\t\t<div class=\"elementor-widget-wrap elementor-element-populated\">\n\t\t\t\t\t\t<div class=\"elementor-element elementor-element-a039bbf elementor-widget elementor-widget-heading\" data-id=\"a039bbf\" data-element_type=\"widget\" data-widget_type=\"heading.default\">\n\t\t\t\t<div class=\"elementor-widget-container\">\n\t\t\t<h2 class=\"elementor-heading-title elementor-size-default\">- \u00c7\u00f6z\u00fcmler -<\/h2>\t\t<\/div>\n\t\t\t\t<\/div>\n\t\t\t\t<div class=\"elementor-element elementor-element-ffc9234 elementor-widget elementor-widget-heading\" data-id=\"ffc9234\" data-element_type=\"widget\" data-widget_type=\"heading.default\">\n\t\t\t\t<div class=\"elementor-widget-container\">\n\t\t\t<h2 class=\"elementor-heading-title elementor-size-default\">Sorunsuz M\u00fc\u015fteri Deneyimi<\/h2>\t\t<\/div>\n\t\t\t\t<\/div>\n\t\t\t\t<div class=\"elementor-element elementor-element-4e9a542 elementor-widget elementor-widget-text-editor\" data-id=\"4e9a542\" data-element_type=\"widget\" data-widget_type=\"text-editor.default\">\n\t\t\t\t<div class=\"elementor-widget-container\">\n\t\t\t\t\t\t\t<p>AuthTake, sizlere sorunsuz bir m\u00fc\u015fteri deneyimi ya\u015fatmak i\u00e7in gerekli t\u00fcm \u00f6zelliklere sahip. \u00dcr\u00fcn\u00fcm\u00fcz\u00fc ihtiya\u00e7 duymad\u0131\u011f\u0131n\u0131z ve kullanmayaca\u011f\u0131n\u0131z \u00f6zelliklerle doldurmad\u0131k. AuthTake'te ihtiyac\u0131n\u0131z neyse onu al\u0131rs\u0131n\u0131z.<\/p>\t\t\t\t\t\t<\/div>\n\t\t\t\t<\/div>\n\t\t\t\t<div class=\"elementor-element elementor-element-e4a264a elementor-widget elementor-widget-button\" data-id=\"e4a264a\" data-element_type=\"widget\" data-widget_type=\"button.default\">\n\t\t\t\t<div class=\"elementor-widget-container\">\n\t\t\t\t\t<div class=\"elementor-button-wrapper\">\n\t\t\t<a class=\"elementor-button elementor-button-link elementor-size-sm\" href=\"https:\/\/authtake.com\/tr\/company-contact-us\/\">\n\t\t\t\t\t\t<span class=\"elementor-button-content-wrapper\">\n\t\t\t\t\t\t<span class=\"elementor-button-text\">\u0130leti\u015fim<\/span>\n\t\t<\/span>\n\t\t\t\t\t<\/a>\n\t\t<\/div>\n\t\t\t\t<\/div>\n\t\t\t\t<\/div>\n\t\t\t\t<div class=\"elementor-element elementor-element-a50eea1 elementor-widget elementor-widget-text-editor\" data-id=\"a50eea1\" data-element_type=\"widget\" data-widget_type=\"text-editor.default\">\n\t\t\t\t<div class=\"elementor-widget-container\">\n\t\t\t\t\t\t\t<p>\u00a0- 30 G\u00fcn \u00fccretsiz deneyin<\/p><p>\u00a0- \u0130stedi\u011finiz zaman iptal edin<\/p>\t\t\t\t\t\t<\/div>\n\t\t\t\t<\/div>\n\t\t\t\t\t<\/div>\n\t\t<\/div>\n\t\t\t\t<div class=\"elementor-column elementor-col-50 elementor-top-column elementor-element elementor-element-f234256\" data-id=\"f234256\" data-element_type=\"column\">\n\t\t\t<div class=\"elementor-widget-wrap\">\n\t\t\t\t\t\t\t<\/div>\n\t\t<\/div>\n\t\t\t\t\t<\/div>\n\t\t<\/section>\n\t\t\t\t<section class=\"elementor-section elementor-top-section elementor-element elementor-element-d61cc8b elementor-section-boxed elementor-section-height-default elementor-section-height-default wpr-particle-no wpr-sticky-section-no\" data-id=\"d61cc8b\" data-element_type=\"section\" data-settings=\"{&quot;background_background&quot;:&quot;classic&quot;}\">\n\t\t\t\t\t\t<div class=\"elementor-container elementor-column-gap-default\">\n\t\t\t\t\t<div class=\"elementor-column elementor-col-50 elementor-top-column elementor-element elementor-element-1c5e959\" data-id=\"1c5e959\" data-element_type=\"column\">\n\t\t\t<div class=\"elementor-widget-wrap elementor-element-populated\">\n\t\t\t\t\t\t<div class=\"elementor-element elementor-element-ff9c4e7 elementor-widget__width-initial elementor-widget elementor-widget-heading\" data-id=\"ff9c4e7\" data-element_type=\"widget\" data-widget_type=\"heading.default\">\n\t\t\t\t<div class=\"elementor-widget-container\">\n\t\t\t<h2 class=\"elementor-heading-title elementor-size-default\">\u015eifresiz Dijital D\u00fcnya Art\u0131k Hayal De\u011fil<\/h2>\t\t<\/div>\n\t\t\t\t<\/div>\n\t\t\t\t<div class=\"elementor-element elementor-element-6211ea0 elementor-widget__width-initial elementor-widget elementor-widget-text-editor\" data-id=\"6211ea0\" data-element_type=\"widget\" data-widget_type=\"text-editor.default\">\n\t\t\t\t<div class=\"elementor-widget-container\">\n\t\t\t\t\t\t\t<p>Hem AuthTake Passwordless MFA hem de AuthTake Passwordless Authentication benzersiz kimlik do\u011frulama \u00f6zelliklerine sahiptir. Bu \u00f6zelliklerden mobil uygulamada giri\u015f yapmak istedi\u011finiz uygulaman\u0131n ekran\u0131nda g\u00f6r\u00fcnen harfi ayn\u0131s\u0131n\u0131 se\u00e7erek push \u00f6zelli\u011fi ile telefonunuza gelen giri\u015fi onaylayabilirsiniz.<\/p>\t\t\t\t\t\t<\/div>\n\t\t\t\t<\/div>\n\t\t\t\t<div class=\"elementor-element elementor-element-a3fdbaf elementor-hidden-desktop elementor-hidden-tablet elementor-widget elementor-widget-image\" data-id=\"a3fdbaf\" data-element_type=\"widget\" data-widget_type=\"image.default\">\n\t\t\t\t<div class=\"elementor-widget-container\">\n\t\t\t\t\t\t\t\t\t\t\t\t\t<img fetchpriority=\"high\" decoding=\"async\" width=\"800\" height=\"646\" src=\"https:\/\/authtake.com\/wp-content\/uploads\/2021\/01\/siteye.png\" class=\"attachment-large size-large wp-image-4353\" alt=\"\" srcset=\"https:\/\/authtake.com\/wp-content\/uploads\/2021\/01\/siteye.png 842w, https:\/\/authtake.com\/wp-content\/uploads\/2021\/01\/siteye-300x242.png 300w, https:\/\/authtake.com\/wp-content\/uploads\/2021\/01\/siteye-768x620.png 768w\" sizes=\"(max-width: 800px) 100vw, 800px\" \/>\t\t\t\t\t\t\t\t\t\t\t\t\t<\/div>\n\t\t\t\t<\/div>\n\t\t\t\t\t<\/div>\n\t\t<\/div>\n\t\t\t\t<div class=\"elementor-column elementor-col-50 elementor-top-column elementor-element elementor-element-a9d03f6\" data-id=\"a9d03f6\" data-element_type=\"column\">\n\t\t\t<div class=\"elementor-widget-wrap elementor-element-populated\">\n\t\t\t\t\t\t<div class=\"elementor-element elementor-element-b0bd643 elementor-hidden-phone elementor-widget elementor-widget-image\" data-id=\"b0bd643\" data-element_type=\"widget\" data-widget_type=\"image.default\">\n\t\t\t\t<div class=\"elementor-widget-container\">\n\t\t\t\t\t\t\t\t\t\t\t\t\t<img fetchpriority=\"high\" decoding=\"async\" width=\"800\" height=\"646\" src=\"https:\/\/authtake.com\/wp-content\/uploads\/2021\/01\/siteye.png\" class=\"attachment-large size-large wp-image-4353\" alt=\"\" srcset=\"https:\/\/authtake.com\/wp-content\/uploads\/2021\/01\/siteye.png 842w, https:\/\/authtake.com\/wp-content\/uploads\/2021\/01\/siteye-300x242.png 300w, https:\/\/authtake.com\/wp-content\/uploads\/2021\/01\/siteye-768x620.png 768w\" sizes=\"(max-width: 800px) 100vw, 800px\" \/>\t\t\t\t\t\t\t\t\t\t\t\t\t<\/div>\n\t\t\t\t<\/div>\n\t\t\t\t<div class=\"elementor-element elementor-element-1c7fa8b elementor-widget elementor-widget-spacer\" data-id=\"1c7fa8b\" data-element_type=\"widget\" data-widget_type=\"spacer.default\">\n\t\t\t\t<div class=\"elementor-widget-container\">\n\t\t\t\t\t<div class=\"elementor-spacer\">\n\t\t\t<div class=\"elementor-spacer-inner\"><\/div>\n\t\t<\/div>\n\t\t\t\t<\/div>\n\t\t\t\t<\/div>\n\t\t\t\t\t<\/div>\n\t\t<\/div>\n\t\t\t\t\t<\/div>\n\t\t<\/section>\n\t\t\t\t<section class=\"elementor-section elementor-top-section elementor-element elementor-element-fe46bf0 elementor-section-boxed elementor-section-height-default elementor-section-height-default wpr-particle-no wpr-sticky-section-no\" data-id=\"fe46bf0\" data-element_type=\"section\" data-settings=\"{&quot;background_background&quot;:&quot;classic&quot;}\">\n\t\t\t\t\t\t<div class=\"elementor-container elementor-column-gap-default\">\n\t\t\t\t\t<div class=\"elementor-column elementor-col-50 elementor-top-column elementor-element elementor-element-6b33d15 elementor-hidden-tablet elementor-hidden-mobile\" data-id=\"6b33d15\" data-element_type=\"column\">\n\t\t\t<div class=\"elementor-widget-wrap elementor-element-populated\">\n\t\t\t\t\t\t<div class=\"elementor-element elementor-element-99799de elementor-widget elementor-widget-image\" data-id=\"99799de\" data-element_type=\"widget\" data-widget_type=\"image.default\">\n\t\t\t\t<div class=\"elementor-widget-container\">\n\t\t\t\t\t\t\t\t\t\t\t\t\t<img decoding=\"async\" width=\"800\" height=\"646\" src=\"https:\/\/authtake.com\/wp-content\/uploads\/2021\/01\/biobio.png\" class=\"attachment-large size-large wp-image-4349\" alt=\"\" srcset=\"https:\/\/authtake.com\/wp-content\/uploads\/2021\/01\/biobio.png 842w, https:\/\/authtake.com\/wp-content\/uploads\/2021\/01\/biobio-300x242.png 300w, https:\/\/authtake.com\/wp-content\/uploads\/2021\/01\/biobio-768x620.png 768w\" sizes=\"(max-width: 800px) 100vw, 800px\" \/>\t\t\t\t\t\t\t\t\t\t\t\t\t<\/div>\n\t\t\t\t<\/div>\n\t\t\t\t\t<\/div>\n\t\t<\/div>\n\t\t\t\t<div class=\"elementor-column elementor-col-50 elementor-top-column elementor-element elementor-element-26b3c5f\" data-id=\"26b3c5f\" data-element_type=\"column\">\n\t\t\t<div class=\"elementor-widget-wrap elementor-element-populated\">\n\t\t\t\t\t\t<div class=\"elementor-element elementor-element-fe0c358 elementor-hidden-phone elementor-widget elementor-widget-spacer\" data-id=\"fe0c358\" data-element_type=\"widget\" data-widget_type=\"spacer.default\">\n\t\t\t\t<div class=\"elementor-widget-container\">\n\t\t\t\t\t<div class=\"elementor-spacer\">\n\t\t\t<div class=\"elementor-spacer-inner\"><\/div>\n\t\t<\/div>\n\t\t\t\t<\/div>\n\t\t\t\t<\/div>\n\t\t\t\t<div class=\"elementor-element elementor-element-d449153 elementor-widget__width-initial elementor-widget elementor-widget-heading\" data-id=\"d449153\" data-element_type=\"widget\" data-widget_type=\"heading.default\">\n\t\t\t\t<div class=\"elementor-widget-container\">\n\t\t\t<h2 class=\"elementor-heading-title elementor-size-default\">Sorunsuz M\u00fc\u015fteri Deneyimi \u0130\u00e7in Geli\u015ftirdi\u011fimiz \u00c7\u00f6z\u00fcmler<\/h2>\t\t<\/div>\n\t\t\t\t<\/div>\n\t\t\t\t<div class=\"elementor-element elementor-element-3df6048 elementor-widget__width-initial elementor-widget elementor-widget-text-editor\" data-id=\"3df6048\" data-element_type=\"widget\" data-widget_type=\"text-editor.default\">\n\t\t\t\t<div class=\"elementor-widget-container\">\n\t\t\t\t\t\t\t<p>Hem AuthTake Passwordless MFA hem de AuthTake Passwordless Authentication benzersiz kimlik do\u011frulama \u00f6zelliklerine sahiptir. Bu \u00f6zelliklerden mobil uygulamada giri\u015f yapmak istedi\u011finiz uygulaman\u0131n ekran\u0131nda g\u00f6r\u00fcnen harfi ayn\u0131s\u0131n\u0131 se\u00e7erek push \u00f6zelli\u011fi ile telefonunuza gelen giri\u015fi onaylayabilirsiniz.<\/p>\t\t\t\t\t\t<\/div>\n\t\t\t\t<\/div>\n\t\t\t\t<div class=\"elementor-element elementor-element-eff35a8 elementor-hidden-desktop elementor-widget elementor-widget-image\" data-id=\"eff35a8\" data-element_type=\"widget\" data-widget_type=\"image.default\">\n\t\t\t\t<div class=\"elementor-widget-container\">\n\t\t\t\t\t\t\t\t\t\t\t\t\t<img decoding=\"async\" width=\"800\" height=\"646\" src=\"https:\/\/authtake.com\/wp-content\/uploads\/2021\/01\/biobio.png\" class=\"attachment-large size-large wp-image-4349\" alt=\"\" srcset=\"https:\/\/authtake.com\/wp-content\/uploads\/2021\/01\/biobio.png 842w, https:\/\/authtake.com\/wp-content\/uploads\/2021\/01\/biobio-300x242.png 300w, https:\/\/authtake.com\/wp-content\/uploads\/2021\/01\/biobio-768x620.png 768w\" sizes=\"(max-width: 800px) 100vw, 800px\" \/>\t\t\t\t\t\t\t\t\t\t\t\t\t<\/div>\n\t\t\t\t<\/div>\n\t\t\t\t<div class=\"elementor-element elementor-element-d79a91d elementor-widget elementor-widget-spacer\" data-id=\"d79a91d\" data-element_type=\"widget\" data-widget_type=\"spacer.default\">\n\t\t\t\t<div class=\"elementor-widget-container\">\n\t\t\t\t\t<div class=\"elementor-spacer\">\n\t\t\t<div class=\"elementor-spacer-inner\"><\/div>\n\t\t<\/div>\n\t\t\t\t<\/div>\n\t\t\t\t<\/div>\n\t\t\t\t\t<\/div>\n\t\t<\/div>\n\t\t\t\t\t<\/div>\n\t\t<\/section>\n\t\t\t\t<\/div>","protected":false},"excerpt":{"rendered":"<p>&#8211; Solutions &#8211; Frictionless Customer Experience We add all the necessary features to provide you with a seamless product experience, we do not fill our product with features that you do not need and will not use. In AuthTake you get what you need. FREE TRIAL \u00a0&#8211; Try 30 days for free. \u00a0&#8211; Cancel anytime. A World Without Passwords Is Not a Dream Anymore. Both AuthTake Passwordless MFA and AuthTake Passwordless Authentication have unique authentication features. Among these features, you can confirm the login received on your phone with the push feature by selecting the same letter shown on the screen of the application you want to login in the mobile application. Solutions we have developed to provide a frictionless customer experience Both AuthTake Passwordless MFA and AuthTake Passwordless Authentication have unique authentication features. Among these features, you can confirm the login received on your phone with the push feature by selecting the same letter shown on the screen of the application you want to login in the mobile application.<\/p>","protected":false},"author":1,"featured_media":0,"parent":0,"menu_order":0,"comment_status":"closed","ping_status":"closed","template":"","meta":[],"_links":{"self":[{"href":"https:\/\/authtake.com\/tr\/wp-json\/wp\/v2\/pages\/4288"}],"collection":[{"href":"https:\/\/authtake.com\/tr\/wp-json\/wp\/v2\/pages"}],"about":[{"href":"https:\/\/authtake.com\/tr\/wp-json\/wp\/v2\/types\/page"}],"author":[{"embeddable":true,"href":"https:\/\/authtake.com\/tr\/wp-json\/wp\/v2\/users\/1"}],"replies":[{"embeddable":true,"href":"https:\/\/authtake.com\/tr\/wp-json\/wp\/v2\/comments?post=4288"}],"version-history":[{"count":6,"href":"https:\/\/authtake.com\/tr\/wp-json\/wp\/v2\/pages\/4288\/revisions"}],"predecessor-version":[{"id":13954,"href":"https:\/\/authtake.com\/tr\/wp-json\/wp\/v2\/pages\/4288\/revisions\/13954"}],"wp:attachment":[{"href":"https:\/\/authtake.com\/tr\/wp-json\/wp\/v2\/media?parent=4288"}],"curies":[{"name":"wp","href":"https:\/\/api.w.org\/{rel}","templated":true}]}}