{"id":3074,"date":"2021-01-21T06:59:54","date_gmt":"2021-01-21T06:59:54","guid":{"rendered":"http:\/\/authtake.com\/?page_id=3074"},"modified":"2023-07-19T17:09:58","modified_gmt":"2023-07-19T14:09:58","slug":"industries-manufacturing","status":"publish","type":"page","link":"https:\/\/authtake.com\/tr\/industries-manufacturing\/","title":{"rendered":"Industries-Manufacturing"},"content":{"rendered":"<div data-elementor-type=\"wp-page\" data-elementor-id=\"3074\" class=\"elementor elementor-3074\">\n\t\t\t\t\t\t<section class=\"elementor-section elementor-top-section elementor-element elementor-element-694780d elementor-section-height-min-height elementor-section-boxed elementor-section-height-default elementor-section-items-middle wpr-particle-no wpr-sticky-section-no\" data-id=\"694780d\" data-element_type=\"section\" data-settings=\"{&quot;background_background&quot;:&quot;classic&quot;}\">\n\t\t\t\t\t\t<div class=\"elementor-container elementor-column-gap-default\">\n\t\t\t\t\t<div class=\"elementor-column elementor-col-50 elementor-top-column elementor-element elementor-element-2458254\" data-id=\"2458254\" data-element_type=\"column\">\n\t\t\t<div class=\"elementor-widget-wrap elementor-element-populated\">\n\t\t\t\t\t\t<div class=\"elementor-element elementor-element-9bb027a elementor-widget elementor-widget-heading\" data-id=\"9bb027a\" data-element_type=\"widget\" data-widget_type=\"heading.default\">\n\t\t\t\t<div class=\"elementor-widget-container\">\n\t\t\t<h2 class=\"elementor-heading-title elementor-size-default\">- End\u00fcstriler -<\/h2>\t\t<\/div>\n\t\t\t\t<\/div>\n\t\t\t\t<div class=\"elementor-element elementor-element-a555c63 elementor-widget elementor-widget-heading\" data-id=\"a555c63\" data-element_type=\"widget\" data-widget_type=\"heading.default\">\n\t\t\t\t<div class=\"elementor-widget-container\">\n\t\t\t<h2 class=\"elementor-heading-title elementor-size-default\">\u00dcretim<\/h2>\t\t<\/div>\n\t\t\t\t<\/div>\n\t\t\t\t<div class=\"elementor-element elementor-element-9319095 elementor-widget elementor-widget-text-editor\" data-id=\"9319095\" data-element_type=\"widget\" data-widget_type=\"text-editor.default\">\n\t\t\t\t<div class=\"elementor-widget-container\">\n\t\t\t\t\t\t\t<p>AuthTake, \u00e7al\u0131\u015fanlar\u0131n\u0131z\u0131n g\u00fcnl\u00fck i\u015flerini h\u0131zland\u0131rmalar\u0131 ve verilerinizin k\u00f6t\u00fc niyetli ki\u015filerin eline ge\u00e7mesini engellemeleri i\u00e7in \u00e7\u00f6z\u00fcmler sunar.<\/p>\t\t\t\t\t\t<\/div>\n\t\t\t\t<\/div>\n\t\t\t\t<div class=\"elementor-element elementor-element-5b5f02d elementor-widget elementor-widget-button\" data-id=\"5b5f02d\" data-element_type=\"widget\" data-widget_type=\"button.default\">\n\t\t\t\t<div class=\"elementor-widget-container\">\n\t\t\t\t\t<div class=\"elementor-button-wrapper\">\n\t\t\t<a class=\"elementor-button elementor-button-link elementor-size-sm\" href=\"https:\/\/authtake.com\/tr\/company-contact-us\/\">\n\t\t\t\t\t\t<span class=\"elementor-button-content-wrapper\">\n\t\t\t\t\t\t<span class=\"elementor-button-text\">\u0130leti\u015fim<\/span>\n\t\t<\/span>\n\t\t\t\t\t<\/a>\n\t\t<\/div>\n\t\t\t\t<\/div>\n\t\t\t\t<\/div>\n\t\t\t\t<div class=\"elementor-element elementor-element-2f0f43c elementor-widget elementor-widget-text-editor\" data-id=\"2f0f43c\" data-element_type=\"widget\" data-widget_type=\"text-editor.default\">\n\t\t\t\t<div class=\"elementor-widget-container\">\n\t\t\t\t\t\t\t<p>\u00a0- 30 G\u00fcn \u00fccretsiz deneyin<\/p><p>\u00a0- \u0130stedi\u011finiz zaman iptal edin<\/p>\t\t\t\t\t\t<\/div>\n\t\t\t\t<\/div>\n\t\t\t\t\t<\/div>\n\t\t<\/div>\n\t\t\t\t<div class=\"elementor-column elementor-col-50 elementor-top-column elementor-element elementor-element-5c39e45\" data-id=\"5c39e45\" data-element_type=\"column\">\n\t\t\t<div class=\"elementor-widget-wrap\">\n\t\t\t\t\t\t\t<\/div>\n\t\t<\/div>\n\t\t\t\t\t<\/div>\n\t\t<\/section>\n\t\t\t\t<section class=\"elementor-section elementor-top-section elementor-element elementor-element-ad8efa8 elementor-section-boxed elementor-section-height-default elementor-section-height-default wpr-particle-no wpr-sticky-section-no\" data-id=\"ad8efa8\" data-element_type=\"section\" data-settings=\"{&quot;background_background&quot;:&quot;classic&quot;}\">\n\t\t\t\t\t\t<div class=\"elementor-container elementor-column-gap-default\">\n\t\t\t\t\t<div class=\"elementor-column elementor-col-50 elementor-top-column elementor-element elementor-element-3c29160\" data-id=\"3c29160\" data-element_type=\"column\">\n\t\t\t<div class=\"elementor-widget-wrap elementor-element-populated\">\n\t\t\t\t\t\t<div class=\"elementor-element elementor-element-18145e7 elementor-widget elementor-widget-heading\" data-id=\"18145e7\" data-element_type=\"widget\" data-widget_type=\"heading.default\">\n\t\t\t\t<div class=\"elementor-widget-container\">\n\t\t\t<h2 class=\"elementor-heading-title elementor-size-default\">Dijital Bir D\u00fcnyada G\u00fcvenlikten Taviz Vermeyin<\/h2>\t\t<\/div>\n\t\t\t\t<\/div>\n\t\t\t\t<div class=\"elementor-element elementor-element-8f97b84 elementor-widget elementor-widget-text-editor\" data-id=\"8f97b84\" data-element_type=\"widget\" data-widget_type=\"text-editor.default\">\n\t\t\t\t<div class=\"elementor-widget-container\">\n\t\t\t\t\t\t\t<p>Verimlili\u011finizi etkileyen herhangi bir sorun kabul edilemez ve acilen \u00e7\u00f6z\u00fclmesi gerekiyor. \u00c7al\u0131\u015fanlar\u0131n\u0131z\u0131n g\u00fcn boyunca birden fazla sistemde kimlik do\u011frulamas\u0131 yapmas\u0131 gerekir. Giri\u015f yap\u0131lan bu sistemlerin \u015fifreleri g\u00fcvenlik nedeniyle d\u00fczenli olarak de\u011fi\u015ftirilmektedir. BT ekibine yap\u0131lan aramalar\u0131n \u00e7o\u011fu \u015fifre ile ilgili sorunlarla ilgilidir. BT ekibi me\u015fgul oldu\u011funda, \u00e7al\u0131\u015fanlar\u0131n\u0131z s\u0131rada bekliyor. Bu, bekleme vardiyalar\u0131n\u0131n verimlili\u011fini azalt\u0131r. Acilen \u00e7\u00f6z\u00fclmesi gereken sorunlar sisteme girememe sorunu nedeniyle beklemeye neden olmakta ve bu da \u00fcretimde aksamalara neden olmaktad\u0131r. \u00c7\u00f6z\u00fcm, BT'ye daha fazla ki\u015fiyi i\u015fe almamal\u0131, \u00e7\u00f6z\u00fcm AuthTake olmal\u0131d\u0131r.<\/p>\t\t\t\t\t\t<\/div>\n\t\t\t\t<\/div>\n\t\t\t\t\t<\/div>\n\t\t<\/div>\n\t\t\t\t<div class=\"elementor-column elementor-col-50 elementor-top-column elementor-element elementor-element-ca6ed7c\" data-id=\"ca6ed7c\" data-element_type=\"column\">\n\t\t\t<div class=\"elementor-widget-wrap elementor-element-populated\">\n\t\t\t\t\t\t<div class=\"elementor-element elementor-element-4574253 elementor-widget elementor-widget-image\" data-id=\"4574253\" data-element_type=\"widget\" data-widget_type=\"image.default\">\n\t\t\t\t<div class=\"elementor-widget-container\">\n\t\t\t\t\t\t\t\t\t\t\t\t\t<img fetchpriority=\"high\" decoding=\"async\" width=\"800\" height=\"662\" src=\"https:\/\/authtake.com\/wp-content\/uploads\/2021\/01\/manu.png\" class=\"attachment-large size-large wp-image-3391\" alt=\"\" srcset=\"https:\/\/authtake.com\/wp-content\/uploads\/2021\/01\/manu.png 833w, https:\/\/authtake.com\/wp-content\/uploads\/2021\/01\/manu-300x248.png 300w, https:\/\/authtake.com\/wp-content\/uploads\/2021\/01\/manu-768x635.png 768w\" sizes=\"(max-width: 800px) 100vw, 800px\" \/>\t\t\t\t\t\t\t\t\t\t\t\t\t<\/div>\n\t\t\t\t<\/div>\n\t\t\t\t\t<\/div>\n\t\t<\/div>\n\t\t\t\t\t<\/div>\n\t\t<\/section>\n\t\t\t\t<section class=\"elementor-section elementor-top-section elementor-element elementor-element-888679f elementor-section-full_width elementor-section-height-min-height elementor-section-items-top elementor-section-content-top elementor-section-height-default wpr-particle-no wpr-sticky-section-no\" data-id=\"888679f\" data-element_type=\"section\" data-settings=\"{&quot;background_background&quot;:&quot;classic&quot;}\">\n\t\t\t\t\t\t<div class=\"elementor-container elementor-column-gap-default\">\n\t\t\t\t\t<div class=\"elementor-column elementor-col-100 elementor-top-column elementor-element elementor-element-b7a4d1d\" data-id=\"b7a4d1d\" data-element_type=\"column\">\n\t\t\t<div class=\"elementor-widget-wrap elementor-element-populated\">\n\t\t\t\t\t\t<div class=\"elementor-element elementor-element-f5427ee elementor-widget elementor-widget-text-editor\" data-id=\"f5427ee\" data-element_type=\"widget\" data-widget_type=\"text-editor.default\">\n\t\t\t\t<div class=\"elementor-widget-container\">\n\t\t\t\t\t\t\t<p>\u00c7e\u015fitli Kimlik Do\u011frulama Se\u00e7enekleri<\/p>\t\t\t\t\t\t<\/div>\n\t\t\t\t<\/div>\n\t\t\t\t<div class=\"elementor-element elementor-element-822f28a elementor-widget elementor-widget-text-editor\" data-id=\"822f28a\" data-element_type=\"widget\" data-widget_type=\"text-editor.default\">\n\t\t\t\t<div class=\"elementor-widget-container\">\n\t\t\t\t\t\t\t<p>Authatke \u00fcr\u00fcnleri size kimlik do\u011frulama i\u00e7in birden fazla se\u00e7enek sunar. Hangisinin sizin i\u00e7in daha iyi oldu\u011funu d\u00fc\u015f\u00fcnd\u00fc\u011f\u00fcn\u00fcz\u00fc se\u00e7ebilirsiniz<\/p>\t\t\t\t\t\t<\/div>\n\t\t\t\t<\/div>\n\t\t\t\t\t<\/div>\n\t\t<\/div>\n\t\t\t\t\t<\/div>\n\t\t<\/section>\n\t\t\t\t<section class=\"elementor-section elementor-top-section elementor-element elementor-element-ccbb3e4 elementor-section-boxed elementor-section-height-default elementor-section-height-default wpr-particle-no wpr-sticky-section-no\" data-id=\"ccbb3e4\" data-element_type=\"section\" data-settings=\"{&quot;background_background&quot;:&quot;classic&quot;}\">\n\t\t\t\t\t\t<div class=\"elementor-container elementor-column-gap-default\">\n\t\t\t\t\t<div class=\"elementor-column elementor-col-50 elementor-top-column elementor-element elementor-element-24b4cb3\" data-id=\"24b4cb3\" data-element_type=\"column\">\n\t\t\t<div class=\"elementor-widget-wrap elementor-element-populated\">\n\t\t\t\t\t\t<div class=\"elementor-element elementor-element-26295c0 elementor-widget elementor-widget-image\" data-id=\"26295c0\" data-element_type=\"widget\" data-widget_type=\"image.default\">\n\t\t\t\t<div class=\"elementor-widget-container\">\n\t\t\t\t\t\t\t\t\t\t\t\t\t<img decoding=\"async\" width=\"800\" height=\"800\" src=\"https:\/\/authtake.com\/wp-content\/uploads\/2021\/01\/manuvector-1024x1024.png\" class=\"attachment-large size-large wp-image-3395\" alt=\"\" srcset=\"https:\/\/authtake.com\/wp-content\/uploads\/2021\/01\/manuvector-1024x1024.png 1024w, https:\/\/authtake.com\/wp-content\/uploads\/2021\/01\/manuvector-300x300.png 300w, https:\/\/authtake.com\/wp-content\/uploads\/2021\/01\/manuvector-150x150.png 150w, https:\/\/authtake.com\/wp-content\/uploads\/2021\/01\/manuvector-768x768.png 768w, https:\/\/authtake.com\/wp-content\/uploads\/2021\/01\/manuvector-1536x1536.png 1536w, https:\/\/authtake.com\/wp-content\/uploads\/2021\/01\/manuvector-2048x2048.png 2048w\" sizes=\"(max-width: 800px) 100vw, 800px\" \/>\t\t\t\t\t\t\t\t\t\t\t\t\t<\/div>\n\t\t\t\t<\/div>\n\t\t\t\t\t<\/div>\n\t\t<\/div>\n\t\t\t\t<div class=\"elementor-column elementor-col-50 elementor-top-column elementor-element elementor-element-bd4b53b\" data-id=\"bd4b53b\" data-element_type=\"column\">\n\t\t\t<div class=\"elementor-widget-wrap elementor-element-populated\">\n\t\t\t\t\t\t<div class=\"elementor-element elementor-element-781cf40 elementor-widget elementor-widget-heading\" data-id=\"781cf40\" data-element_type=\"widget\" data-widget_type=\"heading.default\">\n\t\t\t\t<div class=\"elementor-widget-container\">\n\t\t\t<h2 class=\"elementor-heading-title elementor-size-default\">T\u00fcm \u00e7al\u0131\u015fmalar\u0131n\u0131z \u00e7\u00f6z\u00fcm odakl\u0131, siber g\u00fcvenlik sorununun \u00e7\u00f6z\u00fcm\u00fcn\u00fc d\u00fc\u015f\u00fcnmenize gerek yok. AuthTake'in yapmas\u0131na izin verin.<\/h2>\t\t<\/div>\n\t\t\t\t<\/div>\n\t\t\t\t<div class=\"elementor-element elementor-element-6d0d172 elementor-widget elementor-widget-text-editor\" data-id=\"6d0d172\" data-element_type=\"widget\" data-widget_type=\"text-editor.default\">\n\t\t\t\t<div class=\"elementor-widget-container\">\n\t\t\t\t\t\t\t<p>Kullan\u0131c\u0131lar\u0131n\u0131z\u0131n sistemlerinize eri\u015fimde g\u00fcvenlik \u00f6nlemlerini art\u0131ran veya \u015fifreyi kald\u0131rarak olu\u015fabilecek t\u00fcm sorunlar\u0131 ortadan kald\u0131ran bir \u00fcr\u00fcn hayal edin. Di\u011fer bir \u00fcr\u00fcn ise tek bir kimlik do\u011frulama ile t\u00fcm sistemlere istedi\u011finiz s\u00fcre boyunca eri\u015fim sa\u011flar. Bu \u00fcr\u00fcnleri sizin i\u00e7in hayal ettik ve yapt\u0131k. Authtake MFA ile g\u00fcvenlik \u00f6nlemlerinizi art\u0131r\u0131n veya AuthTake Passwordless MFA ile \u015fifre kullan\u0131m\u0131n\u0131 ortadan kald\u0131r\u0131n. Authtake SSO ile bir kez kimlik do\u011frulamas\u0131 yap\u0131n ve yetkili ki\u015filer taraf\u0131ndan belirtilen s\u00fcre boyunca hesaplar\u0131n\u0131za eri\u015fim sa\u011flay\u0131n.<\/p><p>Bu \u00fcr\u00fcnlerin birbiriyle entegre olmas\u0131 harika olur demeyi planl\u0131yorsan\u0131z, bu zaten AuthTake taraf\u0131ndan yap\u0131lm\u0131\u015ft\u0131r.<\/p>\t\t\t\t\t\t<\/div>\n\t\t\t\t<\/div>\n\t\t\t\t\t<\/div>\n\t\t<\/div>\n\t\t\t\t\t<\/div>\n\t\t<\/section>\n\t\t\t\t<\/div>","protected":false},"excerpt":{"rendered":"<p>&#8211; Industries &#8211; Manufacturing AuthTake provides solutions for your employees to speed up their daily tasks and prevent your data from falling into the hands of malicious people. FREE TRIAL \u00a0&#8211; Try 30 days for free. \u00a0&#8211; Cancel anytime. Building Trust and Resilience in a Digitally Connected World Any problem affecting your productivity is unacceptable and needs to be resolved urgently. Your employees need to authenticate in multiple systems throughout the day. The passwords of these systems that are logged in, are changed regularly for security reasons. Most of the calls to the IT team are related to the password related problems. When the IT team is busy, your employees are waiting in line. This reduces the efficiency of waiting shifts. The issues that need to be resolved urgently cause waiting because of the problem of not being able to access the system and this causes disruptions in production. Solution should not hire more peoble to the IT, solution should be AuthTake. Multiple Authentication Options Authatke products offer you multiple options to authentication. You can choose which one you think is better for you All your work is solution-oriented, you don&#8217;t need to think about the solution of the cyber security problem. Let AuthTake do it. Imagine a product that increases the security measures of your users in accessing your systems or eliminates all problems that may arise by removing the password. Another product provides access to all systems for a period of your choice with a single authentication. We dreamed and made these products for you. Increase your security measures with Authtake MFA or eliminate password usage with AuthTake Passwordless MFA. Authenticate once with Authtake SSO and gain access to your accounts for the period specified by authorized persons. If you were planning to say it would be great for these products to be integrated with each other, that is already made by AuthTake.<\/p>","protected":false},"author":1,"featured_media":0,"parent":0,"menu_order":0,"comment_status":"closed","ping_status":"closed","template":"","meta":[],"_links":{"self":[{"href":"https:\/\/authtake.com\/tr\/wp-json\/wp\/v2\/pages\/3074"}],"collection":[{"href":"https:\/\/authtake.com\/tr\/wp-json\/wp\/v2\/pages"}],"about":[{"href":"https:\/\/authtake.com\/tr\/wp-json\/wp\/v2\/types\/page"}],"author":[{"embeddable":true,"href":"https:\/\/authtake.com\/tr\/wp-json\/wp\/v2\/users\/1"}],"replies":[{"embeddable":true,"href":"https:\/\/authtake.com\/tr\/wp-json\/wp\/v2\/comments?post=3074"}],"version-history":[{"count":15,"href":"https:\/\/authtake.com\/tr\/wp-json\/wp\/v2\/pages\/3074\/revisions"}],"predecessor-version":[{"id":16000,"href":"https:\/\/authtake.com\/tr\/wp-json\/wp\/v2\/pages\/3074\/revisions\/16000"}],"wp:attachment":[{"href":"https:\/\/authtake.com\/tr\/wp-json\/wp\/v2\/media?parent=3074"}],"curies":[{"name":"wp","href":"https:\/\/api.w.org\/{rel}","templated":true}]}}