{"id":3072,"date":"2021-01-21T06:59:41","date_gmt":"2021-01-21T06:59:41","guid":{"rendered":"http:\/\/authtake.com\/?page_id=3072"},"modified":"2023-07-19T17:09:29","modified_gmt":"2023-07-19T14:09:29","slug":"industries-retail","status":"publish","type":"page","link":"https:\/\/authtake.com\/tr\/industries-retail\/","title":{"rendered":"Industries-Retail"},"content":{"rendered":"<div data-elementor-type=\"wp-page\" data-elementor-id=\"3072\" class=\"elementor elementor-3072\">\n\t\t\t\t\t\t<section class=\"elementor-section elementor-top-section elementor-element elementor-element-dc7d0c7 elementor-section-height-min-height elementor-section-boxed elementor-section-height-default elementor-section-items-middle wpr-particle-no wpr-sticky-section-no\" data-id=\"dc7d0c7\" data-element_type=\"section\" data-settings=\"{&quot;background_background&quot;:&quot;classic&quot;}\">\n\t\t\t\t\t\t<div class=\"elementor-container elementor-column-gap-default\">\n\t\t\t\t\t<div class=\"elementor-column elementor-col-50 elementor-top-column elementor-element elementor-element-748b292\" data-id=\"748b292\" data-element_type=\"column\">\n\t\t\t<div class=\"elementor-widget-wrap elementor-element-populated\">\n\t\t\t\t\t\t<div class=\"elementor-element elementor-element-14b3c97 elementor-widget elementor-widget-heading\" data-id=\"14b3c97\" data-element_type=\"widget\" data-widget_type=\"heading.default\">\n\t\t\t\t<div class=\"elementor-widget-container\">\n\t\t\t<h2 class=\"elementor-heading-title elementor-size-default\">- End\u00fcstriler -<\/h2>\t\t<\/div>\n\t\t\t\t<\/div>\n\t\t\t\t<div class=\"elementor-element elementor-element-2a261e9 elementor-widget elementor-widget-heading\" data-id=\"2a261e9\" data-element_type=\"widget\" data-widget_type=\"heading.default\">\n\t\t\t\t<div class=\"elementor-widget-container\">\n\t\t\t<h2 class=\"elementor-heading-title elementor-size-default\">Perakende<\/h2>\t\t<\/div>\n\t\t\t\t<\/div>\n\t\t\t\t<div class=\"elementor-element elementor-element-51a096d elementor-widget elementor-widget-text-editor\" data-id=\"51a096d\" data-element_type=\"widget\" data-widget_type=\"text-editor.default\">\n\t\t\t\t<div class=\"elementor-widget-container\">\n\t\t\t\t\t\t\t<p>Perakende sekt\u00f6r\u00fc en b\u00fcy\u00fck pazar pay\u0131na sahip sekt\u00f6rlerden biridir. Bu, \u00e7ok fazla \u00e7al\u0131\u015fanla \u00e7ok fazla m\u00fc\u015fteriye hizmet vermek anlam\u0131na gelir.<\/p>\t\t\t\t\t\t<\/div>\n\t\t\t\t<\/div>\n\t\t\t\t<div class=\"elementor-element elementor-element-239450b elementor-widget elementor-widget-button\" data-id=\"239450b\" data-element_type=\"widget\" data-widget_type=\"button.default\">\n\t\t\t\t<div class=\"elementor-widget-container\">\n\t\t\t\t\t<div class=\"elementor-button-wrapper\">\n\t\t\t<a class=\"elementor-button elementor-button-link elementor-size-sm\" href=\"https:\/\/authtake.com\/tr\/company-contact-us\/\">\n\t\t\t\t\t\t<span class=\"elementor-button-content-wrapper\">\n\t\t\t\t\t\t<span class=\"elementor-button-text\">\u0130leti\u015fim<\/span>\n\t\t<\/span>\n\t\t\t\t\t<\/a>\n\t\t<\/div>\n\t\t\t\t<\/div>\n\t\t\t\t<\/div>\n\t\t\t\t<div class=\"elementor-element elementor-element-f21f110 elementor-widget elementor-widget-text-editor\" data-id=\"f21f110\" data-element_type=\"widget\" data-widget_type=\"text-editor.default\">\n\t\t\t\t<div class=\"elementor-widget-container\">\n\t\t\t\t\t\t\t<p>\u00a0- 30 G\u00fcn \u00fccretsiz deneyin<\/p><p>\u00a0- \u0130stedi\u011finiz zaman iptal edin<\/p>\t\t\t\t\t\t<\/div>\n\t\t\t\t<\/div>\n\t\t\t\t\t<\/div>\n\t\t<\/div>\n\t\t\t\t<div class=\"elementor-column elementor-col-50 elementor-top-column elementor-element elementor-element-e1f1126\" data-id=\"e1f1126\" data-element_type=\"column\">\n\t\t\t<div class=\"elementor-widget-wrap\">\n\t\t\t\t\t\t\t<\/div>\n\t\t<\/div>\n\t\t\t\t\t<\/div>\n\t\t<\/section>\n\t\t\t\t<section class=\"elementor-section elementor-top-section elementor-element elementor-element-0ad7ca9 elementor-section-boxed elementor-section-height-default elementor-section-height-default wpr-particle-no wpr-sticky-section-no\" data-id=\"0ad7ca9\" data-element_type=\"section\">\n\t\t\t\t\t\t<div class=\"elementor-container elementor-column-gap-default\">\n\t\t\t\t\t<div class=\"elementor-column elementor-col-50 elementor-top-column elementor-element elementor-element-f5e9286\" data-id=\"f5e9286\" data-element_type=\"column\">\n\t\t\t<div class=\"elementor-widget-wrap elementor-element-populated\">\n\t\t\t\t\t\t<div class=\"elementor-element elementor-element-ccca874 elementor-widget elementor-widget-heading\" data-id=\"ccca874\" data-element_type=\"widget\" data-widget_type=\"heading.default\">\n\t\t\t\t<div class=\"elementor-widget-container\">\n\t\t\t<h2 class=\"elementor-heading-title elementor-size-default\">G\u00fcvenlikte Seviye Atlay\u0131n.<\/h2>\t\t<\/div>\n\t\t\t\t<\/div>\n\t\t\t\t<div class=\"elementor-element elementor-element-5a04171 elementor-widget elementor-widget-text-editor\" data-id=\"5a04171\" data-element_type=\"widget\" data-widget_type=\"text-editor.default\">\n\t\t\t\t<div class=\"elementor-widget-container\">\n\t\t\t\t\t\t\t<p>\u015eirketinizde kullan\u0131lan diz\u00fcst\u00fc bilgisayar, tablet ve telefon gibi cihazlarda hesaplar\u0131n\u0131za eri\u015febilirken, \u015fifre ve kullan\u0131c\u0131 ad\u0131 yeterli g\u00fcvenli\u011fi sa\u011flayamamaktad\u0131r. \u00d6zellikle bu cihazlar\u0131n ortak kullan\u0131ma a\u00e7\u0131k oldu\u011fu durumlarda her kullan\u0131c\u0131 sisteme tekrar tekrar giri\u015f yapmakla y\u00fck\u00fcml\u00fcd\u00fcr. Bir kullan\u0131c\u0131n\u0131n birden fazla sistemi kullanmas\u0131 ve her sistem i\u00e7in farkl\u0131 \u015fifreler belirlemesi gerekti\u011finde durum i\u00e7inden \u00e7\u0131k\u0131lmaz bir hal al\u0131r. Unutulan \u015fifreler, tekrarlanan do\u011frulamalar i\u015f d\u00fczeninizde aksamalara neden olur.<\/p><p>Ortak cihazlarda kullan\u0131c\u0131 de\u011fi\u015ftirmek zaman kayb\u0131na neden oldu\u011fu gibi m\u00fc\u015fteri memnuniyetini de azaltmaktad\u0131r. Tek market kasas\u0131 kullanan birden fazla \u00e7al\u0131\u015fan\u0131n sat\u0131\u015fta tek \u015fifre ile i\u015flem yap\u0131yor olmas\u0131, birden fazla ki\u015fiyi sonradan olu\u015fabilecek problemler i\u00e7in \u015f\u00fcphe alt\u0131nda b\u0131rakmaktad\u0131r. Tek bir kasa i\u00e7in her bireye atanan \u015fifreler, beraberinde zorluklar\u0131 da getiriyor.<\/p>\t\t\t\t\t\t<\/div>\n\t\t\t\t<\/div>\n\t\t\t\t\t<\/div>\n\t\t<\/div>\n\t\t\t\t<div class=\"elementor-column elementor-col-50 elementor-top-column elementor-element elementor-element-fdaa9aa\" data-id=\"fdaa9aa\" data-element_type=\"column\">\n\t\t\t<div class=\"elementor-widget-wrap elementor-element-populated\">\n\t\t\t\t\t\t<div class=\"elementor-element elementor-element-261d170 elementor-widget elementor-widget-image\" data-id=\"261d170\" data-element_type=\"widget\" data-widget_type=\"image.default\">\n\t\t\t\t<div class=\"elementor-widget-container\">\n\t\t\t\t\t\t\t\t\t\t\t\t\t<img fetchpriority=\"high\" decoding=\"async\" width=\"800\" height=\"662\" src=\"https:\/\/authtake.com\/wp-content\/uploads\/2021\/01\/retail.png\" class=\"attachment-large size-large wp-image-3385\" alt=\"\" srcset=\"https:\/\/authtake.com\/wp-content\/uploads\/2021\/01\/retail.png 833w, https:\/\/authtake.com\/wp-content\/uploads\/2021\/01\/retail-300x248.png 300w, https:\/\/authtake.com\/wp-content\/uploads\/2021\/01\/retail-768x635.png 768w\" sizes=\"(max-width: 800px) 100vw, 800px\" \/>\t\t\t\t\t\t\t\t\t\t\t\t\t<\/div>\n\t\t\t\t<\/div>\n\t\t\t\t\t<\/div>\n\t\t<\/div>\n\t\t\t\t\t<\/div>\n\t\t<\/section>\n\t\t\t\t<section class=\"elementor-section elementor-top-section elementor-element elementor-element-159a08e elementor-section-boxed elementor-section-height-default elementor-section-height-default wpr-particle-no wpr-sticky-section-no\" data-id=\"159a08e\" data-element_type=\"section\" data-settings=\"{&quot;background_background&quot;:&quot;classic&quot;}\">\n\t\t\t\t\t\t<div class=\"elementor-container elementor-column-gap-default\">\n\t\t\t\t\t<div class=\"elementor-column elementor-col-100 elementor-top-column elementor-element elementor-element-9b16d95\" data-id=\"9b16d95\" data-element_type=\"column\">\n\t\t\t<div class=\"elementor-widget-wrap elementor-element-populated\">\n\t\t\t\t\t\t<div class=\"elementor-element elementor-element-49e20d1 elementor-widget elementor-widget-spacer\" data-id=\"49e20d1\" data-element_type=\"widget\" data-widget_type=\"spacer.default\">\n\t\t\t\t<div class=\"elementor-widget-container\">\n\t\t\t\t\t<div class=\"elementor-spacer\">\n\t\t\t<div class=\"elementor-spacer-inner\"><\/div>\n\t\t<\/div>\n\t\t\t\t<\/div>\n\t\t\t\t<\/div>\n\t\t\t\t<div class=\"elementor-element elementor-element-125806a elementor-widget elementor-widget-heading\" data-id=\"125806a\" data-element_type=\"widget\" data-widget_type=\"heading.default\">\n\t\t\t\t<div class=\"elementor-widget-container\">\n\t\t\t<h2 class=\"elementor-heading-title elementor-size-default\">AuthTake nelere entegre olabilir?<\/h2>\t\t<\/div>\n\t\t\t\t<\/div>\n\t\t\t\t\t<\/div>\n\t\t<\/div>\n\t\t\t\t\t<\/div>\n\t\t<\/section>\n\t\t\t\t<section class=\"elementor-section elementor-top-section elementor-element elementor-element-d3985d9 elementor-section-boxed elementor-section-height-default elementor-section-height-default wpr-particle-no wpr-sticky-section-no\" data-id=\"d3985d9\" data-element_type=\"section\" data-settings=\"{&quot;background_background&quot;:&quot;classic&quot;}\">\n\t\t\t\t\t\t<div class=\"elementor-container elementor-column-gap-default\">\n\t\t\t\t\t<div class=\"elementor-column elementor-col-33 elementor-top-column elementor-element elementor-element-9eccde7\" data-id=\"9eccde7\" data-element_type=\"column\">\n\t\t\t<div class=\"elementor-widget-wrap elementor-element-populated\">\n\t\t\t\t\t\t<div class=\"elementor-element elementor-element-f035b72 elementor-widget elementor-widget-text-editor\" data-id=\"f035b72\" data-element_type=\"widget\" data-widget_type=\"text-editor.default\">\n\t\t\t\t<div class=\"elementor-widget-container\">\n\t\t\t\t\t\t\t<p>\u2022 CRM uygulamalar\u0131<\/p><p>\u2022 ERP uygulamalar\u0131<\/p>\t\t\t\t\t\t<\/div>\n\t\t\t\t<\/div>\n\t\t\t\t\t<\/div>\n\t\t<\/div>\n\t\t\t\t<div class=\"elementor-column elementor-col-33 elementor-top-column elementor-element elementor-element-15feab9\" data-id=\"15feab9\" data-element_type=\"column\">\n\t\t\t<div class=\"elementor-widget-wrap elementor-element-populated\">\n\t\t\t\t\t\t<div class=\"elementor-element elementor-element-d122821 elementor-widget elementor-widget-text-editor\" data-id=\"d122821\" data-element_type=\"widget\" data-widget_type=\"text-editor.default\">\n\t\t\t\t<div class=\"elementor-widget-container\">\n\t\t\t\t\t\t\t<p>\u2022 Nakit \u00f6deme sistemleri<\/p><p>\u2022 Online al\u0131\u015fveri\u015f i\u00e7in web sitesine<\/p>\t\t\t\t\t\t<\/div>\n\t\t\t\t<\/div>\n\t\t\t\t<div class=\"elementor-element elementor-element-30fbad4 elementor-widget elementor-widget-spacer\" data-id=\"30fbad4\" data-element_type=\"widget\" data-widget_type=\"spacer.default\">\n\t\t\t\t<div class=\"elementor-widget-container\">\n\t\t\t\t\t<div class=\"elementor-spacer\">\n\t\t\t<div class=\"elementor-spacer-inner\"><\/div>\n\t\t<\/div>\n\t\t\t\t<\/div>\n\t\t\t\t<\/div>\n\t\t\t\t\t<\/div>\n\t\t<\/div>\n\t\t\t\t<div class=\"elementor-column elementor-col-33 elementor-top-column elementor-element elementor-element-b074f06\" data-id=\"b074f06\" data-element_type=\"column\">\n\t\t\t<div class=\"elementor-widget-wrap elementor-element-populated\">\n\t\t\t\t\t\t<div class=\"elementor-element elementor-element-121d870 elementor-widget elementor-widget-text-editor\" data-id=\"121d870\" data-element_type=\"widget\" data-widget_type=\"text-editor.default\">\n\t\t\t\t<div class=\"elementor-widget-container\">\n\t\t\t\t\t\t\t<p>\u2022 With SDK to your own mobile\u00a0 \u00a0 \u00a0 \u00a0 \u00a0 \u00a0 \u00a0applications<\/p>\t\t\t\t\t\t<\/div>\n\t\t\t\t<\/div>\n\t\t\t\t\t<\/div>\n\t\t<\/div>\n\t\t\t\t\t<\/div>\n\t\t<\/section>\n\t\t\t\t<section class=\"elementor-section elementor-top-section elementor-element elementor-element-2d96ba4 elementor-section-boxed elementor-section-height-default elementor-section-height-default wpr-particle-no wpr-sticky-section-no\" data-id=\"2d96ba4\" data-element_type=\"section\" data-settings=\"{&quot;background_background&quot;:&quot;classic&quot;}\">\n\t\t\t\t\t\t<div class=\"elementor-container elementor-column-gap-default\">\n\t\t\t\t\t<div class=\"elementor-column elementor-col-50 elementor-top-column elementor-element elementor-element-aeecf19\" data-id=\"aeecf19\" data-element_type=\"column\">\n\t\t\t<div class=\"elementor-widget-wrap elementor-element-populated\">\n\t\t\t\t\t\t<div class=\"elementor-element elementor-element-2666f67 elementor-hidden-tablet elementor-hidden-phone elementor-widget elementor-widget-spacer\" data-id=\"2666f67\" data-element_type=\"widget\" data-widget_type=\"spacer.default\">\n\t\t\t\t<div class=\"elementor-widget-container\">\n\t\t\t\t\t<div class=\"elementor-spacer\">\n\t\t\t<div class=\"elementor-spacer-inner\"><\/div>\n\t\t<\/div>\n\t\t\t\t<\/div>\n\t\t\t\t<\/div>\n\t\t\t\t<div class=\"elementor-element elementor-element-aa12000 elementor-widget elementor-widget-image\" data-id=\"aa12000\" data-element_type=\"widget\" data-widget_type=\"image.default\">\n\t\t\t\t<div class=\"elementor-widget-container\">\n\t\t\t\t\t\t\t\t\t\t\t\t\t<img decoding=\"async\" width=\"800\" height=\"534\" src=\"https:\/\/authtake.com\/wp-content\/uploads\/2021\/01\/retailvctor-1024x683.png\" class=\"attachment-large size-large wp-image-3399\" alt=\"\" srcset=\"https:\/\/authtake.com\/wp-content\/uploads\/2021\/01\/retailvctor-1024x683.png 1024w, https:\/\/authtake.com\/wp-content\/uploads\/2021\/01\/retailvctor-300x200.png 300w, https:\/\/authtake.com\/wp-content\/uploads\/2021\/01\/retailvctor-768x512.png 768w, https:\/\/authtake.com\/wp-content\/uploads\/2021\/01\/retailvctor-1536x1024.png 1536w, https:\/\/authtake.com\/wp-content\/uploads\/2021\/01\/retailvctor-2048x1365.png 2048w\" sizes=\"(max-width: 800px) 100vw, 800px\" \/>\t\t\t\t\t\t\t\t\t\t\t\t\t<\/div>\n\t\t\t\t<\/div>\n\t\t\t\t\t<\/div>\n\t\t<\/div>\n\t\t\t\t<div class=\"elementor-column elementor-col-50 elementor-top-column elementor-element elementor-element-60f6c4a\" data-id=\"60f6c4a\" data-element_type=\"column\">\n\t\t\t<div class=\"elementor-widget-wrap elementor-element-populated\">\n\t\t\t\t\t\t<div class=\"elementor-element elementor-element-ee18ed5 elementor-widget elementor-widget-heading\" data-id=\"ee18ed5\" data-element_type=\"widget\" data-widget_type=\"heading.default\">\n\t\t\t\t<div class=\"elementor-widget-container\">\n\t\t\t<h2 class=\"elementor-heading-title elementor-size-default\">G\u00fcvenlikten \u00d6d\u00fcn Vermeyin.<\/h2>\t\t<\/div>\n\t\t\t\t<\/div>\n\t\t\t\t<div class=\"elementor-element elementor-element-15af4f8 elementor-widget elementor-widget-text-editor\" data-id=\"15af4f8\" data-element_type=\"widget\" data-widget_type=\"text-editor.default\">\n\t\t\t\t<div class=\"elementor-widget-container\">\n\t\t\t\t\t\t\t<p>\u00c7evrimi\u00e7i bir sat\u0131c\u0131ysan\u0131z, siber sald\u0131r\u0131lara maruz kalabilirsiniz. Bu sald\u0131r\u0131lar, m\u00fc\u015fterilerinizin ki\u015fisel bilgilerinin ve kredi kart\u0131 bilgilerinin \u00e7al\u0131nmas\u0131yla sonu\u00e7lan\u0131r. \u00c7al\u0131nan veriler, m\u00fc\u015fteriye web sitenizden yap\u0131lan al\u0131\u015fveri\u015flerin g\u00fcvenli olmad\u0131\u011f\u0131 hissini verecektir.<\/p><p>AuthTake MFA veya AuthTake Passwordless MFA ile \u00e7al\u0131\u015fanlar\u0131n\u0131z\u0131n sistemlerinize eri\u015fmek i\u00e7in kulland\u0131klar\u0131 y\u00f6ntemlerin g\u00fcvenli\u011fini art\u0131r\u0131n veya parolas\u0131z eri\u015fim sunun. Kullan\u0131c\u0131lar\u0131n\u0131z\u0131n g\u00fcn boyunca tek bir kimlik do\u011frulama i\u015flemi ger\u00e7ekle\u015ftirerek kulland\u0131klar\u0131 t\u00fcm sistemlere eri\u015febilmeleri i\u00e7in AuthTake SSO'yu se\u00e7in. Authtake \u00fcr\u00fcnlerinin birbiriyle entegre \u00e7al\u0131\u015fabilece\u011fini unutmay\u0131n.<\/p>\t\t\t\t\t\t<\/div>\n\t\t\t\t<\/div>\n\t\t\t\t\t<\/div>\n\t\t<\/div>\n\t\t\t\t\t<\/div>\n\t\t<\/section>\n\t\t\t\t<\/div>","protected":false},"excerpt":{"rendered":"<p>&#8211; Industries &#8211; Retail The retail industry is one of the sectors with the largest market share. This means serving too many customers with too many employees. FREE TRIAL \u00a0&#8211; Try 30 days for free. \u00a0&#8211; Cancel anytime. Step to the Next Level. While you can access your accounts on devices such as laptops, tablets and phones used in your company, password and username cannot provide sufficient security. Especially in cases where these devices are open to common use, every user is obliged to log into the system repeatedly. When a user has more than one system to use and he has to set different passwords for each system, the situation becomes inextricable. Forgotten passwords, repeated authentications cause disruptions in your work order. Changing users on common devices causes loss of time as well as decreasing customer satisfaction. The fact that more than one employee using a single market safe is operating in the saling with a single password leaves more than one person under suspicion for problems that may occur later. Passwords assigned to each individual for a single safe bring difficulties with it. What can AuthTake integrate into? \u2022 CRM products \u2022 ERP products \u2022 Cash payment systems \u2022 To the website for online shopping \u2022 With SDK to your own mobile\u00a0 \u00a0 \u00a0 \u00a0 \u00a0 \u00a0 \u00a0applications Don&#8217;t Compromise on Security. If you are an online seller, you could be exposed to cyber attacks. These attacks result in the theft of your customers personal information and credit card information. The stolen data will give the customer the feeling that purchases made from your website are unsafe. With AuthTake MFA or AuthTake Passwordless MFA, increase the security of the methods your employees use to access your systems or offer a password-free access. Choose AuthTake SSO so that your users can access all the systems they use by performing a single authentication process throughout the day. Remember that Authtake products can work integrated with each other.<\/p>","protected":false},"author":1,"featured_media":0,"parent":0,"menu_order":0,"comment_status":"closed","ping_status":"closed","template":"","meta":[],"_links":{"self":[{"href":"https:\/\/authtake.com\/tr\/wp-json\/wp\/v2\/pages\/3072"}],"collection":[{"href":"https:\/\/authtake.com\/tr\/wp-json\/wp\/v2\/pages"}],"about":[{"href":"https:\/\/authtake.com\/tr\/wp-json\/wp\/v2\/types\/page"}],"author":[{"embeddable":true,"href":"https:\/\/authtake.com\/tr\/wp-json\/wp\/v2\/users\/1"}],"replies":[{"embeddable":true,"href":"https:\/\/authtake.com\/tr\/wp-json\/wp\/v2\/comments?post=3072"}],"version-history":[{"count":9,"href":"https:\/\/authtake.com\/tr\/wp-json\/wp\/v2\/pages\/3072\/revisions"}],"predecessor-version":[{"id":15997,"href":"https:\/\/authtake.com\/tr\/wp-json\/wp\/v2\/pages\/3072\/revisions\/15997"}],"wp:attachment":[{"href":"https:\/\/authtake.com\/tr\/wp-json\/wp\/v2\/media?parent=3072"}],"curies":[{"name":"wp","href":"https:\/\/api.w.org\/{rel}","templated":true}]}}