{"id":3064,"date":"2021-01-21T06:58:48","date_gmt":"2021-01-21T06:58:48","guid":{"rendered":"http:\/\/authtake.com\/?page_id=3064"},"modified":"2023-03-06T14:50:58","modified_gmt":"2023-03-06T14:50:58","slug":"industries-education","status":"publish","type":"page","link":"https:\/\/authtake.com\/tr\/industries-education\/","title":{"rendered":"Industries-Education"},"content":{"rendered":"<div data-elementor-type=\"wp-page\" data-elementor-id=\"3064\" class=\"elementor elementor-3064\">\n\t\t\t\t\t\t<section class=\"elementor-section elementor-top-section elementor-element elementor-element-72acc12 elementor-section-height-min-height elementor-section-boxed elementor-section-height-default elementor-section-items-middle wpr-particle-no wpr-sticky-section-no\" data-id=\"72acc12\" data-element_type=\"section\" data-settings=\"{&quot;background_background&quot;:&quot;classic&quot;}\">\n\t\t\t\t\t\t<div class=\"elementor-container elementor-column-gap-default\">\n\t\t\t\t\t<div class=\"elementor-column elementor-col-50 elementor-top-column elementor-element elementor-element-49496f1\" data-id=\"49496f1\" data-element_type=\"column\">\n\t\t\t<div class=\"elementor-widget-wrap elementor-element-populated\">\n\t\t\t\t\t\t<div class=\"elementor-element elementor-element-9b91ef4 elementor-widget elementor-widget-heading\" data-id=\"9b91ef4\" data-element_type=\"widget\" data-widget_type=\"heading.default\">\n\t\t\t\t<div class=\"elementor-widget-container\">\n\t\t\t<h2 class=\"elementor-heading-title elementor-size-default\">- End\u00fcstriler -<\/h2>\t\t<\/div>\n\t\t\t\t<\/div>\n\t\t\t\t<div class=\"elementor-element elementor-element-21c457e elementor-widget elementor-widget-heading\" data-id=\"21c457e\" data-element_type=\"widget\" data-widget_type=\"heading.default\">\n\t\t\t\t<div class=\"elementor-widget-container\">\n\t\t\t<h2 class=\"elementor-heading-title elementor-size-default\">E\u011fitim<\/h2>\t\t<\/div>\n\t\t\t\t<\/div>\n\t\t\t\t<div class=\"elementor-element elementor-element-bf83ec0 elementor-widget elementor-widget-text-editor\" data-id=\"bf83ec0\" data-element_type=\"widget\" data-widget_type=\"text-editor.default\">\n\t\t\t\t<div class=\"elementor-widget-container\">\n\t\t\t\t\t\t\t<p>E\u011fitim kurumlar\u0131ndaki \u00f6\u011frenci ve akademisyenlerin bilgiye her yerden eri\u015fme ihtiyac\u0131 vard\u0131r. Authtake ile t\u00fcm ihtiya\u00e7lar\u0131n\u0131z tek bir \u00fcr\u00fcnde kar\u015f\u0131lanabilir.<\/p>\t\t\t\t\t\t<\/div>\n\t\t\t\t<\/div>\n\t\t\t\t<div class=\"elementor-element elementor-element-a46d467 elementor-widget elementor-widget-button\" data-id=\"a46d467\" data-element_type=\"widget\" data-widget_type=\"button.default\">\n\t\t\t\t<div class=\"elementor-widget-container\">\n\t\t\t\t\t<div class=\"elementor-button-wrapper\">\n\t\t\t<a class=\"elementor-button elementor-button-link elementor-size-sm\" href=\"https:\/\/authtake.com\/tr\/company-contact-us\/\">\n\t\t\t\t\t\t<span class=\"elementor-button-content-wrapper\">\n\t\t\t\t\t\t<span class=\"elementor-button-text\">\u0130leti\u015fim<\/span>\n\t\t<\/span>\n\t\t\t\t\t<\/a>\n\t\t<\/div>\n\t\t\t\t<\/div>\n\t\t\t\t<\/div>\n\t\t\t\t<div class=\"elementor-element elementor-element-175f9c1 elementor-widget elementor-widget-text-editor\" data-id=\"175f9c1\" data-element_type=\"widget\" data-widget_type=\"text-editor.default\">\n\t\t\t\t<div class=\"elementor-widget-container\">\n\t\t\t\t\t\t\t<p>\u00a0- 30 G\u00fcn \u00fccretsiz deneyin<\/p><p>\u00a0- \u0130stedi\u011finiz zaman iptal edin<\/p>\t\t\t\t\t\t<\/div>\n\t\t\t\t<\/div>\n\t\t\t\t\t<\/div>\n\t\t<\/div>\n\t\t\t\t<div class=\"elementor-column elementor-col-50 elementor-top-column elementor-element elementor-element-28d1053\" data-id=\"28d1053\" data-element_type=\"column\">\n\t\t\t<div class=\"elementor-widget-wrap\">\n\t\t\t\t\t\t\t<\/div>\n\t\t<\/div>\n\t\t\t\t\t<\/div>\n\t\t<\/section>\n\t\t\t\t<section class=\"elementor-section elementor-top-section elementor-element elementor-element-8a8ac9e elementor-section-boxed elementor-section-height-default elementor-section-height-default wpr-particle-no wpr-sticky-section-no\" data-id=\"8a8ac9e\" data-element_type=\"section\">\n\t\t\t\t\t\t<div class=\"elementor-container elementor-column-gap-default\">\n\t\t\t\t\t<div class=\"elementor-column elementor-col-50 elementor-top-column elementor-element elementor-element-a379cf3\" data-id=\"a379cf3\" data-element_type=\"column\">\n\t\t\t<div class=\"elementor-widget-wrap elementor-element-populated\">\n\t\t\t\t\t\t<div class=\"elementor-element elementor-element-ac11c1c elementor-widget elementor-widget-heading\" data-id=\"ac11c1c\" data-element_type=\"widget\" data-widget_type=\"heading.default\">\n\t\t\t\t<div class=\"elementor-widget-container\">\n\t\t\t<h2 class=\"elementor-heading-title elementor-size-default\">E\u011fitimdeki aksakl\u0131klar\u0131 \u00f6nleyin.<\/h2>\t\t<\/div>\n\t\t\t\t<\/div>\n\t\t\t\t<div class=\"elementor-element elementor-element-7ecc519 elementor-widget elementor-widget-text-editor\" data-id=\"7ecc519\" data-element_type=\"widget\" data-widget_type=\"text-editor.default\">\n\t\t\t\t<div class=\"elementor-widget-container\">\n\t\t\t\t\t\t\t<p>Web uygulamas\u0131 sald\u0131r\u0131lar\u0131, e\u011fitim sekt\u00f6r\u00fcndeki ihlallerin yakla\u015f\u0131k d\u00f6rtte birini olu\u015fturuyor.<\/p><p><em>\"Bunun nedeni \u00e7o\u011funlukla, sahte oturum a\u00e7ma sayfalar\u0131na y\u00f6nelik kimlik av\u0131 ba\u011flant\u0131lar\u0131 arac\u0131l\u0131\u011f\u0131yla bulut tabanl\u0131 posta hizmetlerinin s\u0131k s\u0131k ele ge\u00e7irilmesidir. Dolay\u0131s\u0131yla, b\u00f6yle bir hizmeti 7\/24,365 g\u00fcn kullan\u0131rsan\u0131z, parola g\u00fcvenli\u011finizi s\u0131k\u0131la\u015ft\u0131rmay\u0131 d\u00fc\u015f\u00fcnebilirsiniz. \u201d -Verizon<\/em><\/p>\t\t\t\t\t\t<\/div>\n\t\t\t\t<\/div>\n\t\t\t\t<div class=\"elementor-element elementor-element-6aeaf2e elementor-widget elementor-widget-button\" data-id=\"6aeaf2e\" data-element_type=\"widget\" data-widget_type=\"button.default\">\n\t\t\t\t<div class=\"elementor-widget-container\">\n\t\t\t\t\t<div class=\"elementor-button-wrapper\">\n\t\t\t<a class=\"elementor-button elementor-button-link elementor-size-sm\" href=\"https:\/\/enterprise.verizon.com\/en-gb\/resources\/reports\/dbir\/2019\/educational-services\/\">\n\t\t\t\t\t\t<span class=\"elementor-button-content-wrapper\">\n\t\t\t\t\t\t<span class=\"elementor-button-text\">Daha Fazlas\u0131<\/span>\n\t\t<\/span>\n\t\t\t\t\t<\/a>\n\t\t<\/div>\n\t\t\t\t<\/div>\n\t\t\t\t<\/div>\n\t\t\t\t\t<\/div>\n\t\t<\/div>\n\t\t\t\t<div class=\"elementor-column elementor-col-50 elementor-top-column elementor-element elementor-element-2645bfe elementor-hidden-tablet elementor-hidden-mobile\" data-id=\"2645bfe\" data-element_type=\"column\">\n\t\t\t<div class=\"elementor-widget-wrap elementor-element-populated\">\n\t\t\t\t\t\t<div class=\"elementor-element elementor-element-4f1f6a3 elementor-widget elementor-widget-image\" data-id=\"4f1f6a3\" data-element_type=\"widget\" data-widget_type=\"image.default\">\n\t\t\t\t<div class=\"elementor-widget-container\">\n\t\t\t\t\t\t\t\t\t\t\t\t\t<img fetchpriority=\"high\" decoding=\"async\" width=\"718\" height=\"606\" src=\"https:\/\/authtake.com\/wp-content\/uploads\/2021\/01\/education-yeni.png\" class=\"attachment-large size-large wp-image-3198\" alt=\"\" srcset=\"https:\/\/authtake.com\/wp-content\/uploads\/2021\/01\/education-yeni.png 718w, https:\/\/authtake.com\/wp-content\/uploads\/2021\/01\/education-yeni-300x253.png 300w\" sizes=\"(max-width: 718px) 100vw, 718px\" \/>\t\t\t\t\t\t\t\t\t\t\t\t\t<\/div>\n\t\t\t\t<\/div>\n\t\t\t\t<div class=\"elementor-element elementor-element-8668b65 elementor-hidden-desktop elementor-widget elementor-widget-spacer\" data-id=\"8668b65\" data-element_type=\"widget\" data-widget_type=\"spacer.default\">\n\t\t\t\t<div class=\"elementor-widget-container\">\n\t\t\t\t\t<div class=\"elementor-spacer\">\n\t\t\t<div class=\"elementor-spacer-inner\"><\/div>\n\t\t<\/div>\n\t\t\t\t<\/div>\n\t\t\t\t<\/div>\n\t\t\t\t\t<\/div>\n\t\t<\/div>\n\t\t\t\t\t<\/div>\n\t\t<\/section>\n\t\t\t\t<section class=\"elementor-section elementor-top-section elementor-element elementor-element-baa94f0 elementor-section-boxed elementor-section-height-default elementor-section-height-default wpr-particle-no wpr-sticky-section-no\" data-id=\"baa94f0\" data-element_type=\"section\" data-settings=\"{&quot;background_background&quot;:&quot;classic&quot;}\">\n\t\t\t\t\t\t<div class=\"elementor-container elementor-column-gap-default\">\n\t\t\t\t\t<div class=\"elementor-column elementor-col-50 elementor-top-column elementor-element elementor-element-f9b9174\" data-id=\"f9b9174\" data-element_type=\"column\">\n\t\t\t<div class=\"elementor-widget-wrap elementor-element-populated\">\n\t\t\t\t\t\t<div class=\"elementor-element elementor-element-e6c3a4a elementor-hidden-tablet elementor-hidden-phone elementor-widget elementor-widget-image\" data-id=\"e6c3a4a\" data-element_type=\"widget\" data-widget_type=\"image.default\">\n\t\t\t\t<div class=\"elementor-widget-container\">\n\t\t\t\t\t\t\t\t\t\t\t\t\t<img decoding=\"async\" width=\"800\" height=\"534\" src=\"https:\/\/authtake.com\/wp-content\/uploads\/2021\/01\/edddddddddd-1024x683.png\" class=\"attachment-large size-large wp-image-3366\" alt=\"\" srcset=\"https:\/\/authtake.com\/wp-content\/uploads\/2021\/01\/edddddddddd-1024x683.png 1024w, https:\/\/authtake.com\/wp-content\/uploads\/2021\/01\/edddddddddd-300x200.png 300w, https:\/\/authtake.com\/wp-content\/uploads\/2021\/01\/edddddddddd-768x512.png 768w, https:\/\/authtake.com\/wp-content\/uploads\/2021\/01\/edddddddddd-1536x1024.png 1536w, https:\/\/authtake.com\/wp-content\/uploads\/2021\/01\/edddddddddd-2048x1365.png 2048w\" sizes=\"(max-width: 800px) 100vw, 800px\" \/>\t\t\t\t\t\t\t\t\t\t\t\t\t<\/div>\n\t\t\t\t<\/div>\n\t\t\t\t\t<\/div>\n\t\t<\/div>\n\t\t\t\t<div class=\"elementor-column elementor-col-50 elementor-top-column elementor-element elementor-element-15fa3fb\" data-id=\"15fa3fb\" data-element_type=\"column\">\n\t\t\t<div class=\"elementor-widget-wrap elementor-element-populated\">\n\t\t\t\t\t\t<div class=\"elementor-element elementor-element-08db8dc elementor-hidden-desktop elementor-widget elementor-widget-image\" data-id=\"08db8dc\" data-element_type=\"widget\" data-widget_type=\"image.default\">\n\t\t\t\t<div class=\"elementor-widget-container\">\n\t\t\t\t\t\t\t\t\t\t\t\t\t<img decoding=\"async\" width=\"800\" height=\"534\" src=\"https:\/\/authtake.com\/wp-content\/uploads\/2021\/01\/edddddddddd-1024x683.png\" class=\"attachment-large size-large wp-image-3366\" alt=\"\" srcset=\"https:\/\/authtake.com\/wp-content\/uploads\/2021\/01\/edddddddddd-1024x683.png 1024w, https:\/\/authtake.com\/wp-content\/uploads\/2021\/01\/edddddddddd-300x200.png 300w, https:\/\/authtake.com\/wp-content\/uploads\/2021\/01\/edddddddddd-768x512.png 768w, https:\/\/authtake.com\/wp-content\/uploads\/2021\/01\/edddddddddd-1536x1024.png 1536w, https:\/\/authtake.com\/wp-content\/uploads\/2021\/01\/edddddddddd-2048x1365.png 2048w\" sizes=\"(max-width: 800px) 100vw, 800px\" \/>\t\t\t\t\t\t\t\t\t\t\t\t\t<\/div>\n\t\t\t\t<\/div>\n\t\t\t\t<div class=\"elementor-element elementor-element-b93c23e elementor-widget elementor-widget-heading\" data-id=\"b93c23e\" data-element_type=\"widget\" data-widget_type=\"heading.default\">\n\t\t\t\t<div class=\"elementor-widget-container\">\n\t\t\t<h2 class=\"elementor-heading-title elementor-size-default\">\u00c7al\u0131\u015fanlar\u0131n\u0131z\u0131n ve \u00f6\u011frencilerinizin sistemlere sorunsuz ve g\u00fcvenli bir \u015fekilde giri\u015f yapmas\u0131n\u0131 sa\u011flay\u0131n.<\/h2>\t\t<\/div>\n\t\t\t\t<\/div>\n\t\t\t\t<div class=\"elementor-element elementor-element-946eafc elementor-widget elementor-widget-text-editor\" data-id=\"946eafc\" data-element_type=\"widget\" data-widget_type=\"text-editor.default\">\n\t\t\t\t<div class=\"elementor-widget-container\">\n\t\t\t\t\t\t\t<p>\u00d6\u011frencilerinize ve personelinize sorunsuz bir oturum a\u00e7ma deneyimi sunmak i\u00e7in kurumunuzda AuthTake MFA veya AuthTake Passwordless MFA deneyimini ya\u015fay\u0131n. AuthTake, \u00f6zel \u00f6zellikleri ile verilerinizi her t\u00fcrl\u00fc sald\u0131r\u0131dan korur. AuthTake Passkiosk ile \u00e7al\u0131\u015fanlar\u0131n\u0131z\u0131n ve \u00f6\u011frencilerinizin parolalar\u0131n\u0131 kendilerinin s\u0131f\u0131rlamas\u0131na ve de\u011fi\u015ftirmesine izin verin. Authtake SSO ile kullan\u0131c\u0131lar\u0131n\u0131z favori uygulamalar\u0131na tek bir ekrandan tek bir kimlik do\u011frulama ile h\u0131zl\u0131 ve g\u00fcvenilir bir \u015fekilde eri\u015febilir. Dakikalar i\u00e7erisinde t\u00fcm kullan\u0131c\u0131lar\u0131n\u0131z\u0131 sistemimize entegre edebilirsiniz. (Active Directory, OpenLDAP, SQL Server, PostgreSQL, Oracle vb.) Parola kullan\u0131m\u0131n\u0131 azalt\u0131n, gerisini AuthTake halleder.<\/p>\t\t\t\t\t\t<\/div>\n\t\t\t\t<\/div>\n\t\t\t\t\t<\/div>\n\t\t<\/div>\n\t\t\t\t\t<\/div>\n\t\t<\/section>\n\t\t\t\t<section class=\"elementor-section elementor-top-section elementor-element elementor-element-070ecd3 elementor-section-boxed elementor-section-height-default elementor-section-height-default wpr-particle-no wpr-sticky-section-no\" data-id=\"070ecd3\" data-element_type=\"section\" data-settings=\"{&quot;background_background&quot;:&quot;classic&quot;}\">\n\t\t\t\t\t\t<div class=\"elementor-container elementor-column-gap-default\">\n\t\t\t\t\t<div class=\"elementor-column elementor-col-100 elementor-top-column elementor-element elementor-element-3d69730\" data-id=\"3d69730\" data-element_type=\"column\">\n\t\t\t<div class=\"elementor-widget-wrap elementor-element-populated\">\n\t\t\t\t\t\t<section class=\"elementor-section elementor-inner-section elementor-element elementor-element-15b2705 elementor-section-boxed elementor-section-height-default elementor-section-height-default wpr-particle-no wpr-sticky-section-no\" data-id=\"15b2705\" data-element_type=\"section\">\n\t\t\t\t\t\t<div class=\"elementor-container elementor-column-gap-extended\">\n\t\t\t\t\t<div class=\"elementor-column elementor-col-33 elementor-inner-column elementor-element elementor-element-5660a4f\" data-id=\"5660a4f\" data-element_type=\"column\">\n\t\t\t<div class=\"elementor-widget-wrap elementor-element-populated\">\n\t\t\t\t\t\t<div class=\"elementor-element elementor-element-2ad356d elementor-widget elementor-widget-icon-box\" data-id=\"2ad356d\" data-element_type=\"widget\" data-widget_type=\"icon-box.default\">\n\t\t\t\t<div class=\"elementor-widget-container\">\n\t\t\t\t\t<div class=\"elementor-icon-box-wrapper\">\n\t\t\t\t\t\t<div class=\"elementor-icon-box-content\">\n\t\t\t\t<h3 class=\"elementor-icon-box-title\">\n\t\t\t\t\t<span  >\n\t\t\t\t\t\tParolas\u0131z Kolay Entegrasyon\t\t\t\t\t<\/span>\n\t\t\t\t<\/h3>\n\t\t\t\t\t\t\t\t\t<p class=\"elementor-icon-box-description\">\n\t\t\t\t\t\tAuthtake, sistemlerinize kolayca entegre olabilece\u011fi gibi kendi \u00fcr\u00fcn ailesi ile de entegrasyon sa\u011flayabilir. AuthTake \u015fifresiz MFA ve AuthTake SSO sayesinde sistemlerinize \u015fifresiz giri\u015f yapabilir, kimlik do\u011frulama i\u015fleminizi tekrarlamadan tek bir giri\u015f ile t\u00fcm sistemlerinize eri\u015febilirsiniz.\t\t\t\t\t<\/p>\n\t\t\t\t\t\t\t<\/div>\n\t\t<\/div>\n\t\t\t\t<\/div>\n\t\t\t\t<\/div>\n\t\t\t\t\t<\/div>\n\t\t<\/div>\n\t\t\t\t<div class=\"elementor-column elementor-col-33 elementor-inner-column elementor-element elementor-element-8f55a9e\" data-id=\"8f55a9e\" data-element_type=\"column\">\n\t\t\t<div class=\"elementor-widget-wrap elementor-element-populated\">\n\t\t\t\t\t\t<div class=\"elementor-element elementor-element-73366ba elementor-widget elementor-widget-icon-box\" data-id=\"73366ba\" data-element_type=\"widget\" data-widget_type=\"icon-box.default\">\n\t\t\t\t<div class=\"elementor-widget-container\">\n\t\t\t\t\t<div class=\"elementor-icon-box-wrapper\">\n\t\t\t\t\t\t<div class=\"elementor-icon-box-content\">\n\t\t\t\t<h3 class=\"elementor-icon-box-title\">\n\t\t\t\t\t<span  >\n\t\t\t\t\t\tT\u00fcm Uygulamalar\u0131n\u0131z \u0130\u00e7in Koruma\t\t\t\t\t<\/span>\n\t\t\t\t<\/h3>\n\t\t\t\t\t\t\t\t\t<p class=\"elementor-icon-box-description\">\n\t\t\t\t\t\tAuthTake ile entegrasyon i\u00e7in uygulamalar\u0131n\u0131z\u0131 ekleyebilirsiniz. Sahip oldu\u011funuz uygulamalar\u0131n i\u00e7indeki t\u00fcm verilerinizi koruyabilirsiniz. T\u00fcm pop\u00fcler uygulamalar\u0131 destekliyoruz. Herhangi bir ekstra uygulama eklemek isterseniz, bunu API entegrasyonlar\u0131 ile yapabiliriz. Bu kolayl\u0131\u011fa al\u0131\u015fmaktan ba\u015fka endi\u015felenecek bir \u015fey yok.\t\t\t\t\t<\/p>\n\t\t\t\t\t\t\t<\/div>\n\t\t<\/div>\n\t\t\t\t<\/div>\n\t\t\t\t<\/div>\n\t\t\t\t\t<\/div>\n\t\t<\/div>\n\t\t\t\t<div class=\"elementor-column elementor-col-33 elementor-inner-column elementor-element elementor-element-a596c9a\" data-id=\"a596c9a\" data-element_type=\"column\">\n\t\t\t<div class=\"elementor-widget-wrap elementor-element-populated\">\n\t\t\t\t\t\t<div class=\"elementor-element elementor-element-deae19d elementor-widget elementor-widget-icon-box\" data-id=\"deae19d\" data-element_type=\"widget\" data-widget_type=\"icon-box.default\">\n\t\t\t\t<div class=\"elementor-widget-container\">\n\t\t\t\t\t<div class=\"elementor-icon-box-wrapper\">\n\t\t\t\t\t\t<div class=\"elementor-icon-box-content\">\n\t\t\t\t<h3 class=\"elementor-icon-box-title\">\n\t\t\t\t\t<span  >\n\t\t\t\t\t\tHerhangi Bir Yerden Giri\u015f\/\u00c7\u0131k\u0131\u015f\t\t\t\t\t<\/span>\n\t\t\t\t<\/h3>\n\t\t\t\t\t\t\t\t\t<p class=\"elementor-icon-box-description\">\n\t\t\t\t\t\tSize ihtiyac\u0131n\u0131z olan her \u015feyi ve nerede olursan\u0131z olun sa\u011flamak i\u00e7in buraday\u0131z. Diyelim ki \u00f6nemli bir belge haz\u0131rl\u0131yorsunuz ve bilgisayar\u0131n\u0131z\u0131 kilitlemeyi unuttunuz. D\u00fcnyan\u0131n herhangi bir yerinden ve herhangi bir zamanda cihazlar\u0131n\u0131z\u0131 kilitleyip a\u00e7abilirsiniz.\t\t\t\t\t<\/p>\n\t\t\t\t\t\t\t<\/div>\n\t\t<\/div>\n\t\t\t\t<\/div>\n\t\t\t\t<\/div>\n\t\t\t\t\t<\/div>\n\t\t<\/div>\n\t\t\t\t\t<\/div>\n\t\t<\/section>\n\t\t\t\t\t<\/div>\n\t\t<\/div>\n\t\t\t\t\t<\/div>\n\t\t<\/section>\n\t\t\t\t<\/div>","protected":false},"excerpt":{"rendered":"<p>&#8211; Industries &#8211; Education Students and academics in educational institutions need access to information from everywhere.With Authtake, all your needs can be met in one product. FREE TRIAL \u00a0&#8211; Try 30 days for free. \u00a0&#8211; Cancel anytime. Prevent distruptions in education. Web application attacks accounted for roughly one quarter of breaches in the education vertical. &#8220;This is mostly due to the frequent compromise of cloud-based mail services via phishing links to phony login pages. So, if you use such a service 24\/7\/&#8230;365 you might want to consider tighting up your password security.\u201d -Verizon Learn More Let your employees and students log in to the systems smoothly and securely. Experience AuthTake MFA or AuthTake Passwordless MFA in your institution to give your students and staff a frictionless login experience. AuthTake protects your data from any type of attacts by its special features. Let your employees and students reset and change their passwords themselves with AuthTake Passkiosk. With Authtake SSO, your users can access their favorite applications on a single screen quickly and reliably with a single authentication. You can integrate all your users into our system within minutes. (Active Directory, OpenLDAP, SQL Server, PostgreSQL, Oracle etc.) Reduce password usage, AuthTake will do the rest. Paswordless Easy Integration Authtake can easily integrate into your systems as well as provide integration with its own product family. Thanks to the AuthTake passwordless MFA and AuthTake SSO, you can access your systems without a password, and you can access all your systems with a single login without repeating your authentication process. Protection For All Your Apps You can add your apps for integration with AuthTake. You can protect all your data inside the applications that you have. We support all popular applications. If you like to add any extra apps we can do that with API integrations. You have nothing else to worry about except getting used to this easiness. Login\/Logout From Anywhere We are here to provide you whatever you need and wherever you are. Imagine you are prapering important document and you forget the locking your computer. This problem can not be acceptable in 21st century. You can lock and unlock your devices from everywhere on the world from anytime.<\/p>","protected":false},"author":1,"featured_media":0,"parent":0,"menu_order":0,"comment_status":"closed","ping_status":"closed","template":"","meta":[],"_links":{"self":[{"href":"https:\/\/authtake.com\/tr\/wp-json\/wp\/v2\/pages\/3064"}],"collection":[{"href":"https:\/\/authtake.com\/tr\/wp-json\/wp\/v2\/pages"}],"about":[{"href":"https:\/\/authtake.com\/tr\/wp-json\/wp\/v2\/types\/page"}],"author":[{"embeddable":true,"href":"https:\/\/authtake.com\/tr\/wp-json\/wp\/v2\/users\/1"}],"replies":[{"embeddable":true,"href":"https:\/\/authtake.com\/tr\/wp-json\/wp\/v2\/comments?post=3064"}],"version-history":[{"count":12,"href":"https:\/\/authtake.com\/tr\/wp-json\/wp\/v2\/pages\/3064\/revisions"}],"predecessor-version":[{"id":14017,"href":"https:\/\/authtake.com\/tr\/wp-json\/wp\/v2\/pages\/3064\/revisions\/14017"}],"wp:attachment":[{"href":"https:\/\/authtake.com\/tr\/wp-json\/wp\/v2\/media?parent=3064"}],"curies":[{"name":"wp","href":"https:\/\/api.w.org\/{rel}","templated":true}]}}