{"id":3062,"date":"2021-01-21T06:58:36","date_gmt":"2021-01-21T06:58:36","guid":{"rendered":"http:\/\/authtake.com\/?page_id=3062"},"modified":"2023-03-06T14:47:47","modified_gmt":"2023-03-06T14:47:47","slug":"industries-energy","status":"publish","type":"page","link":"https:\/\/authtake.com\/tr\/industries-energy\/","title":{"rendered":"Industries-Energy"},"content":{"rendered":"<div data-elementor-type=\"wp-page\" data-elementor-id=\"3062\" class=\"elementor elementor-3062\">\n\t\t\t\t\t\t<section class=\"elementor-section elementor-top-section elementor-element elementor-element-794653a elementor-section-height-min-height elementor-section-boxed elementor-section-height-default elementor-section-items-middle wpr-particle-no wpr-sticky-section-no\" data-id=\"794653a\" data-element_type=\"section\" data-settings=\"{&quot;background_background&quot;:&quot;classic&quot;}\">\n\t\t\t\t\t\t<div class=\"elementor-container elementor-column-gap-default\">\n\t\t\t\t\t<div class=\"elementor-column elementor-col-50 elementor-top-column elementor-element elementor-element-9cfd542\" data-id=\"9cfd542\" data-element_type=\"column\">\n\t\t\t<div class=\"elementor-widget-wrap elementor-element-populated\">\n\t\t\t\t\t\t<div class=\"elementor-element elementor-element-511b836 elementor-widget elementor-widget-heading\" data-id=\"511b836\" data-element_type=\"widget\" data-widget_type=\"heading.default\">\n\t\t\t\t<div class=\"elementor-widget-container\">\n\t\t\t<h2 class=\"elementor-heading-title elementor-size-default\">- End\u00fcstriler -<\/h2>\t\t<\/div>\n\t\t\t\t<\/div>\n\t\t\t\t<div class=\"elementor-element elementor-element-65bd4f5 elementor-widget elementor-widget-heading\" data-id=\"65bd4f5\" data-element_type=\"widget\" data-widget_type=\"heading.default\">\n\t\t\t\t<div class=\"elementor-widget-container\">\n\t\t\t<h2 class=\"elementor-heading-title elementor-size-default\">Enerji<\/h2>\t\t<\/div>\n\t\t\t\t<\/div>\n\t\t\t\t<div class=\"elementor-element elementor-element-f60dab8 elementor-widget elementor-widget-text-editor\" data-id=\"f60dab8\" data-element_type=\"widget\" data-widget_type=\"text-editor.default\">\n\t\t\t\t<div class=\"elementor-widget-container\">\n\t\t\t\t\t\t\t<p>D\u00fcnyan\u0131n enerjiye olan ba\u011fl\u0131l\u0131\u011f\u0131, bilgisayar korsanlar\u0131n\u0131n d\u00fcnya \u00e7ap\u0131nda sald\u0131r\u0131lar ba\u015flatmak i\u00e7in genellikle enerji sekt\u00f6r\u00fcn\u00fc hedef almas\u0131nda \u00f6nemli bir etken.<\/p>\t\t\t\t\t\t<\/div>\n\t\t\t\t<\/div>\n\t\t\t\t<div class=\"elementor-element elementor-element-3409d74 elementor-widget elementor-widget-button\" data-id=\"3409d74\" data-element_type=\"widget\" data-widget_type=\"button.default\">\n\t\t\t\t<div class=\"elementor-widget-container\">\n\t\t\t\t\t<div class=\"elementor-button-wrapper\">\n\t\t\t<a class=\"elementor-button elementor-button-link elementor-size-sm\" href=\"https:\/\/authtake.com\/tr\/company-contact-us\/\">\n\t\t\t\t\t\t<span class=\"elementor-button-content-wrapper\">\n\t\t\t\t\t\t<span class=\"elementor-button-text\">\u0130leti\u015fim<\/span>\n\t\t<\/span>\n\t\t\t\t\t<\/a>\n\t\t<\/div>\n\t\t\t\t<\/div>\n\t\t\t\t<\/div>\n\t\t\t\t<div class=\"elementor-element elementor-element-358511e elementor-widget elementor-widget-text-editor\" data-id=\"358511e\" data-element_type=\"widget\" data-widget_type=\"text-editor.default\">\n\t\t\t\t<div class=\"elementor-widget-container\">\n\t\t\t\t\t\t\t<p>\u00a0- 30 G\u00fcn \u00fccretsiz deneyin<\/p><p>\u00a0- \u0130stedi\u011finiz zaman iptal edin<\/p>\t\t\t\t\t\t<\/div>\n\t\t\t\t<\/div>\n\t\t\t\t\t<\/div>\n\t\t<\/div>\n\t\t\t\t<div class=\"elementor-column elementor-col-50 elementor-top-column elementor-element elementor-element-6e2048d\" data-id=\"6e2048d\" data-element_type=\"column\">\n\t\t\t<div class=\"elementor-widget-wrap\">\n\t\t\t\t\t\t\t<\/div>\n\t\t<\/div>\n\t\t\t\t\t<\/div>\n\t\t<\/section>\n\t\t\t\t<section class=\"elementor-section elementor-top-section elementor-element elementor-element-a90e9eb elementor-section-boxed elementor-section-height-default elementor-section-height-default wpr-particle-no wpr-sticky-section-no\" data-id=\"a90e9eb\" data-element_type=\"section\">\n\t\t\t\t\t\t<div class=\"elementor-container elementor-column-gap-default\">\n\t\t\t\t\t<div class=\"elementor-column elementor-col-50 elementor-top-column elementor-element elementor-element-fb8aa42\" data-id=\"fb8aa42\" data-element_type=\"column\">\n\t\t\t<div class=\"elementor-widget-wrap elementor-element-populated\">\n\t\t\t\t\t\t<div class=\"elementor-element elementor-element-b10f7e2 elementor-widget elementor-widget-heading\" data-id=\"b10f7e2\" data-element_type=\"widget\" data-widget_type=\"heading.default\">\n\t\t\t\t<div class=\"elementor-widget-container\">\n\t\t\t<h2 class=\"elementor-heading-title elementor-size-default\">Dijital D\u00f6n\u00fc\u015f\u00fcme Uyum Sa\u011flay\u0131n.<\/h2>\t\t<\/div>\n\t\t\t\t<\/div>\n\t\t\t\t<div class=\"elementor-element elementor-element-11424b7 elementor-widget elementor-widget-text-editor\" data-id=\"11424b7\" data-element_type=\"widget\" data-widget_type=\"text-editor.default\">\n\t\t\t\t<div class=\"elementor-widget-container\">\n\t\t\t\t\t\t\t<p>Enerji sekt\u00f6r\u00fc ayn\u0131 anda birden fazla lokasyonda \u00e7al\u0131\u015fan bir sekt\u00f6rd\u00fcr. Bu da \u00e7al\u0131\u015fma ortam\u0131ndan ofise uzaktan eri\u015fim ile ba\u011flanma ihtiyac\u0131n\u0131 do\u011furur. \u00c7al\u0131\u015fanlar\u0131n\u0131z d\u00fcnyan\u0131n neresinde olurlarsa olsunlar g\u00fcvenli bir ba\u011flant\u0131 ile ofis a\u011f\u0131na ba\u011flanabilirler.<\/p><p>Authtake, verilerinizin \u00e7al\u0131nmas\u0131n\u0131 \u00f6nler. Mesafelerin i\u015finizi engellemesine izin vermez. \u0130nternet ba\u011flant\u0131s\u0131 olsun ya da olmas\u0131n, bilgisayar\u0131n\u0131z\u0131 a\u00e7mak i\u00e7in \u015fifre kullanma ihtiyac\u0131n\u0131 ortadan kald\u0131r\u0131r. \u00c7al\u0131\u015fma ortam\u0131n\u0131zda i\u015f yerinizi a\u00e7\u0131k b\u0131rakman\u0131z\u0131n sorun olmas\u0131n\u0131 engeller. \u0130\u015f yerinizi istedi\u011finiz zaman, istedi\u011finiz yerde kilitleyebilmenizi sa\u011flar.<\/p>\t\t\t\t\t\t<\/div>\n\t\t\t\t<\/div>\n\t\t\t\t\t<\/div>\n\t\t<\/div>\n\t\t\t\t<div class=\"elementor-column elementor-col-50 elementor-top-column elementor-element elementor-element-cddf4a4\" data-id=\"cddf4a4\" data-element_type=\"column\">\n\t\t\t<div class=\"elementor-widget-wrap elementor-element-populated\">\n\t\t\t\t\t\t<div class=\"elementor-element elementor-element-dce6140 elementor-widget elementor-widget-image\" data-id=\"dce6140\" data-element_type=\"widget\" data-widget_type=\"image.default\">\n\t\t\t\t<div class=\"elementor-widget-container\">\n\t\t\t\t\t\t\t\t\t\t\t\t\t<img fetchpriority=\"high\" decoding=\"async\" width=\"800\" height=\"662\" src=\"https:\/\/authtake.com\/wp-content\/uploads\/2021\/01\/energygorsel.png\" class=\"attachment-large size-large wp-image-3357\" alt=\"\" srcset=\"https:\/\/authtake.com\/wp-content\/uploads\/2021\/01\/energygorsel.png 833w, https:\/\/authtake.com\/wp-content\/uploads\/2021\/01\/energygorsel-300x248.png 300w, https:\/\/authtake.com\/wp-content\/uploads\/2021\/01\/energygorsel-768x635.png 768w\" sizes=\"(max-width: 800px) 100vw, 800px\" \/>\t\t\t\t\t\t\t\t\t\t\t\t\t<\/div>\n\t\t\t\t<\/div>\n\t\t\t\t\t<\/div>\n\t\t<\/div>\n\t\t\t\t\t<\/div>\n\t\t<\/section>\n\t\t\t\t<section class=\"elementor-section elementor-top-section elementor-element elementor-element-d88cd60 elementor-section-boxed elementor-section-height-default elementor-section-height-default wpr-particle-no wpr-sticky-section-no\" data-id=\"d88cd60\" data-element_type=\"section\" data-settings=\"{&quot;background_background&quot;:&quot;classic&quot;}\">\n\t\t\t\t\t\t<div class=\"elementor-container elementor-column-gap-default\">\n\t\t\t\t\t<div class=\"elementor-column elementor-col-100 elementor-top-column elementor-element elementor-element-059a2fb\" data-id=\"059a2fb\" data-element_type=\"column\">\n\t\t\t<div class=\"elementor-widget-wrap elementor-element-populated\">\n\t\t\t\t\t\t<div class=\"elementor-element elementor-element-2a1241e elementor-widget elementor-widget-text-editor\" data-id=\"2a1241e\" data-element_type=\"widget\" data-widget_type=\"text-editor.default\">\n\t\t\t\t<div class=\"elementor-widget-container\">\n\t\t\t\t\t\t\t<p>D\u00fcnya her zaman enerjiye ba\u011f\u0131ml\u0131 olmu\u015ftur ve insanl\u0131\u011f\u0131n enerji kesintilerine olan tahamm\u00fcls\u00fczl\u00fc\u011f\u00fc asla de\u011fi\u015fmez. Bunu bilen bilgisayar korsanlar\u0131, enerji a\u011f\u0131n\u0131 hedef alan ciddi siber sald\u0131r\u0131lar ger\u00e7ekle\u015ftiriyor.<\/p>\t\t\t\t\t\t<\/div>\n\t\t\t\t<\/div>\n\t\t\t\t\t<\/div>\n\t\t<\/div>\n\t\t\t\t\t<\/div>\n\t\t<\/section>\n\t\t\t\t<section class=\"elementor-section elementor-top-section elementor-element elementor-element-8e32290 elementor-section-boxed elementor-section-height-default elementor-section-height-default wpr-particle-no wpr-sticky-section-no\" data-id=\"8e32290\" data-element_type=\"section\">\n\t\t\t\t\t\t<div class=\"elementor-container elementor-column-gap-default\">\n\t\t\t\t\t<div class=\"elementor-column elementor-col-50 elementor-top-column elementor-element elementor-element-436053a\" data-id=\"436053a\" data-element_type=\"column\">\n\t\t\t<div class=\"elementor-widget-wrap elementor-element-populated\">\n\t\t\t\t\t\t<div class=\"elementor-element elementor-element-6adc24a elementor-widget elementor-widget-image\" data-id=\"6adc24a\" data-element_type=\"widget\" data-widget_type=\"image.default\">\n\t\t\t\t<div class=\"elementor-widget-container\">\n\t\t\t\t\t\t\t\t\t\t\t\t\t<img decoding=\"async\" width=\"800\" height=\"534\" src=\"https:\/\/authtake.com\/wp-content\/uploads\/2021\/01\/enerji-1024x683.png\" class=\"attachment-large size-large wp-image-3361\" alt=\"\" srcset=\"https:\/\/authtake.com\/wp-content\/uploads\/2021\/01\/enerji-1024x683.png 1024w, https:\/\/authtake.com\/wp-content\/uploads\/2021\/01\/enerji-300x200.png 300w, https:\/\/authtake.com\/wp-content\/uploads\/2021\/01\/enerji-768x512.png 768w, https:\/\/authtake.com\/wp-content\/uploads\/2021\/01\/enerji-1536x1024.png 1536w, https:\/\/authtake.com\/wp-content\/uploads\/2021\/01\/enerji-2048x1365.png 2048w\" sizes=\"(max-width: 800px) 100vw, 800px\" \/>\t\t\t\t\t\t\t\t\t\t\t\t\t<\/div>\n\t\t\t\t<\/div>\n\t\t\t\t\t<\/div>\n\t\t<\/div>\n\t\t\t\t<div class=\"elementor-column elementor-col-50 elementor-top-column elementor-element elementor-element-799753a\" data-id=\"799753a\" data-element_type=\"column\">\n\t\t\t<div class=\"elementor-widget-wrap elementor-element-populated\">\n\t\t\t\t\t\t<div class=\"elementor-element elementor-element-3c86b19 elementor-widget elementor-widget-heading\" data-id=\"3c86b19\" data-element_type=\"widget\" data-widget_type=\"heading.default\">\n\t\t\t\t<div class=\"elementor-widget-container\">\n\t\t\t<h2 class=\"elementor-heading-title elementor-size-default\">AuthTake'in size sundu\u011fu \u00f6zellikleri ke\u015ffetmeye ba\u015flay\u0131n.<\/h2>\t\t<\/div>\n\t\t\t\t<\/div>\n\t\t\t\t<div class=\"elementor-element elementor-element-ad51d9d elementor-widget elementor-widget-text-editor\" data-id=\"ad51d9d\" data-element_type=\"widget\" data-widget_type=\"text-editor.default\">\n\t\t\t\t<div class=\"elementor-widget-container\">\n\t\t\t\t\t\t\t<p>Enerji sistemlerinize yetkisiz eri\u015fim ve sald\u0131r\u0131lar\u0131 \u00f6nlemek i\u00e7in AuthTake kullan\u0131n. Authtake MFA ile sistem eri\u015fimleri s\u0131ras\u0131nda kullan\u0131c\u0131lar\u0131n\u0131z\u0131n g\u00fcvenli\u011fini art\u0131r\u0131n. Authtake Passwordless MFA ile parola kullan\u0131m\u0131ndan kaynaklanan parola s\u0131f\u0131rlama maliyetlerinden vazge\u00e7ebilirsiniz.<\/p>\t\t\t\t\t\t<\/div>\n\t\t\t\t<\/div>\n\t\t\t\t\t<\/div>\n\t\t<\/div>\n\t\t\t\t\t<\/div>\n\t\t<\/section>\n\t\t\t\t<\/div>","protected":false},"excerpt":{"rendered":"<p>&#8211; Industries &#8211; Energy Because of the world&#8217;s dependence on energy and people&#8217;s intolerance to energy cuts due to this dependency, hackers often target the energy sector to launch worldwide attacks FREE TRIAL \u00a0&#8211; Try 30 days for free. \u00a0&#8211; Cancel anytime. Follow the digital transformation. The energy sector is a sector that works in multiple locations at the same time. This creates the need to connect to the office from the working environment with remote access. Your employees can connect to the office network with a secure connection wherever they are in the world. Authtake prevents your data from being stolen. It does not allow distances to hinder your business. It eliminates the need to use a password to open your computer, regardless of whether there is an internet connection or not. \u0131t prevents Leaving your workstation open in your working environment\u00a0 from being a problem.It allows you to lock your workstation whenever you want where ever you are. The world has always been depending on energy, and the intensity of humanity to energy cuts will never change. Hackers who know this are making serious cyber attacks targeting the energy network. Start exploring the features that AuthTake offers you. Use AuthTake\u00a0 to avoid unauthorized access and attacks on your energy systems. Increase the security of your users during their system access with Authtake MFA. With Authtake Passwordless MFA, you can abondon password reset costs caused by password usage.<\/p>","protected":false},"author":1,"featured_media":0,"parent":0,"menu_order":0,"comment_status":"closed","ping_status":"closed","template":"","meta":[],"_links":{"self":[{"href":"https:\/\/authtake.com\/tr\/wp-json\/wp\/v2\/pages\/3062"}],"collection":[{"href":"https:\/\/authtake.com\/tr\/wp-json\/wp\/v2\/pages"}],"about":[{"href":"https:\/\/authtake.com\/tr\/wp-json\/wp\/v2\/types\/page"}],"author":[{"embeddable":true,"href":"https:\/\/authtake.com\/tr\/wp-json\/wp\/v2\/users\/1"}],"replies":[{"embeddable":true,"href":"https:\/\/authtake.com\/tr\/wp-json\/wp\/v2\/comments?post=3062"}],"version-history":[{"count":12,"href":"https:\/\/authtake.com\/tr\/wp-json\/wp\/v2\/pages\/3062\/revisions"}],"predecessor-version":[{"id":14011,"href":"https:\/\/authtake.com\/tr\/wp-json\/wp\/v2\/pages\/3062\/revisions\/14011"}],"wp:attachment":[{"href":"https:\/\/authtake.com\/tr\/wp-json\/wp\/v2\/media?parent=3062"}],"curies":[{"name":"wp","href":"https:\/\/api.w.org\/{rel}","templated":true}]}}