{"id":2824,"date":"2021-01-20T11:19:05","date_gmt":"2021-01-20T11:19:05","guid":{"rendered":"http:\/\/authtake.com\/?page_id=2824"},"modified":"2023-03-06T12:54:48","modified_gmt":"2023-03-06T12:54:48","slug":"features-advanced-reporting","status":"publish","type":"page","link":"https:\/\/authtake.com\/tr\/features-advanced-reporting\/","title":{"rendered":"Features-Advanced-Reporting"},"content":{"rendered":"<div data-elementor-type=\"wp-page\" data-elementor-id=\"2824\" class=\"elementor elementor-2824\">\n\t\t\t\t\t\t<section class=\"elementor-section elementor-top-section elementor-element elementor-element-c9c1e7c elementor-section-height-min-height elementor-section-boxed elementor-section-height-default elementor-section-items-middle wpr-particle-no wpr-sticky-section-no\" data-id=\"c9c1e7c\" data-element_type=\"section\" data-settings=\"{&quot;background_background&quot;:&quot;classic&quot;}\">\n\t\t\t\t\t\t<div class=\"elementor-container elementor-column-gap-default\">\n\t\t\t\t\t<div class=\"elementor-column elementor-col-50 elementor-top-column elementor-element elementor-element-b27b2de\" data-id=\"b27b2de\" data-element_type=\"column\">\n\t\t\t<div class=\"elementor-widget-wrap elementor-element-populated\">\n\t\t\t\t\t\t<div class=\"elementor-element elementor-element-34b3c09 elementor-widget elementor-widget-heading\" data-id=\"34b3c09\" data-element_type=\"widget\" data-widget_type=\"heading.default\">\n\t\t\t\t<div class=\"elementor-widget-container\">\n\t\t\t<h2 class=\"elementor-heading-title elementor-size-default\">- \u00d6zellikler -<\/h2>\t\t<\/div>\n\t\t\t\t<\/div>\n\t\t\t\t<div class=\"elementor-element elementor-element-8550ac0 elementor-widget elementor-widget-heading\" data-id=\"8550ac0\" data-element_type=\"widget\" data-widget_type=\"heading.default\">\n\t\t\t\t<div class=\"elementor-widget-container\">\n\t\t\t<h2 class=\"elementor-heading-title elementor-size-default\">Geli\u015fmi\u015f Raporlama<\/h2>\t\t<\/div>\n\t\t\t\t<\/div>\n\t\t\t\t<div class=\"elementor-element elementor-element-c01546e elementor-widget elementor-widget-text-editor\" data-id=\"c01546e\" data-element_type=\"widget\" data-widget_type=\"text-editor.default\">\n\t\t\t\t<div class=\"elementor-widget-container\">\n\t\t\t\t\t\t\t<p>AuthTake Geli\u015fmi\u015f Raporlama \u00d6zelli\u011fi ile kullan\u0131c\u0131lar\u0131n\u0131z\u0131n sisteminizde yapt\u0131klar\u0131 i\u015flemleri kontrol edebilir, sistem hatalar\u0131n\u0131 detayl\u0131 bir \u015fekilde inceleyebilirsiniz.<\/p>\t\t\t\t\t\t<\/div>\n\t\t\t\t<\/div>\n\t\t\t\t<div class=\"elementor-element elementor-element-8ba4cd9 elementor-widget elementor-widget-button\" data-id=\"8ba4cd9\" data-element_type=\"widget\" data-widget_type=\"button.default\">\n\t\t\t\t<div class=\"elementor-widget-container\">\n\t\t\t\t\t<div class=\"elementor-button-wrapper\">\n\t\t\t<a class=\"elementor-button elementor-button-link elementor-size-sm\" href=\"https:\/\/authtake.com\/tr\/company-contact-us\/\">\n\t\t\t\t\t\t<span class=\"elementor-button-content-wrapper\">\n\t\t\t\t\t\t<span class=\"elementor-button-text\">\u0130leti\u015fim<\/span>\n\t\t<\/span>\n\t\t\t\t\t<\/a>\n\t\t<\/div>\n\t\t\t\t<\/div>\n\t\t\t\t<\/div>\n\t\t\t\t<div class=\"elementor-element elementor-element-f289a17 elementor-widget elementor-widget-text-editor\" data-id=\"f289a17\" data-element_type=\"widget\" data-widget_type=\"text-editor.default\">\n\t\t\t\t<div class=\"elementor-widget-container\">\n\t\t\t\t\t\t\t<p>\u00a0- 30 G\u00fcn \u00fccretsiz deneyin<\/p><p>\u00a0- \u0130stedi\u011finiz zaman iptal edin<\/p>\t\t\t\t\t\t<\/div>\n\t\t\t\t<\/div>\n\t\t\t\t\t<\/div>\n\t\t<\/div>\n\t\t\t\t<div class=\"elementor-column elementor-col-50 elementor-top-column elementor-element elementor-element-f5123f1\" data-id=\"f5123f1\" data-element_type=\"column\">\n\t\t\t<div class=\"elementor-widget-wrap\">\n\t\t\t\t\t\t\t<\/div>\n\t\t<\/div>\n\t\t\t\t\t<\/div>\n\t\t<\/section>\n\t\t\t\t<section class=\"elementor-section elementor-top-section elementor-element elementor-element-74cb90d2 elementor-section-boxed elementor-section-height-default elementor-section-height-default wpr-particle-no wpr-sticky-section-no\" data-id=\"74cb90d2\" data-element_type=\"section\">\n\t\t\t\t\t\t<div class=\"elementor-container elementor-column-gap-default\">\n\t\t\t\t\t<div class=\"elementor-column elementor-col-50 elementor-top-column elementor-element elementor-element-678b27d6 elementor-hidden-tablet elementor-hidden-mobile\" data-id=\"678b27d6\" data-element_type=\"column\">\n\t\t\t<div class=\"elementor-widget-wrap elementor-element-populated\">\n\t\t\t\t\t\t<div class=\"elementor-element elementor-element-59fa6db elementor-hidden-tablet elementor-hidden-phone elementor-widget elementor-widget-image\" data-id=\"59fa6db\" data-element_type=\"widget\" data-widget_type=\"image.default\">\n\t\t\t\t<div class=\"elementor-widget-container\">\n\t\t\t\t\t\t\t\t\t\t\t\t\t<img fetchpriority=\"high\" decoding=\"async\" width=\"600\" height=\"450\" src=\"https:\/\/authtake.com\/wp-content\/uploads\/2021\/01\/rapor1.png\" class=\"attachment-large size-large wp-image-2912\" alt=\"\" srcset=\"https:\/\/authtake.com\/wp-content\/uploads\/2021\/01\/rapor1.png 600w, https:\/\/authtake.com\/wp-content\/uploads\/2021\/01\/rapor1-300x225.png 300w\" sizes=\"(max-width: 600px) 100vw, 600px\" \/>\t\t\t\t\t\t\t\t\t\t\t\t\t<\/div>\n\t\t\t\t<\/div>\n\t\t\t\t\t<\/div>\n\t\t<\/div>\n\t\t\t\t<div class=\"elementor-column elementor-col-50 elementor-top-column elementor-element elementor-element-4ad463a1\" data-id=\"4ad463a1\" data-element_type=\"column\">\n\t\t\t<div class=\"elementor-widget-wrap elementor-element-populated\">\n\t\t\t\t\t\t<div class=\"elementor-element elementor-element-56e8352 elementor-widget elementor-widget-heading\" data-id=\"56e8352\" data-element_type=\"widget\" data-widget_type=\"heading.default\">\n\t\t\t\t<div class=\"elementor-widget-container\">\n\t\t\t<h2 class=\"elementor-heading-title elementor-size-default\">Y\u00f6netici Olmak Sizin \u0130\u015finiz, Raporlamaksa Bizim<\/h2>\t\t<\/div>\n\t\t\t\t<\/div>\n\t\t\t\t<div class=\"elementor-element elementor-element-fa6a56d elementor-widget elementor-widget-text-editor\" data-id=\"fa6a56d\" data-element_type=\"widget\" data-widget_type=\"text-editor.default\">\n\t\t\t\t<div class=\"elementor-widget-container\">\n\t\t\t\t\t\t\t<p>Y\u00f6netici olarak, sistemi s\u00fcrekli kontrol etmek ve \u00e7al\u0131\u015f\u0131r durumda tutmak i\u015finizin bir par\u00e7as\u0131d\u0131r. bu g\u00f6revin ne kadar yo\u011fun olabilece\u011fini biliyoruz. AuthTake raporlama \u00f6zelli\u011fini size daha iyi bir \u00fcr\u00fcn deneyimi ya\u015fatmak ve i\u015finizi kolayla\u015ft\u0131rmak i\u00e7in geli\u015ftirdi.<\/p>\t\t\t\t\t\t<\/div>\n\t\t\t\t<\/div>\n\t\t\t\t<div class=\"elementor-element elementor-element-3f66bcf elementor-widget elementor-widget-heading\" data-id=\"3f66bcf\" data-element_type=\"widget\" data-widget_type=\"heading.default\">\n\t\t\t\t<div class=\"elementor-widget-container\">\n\t\t\t<h2 class=\"elementor-heading-title elementor-size-default\">Sistemdeki her hareketi kontrol edebilirsiniz.<\/h2>\t\t<\/div>\n\t\t\t\t<\/div>\n\t\t\t\t<div class=\"elementor-element elementor-element-aaba60a elementor-hidden-desktop elementor-widget elementor-widget-image\" data-id=\"aaba60a\" data-element_type=\"widget\" data-widget_type=\"image.default\">\n\t\t\t\t<div class=\"elementor-widget-container\">\n\t\t\t\t\t\t\t\t\t\t\t\t\t<img fetchpriority=\"high\" decoding=\"async\" width=\"600\" height=\"450\" src=\"https:\/\/authtake.com\/wp-content\/uploads\/2021\/01\/rapor1.png\" class=\"attachment-large size-large wp-image-2912\" alt=\"\" srcset=\"https:\/\/authtake.com\/wp-content\/uploads\/2021\/01\/rapor1.png 600w, https:\/\/authtake.com\/wp-content\/uploads\/2021\/01\/rapor1-300x225.png 300w\" sizes=\"(max-width: 600px) 100vw, 600px\" \/>\t\t\t\t\t\t\t\t\t\t\t\t\t<\/div>\n\t\t\t\t<\/div>\n\t\t\t\t\t<\/div>\n\t\t<\/div>\n\t\t\t\t\t<\/div>\n\t\t<\/section>\n\t\t\t\t<section class=\"elementor-section elementor-top-section elementor-element elementor-element-6fce7ec elementor-section-boxed elementor-section-height-default elementor-section-height-default wpr-particle-no wpr-sticky-section-no\" data-id=\"6fce7ec\" data-element_type=\"section\" data-settings=\"{&quot;background_background&quot;:&quot;classic&quot;}\">\n\t\t\t\t\t\t<div class=\"elementor-container elementor-column-gap-default\">\n\t\t\t\t\t<div class=\"elementor-column elementor-col-50 elementor-top-column elementor-element elementor-element-3ecdb59\" data-id=\"3ecdb59\" data-element_type=\"column\">\n\t\t\t<div class=\"elementor-widget-wrap elementor-element-populated\">\n\t\t\t\t\t\t<div class=\"elementor-element elementor-element-bfd381c elementor-widget elementor-widget-heading\" data-id=\"bfd381c\" data-element_type=\"widget\" data-widget_type=\"heading.default\">\n\t\t\t\t<div class=\"elementor-widget-container\">\n\t\t\t<h2 class=\"elementor-heading-title elementor-size-default\">Haberdar Olun<\/h2>\t\t<\/div>\n\t\t\t\t<\/div>\n\t\t\t\t<div class=\"elementor-element elementor-element-0d3087a elementor-widget elementor-widget-text-editor\" data-id=\"0d3087a\" data-element_type=\"widget\" data-widget_type=\"text-editor.default\">\n\t\t\t\t<div class=\"elementor-widget-container\">\n\t\t\t\t\t\t\t<p>Rapordan a\u015fa\u011f\u0131daki gibi bir\u00e7ok bilgiyi g\u00f6zlemleyebilirsiniz;<\/p><p>\u00a0 \u00a0\u2022 Sisteme hangi IP adresinden girilmeye \u00e7al\u0131\u015f\u0131ld\u0131?<\/p><p>\u00a0 \u00a0\u2022 Sisteme hangi lokasyondan girilmeye \u00e7al\u0131\u015f\u0131ld\u0131?<\/p><p>\u00a0 \u00a0\u2022 En \u00e7ok giri\u015f talebi hangi IP'den al\u0131nd\u0131?<\/p><p>\u00a0 \u00a0\u2022 Kullan\u0131c\u0131 sisteme giri\u015f yapt\u0131\u011f\u0131nda AuthTake'in aktif miydi de\u011fil miydi?<\/p><p>\u00a0 \u00a0\u2022 Kullan\u0131c\u0131 ne zaman sisteme giri\u015f yapmaya \u00e7al\u0131\u015ft\u0131?<\/p><p>\u00a0 \u00a0\u2022 Kullan\u0131c\u0131 sisteme giri\u015f yapam\u0131yorsa, AuthTake kullan\u0131c\u0131n\u0131n neden giri\u015f yapamad\u0131\u011f\u0131, sorunun nerede olu\u015ftu\u011funa dair ayr\u0131nt\u0131l\u0131 a\u00e7\u0131klama haz\u0131rlar.<\/p><p>\u00a0 \u00a0\u2022 Kullan\u0131c\u0131 hangi uygulamaya giri\u015f yapt\u0131?<\/p>\t\t\t\t\t\t<\/div>\n\t\t\t\t<\/div>\n\t\t\t\t\t<\/div>\n\t\t<\/div>\n\t\t\t\t<div class=\"elementor-column elementor-col-50 elementor-top-column elementor-element elementor-element-5c45341\" data-id=\"5c45341\" data-element_type=\"column\">\n\t\t\t<div class=\"elementor-widget-wrap elementor-element-populated\">\n\t\t\t\t\t\t<div class=\"elementor-element elementor-element-cdf159f elementor-widget elementor-widget-image\" data-id=\"cdf159f\" data-element_type=\"widget\" data-widget_type=\"image.default\">\n\t\t\t\t<div class=\"elementor-widget-container\">\n\t\t\t\t\t\t\t\t\t\t\t\t\t<img decoding=\"async\" width=\"2475\" height=\"1650\" src=\"https:\/\/authtake.com\/wp-content\/uploads\/2021\/02\/digital-trns.png\" class=\"attachment-full size-full wp-image-5817\" alt=\"\" srcset=\"https:\/\/authtake.com\/wp-content\/uploads\/2021\/02\/digital-trns.png 2475w, https:\/\/authtake.com\/wp-content\/uploads\/2021\/02\/digital-trns-300x200.png 300w, https:\/\/authtake.com\/wp-content\/uploads\/2021\/02\/digital-trns-1024x683.png 1024w, https:\/\/authtake.com\/wp-content\/uploads\/2021\/02\/digital-trns-768x512.png 768w, https:\/\/authtake.com\/wp-content\/uploads\/2021\/02\/digital-trns-1536x1024.png 1536w, https:\/\/authtake.com\/wp-content\/uploads\/2021\/02\/digital-trns-2048x1365.png 2048w\" sizes=\"(max-width: 2475px) 100vw, 2475px\" \/>\t\t\t\t\t\t\t\t\t\t\t\t\t<\/div>\n\t\t\t\t<\/div>\n\t\t\t\t\t<\/div>\n\t\t<\/div>\n\t\t\t\t\t<\/div>\n\t\t<\/section>\n\t\t\t\t<\/div>","protected":false},"excerpt":{"rendered":"<p>&#8211; Features &#8211; Advanced Reporting With AuthTake Advanced Reporting Feature you can control the actions your users perform on your system, also you can examine system errors in detail. FREE TRIAL \u00a0&#8211; Try 30 days for free. \u00a0&#8211; Cancel anytime. Being The Administrator Is Your Job, Reporting Is Ours As admin, it is part of your job to constantly check the system and keep it running. we know how intense this task can be. AuthTake developed the reporting feature to provide you with a better product experience and make your job easier. You can control every movement in the system. Leave Nothing Unknown You can observe many information from the report such as; \u00a0 \u00a0\u2022 From which IP address, the system is tried to be accessed \u00a0 \u00a0\u2022 From which location the system was attempted to be entered \u00a0 \u00a0\u2022 From which IP received the most entry requests \u00a0 \u00a0\u2022 Whether AuthTake is active when the user logs into the system \u00a0 \u00a0\u2022 At what time the user tried to log into the system \u00a0 \u00a0\u2022 If user cannot login the system AuthTake prepare detailed explanation of why the user cannot log in, where the problem occurred \u00a0 \u00a0\u2022 Which application the user entered<\/p>","protected":false},"author":1,"featured_media":0,"parent":0,"menu_order":0,"comment_status":"closed","ping_status":"closed","template":"","meta":[],"_links":{"self":[{"href":"https:\/\/authtake.com\/tr\/wp-json\/wp\/v2\/pages\/2824"}],"collection":[{"href":"https:\/\/authtake.com\/tr\/wp-json\/wp\/v2\/pages"}],"about":[{"href":"https:\/\/authtake.com\/tr\/wp-json\/wp\/v2\/types\/page"}],"author":[{"embeddable":true,"href":"https:\/\/authtake.com\/tr\/wp-json\/wp\/v2\/users\/1"}],"replies":[{"embeddable":true,"href":"https:\/\/authtake.com\/tr\/wp-json\/wp\/v2\/comments?post=2824"}],"version-history":[{"count":6,"href":"https:\/\/authtake.com\/tr\/wp-json\/wp\/v2\/pages\/2824\/revisions"}],"predecessor-version":[{"id":13939,"href":"https:\/\/authtake.com\/tr\/wp-json\/wp\/v2\/pages\/2824\/revisions\/13939"}],"wp:attachment":[{"href":"https:\/\/authtake.com\/tr\/wp-json\/wp\/v2\/media?parent=2824"}],"curies":[{"name":"wp","href":"https:\/\/api.w.org\/{rel}","templated":true}]}}