{"id":2803,"date":"2021-01-20T10:44:37","date_gmt":"2021-01-20T10:44:37","guid":{"rendered":"http:\/\/authtake.com\/?page_id=2803"},"modified":"2023-03-06T12:55:13","modified_gmt":"2023-03-06T12:55:13","slug":"features-offline-login","status":"publish","type":"page","link":"https:\/\/authtake.com\/tr\/features-offline-login\/","title":{"rendered":"Features-Offline Login"},"content":{"rendered":"<div data-elementor-type=\"wp-page\" data-elementor-id=\"2803\" class=\"elementor elementor-2803\">\n\t\t\t\t\t\t<section class=\"elementor-section elementor-top-section elementor-element elementor-element-87ee3e3 elementor-section-height-min-height elementor-section-boxed elementor-section-height-default elementor-section-items-middle wpr-particle-no wpr-sticky-section-no\" data-id=\"87ee3e3\" data-element_type=\"section\" data-settings=\"{&quot;background_background&quot;:&quot;classic&quot;}\">\n\t\t\t\t\t\t<div class=\"elementor-container elementor-column-gap-default\">\n\t\t\t\t\t<div class=\"elementor-column elementor-col-50 elementor-top-column elementor-element elementor-element-b1aa060\" data-id=\"b1aa060\" data-element_type=\"column\">\n\t\t\t<div class=\"elementor-widget-wrap elementor-element-populated\">\n\t\t\t\t\t\t<div class=\"elementor-element elementor-element-fdf9df9 elementor-widget elementor-widget-heading\" data-id=\"fdf9df9\" data-element_type=\"widget\" data-widget_type=\"heading.default\">\n\t\t\t\t<div class=\"elementor-widget-container\">\n\t\t\t<h2 class=\"elementor-heading-title elementor-size-default\">- \u00d6zellikler -<\/h2>\t\t<\/div>\n\t\t\t\t<\/div>\n\t\t\t\t<div class=\"elementor-element elementor-element-2f8900c elementor-widget elementor-widget-heading\" data-id=\"2f8900c\" data-element_type=\"widget\" data-widget_type=\"heading.default\">\n\t\t\t\t<div class=\"elementor-widget-container\">\n\t\t\t<h2 class=\"elementor-heading-title elementor-size-default\">\u00c7evrimd\u0131\u015f\u0131 Giri\u015f<\/h2>\t\t<\/div>\n\t\t\t\t<\/div>\n\t\t\t\t<div class=\"elementor-element elementor-element-74824d4 elementor-widget elementor-widget-text-editor\" data-id=\"74824d4\" data-element_type=\"widget\" data-widget_type=\"text-editor.default\">\n\t\t\t\t<div class=\"elementor-widget-container\">\n\t\t\t\t\t\t\t<p>AuthTake ile internet ba\u011flant\u0131s\u0131 yokken kullan\u0131c\u0131 do\u011frulamas\u0131 yapmak m\u00fcmk\u00fcnd\u00fcr.<\/p>\t\t\t\t\t\t<\/div>\n\t\t\t\t<\/div>\n\t\t\t\t<div class=\"elementor-element elementor-element-ee62e96 elementor-widget elementor-widget-button\" data-id=\"ee62e96\" data-element_type=\"widget\" data-widget_type=\"button.default\">\n\t\t\t\t<div class=\"elementor-widget-container\">\n\t\t\t\t\t<div class=\"elementor-button-wrapper\">\n\t\t\t<a class=\"elementor-button elementor-button-link elementor-size-sm\" href=\"https:\/\/authtake.com\/tr\/company-contact-us\/\">\n\t\t\t\t\t\t<span class=\"elementor-button-content-wrapper\">\n\t\t\t\t\t\t<span class=\"elementor-button-text\">\u0130leti\u015fim<\/span>\n\t\t<\/span>\n\t\t\t\t\t<\/a>\n\t\t<\/div>\n\t\t\t\t<\/div>\n\t\t\t\t<\/div>\n\t\t\t\t<div class=\"elementor-element elementor-element-0a3d1d2 elementor-widget elementor-widget-text-editor\" data-id=\"0a3d1d2\" data-element_type=\"widget\" data-widget_type=\"text-editor.default\">\n\t\t\t\t<div class=\"elementor-widget-container\">\n\t\t\t\t\t\t\t<p>\u00a0- 30 G\u00fcn \u00fccretsiz deneyin<\/p><p>\u00a0- \u0130stedi\u011finiz zaman iptal edin<\/p>\t\t\t\t\t\t<\/div>\n\t\t\t\t<\/div>\n\t\t\t\t\t<\/div>\n\t\t<\/div>\n\t\t\t\t<div class=\"elementor-column elementor-col-50 elementor-top-column elementor-element elementor-element-5b7ec17\" data-id=\"5b7ec17\" data-element_type=\"column\">\n\t\t\t<div class=\"elementor-widget-wrap\">\n\t\t\t\t\t\t\t<\/div>\n\t\t<\/div>\n\t\t\t\t\t<\/div>\n\t\t<\/section>\n\t\t\t\t<section class=\"elementor-section elementor-top-section elementor-element elementor-element-808ab8b elementor-section-content-middle elementor-section-boxed elementor-section-height-default elementor-section-height-default wpr-particle-no wpr-sticky-section-no\" data-id=\"808ab8b\" data-element_type=\"section\" data-settings=\"{&quot;background_background&quot;:&quot;classic&quot;}\">\n\t\t\t\t\t\t<div class=\"elementor-container elementor-column-gap-default\">\n\t\t\t\t\t<div class=\"elementor-column elementor-col-50 elementor-top-column elementor-element elementor-element-8888cd1\" data-id=\"8888cd1\" data-element_type=\"column\">\n\t\t\t<div class=\"elementor-widget-wrap elementor-element-populated\">\n\t\t\t\t\t\t<div class=\"elementor-element elementor-element-4c56688 elementor-hidden-tablet elementor-hidden-phone elementor-widget elementor-widget-spacer\" data-id=\"4c56688\" data-element_type=\"widget\" data-widget_type=\"spacer.default\">\n\t\t\t\t<div class=\"elementor-widget-container\">\n\t\t\t\t\t<div class=\"elementor-spacer\">\n\t\t\t<div class=\"elementor-spacer-inner\"><\/div>\n\t\t<\/div>\n\t\t\t\t<\/div>\n\t\t\t\t<\/div>\n\t\t\t\t<div class=\"elementor-element elementor-element-934abaa elementor-widget elementor-widget-heading\" data-id=\"934abaa\" data-element_type=\"widget\" data-widget_type=\"heading.default\">\n\t\t\t\t<div class=\"elementor-widget-container\">\n\t\t\t<h2 class=\"elementor-heading-title elementor-size-default\">\u0130nternet Yok Demek Eri\u015fim Yok Anlam\u0131na Gelmez.<\/h2>\t\t<\/div>\n\t\t\t\t<\/div>\n\t\t\t\t<div class=\"elementor-element elementor-element-32f42dd elementor-widget elementor-widget-text-editor\" data-id=\"32f42dd\" data-element_type=\"widget\" data-widget_type=\"text-editor.default\">\n\t\t\t\t<div class=\"elementor-widget-container\">\n\t\t\t\t\t\t\t<p>Kullan\u0131c\u0131lar, internet eri\u015fimi olmad\u0131\u011f\u0131nda kullan\u0131c\u0131 kimlik do\u011frulamas\u0131 ger\u00e7ekle\u015ftirmek i\u00e7in AuthTake'in \u00c7evrimd\u0131\u015f\u0131 Oturum A\u00e7ma se\u00e7ene\u011fini kullanabilir. Bu \u015fekilde olu\u015fturduklar\u0131 Tek Kullan\u0131ml\u0131k \u015eifre ile sorunsuz bir \u015fekilde sisteme giri\u015f yapabilirler.<\/p>\t\t\t\t\t\t<\/div>\n\t\t\t\t<\/div>\n\t\t\t\t\t<\/div>\n\t\t<\/div>\n\t\t\t\t<div class=\"elementor-column elementor-col-50 elementor-top-column elementor-element elementor-element-c63986c\" data-id=\"c63986c\" data-element_type=\"column\">\n\t\t\t<div class=\"elementor-widget-wrap elementor-element-populated\">\n\t\t\t\t\t\t<div class=\"elementor-element elementor-element-550908a7 elementor-widget elementor-widget-image\" data-id=\"550908a7\" data-element_type=\"widget\" data-widget_type=\"image.default\">\n\t\t\t\t<div class=\"elementor-widget-container\">\n\t\t\t\t\t\t\t\t\t\t\t\t\t<img fetchpriority=\"high\" decoding=\"async\" width=\"660\" height=\"400\" src=\"https:\/\/authtake.com\/wp-content\/uploads\/2021\/01\/authtake_nowifi.png\" class=\"attachment-2048x2048 size-2048x2048 wp-image-2918\" alt=\"\" srcset=\"https:\/\/authtake.com\/wp-content\/uploads\/2021\/01\/authtake_nowifi.png 660w, https:\/\/authtake.com\/wp-content\/uploads\/2021\/01\/authtake_nowifi-300x182.png 300w\" sizes=\"(max-width: 660px) 100vw, 660px\" \/>\t\t\t\t\t\t\t\t\t\t\t\t\t<\/div>\n\t\t\t\t<\/div>\n\t\t\t\t\t<\/div>\n\t\t<\/div>\n\t\t\t\t\t<\/div>\n\t\t<\/section>\n\t\t\t\t<section class=\"elementor-section elementor-top-section elementor-element elementor-element-6857105 elementor-section-boxed elementor-section-height-default elementor-section-height-default wpr-particle-no wpr-sticky-section-no\" data-id=\"6857105\" data-element_type=\"section\" data-settings=\"{&quot;background_background&quot;:&quot;classic&quot;,&quot;animation&quot;:&quot;none&quot;}\">\n\t\t\t\t\t\t\t<div class=\"elementor-background-overlay\"><\/div>\n\t\t\t\t\t\t\t<div class=\"elementor-container elementor-column-gap-default\">\n\t\t\t\t\t<div class=\"elementor-column elementor-col-100 elementor-top-column elementor-element elementor-element-15d7308\" data-id=\"15d7308\" data-element_type=\"column\">\n\t\t\t<div class=\"elementor-widget-wrap elementor-element-populated\">\n\t\t\t\t\t\t<div class=\"elementor-element elementor-element-84147bf elementor-widget elementor-widget-heading\" data-id=\"84147bf\" data-element_type=\"widget\" data-widget_type=\"heading.default\">\n\t\t\t\t<div class=\"elementor-widget-container\">\n\t\t\t<h2 class=\"elementor-heading-title elementor-size-default\">Seyahat ederken, u\u00e7ak modunda bile sisteminizi g\u00fcvende tutun.<\/h2>\t\t<\/div>\n\t\t\t\t<\/div>\n\t\t\t\t\t<\/div>\n\t\t<\/div>\n\t\t\t\t\t<\/div>\n\t\t<\/section>\n\t\t\t\t<section class=\"elementor-section elementor-top-section elementor-element elementor-element-6fce7ec elementor-section-boxed elementor-section-height-default elementor-section-height-default wpr-particle-no wpr-sticky-section-no\" data-id=\"6fce7ec\" data-element_type=\"section\" data-settings=\"{&quot;background_background&quot;:&quot;classic&quot;}\">\n\t\t\t\t\t\t<div class=\"elementor-container elementor-column-gap-default\">\n\t\t\t\t\t<div class=\"elementor-column elementor-col-50 elementor-top-column elementor-element elementor-element-5c45341\" data-id=\"5c45341\" data-element_type=\"column\">\n\t\t\t<div class=\"elementor-widget-wrap elementor-element-populated\">\n\t\t\t\t\t\t<div class=\"elementor-element elementor-element-cdf159f elementor-widget elementor-widget-image\" data-id=\"cdf159f\" data-element_type=\"widget\" data-widget_type=\"image.default\">\n\t\t\t\t<div class=\"elementor-widget-container\">\n\t\t\t\t\t\t\t\t\t\t\t\t\t<img decoding=\"async\" width=\"500\" height=\"500\" src=\"https:\/\/authtake.com\/wp-content\/uploads\/2021\/01\/nowifipng.png\" class=\"attachment-full size-full wp-image-2862\" alt=\"\" srcset=\"https:\/\/authtake.com\/wp-content\/uploads\/2021\/01\/nowifipng.png 500w, https:\/\/authtake.com\/wp-content\/uploads\/2021\/01\/nowifipng-300x300.png 300w, https:\/\/authtake.com\/wp-content\/uploads\/2021\/01\/nowifipng-150x150.png 150w\" sizes=\"(max-width: 500px) 100vw, 500px\" \/>\t\t\t\t\t\t\t\t\t\t\t\t\t<\/div>\n\t\t\t\t<\/div>\n\t\t\t\t\t<\/div>\n\t\t<\/div>\n\t\t\t\t<div class=\"elementor-column elementor-col-50 elementor-top-column elementor-element elementor-element-3ecdb59\" data-id=\"3ecdb59\" data-element_type=\"column\">\n\t\t\t<div class=\"elementor-widget-wrap elementor-element-populated\">\n\t\t\t\t\t\t<div class=\"elementor-element elementor-element-0630649 elementor-widget elementor-widget-heading\" data-id=\"0630649\" data-element_type=\"widget\" data-widget_type=\"heading.default\">\n\t\t\t\t<div class=\"elementor-widget-container\">\n\t\t\t<h2 class=\"elementor-heading-title elementor-size-default\">AuthTake'de Engel Yok<\/h2>\t\t<\/div>\n\t\t\t\t<\/div>\n\t\t\t\t<div class=\"elementor-element elementor-element-026e0b7 elementor-widget elementor-widget-text-editor\" data-id=\"026e0b7\" data-element_type=\"widget\" data-widget_type=\"text-editor.default\">\n\t\t\t\t<div class=\"elementor-widget-container\">\n\t\t\t\t\t\t\t<p>\u00c7evrimd\u0131\u015f\u0131 Giri\u015f \u00f6zelli\u011fi etkinle\u015ftirilebilir \/ devre d\u0131\u015f\u0131 b\u0131rak\u0131labilir. Bu \u00f6zellik sadece y\u00f6netici taraf\u0131ndan kontrol edilebilir.<\/p>\t\t\t\t\t\t<\/div>\n\t\t\t\t<\/div>\n\t\t\t\t\t<\/div>\n\t\t<\/div>\n\t\t\t\t\t<\/div>\n\t\t<\/section>\n\t\t\t\t<\/div>","protected":false},"excerpt":{"rendered":"<p>&#8211; Features &#8211; Offline Login With AuthTake, it is possible to perform user verification when there is no internet connection. FREE TRIAL \u00a0&#8211; Try 30 days for free. \u00a0&#8211; Cancel anytime. No Internet Doesn&#8217;t Mean No Access Users can use the Offline Login option of the AuthTake to perform user authentication when internet access is not available. With the One-Time-Password they have created in this way, they can log into the system seamlessly. Keep your system safe while traveling, even in an airplane mode. There is No Obstacle in AuthTake The Offline Login feature can be activated \/ deactivated. This feature can only be controlled by admin.<\/p>","protected":false},"author":1,"featured_media":0,"parent":0,"menu_order":0,"comment_status":"closed","ping_status":"closed","template":"","meta":[],"_links":{"self":[{"href":"https:\/\/authtake.com\/tr\/wp-json\/wp\/v2\/pages\/2803"}],"collection":[{"href":"https:\/\/authtake.com\/tr\/wp-json\/wp\/v2\/pages"}],"about":[{"href":"https:\/\/authtake.com\/tr\/wp-json\/wp\/v2\/types\/page"}],"author":[{"embeddable":true,"href":"https:\/\/authtake.com\/tr\/wp-json\/wp\/v2\/users\/1"}],"replies":[{"embeddable":true,"href":"https:\/\/authtake.com\/tr\/wp-json\/wp\/v2\/comments?post=2803"}],"version-history":[{"count":18,"href":"https:\/\/authtake.com\/tr\/wp-json\/wp\/v2\/pages\/2803\/revisions"}],"predecessor-version":[{"id":13942,"href":"https:\/\/authtake.com\/tr\/wp-json\/wp\/v2\/pages\/2803\/revisions\/13942"}],"wp:attachment":[{"href":"https:\/\/authtake.com\/tr\/wp-json\/wp\/v2\/media?parent=2803"}],"curies":[{"name":"wp","href":"https:\/\/api.w.org\/{rel}","templated":true}]}}