{"id":2787,"date":"2021-01-20T10:23:59","date_gmt":"2021-01-20T10:23:59","guid":{"rendered":"http:\/\/authtake.com\/?page_id=2787"},"modified":"2023-07-28T14:19:51","modified_gmt":"2023-07-28T11:19:51","slug":"features-schedule","status":"publish","type":"page","link":"https:\/\/authtake.com\/tr\/features-schedule\/","title":{"rendered":"Features-Schedule"},"content":{"rendered":"<div data-elementor-type=\"wp-page\" data-elementor-id=\"2787\" class=\"elementor elementor-2787\">\n\t\t\t\t\t\t<section class=\"elementor-section elementor-top-section elementor-element elementor-element-dc82183 elementor-section-height-min-height elementor-section-boxed elementor-section-height-default elementor-section-items-middle wpr-particle-no wpr-sticky-section-no\" data-id=\"dc82183\" data-element_type=\"section\" data-settings=\"{&quot;background_background&quot;:&quot;classic&quot;}\">\n\t\t\t\t\t\t<div class=\"elementor-container elementor-column-gap-default\">\n\t\t\t\t\t<div class=\"elementor-column elementor-col-50 elementor-top-column elementor-element elementor-element-78c4255\" data-id=\"78c4255\" data-element_type=\"column\">\n\t\t\t<div class=\"elementor-widget-wrap elementor-element-populated\">\n\t\t\t\t\t\t<div class=\"elementor-element elementor-element-70361da elementor-widget elementor-widget-heading\" data-id=\"70361da\" data-element_type=\"widget\" data-widget_type=\"heading.default\">\n\t\t\t\t<div class=\"elementor-widget-container\">\n\t\t\t<h2 class=\"elementor-heading-title elementor-size-default\">- \u00d6zellikler -<\/h2>\t\t<\/div>\n\t\t\t\t<\/div>\n\t\t\t\t<div class=\"elementor-element elementor-element-08df620 elementor-widget elementor-widget-heading\" data-id=\"08df620\" data-element_type=\"widget\" data-widget_type=\"heading.default\">\n\t\t\t\t<div class=\"elementor-widget-container\">\n\t\t\t<h2 class=\"elementor-heading-title elementor-size-default\">Zaman<\/h2>\t\t<\/div>\n\t\t\t\t<\/div>\n\t\t\t\t<div class=\"elementor-element elementor-element-438fb47 elementor-widget elementor-widget-text-editor\" data-id=\"438fb47\" data-element_type=\"widget\" data-widget_type=\"text-editor.default\">\n\t\t\t\t<div class=\"elementor-widget-container\">\n\t\t\t\t\t\t\t<p>Schedule \u00f6zelli\u011fi ile hesap eri\u015fiminizin sadece sizin belirledi\u011finiz zaman aral\u0131klar\u0131nda ger\u00e7ekle\u015fmesini sa\u011flay\u0131n.<\/p>\t\t\t\t\t\t<\/div>\n\t\t\t\t<\/div>\n\t\t\t\t<div class=\"elementor-element elementor-element-b17c5ff elementor-widget elementor-widget-button\" data-id=\"b17c5ff\" data-element_type=\"widget\" data-widget_type=\"button.default\">\n\t\t\t\t<div class=\"elementor-widget-container\">\n\t\t\t\t\t<div class=\"elementor-button-wrapper\">\n\t\t\t<a class=\"elementor-button elementor-button-link elementor-size-sm\" href=\"https:\/\/authtake.com\/tr\/company-contact-us\/\">\n\t\t\t\t\t\t<span class=\"elementor-button-content-wrapper\">\n\t\t\t\t\t\t<span class=\"elementor-button-text\">\u0130leti\u015fim<\/span>\n\t\t<\/span>\n\t\t\t\t\t<\/a>\n\t\t<\/div>\n\t\t\t\t<\/div>\n\t\t\t\t<\/div>\n\t\t\t\t<div class=\"elementor-element elementor-element-4f34f77 elementor-widget elementor-widget-text-editor\" data-id=\"4f34f77\" data-element_type=\"widget\" data-widget_type=\"text-editor.default\">\n\t\t\t\t<div class=\"elementor-widget-container\">\n\t\t\t\t\t\t\t<p>\u00a0- 30 G\u00fcn \u00fccretsiz deneyin<\/p><p>\u00a0- \u0130stedi\u011finiz zaman iptal edin<\/p>\t\t\t\t\t\t<\/div>\n\t\t\t\t<\/div>\n\t\t\t\t\t<\/div>\n\t\t<\/div>\n\t\t\t\t<div class=\"elementor-column elementor-col-50 elementor-top-column elementor-element elementor-element-908aeed\" data-id=\"908aeed\" data-element_type=\"column\">\n\t\t\t<div class=\"elementor-widget-wrap\">\n\t\t\t\t\t\t\t<\/div>\n\t\t<\/div>\n\t\t\t\t\t<\/div>\n\t\t<\/section>\n\t\t\t\t<section class=\"elementor-section elementor-top-section elementor-element elementor-element-11ac432 elementor-section-content-middle elementor-section-boxed elementor-section-height-default elementor-section-height-default wpr-particle-no wpr-sticky-section-no\" data-id=\"11ac432\" data-element_type=\"section\" data-settings=\"{&quot;background_background&quot;:&quot;classic&quot;}\">\n\t\t\t\t\t\t<div class=\"elementor-container elementor-column-gap-default\">\n\t\t\t\t\t<div class=\"elementor-column elementor-col-50 elementor-top-column elementor-element elementor-element-e4b04a2\" data-id=\"e4b04a2\" data-element_type=\"column\">\n\t\t\t<div class=\"elementor-widget-wrap elementor-element-populated\">\n\t\t\t\t\t\t<div class=\"elementor-element elementor-element-61f0b72 elementor-hidden-tablet elementor-hidden-phone elementor-widget elementor-widget-spacer\" data-id=\"61f0b72\" data-element_type=\"widget\" data-widget_type=\"spacer.default\">\n\t\t\t\t<div class=\"elementor-widget-container\">\n\t\t\t\t\t<div class=\"elementor-spacer\">\n\t\t\t<div class=\"elementor-spacer-inner\"><\/div>\n\t\t<\/div>\n\t\t\t\t<\/div>\n\t\t\t\t<\/div>\n\t\t\t\t<div class=\"elementor-element elementor-element-e348aac elementor-widget elementor-widget-heading\" data-id=\"e348aac\" data-element_type=\"widget\" data-widget_type=\"heading.default\">\n\t\t\t\t<div class=\"elementor-widget-container\">\n\t\t\t<h2 class=\"elementor-heading-title elementor-size-default\">Sisteme Giri\u015flerinizi Planlay\u0131n.<\/h2>\t\t<\/div>\n\t\t\t\t<\/div>\n\t\t\t\t<div class=\"elementor-element elementor-element-beafb87 elementor-widget elementor-widget-text-editor\" data-id=\"beafb87\" data-element_type=\"widget\" data-widget_type=\"text-editor.default\">\n\t\t\t\t<div class=\"elementor-widget-container\">\n\t\t\t\t\t\t\t<p>Oturumlar\u0131n\u0131za belirtti\u011finiz s\u00fcre d\u0131\u015f\u0131nda eri\u015filmesini engeller. B\u00f6ylece yetkisiz kullan\u0131c\u0131lar\u0131n \u00f6nemli bilgilerinize eri\u015fmesi gibi g\u00fcvenlik risklerinin \u00f6n\u00fcne ge\u00e7ilmi\u015f olunur.<\/p>\t\t\t\t\t\t<\/div>\n\t\t\t\t<\/div>\n\t\t\t\t<div class=\"elementor-element elementor-element-2add22f elementor-widget elementor-widget-text-editor\" data-id=\"2add22f\" data-element_type=\"widget\" data-widget_type=\"text-editor.default\">\n\t\t\t\t<div class=\"elementor-widget-container\">\n\t\t\t\t\t\t\t<p>Allow your users to access the system only on the specified day and time intervals. In case of an attempt to access the system during unauthorized times, the entry will be blocked and a detailed notification will be sent to you.<\/p>\t\t\t\t\t\t<\/div>\n\t\t\t\t<\/div>\n\t\t\t\t\t<\/div>\n\t\t<\/div>\n\t\t\t\t<div class=\"elementor-column elementor-col-50 elementor-top-column elementor-element elementor-element-2de6e0e\" data-id=\"2de6e0e\" data-element_type=\"column\">\n\t\t\t<div class=\"elementor-widget-wrap elementor-element-populated\">\n\t\t\t\t\t\t<div class=\"elementor-element elementor-element-aac9fde elementor-widget__width-initial elementor-widget elementor-widget-image\" data-id=\"aac9fde\" data-element_type=\"widget\" data-widget_type=\"image.default\">\n\t\t\t\t<div class=\"elementor-widget-container\">\n\t\t\t\t\t\t\t\t\t\t\t\t\t<img fetchpriority=\"high\" decoding=\"async\" width=\"800\" height=\"812\" src=\"https:\/\/authtake.com\/wp-content\/uploads\/2023\/07\/clock-and-man-1009x1024.png\" class=\"attachment-large size-large wp-image-16142\" alt=\"\" srcset=\"https:\/\/authtake.com\/wp-content\/uploads\/2023\/07\/clock-and-man-1009x1024.png 1009w, https:\/\/authtake.com\/wp-content\/uploads\/2023\/07\/clock-and-man-296x300.png 296w, https:\/\/authtake.com\/wp-content\/uploads\/2023\/07\/clock-and-man-768x779.png 768w, https:\/\/authtake.com\/wp-content\/uploads\/2023\/07\/clock-and-man-1514x1536.png 1514w, https:\/\/authtake.com\/wp-content\/uploads\/2023\/07\/clock-and-man-2018x2048.png 2018w, https:\/\/authtake.com\/wp-content\/uploads\/2023\/07\/clock-and-man-12x12.png 12w, https:\/\/authtake.com\/wp-content\/uploads\/2023\/07\/clock-and-man-600x609.png 600w, https:\/\/authtake.com\/wp-content\/uploads\/2023\/07\/clock-and-man-640x649.png 640w\" sizes=\"(max-width: 800px) 100vw, 800px\" \/>\t\t\t\t\t\t\t\t\t\t\t\t\t<\/div>\n\t\t\t\t<\/div>\n\t\t\t\t\t<\/div>\n\t\t<\/div>\n\t\t\t\t\t<\/div>\n\t\t<\/section>\n\t\t\t\t<\/div>","protected":false},"excerpt":{"rendered":"<p>&#8211; Features &#8211; Schedule With the Schedule feature, ensure that your account access takes place only at the time intervals you specify. FREE TRIAL \u00a0&#8211; Try 30 days for free. \u00a0&#8211; Cancel anytime. Schedule Your Logins To The System. It prevents your sessions from being accessed outside of the time period you specify. Thus, security risks such as unauthorized users accessing your important information are prevented. Allow your users to access the system only on the specified day and time intervals. In case of an attempt to access the system during unauthorized times, the entry will be blocked and a detailed notification will be sent to you.<\/p>","protected":false},"author":1,"featured_media":0,"parent":0,"menu_order":0,"comment_status":"closed","ping_status":"closed","template":"","meta":[],"_links":{"self":[{"href":"https:\/\/authtake.com\/tr\/wp-json\/wp\/v2\/pages\/2787"}],"collection":[{"href":"https:\/\/authtake.com\/tr\/wp-json\/wp\/v2\/pages"}],"about":[{"href":"https:\/\/authtake.com\/tr\/wp-json\/wp\/v2\/types\/page"}],"author":[{"embeddable":true,"href":"https:\/\/authtake.com\/tr\/wp-json\/wp\/v2\/users\/1"}],"replies":[{"embeddable":true,"href":"https:\/\/authtake.com\/tr\/wp-json\/wp\/v2\/comments?post=2787"}],"version-history":[{"count":21,"href":"https:\/\/authtake.com\/tr\/wp-json\/wp\/v2\/pages\/2787\/revisions"}],"predecessor-version":[{"id":16149,"href":"https:\/\/authtake.com\/tr\/wp-json\/wp\/v2\/pages\/2787\/revisions\/16149"}],"wp:attachment":[{"href":"https:\/\/authtake.com\/tr\/wp-json\/wp\/v2\/media?parent=2787"}],"curies":[{"name":"wp","href":"https:\/\/api.w.org\/{rel}","templated":true}]}}