{"id":2722,"date":"2021-01-20T08:30:24","date_gmt":"2021-01-20T08:30:24","guid":{"rendered":"http:\/\/authtake.com\/?page_id=2722"},"modified":"2023-04-10T15:06:29","modified_gmt":"2023-04-10T12:06:29","slug":"features-geolocation","status":"publish","type":"page","link":"https:\/\/authtake.com\/tr\/features-geolocation\/","title":{"rendered":"Features-GeoLocation"},"content":{"rendered":"<div data-elementor-type=\"wp-page\" data-elementor-id=\"2722\" class=\"elementor elementor-2722\">\n\t\t\t\t\t\t<section class=\"elementor-section elementor-top-section elementor-element elementor-element-aea91bc elementor-section-height-min-height elementor-section-boxed elementor-section-height-default elementor-section-items-middle wpr-particle-no wpr-sticky-section-no\" data-id=\"aea91bc\" data-element_type=\"section\" data-settings=\"{&quot;background_background&quot;:&quot;classic&quot;}\">\n\t\t\t\t\t\t<div class=\"elementor-container elementor-column-gap-default\">\n\t\t\t\t\t<div class=\"elementor-column elementor-col-50 elementor-top-column elementor-element elementor-element-7cb0baf\" data-id=\"7cb0baf\" data-element_type=\"column\">\n\t\t\t<div class=\"elementor-widget-wrap elementor-element-populated\">\n\t\t\t\t\t\t<div class=\"elementor-element elementor-element-d69d020 elementor-widget elementor-widget-heading\" data-id=\"d69d020\" data-element_type=\"widget\" data-widget_type=\"heading.default\">\n\t\t\t\t<div class=\"elementor-widget-container\">\n\t\t\t<h2 class=\"elementor-heading-title elementor-size-default\">- \u00d6zellikler -<\/h2>\t\t<\/div>\n\t\t\t\t<\/div>\n\t\t\t\t<div class=\"elementor-element elementor-element-d9b1bae elementor-widget elementor-widget-heading\" data-id=\"d9b1bae\" data-element_type=\"widget\" data-widget_type=\"heading.default\">\n\t\t\t\t<div class=\"elementor-widget-container\">\n\t\t\t<h2 class=\"elementor-heading-title elementor-size-default\">Konum<\/h2>\t\t<\/div>\n\t\t\t\t<\/div>\n\t\t\t\t<div class=\"elementor-element elementor-element-4bd1868 elementor-widget elementor-widget-text-editor\" data-id=\"4bd1868\" data-element_type=\"widget\" data-widget_type=\"text-editor.default\">\n\t\t\t\t<div class=\"elementor-widget-container\">\n\t\t\t\t\t\t\t<p>GeoLocation \u00f6zelli\u011fi ile oturumlar\u0131n\u0131za yaln\u0131zca sizin belirledi\u011finiz konumlardan eri\u015fime izin verilir.<\/p>\t\t\t\t\t\t<\/div>\n\t\t\t\t<\/div>\n\t\t\t\t<div class=\"elementor-element elementor-element-a408b86 elementor-widget elementor-widget-button\" data-id=\"a408b86\" data-element_type=\"widget\" data-widget_type=\"button.default\">\n\t\t\t\t<div class=\"elementor-widget-container\">\n\t\t\t\t\t<div class=\"elementor-button-wrapper\">\n\t\t\t<a class=\"elementor-button elementor-button-link elementor-size-sm\" href=\"https:\/\/authtake.com\/tr\/company-contact-us\/\">\n\t\t\t\t\t\t<span class=\"elementor-button-content-wrapper\">\n\t\t\t\t\t\t<span class=\"elementor-button-text\">\u0130leti\u015fim<\/span>\n\t\t<\/span>\n\t\t\t\t\t<\/a>\n\t\t<\/div>\n\t\t\t\t<\/div>\n\t\t\t\t<\/div>\n\t\t\t\t<div class=\"elementor-element elementor-element-9b6aa2e elementor-widget elementor-widget-text-editor\" data-id=\"9b6aa2e\" data-element_type=\"widget\" data-widget_type=\"text-editor.default\">\n\t\t\t\t<div class=\"elementor-widget-container\">\n\t\t\t\t\t\t\t<p>\u00a0- 30 G\u00fcn \u00fccretsiz deneyin<\/p><p>\u00a0- \u0130stedi\u011finiz zaman iptal edin<\/p>\t\t\t\t\t\t<\/div>\n\t\t\t\t<\/div>\n\t\t\t\t\t<\/div>\n\t\t<\/div>\n\t\t\t\t<div class=\"elementor-column elementor-col-50 elementor-top-column elementor-element elementor-element-a195733\" data-id=\"a195733\" data-element_type=\"column\">\n\t\t\t<div class=\"elementor-widget-wrap\">\n\t\t\t\t\t\t\t<\/div>\n\t\t<\/div>\n\t\t\t\t\t<\/div>\n\t\t<\/section>\n\t\t\t\t<section class=\"elementor-section elementor-top-section elementor-element elementor-element-ec68152 elementor-section-content-middle elementor-section-boxed elementor-section-height-default elementor-section-height-default wpr-particle-no wpr-sticky-section-no\" data-id=\"ec68152\" data-element_type=\"section\" data-settings=\"{&quot;background_background&quot;:&quot;classic&quot;}\">\n\t\t\t\t\t\t<div class=\"elementor-container elementor-column-gap-default\">\n\t\t\t\t\t<div class=\"elementor-column elementor-col-50 elementor-top-column elementor-element elementor-element-5c7ae6d\" data-id=\"5c7ae6d\" data-element_type=\"column\">\n\t\t\t<div class=\"elementor-widget-wrap elementor-element-populated\">\n\t\t\t\t\t\t<div class=\"elementor-element elementor-element-10b23d4 elementor-hidden-tablet elementor-hidden-phone elementor-widget elementor-widget-spacer\" data-id=\"10b23d4\" data-element_type=\"widget\" data-widget_type=\"spacer.default\">\n\t\t\t\t<div class=\"elementor-widget-container\">\n\t\t\t\t\t<div class=\"elementor-spacer\">\n\t\t\t<div class=\"elementor-spacer-inner\"><\/div>\n\t\t<\/div>\n\t\t\t\t<\/div>\n\t\t\t\t<\/div>\n\t\t\t\t<div class=\"elementor-element elementor-element-0c62e68 elementor-widget elementor-widget-heading\" data-id=\"0c62e68\" data-element_type=\"widget\" data-widget_type=\"heading.default\">\n\t\t\t\t<div class=\"elementor-widget-container\">\n\t\t\t<h2 class=\"elementor-heading-title elementor-size-default\">At\u0131lan Her Ad\u0131m\u0131n Fark\u0131nda Olun.<\/h2>\t\t<\/div>\n\t\t\t\t<\/div>\n\t\t\t\t<div class=\"elementor-element elementor-element-2516ee7 elementor-widget elementor-widget-text-editor\" data-id=\"2516ee7\" data-element_type=\"widget\" data-widget_type=\"text-editor.default\">\n\t\t\t\t<div class=\"elementor-widget-container\">\n\t\t\t\t\t\t\t<p>Hesap g\u00fcvenli\u011fini en \u00fcst d\u00fczeye \u00e7\u0131karmak i\u00e7in geli\u015ftirilen GeoLocation \u00f6zelli\u011fi ile oturumlar\u0131n\u0131za sadece belirtti\u011finiz lokasyonlardan eri\u015fime izin verilir. Yetki vermedi\u011finiz lokasyonlardan girilmeye \u00e7al\u0131\u015f\u0131lan giri\u015fler engellenerek siber sald\u0131r\u0131lar\u0131n \u00f6n\u00fcne ge\u00e7ilmesi ama\u00e7lanmaktad\u0131r.<\/p>\t\t\t\t\t\t<\/div>\n\t\t\t\t<\/div>\n\t\t\t\t\t<\/div>\n\t\t<\/div>\n\t\t\t\t<div class=\"elementor-column elementor-col-50 elementor-top-column elementor-element elementor-element-f9fb9aa\" data-id=\"f9fb9aa\" data-element_type=\"column\">\n\t\t\t<div class=\"elementor-widget-wrap elementor-element-populated\">\n\t\t\t\t\t\t<div class=\"elementor-element elementor-element-647bc995 elementor-widget elementor-widget-image\" data-id=\"647bc995\" data-element_type=\"widget\" data-widget_type=\"image.default\">\n\t\t\t\t<div class=\"elementor-widget-container\">\n\t\t\t\t\t\t\t\t\t\t\t\t\t<img fetchpriority=\"high\" decoding=\"async\" width=\"660\" height=\"400\" src=\"https:\/\/authtake.com\/wp-content\/uploads\/2021\/01\/location.jpg\" class=\"attachment-full size-full wp-image-2765\" alt=\"\" srcset=\"https:\/\/authtake.com\/wp-content\/uploads\/2021\/01\/location.jpg 660w, https:\/\/authtake.com\/wp-content\/uploads\/2021\/01\/location-300x182.jpg 300w\" sizes=\"(max-width: 660px) 100vw, 660px\" \/>\t\t\t\t\t\t\t\t\t\t\t\t\t<\/div>\n\t\t\t\t<\/div>\n\t\t\t\t\t<\/div>\n\t\t<\/div>\n\t\t\t\t\t<\/div>\n\t\t<\/section>\n\t\t\t\t<section class=\"elementor-section elementor-top-section elementor-element elementor-element-ce89a95 elementor-section-content-middle elementor-section-boxed elementor-section-height-default elementor-section-height-default wpr-particle-no wpr-sticky-section-no\" data-id=\"ce89a95\" data-element_type=\"section\" data-settings=\"{&quot;background_background&quot;:&quot;classic&quot;}\">\n\t\t\t\t\t\t<div class=\"elementor-container elementor-column-gap-default\">\n\t\t\t\t\t<div class=\"elementor-column elementor-col-33 elementor-top-column elementor-element elementor-element-a69ab6c elementor-hidden-tablet elementor-hidden-mobile\" data-id=\"a69ab6c\" data-element_type=\"column\">\n\t\t\t<div class=\"elementor-widget-wrap elementor-element-populated\">\n\t\t\t\t\t\t<div class=\"elementor-element elementor-element-06b442d elementor-widget elementor-widget-image\" data-id=\"06b442d\" data-element_type=\"widget\" data-widget_type=\"image.default\">\n\t\t\t\t<div class=\"elementor-widget-container\">\n\t\t\t\t\t\t\t\t\t\t\t\t\t<img decoding=\"async\" width=\"800\" height=\"740\" src=\"https:\/\/authtake.com\/wp-content\/uploads\/2021\/01\/geolocation_security-1024x947.png\" class=\"attachment-large size-large wp-image-2771\" alt=\"\" srcset=\"https:\/\/authtake.com\/wp-content\/uploads\/2021\/01\/geolocation_security-1024x947.png 1024w, https:\/\/authtake.com\/wp-content\/uploads\/2021\/01\/geolocation_security-300x277.png 300w, https:\/\/authtake.com\/wp-content\/uploads\/2021\/01\/geolocation_security-768x710.png 768w, https:\/\/authtake.com\/wp-content\/uploads\/2021\/01\/geolocation_security-1536x1420.png 1536w, https:\/\/authtake.com\/wp-content\/uploads\/2021\/01\/geolocation_security-2048x1893.png 2048w\" sizes=\"(max-width: 800px) 100vw, 800px\" \/>\t\t\t\t\t\t\t\t\t\t\t\t\t<\/div>\n\t\t\t\t<\/div>\n\t\t\t\t\t<\/div>\n\t\t<\/div>\n\t\t\t\t<div class=\"elementor-column elementor-col-33 elementor-top-column elementor-element elementor-element-ac297dc\" data-id=\"ac297dc\" data-element_type=\"column\">\n\t\t\t<div class=\"elementor-widget-wrap elementor-element-populated\">\n\t\t\t\t\t\t<div class=\"elementor-element elementor-element-cae4995 elementor-hidden-tablet elementor-hidden-phone elementor-widget elementor-widget-spacer\" data-id=\"cae4995\" data-element_type=\"widget\" data-widget_type=\"spacer.default\">\n\t\t\t\t<div class=\"elementor-widget-container\">\n\t\t\t\t\t<div class=\"elementor-spacer\">\n\t\t\t<div class=\"elementor-spacer-inner\"><\/div>\n\t\t<\/div>\n\t\t\t\t<\/div>\n\t\t\t\t<\/div>\n\t\t\t\t<div class=\"elementor-element elementor-element-5850687 elementor-widget elementor-widget-heading\" data-id=\"5850687\" data-element_type=\"widget\" data-widget_type=\"heading.default\">\n\t\t\t\t<div class=\"elementor-widget-container\">\n\t\t\t<h2 class=\"elementor-heading-title elementor-size-default\">Konum Tercihlerinizi Her Zaman G\u00fcncelleyebilirsiniz<\/h2>\t\t<\/div>\n\t\t\t\t<\/div>\n\t\t\t\t<div class=\"elementor-element elementor-element-9b282e1 elementor-widget elementor-widget-text-editor\" data-id=\"9b282e1\" data-element_type=\"widget\" data-widget_type=\"text-editor.default\">\n\t\t\t\t<div class=\"elementor-widget-container\">\n\t\t\t\t\t\t\t<p>Birden fazla \u00fclkeyi, eyaleti, \u015fehri ve hatta kasabay\u0131 yetkilendirebilirsiniz. Belirledi\u011finiz konumlar\u0131n d\u0131\u015f\u0131nda bir yerden oturumlar\u0131n\u0131za eri\u015fim giri\u015fimi oldu\u011funda bu eri\u015fim engellenir ve size bilgi verilir. Ayr\u0131ca eri\u015fim hakk\u0131nda detayl\u0131 bilgi raporu tutulur.\u00a0<\/p>\t\t\t\t\t\t<\/div>\n\t\t\t\t<\/div>\n\t\t\t\t\t<\/div>\n\t\t<\/div>\n\t\t\t\t<div class=\"elementor-column elementor-col-33 elementor-top-column elementor-element elementor-element-1d7e2bf elementor-hidden-desktop\" data-id=\"1d7e2bf\" data-element_type=\"column\">\n\t\t\t<div class=\"elementor-widget-wrap elementor-element-populated\">\n\t\t\t\t\t\t<div class=\"elementor-element elementor-element-51e0c79 elementor-widget elementor-widget-image\" data-id=\"51e0c79\" data-element_type=\"widget\" data-widget_type=\"image.default\">\n\t\t\t\t<div class=\"elementor-widget-container\">\n\t\t\t\t\t\t\t\t\t\t\t\t\t<img decoding=\"async\" width=\"800\" height=\"740\" src=\"https:\/\/authtake.com\/wp-content\/uploads\/2021\/01\/geolocation_security-1024x947.png\" class=\"attachment-large size-large wp-image-2771\" alt=\"\" srcset=\"https:\/\/authtake.com\/wp-content\/uploads\/2021\/01\/geolocation_security-1024x947.png 1024w, https:\/\/authtake.com\/wp-content\/uploads\/2021\/01\/geolocation_security-300x277.png 300w, https:\/\/authtake.com\/wp-content\/uploads\/2021\/01\/geolocation_security-768x710.png 768w, https:\/\/authtake.com\/wp-content\/uploads\/2021\/01\/geolocation_security-1536x1420.png 1536w, https:\/\/authtake.com\/wp-content\/uploads\/2021\/01\/geolocation_security-2048x1893.png 2048w\" sizes=\"(max-width: 800px) 100vw, 800px\" \/>\t\t\t\t\t\t\t\t\t\t\t\t\t<\/div>\n\t\t\t\t<\/div>\n\t\t\t\t\t<\/div>\n\t\t<\/div>\n\t\t\t\t\t<\/div>\n\t\t<\/section>\n\t\t\t\t<\/div>","protected":false},"excerpt":{"rendered":"<p>&#8211; Features &#8211; Geolocation With GeoLocation feature,access to your sessions is only allowed from the locations you have specified. FREE TRIAL \u00a0&#8211; Try 30 days for free. \u00a0&#8211; Cancel anytime. Be Aware of Every Step Taken With GeoLocation feature developed to maximize account security, access to your sessions is only allowed from the locations you have specified. It is aimed to prevent cyber attacks by blocking attempted entries from locations you do not authorize. You can Always Update Your Location Preferences You can authorize one or more countries, states, cities or even a town you want. As soon as there is an attempt to access your sessions from a location other than the locations you specified, this access is blocked, and you will be notified and detailed information about the access will be provided.\u00a0<\/p>","protected":false},"author":1,"featured_media":0,"parent":0,"menu_order":0,"comment_status":"closed","ping_status":"closed","template":"","meta":[],"_links":{"self":[{"href":"https:\/\/authtake.com\/tr\/wp-json\/wp\/v2\/pages\/2722"}],"collection":[{"href":"https:\/\/authtake.com\/tr\/wp-json\/wp\/v2\/pages"}],"about":[{"href":"https:\/\/authtake.com\/tr\/wp-json\/wp\/v2\/types\/page"}],"author":[{"embeddable":true,"href":"https:\/\/authtake.com\/tr\/wp-json\/wp\/v2\/users\/1"}],"replies":[{"embeddable":true,"href":"https:\/\/authtake.com\/tr\/wp-json\/wp\/v2\/comments?post=2722"}],"version-history":[{"count":27,"href":"https:\/\/authtake.com\/tr\/wp-json\/wp\/v2\/pages\/2722\/revisions"}],"predecessor-version":[{"id":14791,"href":"https:\/\/authtake.com\/tr\/wp-json\/wp\/v2\/pages\/2722\/revisions\/14791"}],"wp:attachment":[{"href":"https:\/\/authtake.com\/tr\/wp-json\/wp\/v2\/media?parent=2722"}],"curies":[{"name":"wp","href":"https:\/\/api.w.org\/{rel}","templated":true}]}}