{"id":15706,"date":"2023-07-14T17:26:29","date_gmt":"2023-07-14T14:26:29","guid":{"rendered":"https:\/\/authtake.com\/?page_id=15706"},"modified":"2023-07-18T14:55:30","modified_gmt":"2023-07-18T11:55:30","slug":"successstories-education","status":"publish","type":"page","link":"https:\/\/authtake.com\/tr\/successstories-education\/","title":{"rendered":"Success Stories-Education &#8211;"},"content":{"rendered":"<div data-elementor-type=\"wp-page\" data-elementor-id=\"15706\" class=\"elementor elementor-15706\">\n\t\t\t\t\t\t<section class=\"elementor-section elementor-top-section elementor-element elementor-element-740f102 elementor-section-height-min-height elementor-section-boxed elementor-section-height-default elementor-section-items-middle wpr-particle-no wpr-sticky-section-no\" data-id=\"740f102\" data-element_type=\"section\" data-settings=\"{&quot;background_background&quot;:&quot;classic&quot;}\">\n\t\t\t\t\t\t<div class=\"elementor-container elementor-column-gap-default\">\n\t\t\t\t\t<div class=\"elementor-column elementor-col-50 elementor-top-column elementor-element elementor-element-e07d05d\" data-id=\"e07d05d\" data-element_type=\"column\">\n\t\t\t<div class=\"elementor-widget-wrap elementor-element-populated\">\n\t\t\t\t\t\t<div class=\"elementor-element elementor-element-e29f76e elementor-widget elementor-widget-heading\" data-id=\"e29f76e\" data-element_type=\"widget\" data-widget_type=\"heading.default\">\n\t\t\t\t<div class=\"elementor-widget-container\">\n\t\t\t<h2 class=\"elementor-heading-title elementor-size-default\">- Success Stories -<\/h2>\t\t<\/div>\n\t\t\t\t<\/div>\n\t\t\t\t<div class=\"elementor-element elementor-element-fce6c9f elementor-widget elementor-widget-heading\" data-id=\"fce6c9f\" data-element_type=\"widget\" data-widget_type=\"heading.default\">\n\t\t\t\t<div class=\"elementor-widget-container\">\n\t\t\t<h2 class=\"elementor-heading-title elementor-size-default\">E\u011fitim<\/h2>\t\t<\/div>\n\t\t\t\t<\/div>\n\t\t\t\t<div class=\"elementor-element elementor-element-879dff3 elementor-widget elementor-widget-text-editor\" data-id=\"879dff3\" data-element_type=\"widget\" data-widget_type=\"text-editor.default\">\n\t\t\t\t<div class=\"elementor-widget-container\">\n\t\t\t\t\t\t\t<p>Bir \u00dcniversitenin Kurumsal Uygulamalara Eri\u015fimlerde AuthTake Tekli Oturum A\u00e7ma (TOA) ile Ba\u015far\u0131 Hikayesi<\/p>\t\t\t\t\t\t<\/div>\n\t\t\t\t<\/div>\n\t\t\t\t\t<\/div>\n\t\t<\/div>\n\t\t\t\t<div class=\"elementor-column elementor-col-50 elementor-top-column elementor-element elementor-element-1b43b48\" data-id=\"1b43b48\" data-element_type=\"column\">\n\t\t\t<div class=\"elementor-widget-wrap elementor-element-populated\">\n\t\t\t\t\t\t\t<\/div>\n\t\t<\/div>\n\t\t\t\t\t<\/div>\n\t\t<\/section>\n\t\t\t\t<section class=\"elementor-section elementor-top-section elementor-element elementor-element-2028788 elementor-section-boxed elementor-section-height-default elementor-section-height-default wpr-particle-no wpr-sticky-section-no\" data-id=\"2028788\" data-element_type=\"section\">\n\t\t\t\t\t\t<div class=\"elementor-container elementor-column-gap-default\">\n\t\t\t\t\t<div class=\"elementor-column elementor-col-100 elementor-top-column elementor-element elementor-element-357cac7\" data-id=\"357cac7\" data-element_type=\"column\">\n\t\t\t<div class=\"elementor-widget-wrap elementor-element-populated\">\n\t\t\t\t\t\t<div class=\"elementor-element elementor-element-e4b1a99 elementor-widget__width-initial elementor-widget elementor-widget-heading\" data-id=\"e4b1a99\" data-element_type=\"widget\" data-widget_type=\"heading.default\">\n\t\t\t\t<div class=\"elementor-widget-container\">\n\t\t\t<h2 class=\"elementor-heading-title elementor-size-default\">Bir \u00dcniversitenin Kurumsal Uygulamalara Eri\u015fimlerde AuthTake Tekli Oturum A\u00e7ma (TOA) ile Ba\u015far\u0131 Hikayesi<\/h2>\t\t<\/div>\n\t\t\t\t<\/div>\n\t\t\t\t\t<\/div>\n\t\t<\/div>\n\t\t\t\t\t<\/div>\n\t\t<\/section>\n\t\t\t\t<section class=\"elementor-section elementor-top-section elementor-element elementor-element-3203865 elementor-section-boxed elementor-section-height-default elementor-section-height-default wpr-particle-no wpr-sticky-section-no\" data-id=\"3203865\" data-element_type=\"section\" data-settings=\"{&quot;background_background&quot;:&quot;classic&quot;}\">\n\t\t\t\t\t\t<div class=\"elementor-container elementor-column-gap-default\">\n\t\t\t\t\t<div class=\"elementor-column elementor-col-50 elementor-top-column elementor-element elementor-element-7d2c3e6\" data-id=\"7d2c3e6\" data-element_type=\"column\">\n\t\t\t<div class=\"elementor-widget-wrap elementor-element-populated\">\n\t\t\t\t\t\t<div class=\"elementor-element elementor-element-b651530 elementor-widget__width-initial elementor-widget elementor-widget-text-editor\" data-id=\"b651530\" data-element_type=\"widget\" data-widget_type=\"text-editor.default\">\n\t\t\t\t<div class=\"elementor-widget-container\">\n\t\t\t\t\t\t\t<p><strong>Introduction:<\/strong><\/p>\n<p>Dijital \u00e7a\u011fda \u00fcniversiteler, \u00f6\u011fretim \u00fcyeleri, personel ve \u00f6\u011frencileri i\u00e7in kurumsal uygulamalara ak\u0131c\u0131 eri\u015fim sa\u011flarken hassas bilgilerin g\u00fcvenli\u011fini sa\u011flama zorlu\u011fuyla kar\u015f\u0131 kar\u015f\u0131ya. Bu ba\u015far\u0131 hikayesi, bir \u00fcniversitenin AuthTake Tekil Oturum A\u00e7ma (TOA) \u00e7\u00f6z\u00fcm\u00fcn\u00fc ba\u015far\u0131l\u0131 bir \u015fekilde uygulayarak g\u00fcvenlik \u00f6nlemlerini g\u00fc\u00e7lendirdi\u011fini, sistemlere eri\u015fimi basitle\u015ftirdi\u011fini ve kullan\u0131c\u0131 memnuniyetini art\u0131rd\u0131\u011f\u0131n\u0131 vurgulamaktad\u0131r.<\/p><p><br><\/p>\n<p><strong>Challenge<\/strong><\/p>\n<p>M\u00fc\u015fterimiz olan bir \u00fcniversite, \u00f6\u011fretim \u00fcyeleri, personel ve \u00f6\u011frencilerin kulland\u0131\u011f\u0131 kurumsal uygulamalara eri\u015fimde g\u00fcvenli\u011fi art\u0131rmak ve bunu daha pratik hale getirmenin gereklili\u011fini fark etti. \u00d6nceki manuel do\u011frulama s\u00fcreci veri ihlallerine a\u00e7\u0131kt\u0131 ve geli\u015fen g\u00fcvenlik gereksinimlerini kar\u015f\u0131lam\u0131yordu. Eri\u015fim s\u00fcre\u00e7lerini h\u0131zland\u0131ran ve kullan\u0131c\u0131 deneyimini iyile\u015ftiren g\u00fc\u00e7l\u00fc bir kullan\u0131c\u0131 do\u011frulama \u00e7\u00f6z\u00fcm\u00fcm\u00fc ar\u0131yorlard\u0131. Ayr\u0131ca, \u00e7\u00f6z\u00fcm\u00fcn CAS, OpenID ve SAML protokollerini desteklemesi gerekiyordu.&nbsp;<\/p>\t\t\t\t\t\t<\/div>\n\t\t\t\t<\/div>\n\t\t\t\t\t<\/div>\n\t\t<\/div>\n\t\t\t\t<div class=\"elementor-column elementor-col-50 elementor-top-column elementor-element elementor-element-bb1232a\" data-id=\"bb1232a\" data-element_type=\"column\">\n\t\t\t<div class=\"elementor-widget-wrap elementor-element-populated\">\n\t\t\t\t\t\t<div class=\"elementor-element elementor-element-8f47478 elementor-widget elementor-widget-image\" data-id=\"8f47478\" data-element_type=\"widget\" data-widget_type=\"image.default\">\n\t\t\t\t<div class=\"elementor-widget-container\">\n\t\t\t\t\t\t\t\t\t\t\t\t\t<img fetchpriority=\"high\" decoding=\"async\" width=\"800\" height=\"725\" src=\"https:\/\/authtake.com\/wp-content\/uploads\/2023\/07\/education_gorsel_v3.png\" class=\"attachment-large size-large wp-image-15832\" alt=\"\" srcset=\"https:\/\/authtake.com\/wp-content\/uploads\/2023\/07\/education_gorsel_v3.png 916w, https:\/\/authtake.com\/wp-content\/uploads\/2023\/07\/education_gorsel_v3-300x272.png 300w, https:\/\/authtake.com\/wp-content\/uploads\/2023\/07\/education_gorsel_v3-768x696.png 768w, https:\/\/authtake.com\/wp-content\/uploads\/2023\/07\/education_gorsel_v3-13x12.png 13w, https:\/\/authtake.com\/wp-content\/uploads\/2023\/07\/education_gorsel_v3-600x544.png 600w, https:\/\/authtake.com\/wp-content\/uploads\/2023\/07\/education_gorsel_v3-716x649.png 716w\" sizes=\"(max-width: 800px) 100vw, 800px\" \/>\t\t\t\t\t\t\t\t\t\t\t\t\t<\/div>\n\t\t\t\t<\/div>\n\t\t\t\t\t<\/div>\n\t\t<\/div>\n\t\t\t\t\t<\/div>\n\t\t<\/section>\n\t\t\t\t<section class=\"elementor-section elementor-top-section elementor-element elementor-element-4f0f417 elementor-section-boxed elementor-section-height-default elementor-section-height-default wpr-particle-no wpr-sticky-section-no\" data-id=\"4f0f417\" data-element_type=\"section\" data-settings=\"{&quot;background_background&quot;:&quot;classic&quot;}\">\n\t\t\t\t\t\t<div class=\"elementor-container elementor-column-gap-default\">\n\t\t\t\t\t<div class=\"elementor-column elementor-col-100 elementor-top-column elementor-element elementor-element-f6cf206\" data-id=\"f6cf206\" data-element_type=\"column\">\n\t\t\t<div class=\"elementor-widget-wrap elementor-element-populated\">\n\t\t\t\t\t\t<div class=\"elementor-element elementor-element-c438a55 elementor-widget__width-initial elementor-widget elementor-widget-text-editor\" data-id=\"c438a55\" data-element_type=\"widget\" data-widget_type=\"text-editor.default\">\n\t\t\t\t<div class=\"elementor-widget-container\">\n\t\t\t\t\t\t\t<p><strong>Solution:<\/strong><\/p><p>\u00c7\u00f6z\u00fcm olarak, \u00fcniversite genelindeki kurumsal uygulamalara eri\u015fimlerde AuthTake Tekli Oturum A\u00e7ma (TOA) \u00e7\u00f6z\u00fcm\u00fcn\u00fc kullanmaya karar verdiler. Yaz\u0131l\u0131m, \u00c7ok Fakt\u00f6rl\u00fc Kimlik Do\u011frulama (MFA), uyumlu eri\u015fim kontrolleri ve mevcut do\u011frulama sistemleri ile kurumsal uygulamalarla sorunsuz entegrasyon gibi geli\u015fmi\u015f g\u00fcvenlik \u00f6zellikleri sa\u011flad\u0131. Kullan\u0131c\u0131lar\u0131n s\u00fcrekli olarak do\u011frulama yapmas\u0131 yerine t\u00fcm uygulamalara tek bir do\u011frulama ile eri\u015fimini kolayla\u015ft\u0131rd\u0131.<\/p>\t\t\t\t\t\t<\/div>\n\t\t\t\t<\/div>\n\t\t\t\t\t<\/div>\n\t\t<\/div>\n\t\t\t\t\t<\/div>\n\t\t<\/section>\n\t\t\t\t<section class=\"elementor-section elementor-top-section elementor-element elementor-element-15803d48 elementor-section-boxed elementor-section-height-default elementor-section-height-default wpr-particle-no wpr-sticky-section-no\" data-id=\"15803d48\" data-element_type=\"section\" data-settings=\"{&quot;background_background&quot;:&quot;classic&quot;}\">\n\t\t\t\t\t\t<div class=\"elementor-container elementor-column-gap-default\">\n\t\t\t\t\t<div class=\"elementor-column elementor-col-100 elementor-top-column elementor-element elementor-element-7be382e6\" data-id=\"7be382e6\" data-element_type=\"column\">\n\t\t\t<div class=\"elementor-widget-wrap elementor-element-populated\">\n\t\t\t\t\t\t<section class=\"elementor-section elementor-inner-section elementor-element elementor-element-496a69ba elementor-section-boxed elementor-section-height-default elementor-section-height-default wpr-particle-no wpr-sticky-section-no\" data-id=\"496a69ba\" data-element_type=\"section\">\n\t\t\t\t\t\t<div class=\"elementor-container elementor-column-gap-extended\">\n\t\t\t\t\t<div class=\"elementor-column elementor-col-25 elementor-inner-column elementor-element elementor-element-377613f7\" data-id=\"377613f7\" data-element_type=\"column\">\n\t\t\t<div class=\"elementor-widget-wrap elementor-element-populated\">\n\t\t\t\t\t\t<div class=\"elementor-element elementor-element-b59a053 elementor-view-framed elementor-position-top elementor-shape-circle elementor-mobile-position-top elementor-widget elementor-widget-icon-box\" data-id=\"b59a053\" data-element_type=\"widget\" data-widget_type=\"icon-box.default\">\n\t\t\t\t<div class=\"elementor-widget-container\">\n\t\t\t\t\t<div class=\"elementor-icon-box-wrapper\">\n\t\t\t\t\t\t<div class=\"elementor-icon-box-icon\">\n\t\t\t\t<span  class=\"elementor-icon elementor-animation-\">\n\t\t\t\t<i aria-hidden=\"true\" class=\"fas fa-mobile-alt\"><\/i>\t\t\t\t<\/span>\n\t\t\t<\/div>\n\t\t\t\t\t\t<div class=\"elementor-icon-box-content\">\n\t\t\t\t<h3 class=\"elementor-icon-box-title\">\n\t\t\t\t\t<span  >\n\t\t\t\t\t\tGeli\u015fmi\u015f G\u00fcvenlik\t\t\t\t\t<\/span>\n\t\t\t\t<\/h3>\n\t\t\t\t\t\t\t\t\t<p class=\"elementor-icon-box-description\">\n\t\t\t\t\t\tBiometrics, Push Notification, SMS, Mail, OTP, PIN, Voice etc.\t\t\t\t\t<\/p>\n\t\t\t\t\t\t\t<\/div>\n\t\t<\/div>\n\t\t\t\t<\/div>\n\t\t\t\t<\/div>\n\t\t\t\t\t<\/div>\n\t\t<\/div>\n\t\t\t\t<div class=\"elementor-column elementor-col-25 elementor-inner-column elementor-element elementor-element-554d5d19\" data-id=\"554d5d19\" data-element_type=\"column\">\n\t\t\t<div class=\"elementor-widget-wrap elementor-element-populated\">\n\t\t\t\t\t\t<div class=\"elementor-element elementor-element-d6c0e2b elementor-view-framed elementor-position-top elementor-shape-circle elementor-mobile-position-top elementor-widget elementor-widget-icon-box\" data-id=\"d6c0e2b\" data-element_type=\"widget\" data-widget_type=\"icon-box.default\">\n\t\t\t\t<div class=\"elementor-widget-container\">\n\t\t\t\t\t<div class=\"elementor-icon-box-wrapper\">\n\t\t\t\t\t\t<div class=\"elementor-icon-box-icon\">\n\t\t\t\t<span  class=\"elementor-icon elementor-animation-\">\n\t\t\t\t<i aria-hidden=\"true\" class=\"fas fa-shield-alt\"><\/i>\t\t\t\t<\/span>\n\t\t\t<\/div>\n\t\t\t\t\t\t<div class=\"elementor-icon-box-content\">\n\t\t\t\t<h3 class=\"elementor-icon-box-title\">\n\t\t\t\t\t<span  >\n\t\t\t\t\t\tKolay Eri\u015fim Y\u00f6netimi \t\t\t\t\t<\/span>\n\t\t\t\t<\/h3>\n\t\t\t\t\t\t\t\t\t<p class=\"elementor-icon-box-description\">\n\t\t\t\t\t\tMaksimum Kullan\u0131c\u0131 Deneyimi ve Verimlilik\t\t\t\t\t<\/p>\n\t\t\t\t\t\t\t<\/div>\n\t\t<\/div>\n\t\t\t\t<\/div>\n\t\t\t\t<\/div>\n\t\t\t\t\t<\/div>\n\t\t<\/div>\n\t\t\t\t<div class=\"elementor-column elementor-col-25 elementor-inner-column elementor-element elementor-element-76f6625\" data-id=\"76f6625\" data-element_type=\"column\">\n\t\t\t<div class=\"elementor-widget-wrap elementor-element-populated\">\n\t\t\t\t\t\t<div class=\"elementor-element elementor-element-6285043 elementor-view-framed elementor-position-top elementor-shape-circle elementor-mobile-position-top elementor-widget elementor-widget-icon-box\" data-id=\"6285043\" data-element_type=\"widget\" data-widget_type=\"icon-box.default\">\n\t\t\t\t<div class=\"elementor-widget-container\">\n\t\t\t\t\t<div class=\"elementor-icon-box-wrapper\">\n\t\t\t\t\t\t<div class=\"elementor-icon-box-icon\">\n\t\t\t\t<span  class=\"elementor-icon elementor-animation-\">\n\t\t\t\t<i aria-hidden=\"true\" class=\"fas fa-shield-virus\"><\/i>\t\t\t\t<\/span>\n\t\t\t<\/div>\n\t\t\t\t\t\t<div class=\"elementor-icon-box-content\">\n\t\t\t\t<h3 class=\"elementor-icon-box-title\">\n\t\t\t\t\t<span  >\n\t\t\t\t\t\t\u0130yile\u015ftirilmi\u015f Kullan\u0131c\u0131 Deneyimi\t\t\t\t\t<\/span>\n\t\t\t\t<\/h3>\n\t\t\t\t\t\t\t\t\t<p class=\"elementor-icon-box-description\">\n\t\t\t\t\t\tTek Do\u011frulama ile T\u00fcm Uygulamalara Eri\u015fim \t\t\t\t\t<\/p>\n\t\t\t\t\t\t\t<\/div>\n\t\t<\/div>\n\t\t\t\t<\/div>\n\t\t\t\t<\/div>\n\t\t\t\t\t<\/div>\n\t\t<\/div>\n\t\t\t\t<div class=\"elementor-column elementor-col-25 elementor-inner-column elementor-element elementor-element-604b9253\" data-id=\"604b9253\" data-element_type=\"column\">\n\t\t\t<div class=\"elementor-widget-wrap elementor-element-populated\">\n\t\t\t\t\t\t<div class=\"elementor-element elementor-element-7e7a1ea elementor-view-framed elementor-position-top elementor-shape-circle elementor-mobile-position-top elementor-widget elementor-widget-icon-box\" data-id=\"7e7a1ea\" data-element_type=\"widget\" data-widget_type=\"icon-box.default\">\n\t\t\t\t<div class=\"elementor-widget-container\">\n\t\t\t\t\t<div class=\"elementor-icon-box-wrapper\">\n\t\t\t\t\t\t<div class=\"elementor-icon-box-icon\">\n\t\t\t\t<span  class=\"elementor-icon elementor-animation-\">\n\t\t\t\t<i aria-hidden=\"true\" class=\"fas fa-database\"><\/i>\t\t\t\t<\/span>\n\t\t\t<\/div>\n\t\t\t\t\t\t<div class=\"elementor-icon-box-content\">\n\t\t\t\t<h3 class=\"elementor-icon-box-title\">\n\t\t\t\t\t<span  >\n\t\t\t\t\t\tArtan BT Verimlili\u011fi\t\t\t\t\t<\/span>\n\t\t\t\t<\/h3>\n\t\t\t\t\t\t\t\t\t<p class=\"elementor-icon-box-description\">\n\t\t\t\t\t\tBT verimlili\u011fini ve etkinli\u011fini art\u0131rma.\n\n\t\t\t\t\t<\/p>\n\t\t\t\t\t\t\t<\/div>\n\t\t<\/div>\n\t\t\t\t<\/div>\n\t\t\t\t<\/div>\n\t\t\t\t\t<\/div>\n\t\t<\/div>\n\t\t\t\t\t<\/div>\n\t\t<\/section>\n\t\t\t\t\t<\/div>\n\t\t<\/div>\n\t\t\t\t\t<\/div>\n\t\t<\/section>\n\t\t\t\t<section class=\"elementor-section elementor-top-section elementor-element elementor-element-da2e186 elementor-section-boxed elementor-section-height-default elementor-section-height-default wpr-particle-no wpr-sticky-section-no\" data-id=\"da2e186\" data-element_type=\"section\" data-settings=\"{&quot;background_background&quot;:&quot;classic&quot;}\">\n\t\t\t\t\t\t<div class=\"elementor-container elementor-column-gap-default\">\n\t\t\t\t\t<div class=\"elementor-column elementor-col-100 elementor-top-column elementor-element elementor-element-1658a22\" data-id=\"1658a22\" data-element_type=\"column\">\n\t\t\t<div class=\"elementor-widget-wrap elementor-element-populated\">\n\t\t\t\t\t\t<div class=\"elementor-element elementor-element-a8f986c elementor-widget__width-initial elementor-widget elementor-widget-text-editor\" data-id=\"a8f986c\" data-element_type=\"widget\" data-widget_type=\"text-editor.default\">\n\t\t\t\t<div class=\"elementor-widget-container\">\n\t\t\t\t\t\t\t<p><strong>Conclusion:<\/strong><\/p><p>\u00dcniversite, AuthTake SSO \u00e7\u00f6z\u00fcm\u00fcn\u00fc uygulayarak, daha h\u0131zl\u0131, kolay ve g\u00fcvenli bir  eri\u015fim y\u00f6netimi ve artan kullan\u0131c\u0131 memnuniyeti elde etti. AuthTake'in geli\u015fmi\u015f g\u00fcvenlik \u00f6zellikleri, sorunsuz entegrasyonu ve basitle\u015ftirilmi\u015f kullan\u0131c\u0131 deneyimi, \u00fcretkenli\u011fi, i\u015fbirli\u011fini ve genel kullan\u0131c\u0131 memnuniyetini art\u0131rd\u0131.\n\nAuthTake \u00e7\u00f6z\u00fcmleri ayn\u0131 zamanda di\u011fer \u00fcniversitelere g\u00fcvenli\u011fi geli\u015ftirmeye ve \u00e7al\u0131\u015fanlar\u0131n ve \u00f6\u011frencilerin g\u00fcvenini kazanmaya yard\u0131mc\u0131 olabilir.\u00a0<\/p><p>\u00a0<\/p><p>AuthTake solutions can also inspire other University&#8217;s to improve safety and help gain employee and students trust.<\/p>\t\t\t\t\t\t<\/div>\n\t\t\t\t<\/div>\n\t\t\t\t<div class=\"elementor-element elementor-element-4a3d392 elementor-widget elementor-widget-button\" data-id=\"4a3d392\" data-element_type=\"widget\" data-widget_type=\"button.default\">\n\t\t\t\t<div class=\"elementor-widget-container\">\n\t\t\t\t\t<div class=\"elementor-button-wrapper\">\n\t\t\t<a class=\"elementor-button elementor-button-link elementor-size-sm\" href=\"https:\/\/authtake.com\/tr\/company-contact-us\/\">\n\t\t\t\t\t\t<span class=\"elementor-button-content-wrapper\">\n\t\t\t\t\t\t<span class=\"elementor-button-text\">B\u0130ZE ULA\u015eIN<\/span>\n\t\t<\/span>\n\t\t\t\t\t<\/a>\n\t\t<\/div>\n\t\t\t\t<\/div>\n\t\t\t\t<\/div>\n\t\t\t\t\t<\/div>\n\t\t<\/div>\n\t\t\t\t\t<\/div>\n\t\t<\/section>\n\t\t\t\t<\/div>","protected":false},"excerpt":{"rendered":"<p>&#8211; Success Stories &#8211; Education A University&#8217;s Success Story with AuthTake and Single Sign-On for Corporate Applications A University&#8217;s Success Story with AuthTake and Single Sign-On for Corporate Applications Introduction: In the digital age, universities face the challenge of securing sensitive information while providing streamlined access to corporate applications for their faculty, staff, and students. This success story highlights how a university successfully implemented user authentication software with Single Sign-On (SSO), resulting in strengthened security measures, simplified access, and increased user satisfaction. Challenge: An university, our customer, recognized the need to enhance security and streamline access to corporate applications used by faculty, staff, and students. The previous manual authentication process was prone to errors, and did not meet the evolving security requirements. They sought a solution that could provide strong user authentication, simplify access management, and improve overall user experience. Also, the solution had to support the CAS, OpenID, SAML protocols.&nbsp; Solution: As a solution, they decided to implemented a robust user authentication software with AuthTake Single Sign-On (SSO) across the university&#8217;s corporate applications. The software provided advanced security features, including multi-factor authentication (MFA), adaptive access controls, and seamless integration with their existing authentication systems and corporate applications. It facilitated access to all applications with one single verification instead of user verification over and over. Heightened Security Biometrics, Push Notification, SMS, Mail, OTP, PIN, Voice etc. Simplifyd Access Management Great User Experience and Productivity Improved User Experience One Verify-Access to All Applications Enhanced IT Productivity Improving IT productivity and efficiency. Conclusion: By implementing AuthTake SSO solution, the university achieved enhanced security, simplified access management, and increased user satisfaction. AuthTake&#8217;s advanced security features, seamless integration, and simplified user experience improved productivity, collaboration, and overall user satisfaction.\u00a0 \u00a0 AuthTake solutions can also inspire other University&#8217;s to improve safety and help gain employee and students trust. CONTACT US<\/p>","protected":false},"author":1,"featured_media":0,"parent":0,"menu_order":0,"comment_status":"closed","ping_status":"closed","template":"","meta":[],"_links":{"self":[{"href":"https:\/\/authtake.com\/tr\/wp-json\/wp\/v2\/pages\/15706"}],"collection":[{"href":"https:\/\/authtake.com\/tr\/wp-json\/wp\/v2\/pages"}],"about":[{"href":"https:\/\/authtake.com\/tr\/wp-json\/wp\/v2\/types\/page"}],"author":[{"embeddable":true,"href":"https:\/\/authtake.com\/tr\/wp-json\/wp\/v2\/users\/1"}],"replies":[{"embeddable":true,"href":"https:\/\/authtake.com\/tr\/wp-json\/wp\/v2\/comments?post=15706"}],"version-history":[{"count":29,"href":"https:\/\/authtake.com\/tr\/wp-json\/wp\/v2\/pages\/15706\/revisions"}],"predecessor-version":[{"id":15900,"href":"https:\/\/authtake.com\/tr\/wp-json\/wp\/v2\/pages\/15706\/revisions\/15900"}],"wp:attachment":[{"href":"https:\/\/authtake.com\/tr\/wp-json\/wp\/v2\/media?parent=15706"}],"curies":[{"name":"wp","href":"https:\/\/api.w.org\/{rel}","templated":true}]}}