{"id":15704,"date":"2023-07-14T17:26:04","date_gmt":"2023-07-14T14:26:04","guid":{"rendered":"https:\/\/authtake.com\/?page_id=15704"},"modified":"2023-07-18T14:58:06","modified_gmt":"2023-07-18T11:58:06","slug":"success-stories-healthcare","status":"publish","type":"page","link":"https:\/\/authtake.com\/tr\/success-stories-healthcare\/","title":{"rendered":"Success Stories-Healthcare &#8211;"},"content":{"rendered":"<div data-elementor-type=\"wp-page\" data-elementor-id=\"15704\" class=\"elementor elementor-15704\">\n\t\t\t\t\t\t<section class=\"elementor-section elementor-top-section elementor-element elementor-element-740f102 elementor-section-height-min-height elementor-section-boxed elementor-section-height-default elementor-section-items-middle wpr-particle-no wpr-sticky-section-no\" data-id=\"740f102\" data-element_type=\"section\" data-settings=\"{&quot;background_background&quot;:&quot;classic&quot;}\">\n\t\t\t\t\t\t<div class=\"elementor-container elementor-column-gap-default\">\n\t\t\t\t\t<div class=\"elementor-column elementor-col-50 elementor-top-column elementor-element elementor-element-e07d05d\" data-id=\"e07d05d\" data-element_type=\"column\">\n\t\t\t<div class=\"elementor-widget-wrap elementor-element-populated\">\n\t\t\t\t\t\t<div class=\"elementor-element elementor-element-e29f76e elementor-widget elementor-widget-heading\" data-id=\"e29f76e\" data-element_type=\"widget\" data-widget_type=\"heading.default\">\n\t\t\t\t<div class=\"elementor-widget-container\">\n\t\t\t<h2 class=\"elementor-heading-title elementor-size-default\">- Success Stories -<\/h2>\t\t<\/div>\n\t\t\t\t<\/div>\n\t\t\t\t<div class=\"elementor-element elementor-element-fce6c9f elementor-widget elementor-widget-heading\" data-id=\"fce6c9f\" data-element_type=\"widget\" data-widget_type=\"heading.default\">\n\t\t\t\t<div class=\"elementor-widget-container\">\n\t\t\t<h2 class=\"elementor-heading-title elementor-size-default\">Sa\u011fl\u0131k<\/h2>\t\t<\/div>\n\t\t\t\t<\/div>\n\t\t\t\t<div class=\"elementor-element elementor-element-879dff3 elementor-widget elementor-widget-text-editor\" data-id=\"879dff3\" data-element_type=\"widget\" data-widget_type=\"text-editor.default\">\n\t\t\t\t<div class=\"elementor-widget-container\">\n\t\t\t\t\t\t\t<p>Bir Sa\u011fl\u0131k \u015eirketinin VPN ve OWA Eri\u015fimlerinde AuthTake ile Ba\u015far\u0131 Hikayesi<\/p>\t\t\t\t\t\t<\/div>\n\t\t\t\t<\/div>\n\t\t\t\t\t<\/div>\n\t\t<\/div>\n\t\t\t\t<div class=\"elementor-column elementor-col-50 elementor-top-column elementor-element elementor-element-1b43b48\" data-id=\"1b43b48\" data-element_type=\"column\">\n\t\t\t<div class=\"elementor-widget-wrap\">\n\t\t\t\t\t\t\t<\/div>\n\t\t<\/div>\n\t\t\t\t\t<\/div>\n\t\t<\/section>\n\t\t\t\t<section class=\"elementor-section elementor-top-section elementor-element elementor-element-1ab5728 elementor-section-boxed elementor-section-height-default elementor-section-height-default wpr-particle-no wpr-sticky-section-no\" data-id=\"1ab5728\" data-element_type=\"section\">\n\t\t\t\t\t\t<div class=\"elementor-container elementor-column-gap-default\">\n\t\t\t\t\t<div class=\"elementor-column elementor-col-100 elementor-top-column elementor-element elementor-element-495de07\" data-id=\"495de07\" data-element_type=\"column\">\n\t\t\t<div class=\"elementor-widget-wrap elementor-element-populated\">\n\t\t\t\t\t\t<div class=\"elementor-element elementor-element-225e7ae elementor-widget__width-initial elementor-widget elementor-widget-heading\" data-id=\"225e7ae\" data-element_type=\"widget\" data-widget_type=\"heading.default\">\n\t\t\t\t<div class=\"elementor-widget-container\">\n\t\t\t<h2 class=\"elementor-heading-title elementor-size-default\">Bir Sa\u011fl\u0131k \u015eirketinin VPN ve OWA Eri\u015fimlerinde AuthTake ile Ba\u015far\u0131 Hikayesi<\/h2>\t\t<\/div>\n\t\t\t\t<\/div>\n\t\t\t\t\t<\/div>\n\t\t<\/div>\n\t\t\t\t\t<\/div>\n\t\t<\/section>\n\t\t\t\t<section class=\"elementor-section elementor-top-section elementor-element elementor-element-3203865 elementor-section-boxed elementor-section-height-default elementor-section-height-default wpr-particle-no wpr-sticky-section-no\" data-id=\"3203865\" data-element_type=\"section\" data-settings=\"{&quot;background_background&quot;:&quot;classic&quot;}\">\n\t\t\t\t\t\t<div class=\"elementor-container elementor-column-gap-default\">\n\t\t\t\t\t<div class=\"elementor-column elementor-col-50 elementor-top-column elementor-element elementor-element-7d2c3e6\" data-id=\"7d2c3e6\" data-element_type=\"column\">\n\t\t\t<div class=\"elementor-widget-wrap elementor-element-populated\">\n\t\t\t\t\t\t<div class=\"elementor-element elementor-element-b651530 elementor-widget__width-initial elementor-widget elementor-widget-text-editor\" data-id=\"b651530\" data-element_type=\"widget\" data-widget_type=\"text-editor.default\">\n\t\t\t\t<div class=\"elementor-widget-container\">\n\t\t\t\t\t\t\t<p><strong>Introduction:<\/strong><\/p><p>Sa\u011fl\u0131k sekt\u00f6r\u00fcnde, hasta verilerini korumak ve kritik sistemlere g\u00fcvenli eri\u015fimi sa\u011flamak son derece \u00f6nemlidir. Bu ba\u015far\u0131 hikayemizde, bir sa\u011fl\u0131k \u015firketinin VPN ve Outlook Web App (OWA) eri\u015fimlernde kullan\u0131c\u0131 do\u011frulama \u00e7\u00f6z\u00fcm\u00fcm\u00fcz AuthTake'i tercih ederek nas\u0131l daha g\u00fc\u00e7l\u00fc bir siber g\u00fcvenlik altyap\u0131s\u0131 ve daha verimli \u00e7al\u0131\u015fan deneyimi elde etti\u011fini anlatt\u0131k.<\/p><p>\u00a0<\/p><p><strong>Challenge<\/strong><\/p><p>M\u00fc\u015fterimiz, kritik hasta verilerini korumak ve sa\u011fl\u0131k sistemlerine daha g\u00fcvenli eri\u015fim sa\u011flamak i\u00e7in daha g\u00fc\u00e7l\u00fc bir siber g\u00fcvenlik altyap\u0131s\u0131n\u0131n gereklili\u011finin fark\u0131ndayd\u0131. Artan uzaktan \u00e7al\u0131\u015fma s\u00fcre\u00e7leri ve mobil sa\u011fl\u0131k uzmanlar\u0131 ile geleneksel kimlik do\u011frulama \u00e7\u00f6z\u00fcmleri yetersiz kal\u0131yordu. Kurum, g\u00fc\u00e7l\u00fc bir kullan\u0131c\u0131 do\u011frulama sa\u011flayacak, hasta gizlili\u011fini koruyacak ve eri\u015fim y\u00f6netimi s\u00fcre\u00e7lerini kolayla\u015ft\u0131racak bir \u00e7\u00f6z\u00fcm ar\u0131yordu.<\/p>\t\t\t\t\t\t<\/div>\n\t\t\t\t<\/div>\n\t\t\t\t\t<\/div>\n\t\t<\/div>\n\t\t\t\t<div class=\"elementor-column elementor-col-50 elementor-top-column elementor-element elementor-element-bb1232a\" data-id=\"bb1232a\" data-element_type=\"column\">\n\t\t\t<div class=\"elementor-widget-wrap elementor-element-populated\">\n\t\t\t\t\t\t<div class=\"elementor-element elementor-element-b63511b elementor-widget elementor-widget-image\" data-id=\"b63511b\" data-element_type=\"widget\" data-widget_type=\"image.default\">\n\t\t\t\t<div class=\"elementor-widget-container\">\n\t\t\t\t\t\t\t\t\t\t\t\t\t<img fetchpriority=\"high\" decoding=\"async\" width=\"800\" height=\"725\" src=\"https:\/\/authtake.com\/wp-content\/uploads\/2023\/07\/healthcare_image_v3.png\" class=\"attachment-large size-large wp-image-15846\" alt=\"\" srcset=\"https:\/\/authtake.com\/wp-content\/uploads\/2023\/07\/healthcare_image_v3.png 916w, https:\/\/authtake.com\/wp-content\/uploads\/2023\/07\/healthcare_image_v3-300x272.png 300w, https:\/\/authtake.com\/wp-content\/uploads\/2023\/07\/healthcare_image_v3-768x696.png 768w, https:\/\/authtake.com\/wp-content\/uploads\/2023\/07\/healthcare_image_v3-13x12.png 13w, https:\/\/authtake.com\/wp-content\/uploads\/2023\/07\/healthcare_image_v3-600x544.png 600w, https:\/\/authtake.com\/wp-content\/uploads\/2023\/07\/healthcare_image_v3-716x649.png 716w\" sizes=\"(max-width: 800px) 100vw, 800px\" \/>\t\t\t\t\t\t\t\t\t\t\t\t\t<\/div>\n\t\t\t\t<\/div>\n\t\t\t\t\t<\/div>\n\t\t<\/div>\n\t\t\t\t\t<\/div>\n\t\t<\/section>\n\t\t\t\t<section class=\"elementor-section elementor-top-section elementor-element elementor-element-4f0f417 elementor-section-boxed elementor-section-height-default elementor-section-height-default wpr-particle-no wpr-sticky-section-no\" data-id=\"4f0f417\" data-element_type=\"section\" data-settings=\"{&quot;background_background&quot;:&quot;classic&quot;}\">\n\t\t\t\t\t\t<div class=\"elementor-container elementor-column-gap-default\">\n\t\t\t\t\t<div class=\"elementor-column elementor-col-100 elementor-top-column elementor-element elementor-element-f6cf206\" data-id=\"f6cf206\" data-element_type=\"column\">\n\t\t\t<div class=\"elementor-widget-wrap elementor-element-populated\">\n\t\t\t\t\t\t<div class=\"elementor-element elementor-element-c438a55 elementor-widget__width-initial elementor-widget elementor-widget-text-editor\" data-id=\"c438a55\" data-element_type=\"widget\" data-widget_type=\"text-editor.default\">\n\t\t\t\t<div class=\"elementor-widget-container\">\n\t\t\t\t\t\t\t<p><strong>Solution:<\/strong><\/p><p>\u00c7\u00f6z\u00fcm olarak, kurumlar\u0131nda VPN ve OWA eri\u015fimi i\u00e7in ileri d\u00fczeyde bir kullan\u0131c\u0131 do\u011frulama yaz\u0131l\u0131m\u0131 olan AuthTake'i uygulama karar\u0131 ald\u0131lar. AuthTake, VPN ve OWA platformlar\u0131 ile sorunsuz bir \u015fekilde entegre olarak, \u00e7ok fakt\u00f6rl\u00fc kimlik do\u011frulama (MFA) ve uyumlu eri\u015fim kontrolleri gibi \u00f6zellikler sunmaktayd\u0131. Bu da, kuruma sa\u011fl\u0131k ihtiya\u00e7lar\u0131na \u00f6zel olarak uyarlanm\u0131\u015f kapsaml\u0131 ve g\u00fcvenli bir eri\u015fim y\u00f6netimi \u00e7\u00f6z\u00fcm\u00fc sa\u011flad\u0131.<\/p>\t\t\t\t\t\t<\/div>\n\t\t\t\t<\/div>\n\t\t\t\t\t<\/div>\n\t\t<\/div>\n\t\t\t\t\t<\/div>\n\t\t<\/section>\n\t\t\t\t<section class=\"elementor-section elementor-top-section elementor-element elementor-element-15803d48 elementor-section-boxed elementor-section-height-default elementor-section-height-default wpr-particle-no wpr-sticky-section-no\" data-id=\"15803d48\" data-element_type=\"section\" data-settings=\"{&quot;background_background&quot;:&quot;classic&quot;}\">\n\t\t\t\t\t\t<div class=\"elementor-container elementor-column-gap-default\">\n\t\t\t\t\t<div class=\"elementor-column elementor-col-100 elementor-top-column elementor-element elementor-element-7be382e6\" data-id=\"7be382e6\" data-element_type=\"column\">\n\t\t\t<div class=\"elementor-widget-wrap elementor-element-populated\">\n\t\t\t\t\t\t<section class=\"elementor-section elementor-inner-section elementor-element elementor-element-496a69ba elementor-section-boxed elementor-section-height-default elementor-section-height-default wpr-particle-no wpr-sticky-section-no\" data-id=\"496a69ba\" data-element_type=\"section\">\n\t\t\t\t\t\t<div class=\"elementor-container elementor-column-gap-extended\">\n\t\t\t\t\t<div class=\"elementor-column elementor-col-25 elementor-inner-column elementor-element elementor-element-377613f7\" data-id=\"377613f7\" data-element_type=\"column\">\n\t\t\t<div class=\"elementor-widget-wrap elementor-element-populated\">\n\t\t\t\t\t\t<div class=\"elementor-element elementor-element-b59a053 elementor-view-framed elementor-position-top elementor-shape-circle elementor-mobile-position-top elementor-widget elementor-widget-icon-box\" data-id=\"b59a053\" data-element_type=\"widget\" data-widget_type=\"icon-box.default\">\n\t\t\t\t<div class=\"elementor-widget-container\">\n\t\t\t\t\t<div class=\"elementor-icon-box-wrapper\">\n\t\t\t\t\t\t<div class=\"elementor-icon-box-icon\">\n\t\t\t\t<span  class=\"elementor-icon elementor-animation-\">\n\t\t\t\t<i aria-hidden=\"true\" class=\"fas fa-mobile-alt\"><\/i>\t\t\t\t<\/span>\n\t\t\t<\/div>\n\t\t\t\t\t\t<div class=\"elementor-icon-box-content\">\n\t\t\t\t<h3 class=\"elementor-icon-box-title\">\n\t\t\t\t\t<span  >\n\t\t\t\t\t\tGeli\u015fmi\u015f G\u00fcvenlik\t\t\t\t\t<\/span>\n\t\t\t\t<\/h3>\n\t\t\t\t\t\t\t\t\t<p class=\"elementor-icon-box-description\">\n\t\t\t\t\t\tBiometrics, Push Notification, SMS, Mail, OTP, PIN, Voice etc.\t\t\t\t\t<\/p>\n\t\t\t\t\t\t\t<\/div>\n\t\t<\/div>\n\t\t\t\t<\/div>\n\t\t\t\t<\/div>\n\t\t\t\t\t<\/div>\n\t\t<\/div>\n\t\t\t\t<div class=\"elementor-column elementor-col-25 elementor-inner-column elementor-element elementor-element-554d5d19\" data-id=\"554d5d19\" data-element_type=\"column\">\n\t\t\t<div class=\"elementor-widget-wrap elementor-element-populated\">\n\t\t\t\t\t\t<div class=\"elementor-element elementor-element-d6c0e2b elementor-view-framed elementor-position-top elementor-shape-circle elementor-mobile-position-top elementor-widget elementor-widget-icon-box\" data-id=\"d6c0e2b\" data-element_type=\"widget\" data-widget_type=\"icon-box.default\">\n\t\t\t\t<div class=\"elementor-widget-container\">\n\t\t\t\t\t<div class=\"elementor-icon-box-wrapper\">\n\t\t\t\t\t\t<div class=\"elementor-icon-box-icon\">\n\t\t\t\t<span  class=\"elementor-icon elementor-animation-\">\n\t\t\t\t<i aria-hidden=\"true\" class=\"fas fa-shield-alt\"><\/i>\t\t\t\t<\/span>\n\t\t\t<\/div>\n\t\t\t\t\t\t<div class=\"elementor-icon-box-content\">\n\t\t\t\t<h3 class=\"elementor-icon-box-title\">\n\t\t\t\t\t<span  >\n\t\t\t\t\t\t\u0130yile\u015ftirilmi\u015f Eri\u015fim Y\u00f6netimi ve Kullan\u0131c\u0131 Memnuniyeti\t\t\t\t\t<\/span>\n\t\t\t\t<\/h3>\n\t\t\t\t\t\t\t\t\t<p class=\"elementor-icon-box-description\">\n\t\t\t\t\t\tMaksimum Kullan\u0131c\u0131 Deneyimi ve Verimlilik\n \t\t\t\t\t<\/p>\n\t\t\t\t\t\t\t<\/div>\n\t\t<\/div>\n\t\t\t\t<\/div>\n\t\t\t\t<\/div>\n\t\t\t\t\t<\/div>\n\t\t<\/div>\n\t\t\t\t<div class=\"elementor-column elementor-col-25 elementor-inner-column elementor-element elementor-element-76f6625\" data-id=\"76f6625\" data-element_type=\"column\">\n\t\t\t<div class=\"elementor-widget-wrap elementor-element-populated\">\n\t\t\t\t\t\t<div class=\"elementor-element elementor-element-6285043 elementor-view-framed elementor-position-top elementor-shape-circle elementor-mobile-position-top elementor-widget elementor-widget-icon-box\" data-id=\"6285043\" data-element_type=\"widget\" data-widget_type=\"icon-box.default\">\n\t\t\t\t<div class=\"elementor-widget-container\">\n\t\t\t\t\t<div class=\"elementor-icon-box-wrapper\">\n\t\t\t\t\t\t<div class=\"elementor-icon-box-icon\">\n\t\t\t\t<span  class=\"elementor-icon elementor-animation-\">\n\t\t\t\t<i aria-hidden=\"true\" class=\"fas fa-shield-virus\"><\/i>\t\t\t\t<\/span>\n\t\t\t<\/div>\n\t\t\t\t\t\t<div class=\"elementor-icon-box-content\">\n\t\t\t\t<h3 class=\"elementor-icon-box-title\">\n\t\t\t\t\t<span  >\n\t\t\t\t\t\tSorunsuz Uzaktan \u00c7al\u0131\u015fma\t\t\t\t\t<\/span>\n\t\t\t\t<\/h3>\n\t\t\t\t\t\t\t\t\t<p class=\"elementor-icon-box-description\">\n\t\t\t\t\t\tH\u0131zl\u0131, G\u00fcvenli ve Kolay Eri\u015fim\t\t\t\t\t<\/p>\n\t\t\t\t\t\t\t<\/div>\n\t\t<\/div>\n\t\t\t\t<\/div>\n\t\t\t\t<\/div>\n\t\t\t\t\t<\/div>\n\t\t<\/div>\n\t\t\t\t<div class=\"elementor-column elementor-col-25 elementor-inner-column elementor-element elementor-element-604b9253\" data-id=\"604b9253\" data-element_type=\"column\">\n\t\t\t<div class=\"elementor-widget-wrap elementor-element-populated\">\n\t\t\t\t\t\t<div class=\"elementor-element elementor-element-7e7a1ea elementor-view-framed elementor-position-top elementor-shape-circle elementor-mobile-position-top elementor-widget elementor-widget-icon-box\" data-id=\"7e7a1ea\" data-element_type=\"widget\" data-widget_type=\"icon-box.default\">\n\t\t\t\t<div class=\"elementor-widget-container\">\n\t\t\t\t\t<div class=\"elementor-icon-box-wrapper\">\n\t\t\t\t\t\t<div class=\"elementor-icon-box-icon\">\n\t\t\t\t<span  class=\"elementor-icon elementor-animation-\">\n\t\t\t\t<i aria-hidden=\"true\" class=\"fas fa-database\"><\/i>\t\t\t\t<\/span>\n\t\t\t<\/div>\n\t\t\t\t\t\t<div class=\"elementor-icon-box-content\">\n\t\t\t\t<h3 class=\"elementor-icon-box-title\">\n\t\t\t\t\t<span  >\n\t\t\t\t\t\tVPN ve OWA eri\u015fimlerinde AuthTake'i tercih eden sa\u011fl\u0131k \u015firketi, daha g\u00fc\u00e7l\u00fc, h\u0131zl\u0131 ve kolay bir eri\u015fim y\u00f6netimi ve artan \u00e7al\u0131\u015fan memnuniyeti elde etti. AuthTake'in MFA yetenekleri, sorunsuz entegrasyonu ve kullan\u0131c\u0131 dostu deneyimi, g\u00fcvenlik d\u00fczeylerini art\u0131rarak uzaktan eri\u015fim s\u00fcre\u00e7lerini kolayla\u015ft\u0131rd\u0131. M\u00fc\u015fterimiz, AuthTake'in organizasyonlar\u0131na olan olumlu etkisinden ve g\u00fcvenli ve verimli sa\u011fl\u0131k hizmeti sunumuna olan katk\u0131s\u0131ndan memnun olduklar\u0131n\u0131 belirtti.\n\nAuthTake \u00e7\u00f6z\u00fcmleri ayn\u0131 zamanda sa\u011fl\u0131k sekt\u00f6r\u00fcndeki di\u011fer \u015firketlere daha g\u00fcvenli bir kullan\u0131c\u0131 do\u011frulama s\u00fcreci ve maksimum \u00e7al\u0131\u015fan memnuniyeti sa\u011flamlar\u0131nda yard\u0131mc\u0131 olabilir.\t\t\t\t\t<\/span>\n\t\t\t\t<\/h3>\n\t\t\t\t\t\t\t\t\t<p class=\"elementor-icon-box-description\">\n\t\t\t\t\t\tGDPR, HIPAA\t\t\t\t\t<\/p>\n\t\t\t\t\t\t\t<\/div>\n\t\t<\/div>\n\t\t\t\t<\/div>\n\t\t\t\t<\/div>\n\t\t\t\t\t<\/div>\n\t\t<\/div>\n\t\t\t\t\t<\/div>\n\t\t<\/section>\n\t\t\t\t\t<\/div>\n\t\t<\/div>\n\t\t\t\t\t<\/div>\n\t\t<\/section>\n\t\t\t\t<section class=\"elementor-section elementor-top-section elementor-element elementor-element-da2e186 elementor-section-boxed elementor-section-height-default elementor-section-height-default wpr-particle-no wpr-sticky-section-no\" data-id=\"da2e186\" data-element_type=\"section\" data-settings=\"{&quot;background_background&quot;:&quot;classic&quot;}\">\n\t\t\t\t\t\t<div class=\"elementor-container elementor-column-gap-default\">\n\t\t\t\t\t<div class=\"elementor-column elementor-col-100 elementor-top-column elementor-element elementor-element-1658a22\" data-id=\"1658a22\" data-element_type=\"column\">\n\t\t\t<div class=\"elementor-widget-wrap elementor-element-populated\">\n\t\t\t\t\t\t<div class=\"elementor-element elementor-element-a8f986c elementor-widget__width-initial elementor-widget elementor-widget-text-editor\" data-id=\"a8f986c\" data-element_type=\"widget\" data-widget_type=\"text-editor.default\">\n\t\t\t\t<div class=\"elementor-widget-container\">\n\t\t\t\t\t\t\t<p><strong>Conclusion:<\/strong><\/p><p>By implementing user authentication software for VPN and OWA access, the company achieved strengthened security measures, streamlined access management, and improved employee satisfaction. Authtake&#8217;s MFA capabilities, seamless integration, and user-friendly experience enhanced their security posture, facilitated remote collaboration, and ensured compliance with healthcare regulations. They are happy with the positive impact Authtake has made on their organization and its contribution to providing safe and efficient healthcare services.<\/p><p>\u00a0<\/p><p>AuthTake solutions can also inspire other companies in the healthcare industry to improve safety and help gain employee and customer trust.<\/p><p>\u00a0<\/p>\t\t\t\t\t\t<\/div>\n\t\t\t\t<\/div>\n\t\t\t\t<div class=\"elementor-element elementor-element-4a3d392 elementor-widget elementor-widget-button\" data-id=\"4a3d392\" data-element_type=\"widget\" data-widget_type=\"button.default\">\n\t\t\t\t<div class=\"elementor-widget-container\">\n\t\t\t\t\t<div class=\"elementor-button-wrapper\">\n\t\t\t<a class=\"elementor-button elementor-button-link elementor-size-sm\" href=\"https:\/\/authtake.com\/tr\/company-contact-us\/\">\n\t\t\t\t\t\t<span class=\"elementor-button-content-wrapper\">\n\t\t\t\t\t\t<span class=\"elementor-button-text\">B\u0130ZE ULA\u015eIN<\/span>\n\t\t<\/span>\n\t\t\t\t\t<\/a>\n\t\t<\/div>\n\t\t\t\t<\/div>\n\t\t\t\t<\/div>\n\t\t\t\t\t<\/div>\n\t\t<\/div>\n\t\t\t\t\t<\/div>\n\t\t<\/section>\n\t\t\t\t<\/div>","protected":false},"excerpt":{"rendered":"<p>&#8211; Success Stories &#8211; Healthcare A Healthcare Company&#8217;s Success Story with AuthTake for VPN and OWA Access A Healthcare Company&#8217;s Success Story with AuthTake for VPN and OWA Access Introduction: In the healthcare industry, protecting patient data and maintaining secure access to critical systems is of utmost importance. This success story highlights how a healthcare company implemented user authentication software for VPN and Outlook Web App (OWA) access, resulting in strengthened security measures, streamlined operations, and an enthusiastic workforce. \u00a0 Challenge: A healthcare company, our customer, recognized the need for robust security measures to safeguard sensitive patient information and ensure secure access to healthcare systems. With an increasing number of remote and mobile healthcare professionals, traditional authentication methods proved insufficient. They sought a solution that could provide strong user authentication, protect patient privacy, and simplify access management processes. Solution: As a solution, they decided to implement an advanced user authentication software across their organization for VPN and OWA access. The software, Authtake, offered multi-factor authentication (MFA), adaptive access controls, and seamless integration with their VPN and OWA platforms. It provided a comprehensive and secure access management solution tailored to their healthcare needs. Heightened Security Biometrics, Push Notification, SMS, Mail, OTP, PIN, Voice etc. Streamlined Access Management and User Satisfaction Great User Experience and Productivity Seamless Remote Collaboration Fast, Secure and Easy Access Compliance and Data Privacy GDPR, HIPAA Conclusion: By implementing user authentication software for VPN and OWA access, the company achieved strengthened security measures, streamlined access management, and improved employee satisfaction. Authtake&#8217;s MFA capabilities, seamless integration, and user-friendly experience enhanced their security posture, facilitated remote collaboration, and ensured compliance with healthcare regulations. They are happy with the positive impact Authtake has made on their organization and its contribution to providing safe and efficient healthcare services. \u00a0 AuthTake solutions can also inspire other companies in the healthcare industry to improve safety and help gain employee and customer trust. \u00a0 CONTACT US<\/p>","protected":false},"author":1,"featured_media":0,"parent":0,"menu_order":0,"comment_status":"closed","ping_status":"closed","template":"","meta":[],"_links":{"self":[{"href":"https:\/\/authtake.com\/tr\/wp-json\/wp\/v2\/pages\/15704"}],"collection":[{"href":"https:\/\/authtake.com\/tr\/wp-json\/wp\/v2\/pages"}],"about":[{"href":"https:\/\/authtake.com\/tr\/wp-json\/wp\/v2\/types\/page"}],"author":[{"embeddable":true,"href":"https:\/\/authtake.com\/tr\/wp-json\/wp\/v2\/users\/1"}],"replies":[{"embeddable":true,"href":"https:\/\/authtake.com\/tr\/wp-json\/wp\/v2\/comments?post=15704"}],"version-history":[{"count":24,"href":"https:\/\/authtake.com\/tr\/wp-json\/wp\/v2\/pages\/15704\/revisions"}],"predecessor-version":[{"id":15909,"href":"https:\/\/authtake.com\/tr\/wp-json\/wp\/v2\/pages\/15704\/revisions\/15909"}],"wp:attachment":[{"href":"https:\/\/authtake.com\/tr\/wp-json\/wp\/v2\/media?parent=15704"}],"curies":[{"name":"wp","href":"https:\/\/api.w.org\/{rel}","templated":true}]}}