{"id":15702,"date":"2023-07-14T17:25:42","date_gmt":"2023-07-14T14:25:42","guid":{"rendered":"https:\/\/authtake.com\/?page_id=15702"},"modified":"2023-07-18T14:59:15","modified_gmt":"2023-07-18T11:59:15","slug":"successstories-logistics","status":"publish","type":"page","link":"https:\/\/authtake.com\/tr\/successstories-logistics\/","title":{"rendered":"Success Stories-Logistics &#8211;"},"content":{"rendered":"<div data-elementor-type=\"wp-page\" data-elementor-id=\"15702\" class=\"elementor elementor-15702\">\n\t\t\t\t\t\t<section class=\"elementor-section elementor-top-section elementor-element elementor-element-740f102 elementor-section-height-min-height elementor-section-boxed elementor-section-height-default elementor-section-items-middle wpr-particle-no wpr-sticky-section-no\" data-id=\"740f102\" data-element_type=\"section\" data-settings=\"{&quot;background_background&quot;:&quot;classic&quot;}\">\n\t\t\t\t\t\t<div class=\"elementor-container elementor-column-gap-default\">\n\t\t\t\t\t<div class=\"elementor-column elementor-col-50 elementor-top-column elementor-element elementor-element-e07d05d\" data-id=\"e07d05d\" data-element_type=\"column\">\n\t\t\t<div class=\"elementor-widget-wrap elementor-element-populated\">\n\t\t\t\t\t\t<div class=\"elementor-element elementor-element-e29f76e elementor-widget elementor-widget-heading\" data-id=\"e29f76e\" data-element_type=\"widget\" data-widget_type=\"heading.default\">\n\t\t\t\t<div class=\"elementor-widget-container\">\n\t\t\t<h2 class=\"elementor-heading-title elementor-size-default\">- Success Stories -<\/h2>\t\t<\/div>\n\t\t\t\t<\/div>\n\t\t\t\t<div class=\"elementor-element elementor-element-fce6c9f elementor-widget elementor-widget-heading\" data-id=\"fce6c9f\" data-element_type=\"widget\" data-widget_type=\"heading.default\">\n\t\t\t\t<div class=\"elementor-widget-container\">\n\t\t\t<h2 class=\"elementor-heading-title elementor-size-default\">Lojistik<\/h2>\t\t<\/div>\n\t\t\t\t<\/div>\n\t\t\t\t<div class=\"elementor-element elementor-element-879dff3 elementor-widget elementor-widget-text-editor\" data-id=\"879dff3\" data-element_type=\"widget\" data-widget_type=\"text-editor.default\">\n\t\t\t\t<div class=\"elementor-widget-container\">\n\t\t\t\t\t\t\t<p>Bir Lojistik \u015eirketinin VPN ve OWA Eri\u015fimlerinde AuthTake ile Ba\u015far\u0131 Hikayesi<\/p><p>\u00a0<\/p>\t\t\t\t\t\t<\/div>\n\t\t\t\t<\/div>\n\t\t\t\t\t<\/div>\n\t\t<\/div>\n\t\t\t\t<div class=\"elementor-column elementor-col-50 elementor-top-column elementor-element elementor-element-1b43b48\" data-id=\"1b43b48\" data-element_type=\"column\">\n\t\t\t<div class=\"elementor-widget-wrap\">\n\t\t\t\t\t\t\t<\/div>\n\t\t<\/div>\n\t\t\t\t\t<\/div>\n\t\t<\/section>\n\t\t\t\t<section class=\"elementor-section elementor-top-section elementor-element elementor-element-6b2150a elementor-section-boxed elementor-section-height-default elementor-section-height-default wpr-particle-no wpr-sticky-section-no\" data-id=\"6b2150a\" data-element_type=\"section\">\n\t\t\t\t\t\t<div class=\"elementor-container elementor-column-gap-default\">\n\t\t\t\t\t<div class=\"elementor-column elementor-col-100 elementor-top-column elementor-element elementor-element-4f0f976\" data-id=\"4f0f976\" data-element_type=\"column\">\n\t\t\t<div class=\"elementor-widget-wrap elementor-element-populated\">\n\t\t\t\t\t\t<div class=\"elementor-element elementor-element-6c6b669 elementor-widget__width-initial elementor-widget elementor-widget-heading\" data-id=\"6c6b669\" data-element_type=\"widget\" data-widget_type=\"heading.default\">\n\t\t\t\t<div class=\"elementor-widget-container\">\n\t\t\t<h2 class=\"elementor-heading-title elementor-size-default\">Bir Lojistik \u015eirketinin VPN ve OWA Eri\u015fimlerinde AuthTake ile Ba\u015far\u0131 Hikayesi\n \n<\/h2>\t\t<\/div>\n\t\t\t\t<\/div>\n\t\t\t\t\t<\/div>\n\t\t<\/div>\n\t\t\t\t\t<\/div>\n\t\t<\/section>\n\t\t\t\t<section class=\"elementor-section elementor-top-section elementor-element elementor-element-3203865 elementor-section-boxed elementor-section-height-default elementor-section-height-default wpr-particle-no wpr-sticky-section-no\" data-id=\"3203865\" data-element_type=\"section\" data-settings=\"{&quot;background_background&quot;:&quot;classic&quot;}\">\n\t\t\t\t\t\t<div class=\"elementor-container elementor-column-gap-default\">\n\t\t\t\t\t<div class=\"elementor-column elementor-col-50 elementor-top-column elementor-element elementor-element-7d2c3e6\" data-id=\"7d2c3e6\" data-element_type=\"column\">\n\t\t\t<div class=\"elementor-widget-wrap elementor-element-populated\">\n\t\t\t\t\t\t<div class=\"elementor-element elementor-element-b651530 elementor-widget__width-initial elementor-widget elementor-widget-text-editor\" data-id=\"b651530\" data-element_type=\"widget\" data-widget_type=\"text-editor.default\">\n\t\t\t\t<div class=\"elementor-widget-container\">\n\t\t\t\t\t\t\t<p><strong>Introduction:<\/strong><\/p><p>H\u0131zl\u0131 tempolu ve veri odakl\u0131 lojistik end\u00fcstrisinde, kritik sistemlere g\u00fcvenli eri\u015fimin korunmas\u0131 son derece \u00f6nemlidir. Bu ba\u015far\u0131 hikayesi, bir lojistik \u015firketinin VPN ve Outlook Web App (OWA) eri\u015fimi i\u00e7in AuthTake'i ba\u015far\u0131l\u0131 bir \u015fekilde uygulayarak, g\u00fc\u00e7lendirilmi\u015f g\u00fcvenlik, ak\u0131c\u0131 i\u015flemler ve son derece memnun bir \u00e7al\u0131\u015fan ekibi elde etti\u011fini sergilemektedir.<\/p><p>\u00a0<\/p><p><strong>Challenge<\/strong><\/p><p>M\u00fc\u015fterimiz olan bir lojistik \u015firketi, hassas m\u00fc\u015fteri bilgilerini korumak ve kurumsal kaynaklara sorunsuz eri\u015fimi sa\u011flamak i\u00e7in g\u00fc\u00e7l\u00fc g\u00fcvenlik \u00f6nlemlerinin gereklili\u011fini fark etmi\u015ftir. Co\u011frafi olarak da\u011f\u0131lm\u0131\u015f bir \u00e7al\u0131\u015fan ekibi ve uzaktan eri\u015fime olan artan ba\u011f\u0131ml\u0131l\u0131kla, geleneksel kimlik do\u011frulama y\u00f6ntemleri yetersiz kalm\u0131\u015ft\u0131r. G\u00fc\u00e7l\u00fc bir kullan\u0131c\u0131 do\u011frulama sa\u011flayabilecek, gizli verileri koruyacak ve eri\u015fim y\u00f6netimi s\u00fcre\u00e7lerini basitle\u015ftirecek bir \u00e7\u00f6z\u00fcm ar\u0131yorlard\u0131.<\/p>\t\t\t\t\t\t<\/div>\n\t\t\t\t<\/div>\n\t\t\t\t\t<\/div>\n\t\t<\/div>\n\t\t\t\t<div class=\"elementor-column elementor-col-50 elementor-top-column elementor-element elementor-element-bb1232a\" data-id=\"bb1232a\" data-element_type=\"column\">\n\t\t\t<div class=\"elementor-widget-wrap elementor-element-populated\">\n\t\t\t\t\t\t<div class=\"elementor-element elementor-element-3a37c0d elementor-widget elementor-widget-image\" data-id=\"3a37c0d\" data-element_type=\"widget\" data-widget_type=\"image.default\">\n\t\t\t\t<div class=\"elementor-widget-container\">\n\t\t\t\t\t\t\t\t\t\t\t\t\t<img fetchpriority=\"high\" decoding=\"async\" width=\"800\" height=\"783\" src=\"https:\/\/authtake.com\/wp-content\/uploads\/2023\/07\/logistics_gorsel.png\" class=\"attachment-large size-large wp-image-15768\" alt=\"\" srcset=\"https:\/\/authtake.com\/wp-content\/uploads\/2023\/07\/logistics_gorsel.png 848w, https:\/\/authtake.com\/wp-content\/uploads\/2023\/07\/logistics_gorsel-300x294.png 300w, https:\/\/authtake.com\/wp-content\/uploads\/2023\/07\/logistics_gorsel-768x752.png 768w, https:\/\/authtake.com\/wp-content\/uploads\/2023\/07\/logistics_gorsel-12x12.png 12w, https:\/\/authtake.com\/wp-content\/uploads\/2023\/07\/logistics_gorsel-600x587.png 600w, https:\/\/authtake.com\/wp-content\/uploads\/2023\/07\/logistics_gorsel-663x649.png 663w\" sizes=\"(max-width: 800px) 100vw, 800px\" \/>\t\t\t\t\t\t\t\t\t\t\t\t\t<\/div>\n\t\t\t\t<\/div>\n\t\t\t\t\t<\/div>\n\t\t<\/div>\n\t\t\t\t\t<\/div>\n\t\t<\/section>\n\t\t\t\t<section class=\"elementor-section elementor-top-section elementor-element elementor-element-4f0f417 elementor-section-boxed elementor-section-height-default elementor-section-height-default wpr-particle-no wpr-sticky-section-no\" data-id=\"4f0f417\" data-element_type=\"section\" data-settings=\"{&quot;background_background&quot;:&quot;classic&quot;}\">\n\t\t\t\t\t\t<div class=\"elementor-container elementor-column-gap-default\">\n\t\t\t\t\t<div class=\"elementor-column elementor-col-100 elementor-top-column elementor-element elementor-element-f6cf206\" data-id=\"f6cf206\" data-element_type=\"column\">\n\t\t\t<div class=\"elementor-widget-wrap elementor-element-populated\">\n\t\t\t\t\t\t<div class=\"elementor-element elementor-element-c438a55 elementor-widget__width-initial elementor-widget elementor-widget-text-editor\" data-id=\"c438a55\" data-element_type=\"widget\" data-widget_type=\"text-editor.default\">\n\t\t\t\t<div class=\"elementor-widget-container\">\n\t\t\t\t\t\t\t<p><strong>Solution:<\/strong><\/p><p>Bu zorluklar\u0131 ele almak i\u00e7in, organizasyonlar\u0131na VPN ve OWA eri\u015fimi i\u00e7in ileri d\u00fczeyde bir kullan\u0131c\u0131 do\u011frulama yaz\u0131l\u0131m\u0131 olan AuthTake'i uygulama karar\u0131 ald\u0131k. \u00c7\u00f6z\u00fcm\u00fcm\u00fcz, \u00e7ok fakt\u00f6rl\u00fc kimlik do\u011frulama (MFA), uyumlu eri\u015fim kontrolleri ve mevcut VPN altyap\u0131lar\u0131 ve OWA platformlar\u0131 ile entegrasyon sunmaktayd\u0131. B\u00f6ylece kapsaml\u0131 ve g\u00fcvenli bir eri\u015fim y\u00f6netimi \u00e7\u00f6z\u00fcm\u00fc sa\u011flam\u0131\u015f olduk.<\/p>\t\t\t\t\t\t<\/div>\n\t\t\t\t<\/div>\n\t\t\t\t\t<\/div>\n\t\t<\/div>\n\t\t\t\t\t<\/div>\n\t\t<\/section>\n\t\t\t\t<section class=\"elementor-section elementor-top-section elementor-element elementor-element-15803d48 elementor-section-boxed elementor-section-height-default elementor-section-height-default wpr-particle-no wpr-sticky-section-no\" data-id=\"15803d48\" data-element_type=\"section\" data-settings=\"{&quot;background_background&quot;:&quot;classic&quot;}\">\n\t\t\t\t\t\t<div class=\"elementor-container elementor-column-gap-default\">\n\t\t\t\t\t<div class=\"elementor-column elementor-col-100 elementor-top-column elementor-element elementor-element-7be382e6\" data-id=\"7be382e6\" data-element_type=\"column\">\n\t\t\t<div class=\"elementor-widget-wrap elementor-element-populated\">\n\t\t\t\t\t\t<section class=\"elementor-section elementor-inner-section elementor-element elementor-element-496a69ba elementor-section-boxed elementor-section-height-default elementor-section-height-default wpr-particle-no wpr-sticky-section-no\" data-id=\"496a69ba\" data-element_type=\"section\">\n\t\t\t\t\t\t<div class=\"elementor-container elementor-column-gap-extended\">\n\t\t\t\t\t<div class=\"elementor-column elementor-col-25 elementor-inner-column elementor-element elementor-element-377613f7\" data-id=\"377613f7\" data-element_type=\"column\">\n\t\t\t<div class=\"elementor-widget-wrap elementor-element-populated\">\n\t\t\t\t\t\t<div class=\"elementor-element elementor-element-b59a053 elementor-view-framed elementor-position-top elementor-shape-circle elementor-mobile-position-top elementor-widget elementor-widget-icon-box\" data-id=\"b59a053\" data-element_type=\"widget\" data-widget_type=\"icon-box.default\">\n\t\t\t\t<div class=\"elementor-widget-container\">\n\t\t\t\t\t<div class=\"elementor-icon-box-wrapper\">\n\t\t\t\t\t\t<div class=\"elementor-icon-box-icon\">\n\t\t\t\t<span  class=\"elementor-icon elementor-animation-\">\n\t\t\t\t<i aria-hidden=\"true\" class=\"fas fa-mobile-alt\"><\/i>\t\t\t\t<\/span>\n\t\t\t<\/div>\n\t\t\t\t\t\t<div class=\"elementor-icon-box-content\">\n\t\t\t\t<h3 class=\"elementor-icon-box-title\">\n\t\t\t\t\t<span  >\n\t\t\t\t\t\tGeli\u015fmi\u015f G\u00fcvenlik\t\t\t\t\t<\/span>\n\t\t\t\t<\/h3>\n\t\t\t\t\t\t\t\t\t<p class=\"elementor-icon-box-description\">\n\t\t\t\t\t\tBiometrics, Push Notification, SMS, Mail, OTP, PIN, Voice etc.\t\t\t\t\t<\/p>\n\t\t\t\t\t\t\t<\/div>\n\t\t<\/div>\n\t\t\t\t<\/div>\n\t\t\t\t<\/div>\n\t\t\t\t\t<\/div>\n\t\t<\/div>\n\t\t\t\t<div class=\"elementor-column elementor-col-25 elementor-inner-column elementor-element elementor-element-554d5d19\" data-id=\"554d5d19\" data-element_type=\"column\">\n\t\t\t<div class=\"elementor-widget-wrap elementor-element-populated\">\n\t\t\t\t\t\t<div class=\"elementor-element elementor-element-d6c0e2b elementor-view-framed elementor-position-top elementor-shape-circle elementor-mobile-position-top elementor-widget elementor-widget-icon-box\" data-id=\"d6c0e2b\" data-element_type=\"widget\" data-widget_type=\"icon-box.default\">\n\t\t\t\t<div class=\"elementor-widget-container\">\n\t\t\t\t\t<div class=\"elementor-icon-box-wrapper\">\n\t\t\t\t\t\t<div class=\"elementor-icon-box-icon\">\n\t\t\t\t<span  class=\"elementor-icon elementor-animation-\">\n\t\t\t\t<i aria-hidden=\"true\" class=\"fas fa-shield-alt\"><\/i>\t\t\t\t<\/span>\n\t\t\t<\/div>\n\t\t\t\t\t\t<div class=\"elementor-icon-box-content\">\n\t\t\t\t<h3 class=\"elementor-icon-box-title\">\n\t\t\t\t\t<span  >\n\t\t\t\t\t\t\u0130yile\u015ftirilmi\u015f Eri\u015fim Y\u00f6netimi ve Kullan\u0131c\u0131 Memnuniyeti\t\t\t\t\t<\/span>\n\t\t\t\t<\/h3>\n\t\t\t\t\t\t\t\t\t<p class=\"elementor-icon-box-description\">\n\t\t\t\t\t\tMaksimum Kullan\u0131c\u0131 Deneyimi ve Verimlilik\t\t\t\t\t<\/p>\n\t\t\t\t\t\t\t<\/div>\n\t\t<\/div>\n\t\t\t\t<\/div>\n\t\t\t\t<\/div>\n\t\t\t\t\t<\/div>\n\t\t<\/div>\n\t\t\t\t<div class=\"elementor-column elementor-col-25 elementor-inner-column elementor-element elementor-element-76f6625\" data-id=\"76f6625\" data-element_type=\"column\">\n\t\t\t<div class=\"elementor-widget-wrap elementor-element-populated\">\n\t\t\t\t\t\t<div class=\"elementor-element elementor-element-6285043 elementor-view-framed elementor-position-top elementor-shape-circle elementor-mobile-position-top elementor-widget elementor-widget-icon-box\" data-id=\"6285043\" data-element_type=\"widget\" data-widget_type=\"icon-box.default\">\n\t\t\t\t<div class=\"elementor-widget-container\">\n\t\t\t\t\t<div class=\"elementor-icon-box-wrapper\">\n\t\t\t\t\t\t<div class=\"elementor-icon-box-icon\">\n\t\t\t\t<span  class=\"elementor-icon elementor-animation-\">\n\t\t\t\t<i aria-hidden=\"true\" class=\"fas fa-shield-virus\"><\/i>\t\t\t\t<\/span>\n\t\t\t<\/div>\n\t\t\t\t\t\t<div class=\"elementor-icon-box-content\">\n\t\t\t\t<h3 class=\"elementor-icon-box-title\">\n\t\t\t\t\t<span  >\n\t\t\t\t\t\tSorunsuz Uzaktan \u00c7al\u0131\u015fma\t\t\t\t\t<\/span>\n\t\t\t\t<\/h3>\n\t\t\t\t\t\t\t\t\t<p class=\"elementor-icon-box-description\">\n\t\t\t\t\t\tH\u0131zl\u0131, G\u00fcvenli ve Kolay Eri\u015fim\t\t\t\t\t<\/p>\n\t\t\t\t\t\t\t<\/div>\n\t\t<\/div>\n\t\t\t\t<\/div>\n\t\t\t\t<\/div>\n\t\t\t\t\t<\/div>\n\t\t<\/div>\n\t\t\t\t<div class=\"elementor-column elementor-col-25 elementor-inner-column elementor-element elementor-element-604b9253\" data-id=\"604b9253\" data-element_type=\"column\">\n\t\t\t<div class=\"elementor-widget-wrap elementor-element-populated\">\n\t\t\t\t\t\t<div class=\"elementor-element elementor-element-7e7a1ea elementor-view-framed elementor-position-top elementor-shape-circle elementor-mobile-position-top elementor-widget elementor-widget-icon-box\" data-id=\"7e7a1ea\" data-element_type=\"widget\" data-widget_type=\"icon-box.default\">\n\t\t\t\t<div class=\"elementor-widget-container\">\n\t\t\t\t\t<div class=\"elementor-icon-box-wrapper\">\n\t\t\t\t\t\t<div class=\"elementor-icon-box-icon\">\n\t\t\t\t<span  class=\"elementor-icon elementor-animation-\">\n\t\t\t\t<i aria-hidden=\"true\" class=\"fas fa-database\"><\/i>\t\t\t\t<\/span>\n\t\t\t<\/div>\n\t\t\t\t\t\t<div class=\"elementor-icon-box-content\">\n\t\t\t\t<h3 class=\"elementor-icon-box-title\">\n\t\t\t\t\t<span  >\n\t\t\t\t\t\tUyumluluk ve Denetim Haz\u0131rl\u0131\u011f\u0131\t\t\t\t\t<\/span>\n\t\t\t\t<\/h3>\n\t\t\t\t\t\t\t\t\t<p class=\"elementor-icon-box-description\">\n\t\t\t\t\t\tGDPR, TAPA, ISO\t\t\t\t\t<\/p>\n\t\t\t\t\t\t\t<\/div>\n\t\t<\/div>\n\t\t\t\t<\/div>\n\t\t\t\t<\/div>\n\t\t\t\t\t<\/div>\n\t\t<\/div>\n\t\t\t\t\t<\/div>\n\t\t<\/section>\n\t\t\t\t\t<\/div>\n\t\t<\/div>\n\t\t\t\t\t<\/div>\n\t\t<\/section>\n\t\t\t\t<section class=\"elementor-section elementor-top-section elementor-element elementor-element-da2e186 elementor-section-boxed elementor-section-height-default elementor-section-height-default wpr-particle-no wpr-sticky-section-no\" data-id=\"da2e186\" data-element_type=\"section\" data-settings=\"{&quot;background_background&quot;:&quot;classic&quot;}\">\n\t\t\t\t\t\t<div class=\"elementor-container elementor-column-gap-default\">\n\t\t\t\t\t<div class=\"elementor-column elementor-col-100 elementor-top-column elementor-element elementor-element-1658a22\" data-id=\"1658a22\" data-element_type=\"column\">\n\t\t\t<div class=\"elementor-widget-wrap elementor-element-populated\">\n\t\t\t\t\t\t<div class=\"elementor-element elementor-element-a8f986c elementor-widget__width-initial elementor-widget elementor-widget-text-editor\" data-id=\"a8f986c\" data-element_type=\"widget\" data-widget_type=\"text-editor.default\">\n\t\t\t\t<div class=\"elementor-widget-container\">\n\t\t\t\t\t\t\t<p><strong>Conclusion:<\/strong><\/p><p>VPN ve OWA eri\u015fimi i\u00e7in kullan\u0131c\u0131 do\u011frulama yaz\u0131l\u0131m\u0131n\u0131 uygulayarak, \u015firket geli\u015ftirilmi\u015f g\u00fcvenlik, ak\u0131c\u0131 eri\u015fim y\u00f6netimi ve artan \u00e7al\u0131\u015fan memnuniyeti elde etti. AuthTake'in MFA yetenekleri, sorunsuz entegrasyonu ve kullan\u0131c\u0131 dostu deneyimi, g\u00fcvenlik yakla\u015f\u0131mlar\u0131n\u0131 g\u00fc\u00e7lendirerek uzaktan i\u015fbirli\u011fini kolayla\u015ft\u0131rd\u0131 ve eri\u015fim y\u00f6netimi s\u00fcre\u00e7lerini basitle\u015ftirdi.\n\nAuthTake \u00e7\u00f6z\u00fcmleri ayn\u0131 zamanda lojistik end\u00fcstrisindeki di\u011fer \u015firketlere g\u00fcvenli\u011fi geli\u015ftirmeye ve \u00e7al\u0131\u015fan ve m\u00fc\u015fteri g\u00fcvenini kazanmaya ilham verebilir.\u00a0<\/p><p>\u00a0<\/p><p>AuthTake solutions can also inspire other companies in the logistics industry to improve safety and help gain employee and customer trust.<\/p>\t\t\t\t\t\t<\/div>\n\t\t\t\t<\/div>\n\t\t\t\t<div class=\"elementor-element elementor-element-044aa09 elementor-widget elementor-widget-button\" data-id=\"044aa09\" data-element_type=\"widget\" data-widget_type=\"button.default\">\n\t\t\t\t<div class=\"elementor-widget-container\">\n\t\t\t\t\t<div class=\"elementor-button-wrapper\">\n\t\t\t<a class=\"elementor-button elementor-button-link elementor-size-sm\" href=\"https:\/\/authtake.com\/tr\/company-contact-us\/\">\n\t\t\t\t\t\t<span class=\"elementor-button-content-wrapper\">\n\t\t\t\t\t\t<span class=\"elementor-button-text\">B\u0130ZE ULA\u015eIN<\/span>\n\t\t<\/span>\n\t\t\t\t\t<\/a>\n\t\t<\/div>\n\t\t\t\t<\/div>\n\t\t\t\t<\/div>\n\t\t\t\t\t<\/div>\n\t\t<\/div>\n\t\t\t\t\t<\/div>\n\t\t<\/section>\n\t\t\t\t<\/div>","protected":false},"excerpt":{"rendered":"<p>&#8211; Success Stories &#8211; Logistics A Logistics Company&#8217;s Success Story with AuthTake for VPN and OWA Access \u00a0 A Logistics Company&#8217;s Success Story with AuthTake for VPN and OWA Access Introduction: In the fast-paced and data-driven logistics industry, maintaining secure access to critical systems is vital. This success story showcases how a logistics company implemented user authentication software for VPN and Outlook Web App (OWA) access, resulting in enhanced security, streamlined operations, and a highly satisfied workforce. \u00a0 Challenge: A logistics company, our customer, recognized the need for robust security measures to protect sensitive customer information and ensure seamless access to corporate resources. With a geographically dispersed workforce and increasing reliance on remote access, traditional authentication methods proved inadequate. They were looking for a solution that could provide strong user authentication, safeguard confidential data, and simplify access management. Solution: To address these challenges, we implemented an advanced user authentication software across their organization for VPN and OWA access. Our solution, offered multi-factor authentication (MFA), adaptive access controls, and integration with their existing VPN infrastructure and OWA platform. It provided a comprehensive and secure access management solution. Heightened Security Biometrics, Push Notification, SMS, Mail, OTP, PIN, Voice etc. Streamlined Access Management and User Satisfaction Great User Experience and Productivity Seamless Remote Collaboration Fast, Secure and Easy Access Compliance and Audit Readiness GDPR, TAPA, ISO Conclusion: By implementing user authentication software for VPN and OWA access, the company achieved enhanced security, streamlined access management, and improved employee satisfaction. Authtake&#8217;s MFA capabilities, seamless integration, and user-friendly experience strengthened their security approach, facilitated remote collaboration, and simplified access management processes.\u00a0 \u00a0 AuthTake solutions can also inspire other companies in the logistics industry to improve safety and help gain employee and customer trust. CONTACT US<\/p>","protected":false},"author":1,"featured_media":0,"parent":0,"menu_order":0,"comment_status":"closed","ping_status":"closed","template":"","meta":[],"_links":{"self":[{"href":"https:\/\/authtake.com\/tr\/wp-json\/wp\/v2\/pages\/15702"}],"collection":[{"href":"https:\/\/authtake.com\/tr\/wp-json\/wp\/v2\/pages"}],"about":[{"href":"https:\/\/authtake.com\/tr\/wp-json\/wp\/v2\/types\/page"}],"author":[{"embeddable":true,"href":"https:\/\/authtake.com\/tr\/wp-json\/wp\/v2\/users\/1"}],"replies":[{"embeddable":true,"href":"https:\/\/authtake.com\/tr\/wp-json\/wp\/v2\/comments?post=15702"}],"version-history":[{"count":17,"href":"https:\/\/authtake.com\/tr\/wp-json\/wp\/v2\/pages\/15702\/revisions"}],"predecessor-version":[{"id":15915,"href":"https:\/\/authtake.com\/tr\/wp-json\/wp\/v2\/pages\/15702\/revisions\/15915"}],"wp:attachment":[{"href":"https:\/\/authtake.com\/tr\/wp-json\/wp\/v2\/media?parent=15702"}],"curies":[{"name":"wp","href":"https:\/\/api.w.org\/{rel}","templated":true}]}}