{"id":15699,"date":"2023-07-14T17:25:11","date_gmt":"2023-07-14T14:25:11","guid":{"rendered":"https:\/\/authtake.com\/?page_id=15699"},"modified":"2023-07-18T14:57:02","modified_gmt":"2023-07-18T11:57:02","slug":"successstories-government","status":"publish","type":"page","link":"https:\/\/authtake.com\/tr\/successstories-government\/","title":{"rendered":"Success Stories-Government &#8211;"},"content":{"rendered":"<div data-elementor-type=\"wp-page\" data-elementor-id=\"15699\" class=\"elementor elementor-15699\">\n\t\t\t\t\t\t<section class=\"elementor-section elementor-top-section elementor-element elementor-element-740f102 elementor-section-height-min-height elementor-section-boxed elementor-section-height-default elementor-section-items-middle wpr-particle-no wpr-sticky-section-no\" data-id=\"740f102\" data-element_type=\"section\" data-settings=\"{&quot;background_background&quot;:&quot;classic&quot;}\">\n\t\t\t\t\t\t<div class=\"elementor-container elementor-column-gap-default\">\n\t\t\t\t\t<div class=\"elementor-column elementor-col-50 elementor-top-column elementor-element elementor-element-e07d05d\" data-id=\"e07d05d\" data-element_type=\"column\">\n\t\t\t<div class=\"elementor-widget-wrap elementor-element-populated\">\n\t\t\t\t\t\t<div class=\"elementor-element elementor-element-e29f76e elementor-widget elementor-widget-heading\" data-id=\"e29f76e\" data-element_type=\"widget\" data-widget_type=\"heading.default\">\n\t\t\t\t<div class=\"elementor-widget-container\">\n\t\t\t<h2 class=\"elementor-heading-title elementor-size-default\">- Success Stories -<\/h2>\t\t<\/div>\n\t\t\t\t<\/div>\n\t\t\t\t<div class=\"elementor-element elementor-element-fce6c9f elementor-widget elementor-widget-heading\" data-id=\"fce6c9f\" data-element_type=\"widget\" data-widget_type=\"heading.default\">\n\t\t\t\t<div class=\"elementor-widget-container\">\n\t\t\t<h2 class=\"elementor-heading-title elementor-size-default\">Kamu<\/h2>\t\t<\/div>\n\t\t\t\t<\/div>\n\t\t\t\t<div class=\"elementor-element elementor-element-879dff3 elementor-widget elementor-widget-text-editor\" data-id=\"879dff3\" data-element_type=\"widget\" data-widget_type=\"text-editor.default\">\n\t\t\t\t<div class=\"elementor-widget-container\">\n\t\t\t\t\t\t\t<p>Bir Kamu Kurumunun VPN, OWA, Tekli Oturum A\u00e7ma (TOA) ve Self-Service Parola S\u0131f\u0131rlama S\u00fcre\u00e7lerinde AuthTake ile Ba\u015far\u0131 Hikayesi<\/p>\t\t\t\t\t\t<\/div>\n\t\t\t\t<\/div>\n\t\t\t\t\t<\/div>\n\t\t<\/div>\n\t\t\t\t<div class=\"elementor-column elementor-col-50 elementor-top-column elementor-element elementor-element-1b43b48\" data-id=\"1b43b48\" data-element_type=\"column\">\n\t\t\t<div class=\"elementor-widget-wrap\">\n\t\t\t\t\t\t\t<\/div>\n\t\t<\/div>\n\t\t\t\t\t<\/div>\n\t\t<\/section>\n\t\t\t\t<section class=\"elementor-section elementor-top-section elementor-element elementor-element-4b0ebdb elementor-section-boxed elementor-section-height-default elementor-section-height-default wpr-particle-no wpr-sticky-section-no\" data-id=\"4b0ebdb\" data-element_type=\"section\">\n\t\t\t\t\t\t<div class=\"elementor-container elementor-column-gap-default\">\n\t\t\t\t\t<div class=\"elementor-column elementor-col-100 elementor-top-column elementor-element elementor-element-24838db\" data-id=\"24838db\" data-element_type=\"column\">\n\t\t\t<div class=\"elementor-widget-wrap elementor-element-populated\">\n\t\t\t\t\t\t<div class=\"elementor-element elementor-element-c051e75 elementor-widget__width-initial elementor-widget elementor-widget-heading\" data-id=\"c051e75\" data-element_type=\"widget\" data-widget_type=\"heading.default\">\n\t\t\t\t<div class=\"elementor-widget-container\">\n\t\t\t<h2 class=\"elementor-heading-title elementor-size-default\">Bir Kamu Kurumunun VPN, OWA, Tekli Oturum A\u00e7ma (TOA) ve Self-Service Parola S\u0131f\u0131rlama S\u00fcre\u00e7lerinde AuthTake ile Ba\u015far\u0131 Hikayesi<\/h2>\t\t<\/div>\n\t\t\t\t<\/div>\n\t\t\t\t\t<\/div>\n\t\t<\/div>\n\t\t\t\t\t<\/div>\n\t\t<\/section>\n\t\t\t\t<section class=\"elementor-section elementor-top-section elementor-element elementor-element-3203865 elementor-section-boxed elementor-section-height-default elementor-section-height-default wpr-particle-no wpr-sticky-section-no\" data-id=\"3203865\" data-element_type=\"section\" data-settings=\"{&quot;background_background&quot;:&quot;classic&quot;}\">\n\t\t\t\t\t\t<div class=\"elementor-container elementor-column-gap-default\">\n\t\t\t\t\t<div class=\"elementor-column elementor-col-50 elementor-top-column elementor-element elementor-element-7d2c3e6\" data-id=\"7d2c3e6\" data-element_type=\"column\">\n\t\t\t<div class=\"elementor-widget-wrap elementor-element-populated\">\n\t\t\t\t\t\t<div class=\"elementor-element elementor-element-b651530 elementor-widget__width-initial elementor-widget elementor-widget-text-editor\" data-id=\"b651530\" data-element_type=\"widget\" data-widget_type=\"text-editor.default\">\n\t\t\t\t<div class=\"elementor-widget-container\">\n\t\t\t\t\t\t\t<p><strong>Introduction:<\/strong><\/p><p>Kamu kurumlar\u0131, \u00e7al\u0131\u015fanlar\u0131na sistemlere eri\u015fim sa\u011flarken hassas verileri koruma g\u00f6revine sahiptir. Bu ba\u015far\u0131 hikayemizde, bir kamu kurumunun AuthTake'i VPN, Outlook Web App (OWA) ve kurumsal uygulamalara eri\u015fimlerde ba\u015far\u0131l\u0131 bir \u015fekilde uygulayarak, self-service parola s\u0131f\u0131rlama \u00e7\u00f6z\u00fcm\u00fc ile birlikte, daha g\u00fc\u00e7l\u00fc g\u00fcvenlik \u00f6nlemleri, daha h\u0131zl\u0131 bir kullan\u0131c\u0131 deneyimi ile ve maksimum \u00e7al\u0131\u015fan memnuniyetini anlat\u0131yoruz.<\/p><p>\u00a0<\/p><p><strong>Challenge<\/strong><\/p><p>M\u00fc\u015fterimiz, VPN ve OWA eri\u015fimi i\u00e7in g\u00fcvenlik \u00f6nlemlerini g\u00fc\u00e7lendirmek ve parola s\u0131f\u0131rlama i\u015fleminlerini kolayla\u015ft\u0131rmak i\u00e7in bir \u00e7\u00f6z\u00fcm aray\u0131\u015f\u0131ndayd\u0131. Geleneksel y\u00f6ntemler zaman al\u0131c\u0131, verimsiz ve veri ihlallerine a\u00e7\u0131kt\u0131. Kurum, g\u00fc\u00e7l\u00fc bir kullan\u0131c\u0131 do\u011frulama sa\u011flayacak, eri\u015fim g\u00fcvenli\u011fini art\u0131racak ve \u00e7al\u0131\u015fanlara kendi parolalar\u0131n\u0131 s\u0131f\u0131rlama olana\u011f\u0131 sa\u011flayacak kapsaml\u0131 bir \u00e7\u00f6z\u00fcm ar\u0131yordu. Ayn\u0131 zamanda, \u00e7\u00f6z\u00fcm\u00fcn Tekli Oturumla A\u00e7ma (TOA) deste\u011fine de sahip olmas\u0131 bekleniyordu. Bu sayede kullan\u0131c\u0131lar\u0131n verimlili\u011finin artmas\u0131 hedefleniyordu.<\/p>\t\t\t\t\t\t<\/div>\n\t\t\t\t<\/div>\n\t\t\t\t\t<\/div>\n\t\t<\/div>\n\t\t\t\t<div class=\"elementor-column elementor-col-50 elementor-top-column elementor-element elementor-element-bb1232a\" data-id=\"bb1232a\" data-element_type=\"column\">\n\t\t\t<div class=\"elementor-widget-wrap elementor-element-populated\">\n\t\t\t\t\t\t<div class=\"elementor-element elementor-element-d54893d elementor-widget__width-initial elementor-widget elementor-widget-image\" data-id=\"d54893d\" data-element_type=\"widget\" data-widget_type=\"image.default\">\n\t\t\t\t<div class=\"elementor-widget-container\">\n\t\t\t\t\t\t\t\t\t\t\t\t\t<img fetchpriority=\"high\" decoding=\"async\" width=\"800\" height=\"725\" src=\"https:\/\/authtake.com\/wp-content\/uploads\/2023\/07\/government_image_v2-1.png\" class=\"attachment-large size-large wp-image-15857\" alt=\"\" srcset=\"https:\/\/authtake.com\/wp-content\/uploads\/2023\/07\/government_image_v2-1.png 916w, https:\/\/authtake.com\/wp-content\/uploads\/2023\/07\/government_image_v2-1-300x272.png 300w, https:\/\/authtake.com\/wp-content\/uploads\/2023\/07\/government_image_v2-1-768x696.png 768w, https:\/\/authtake.com\/wp-content\/uploads\/2023\/07\/government_image_v2-1-13x12.png 13w, https:\/\/authtake.com\/wp-content\/uploads\/2023\/07\/government_image_v2-1-600x544.png 600w, https:\/\/authtake.com\/wp-content\/uploads\/2023\/07\/government_image_v2-1-716x649.png 716w\" sizes=\"(max-width: 800px) 100vw, 800px\" \/>\t\t\t\t\t\t\t\t\t\t\t\t\t<\/div>\n\t\t\t\t<\/div>\n\t\t\t\t\t<\/div>\n\t\t<\/div>\n\t\t\t\t\t<\/div>\n\t\t<\/section>\n\t\t\t\t<section class=\"elementor-section elementor-top-section elementor-element elementor-element-4f0f417 elementor-section-boxed elementor-section-height-default elementor-section-height-default wpr-particle-no wpr-sticky-section-no\" data-id=\"4f0f417\" data-element_type=\"section\" data-settings=\"{&quot;background_background&quot;:&quot;classic&quot;}\">\n\t\t\t\t\t\t<div class=\"elementor-container elementor-column-gap-default\">\n\t\t\t\t\t<div class=\"elementor-column elementor-col-100 elementor-top-column elementor-element elementor-element-f6cf206\" data-id=\"f6cf206\" data-element_type=\"column\">\n\t\t\t<div class=\"elementor-widget-wrap elementor-element-populated\">\n\t\t\t\t\t\t<div class=\"elementor-element elementor-element-c438a55 elementor-widget__width-initial elementor-widget elementor-widget-text-editor\" data-id=\"c438a55\" data-element_type=\"widget\" data-widget_type=\"text-editor.default\">\n\t\t\t\t<div class=\"elementor-widget-container\">\n\t\t\t\t\t\t\t<p><strong>Solution:<\/strong><\/p><p>T\u00fcm bu problemlere \u00e7\u00f6z\u00fcm olarak m\u00fc\u015fterimize VPN, OWA eri\u015fimi ve self-service parola s\u0131f\u0131rlama i\u00e7in ileri d\u00fczeyde bir kullan\u0131c\u0131 do\u011frulama yaz\u0131l\u0131m\u0131m\u0131z olan AuthTake'i uygulad\u0131k. AuthTake, VPN ve OWA i\u00e7in \u00e7ok fakt\u00f6rl\u00fc kimlik do\u011frulama (MFA), g\u00fc\u00e7l\u00fc \u015fifreleme protokolleri ve self-service parola s\u0131f\u0131rlama deste\u011fi gibi geli\u015fmi\u015f g\u00fcvenlik \u00f6zellikleri sunmaktayd\u0131. Ayr\u0131ca, SSO ile onlarca uygulamaya kolay eri\u015fim sa\u011flamakla kalmay\u0131p, g\u00fcvenli\u011fi bir \u00fcst seviyeye ta\u015f\u0131yarak kullan\u0131c\u0131 deneyimini iyile\u015ftirdi.<\/p>\t\t\t\t\t\t<\/div>\n\t\t\t\t<\/div>\n\t\t\t\t\t<\/div>\n\t\t<\/div>\n\t\t\t\t\t<\/div>\n\t\t<\/section>\n\t\t\t\t<section class=\"elementor-section elementor-top-section elementor-element elementor-element-15803d48 elementor-section-boxed elementor-section-height-default elementor-section-height-default wpr-particle-no wpr-sticky-section-no\" data-id=\"15803d48\" data-element_type=\"section\" data-settings=\"{&quot;background_background&quot;:&quot;classic&quot;}\">\n\t\t\t\t\t\t<div class=\"elementor-container elementor-column-gap-default\">\n\t\t\t\t\t<div class=\"elementor-column elementor-col-100 elementor-top-column elementor-element elementor-element-7be382e6\" data-id=\"7be382e6\" data-element_type=\"column\">\n\t\t\t<div class=\"elementor-widget-wrap elementor-element-populated\">\n\t\t\t\t\t\t<section class=\"elementor-section elementor-inner-section elementor-element elementor-element-496a69ba elementor-section-boxed elementor-section-height-default elementor-section-height-default wpr-particle-no wpr-sticky-section-no\" data-id=\"496a69ba\" data-element_type=\"section\">\n\t\t\t\t\t\t<div class=\"elementor-container elementor-column-gap-extended\">\n\t\t\t\t\t<div class=\"elementor-column elementor-col-25 elementor-inner-column elementor-element elementor-element-377613f7\" data-id=\"377613f7\" data-element_type=\"column\">\n\t\t\t<div class=\"elementor-widget-wrap elementor-element-populated\">\n\t\t\t\t\t\t<div class=\"elementor-element elementor-element-b59a053 elementor-view-framed elementor-position-top elementor-shape-circle elementor-mobile-position-top elementor-widget elementor-widget-icon-box\" data-id=\"b59a053\" data-element_type=\"widget\" data-widget_type=\"icon-box.default\">\n\t\t\t\t<div class=\"elementor-widget-container\">\n\t\t\t\t\t<div class=\"elementor-icon-box-wrapper\">\n\t\t\t\t\t\t<div class=\"elementor-icon-box-icon\">\n\t\t\t\t<span  class=\"elementor-icon elementor-animation-\">\n\t\t\t\t<i aria-hidden=\"true\" class=\"fas fa-mobile-alt\"><\/i>\t\t\t\t<\/span>\n\t\t\t<\/div>\n\t\t\t\t\t\t<div class=\"elementor-icon-box-content\">\n\t\t\t\t<h3 class=\"elementor-icon-box-title\">\n\t\t\t\t\t<span  >\n\t\t\t\t\t\tEnhanced Security\t\t\t\t\t<\/span>\n\t\t\t\t<\/h3>\n\t\t\t\t\t\t\t\t\t<p class=\"elementor-icon-box-description\">\n\t\t\t\t\t\tBiometrics, Push Notification, SMS, Mail, PIN, OTP, QR etc.\t\t\t\t\t<\/p>\n\t\t\t\t\t\t\t<\/div>\n\t\t<\/div>\n\t\t\t\t<\/div>\n\t\t\t\t<\/div>\n\t\t\t\t\t<\/div>\n\t\t<\/div>\n\t\t\t\t<div class=\"elementor-column elementor-col-25 elementor-inner-column elementor-element elementor-element-554d5d19\" data-id=\"554d5d19\" data-element_type=\"column\">\n\t\t\t<div class=\"elementor-widget-wrap elementor-element-populated\">\n\t\t\t\t\t\t<div class=\"elementor-element elementor-element-d6c0e2b elementor-view-framed elementor-position-top elementor-shape-circle elementor-mobile-position-top elementor-widget elementor-widget-icon-box\" data-id=\"d6c0e2b\" data-element_type=\"widget\" data-widget_type=\"icon-box.default\">\n\t\t\t\t<div class=\"elementor-widget-container\">\n\t\t\t\t\t<div class=\"elementor-icon-box-wrapper\">\n\t\t\t\t\t\t<div class=\"elementor-icon-box-icon\">\n\t\t\t\t<span  class=\"elementor-icon elementor-animation-\">\n\t\t\t\t<i aria-hidden=\"true\" class=\"fas fa-shield-alt\"><\/i>\t\t\t\t<\/span>\n\t\t\t<\/div>\n\t\t\t\t\t\t<div class=\"elementor-icon-box-content\">\n\t\t\t\t<h3 class=\"elementor-icon-box-title\">\n\t\t\t\t\t<span  >\n\t\t\t\t\t\tStreamlined Access Management and User \t\t\t\t\t<\/span>\n\t\t\t\t<\/h3>\n\t\t\t\t\t\t\t\t\t<p class=\"elementor-icon-box-description\">\n\t\t\t\t\t\tMaksimum Kullan\u0131c\u0131 Deneyimi ve Verimlilik\t\t\t\t\t<\/p>\n\t\t\t\t\t\t\t<\/div>\n\t\t<\/div>\n\t\t\t\t<\/div>\n\t\t\t\t<\/div>\n\t\t\t\t\t<\/div>\n\t\t<\/div>\n\t\t\t\t<div class=\"elementor-column elementor-col-25 elementor-inner-column elementor-element elementor-element-76f6625\" data-id=\"76f6625\" data-element_type=\"column\">\n\t\t\t<div class=\"elementor-widget-wrap elementor-element-populated\">\n\t\t\t\t\t\t<div class=\"elementor-element elementor-element-6285043 elementor-view-framed elementor-position-top elementor-shape-circle elementor-mobile-position-top elementor-widget elementor-widget-icon-box\" data-id=\"6285043\" data-element_type=\"widget\" data-widget_type=\"icon-box.default\">\n\t\t\t\t<div class=\"elementor-widget-container\">\n\t\t\t\t\t<div class=\"elementor-icon-box-wrapper\">\n\t\t\t\t\t\t<div class=\"elementor-icon-box-icon\">\n\t\t\t\t<span  class=\"elementor-icon elementor-animation-\">\n\t\t\t\t<i aria-hidden=\"true\" class=\"fas fa-shield-virus\"><\/i>\t\t\t\t<\/span>\n\t\t\t<\/div>\n\t\t\t\t\t\t<div class=\"elementor-icon-box-content\">\n\t\t\t\t<h3 class=\"elementor-icon-box-title\">\n\t\t\t\t\t<span  >\n\t\t\t\t\t\t\u0130yile\u015ftirilmi\u015f Kullan\u0131c\u0131 Deneyimi\t\t\t\t\t<\/span>\n\t\t\t\t<\/h3>\n\t\t\t\t\t\t\t\t\t<p class=\"elementor-icon-box-description\">\n\t\t\t\t\t\t\u0130yile\u015ftirilmi\u015f UX, Self-Service Parola S\u0131f\u0131rlama, Tekli Oturum A\u00e7ma ile T\u00fcm Uygulamalara Eri\u015fim.\t\t\t\t\t<\/p>\n\t\t\t\t\t\t\t<\/div>\n\t\t<\/div>\n\t\t\t\t<\/div>\n\t\t\t\t<\/div>\n\t\t\t\t\t<\/div>\n\t\t<\/div>\n\t\t\t\t<div class=\"elementor-column elementor-col-25 elementor-inner-column elementor-element elementor-element-604b9253\" data-id=\"604b9253\" data-element_type=\"column\">\n\t\t\t<div class=\"elementor-widget-wrap elementor-element-populated\">\n\t\t\t\t\t\t<div class=\"elementor-element elementor-element-7e7a1ea elementor-view-framed elementor-position-top elementor-shape-circle elementor-mobile-position-top elementor-widget elementor-widget-icon-box\" data-id=\"7e7a1ea\" data-element_type=\"widget\" data-widget_type=\"icon-box.default\">\n\t\t\t\t<div class=\"elementor-widget-container\">\n\t\t\t\t\t<div class=\"elementor-icon-box-wrapper\">\n\t\t\t\t\t\t<div class=\"elementor-icon-box-icon\">\n\t\t\t\t<span  class=\"elementor-icon elementor-animation-\">\n\t\t\t\t<i aria-hidden=\"true\" class=\"fas fa-database\"><\/i>\t\t\t\t<\/span>\n\t\t\t<\/div>\n\t\t\t\t\t\t<div class=\"elementor-icon-box-content\">\n\t\t\t\t<h3 class=\"elementor-icon-box-title\">\n\t\t\t\t\t<span  >\n\t\t\t\t\t\tGeli\u015fmi\u015f \u0130\u015fbirli\u011fi ve Verimlilik\t\t\t\t\t<\/span>\n\t\t\t\t<\/h3>\n\t\t\t\t\t\t\t\t\t<p class=\"elementor-icon-box-description\">\n\t\t\t\t\t\tGDPR, KVKK, ISO\t\t\t\t\t<\/p>\n\t\t\t\t\t\t\t<\/div>\n\t\t<\/div>\n\t\t\t\t<\/div>\n\t\t\t\t<\/div>\n\t\t\t\t\t<\/div>\n\t\t<\/div>\n\t\t\t\t\t<\/div>\n\t\t<\/section>\n\t\t\t\t\t<\/div>\n\t\t<\/div>\n\t\t\t\t\t<\/div>\n\t\t<\/section>\n\t\t\t\t<section class=\"elementor-section elementor-top-section elementor-element elementor-element-da2e186 elementor-section-boxed elementor-section-height-default elementor-section-height-default wpr-particle-no wpr-sticky-section-no\" data-id=\"da2e186\" data-element_type=\"section\" data-settings=\"{&quot;background_background&quot;:&quot;classic&quot;}\">\n\t\t\t\t\t\t<div class=\"elementor-container elementor-column-gap-default\">\n\t\t\t\t\t<div class=\"elementor-column elementor-col-100 elementor-top-column elementor-element elementor-element-1658a22\" data-id=\"1658a22\" data-element_type=\"column\">\n\t\t\t<div class=\"elementor-widget-wrap elementor-element-populated\">\n\t\t\t\t\t\t<div class=\"elementor-element elementor-element-a8f986c elementor-widget__width-initial elementor-widget elementor-widget-text-editor\" data-id=\"a8f986c\" data-element_type=\"widget\" data-widget_type=\"text-editor.default\">\n\t\t\t\t<div class=\"elementor-widget-container\">\n\t\t\t\t\t\t\t<p><strong>Conclusion:<\/strong><\/p><p>Kurum, AuthTake'i VPN, OWA ve self-service parola s\u0131f\u0131rlama s\u00fcre\u00e7lerinde kullanarak, daha g\u00fc\u00e7l\u00fc bir sibir g\u00fcvenlik altyap\u0131s\u0131na, daha h\u0131zl\u0131 ve kolay eri\u015fim s\u00fcre\u00e7lerine ve maksimum \u00e7al\u0131\u015fan memnuniyetine sahip oldu\u011funu belirtti. M\u00fc\u015fterimiz, AuthTake'in ba\u015far\u0131s\u0131ndan son derece memnun olup, sat\u0131\u015f sonras\u0131 deste\u011fimizi de kullanarak ve kritik hizmetlerini halka g\u00fcvenli, verimli ve \u00e7al\u0131\u015fan memnuniyetini \u00f6n planda tutarak sunmaya devam etmektedir.\n\nAuthTake \u00e7\u00f6z\u00fcmleri ayn\u0131 zamanda di\u011fer kamu kurumlar\u0131n\u0131n da g\u00fcvenli\u011fini artt\u0131rmaya ve \u00e7al\u0131\u015fanlar\u0131 ile toplumun g\u00fcvenini kazanmas\u0131na yard\u0131mc\u0131 olabilir.<\/p><p>\u00a0<\/p><p>AuthTake solutions can also inspire other Goverment Agencies to improve safety and help gain employee and \u00a0community trust.<\/p>\t\t\t\t\t\t<\/div>\n\t\t\t\t<\/div>\n\t\t\t\t<div class=\"elementor-element elementor-element-4a3d392 elementor-widget elementor-widget-button\" data-id=\"4a3d392\" data-element_type=\"widget\" data-widget_type=\"button.default\">\n\t\t\t\t<div class=\"elementor-widget-container\">\n\t\t\t\t\t<div class=\"elementor-button-wrapper\">\n\t\t\t<a class=\"elementor-button elementor-button-link elementor-size-sm\" href=\"https:\/\/authtake.com\/tr\/company-contact-us\/\">\n\t\t\t\t\t\t<span class=\"elementor-button-content-wrapper\">\n\t\t\t\t\t\t<span class=\"elementor-button-text\">B\u0130ZE ULA\u015eIN<\/span>\n\t\t<\/span>\n\t\t\t\t\t<\/a>\n\t\t<\/div>\n\t\t\t\t<\/div>\n\t\t\t\t<\/div>\n\t\t\t\t\t<\/div>\n\t\t<\/div>\n\t\t\t\t\t<\/div>\n\t\t<\/section>\n\t\t\t\t<\/div>","protected":false},"excerpt":{"rendered":"<p>&#8211; Success Stories &#8211; Government A Government Agency&#8217;s Success Story with AuthTake User Authentication Software for VPN, OWA, SSO and Self-Service Password Reset A Government Agency&#8217;s Success Story with AuthTake User Authentication Software for VPN, OWA, SSO and Self-Service Password Reset Introduction: Government agencies are entrusted with safeguarding sensitive data while providing efficient access to resources for their employees. This success story showcases how a government agency successfully implemented AuthTake for VPN, Outlook Web App (OWA) and corporate applications access, along with self-service password reset. The adoption of AuthTake resulted in strengthened security measures, streamlined operations, and widespread employee satisfaction. \u00a0 Challenge: The government agency faced the challenge of fortifying security measures for VPN and OWA access while simplifying the password reset process. The traditional methods were time-consuming, inefficient, and prone to security vulnerabilities. The agency sought a comprehensive solution that would provide robust user authentication, enhance access security, and empower employees with self-service password reset capabilities.\u00a0The solution was also expected to have SSO support. Thus, it was aimed to increase efficiency with ease of use. Solution: To address these challenges, the government agency implemented AuthTake, a cutting-edge user authentication software, for VPN, OWA access, and self-service password reset. AuthTake offered advanced security features, including multi-factor authentication (MFA) for VPN and OWA, robust encryption protocols, and an intuitive self-service password reset functionality.\u00a0In addition, while making it easier to access dozens of applications with SSO, it also brought security to the next level. Enhanced Security Biometrics, Push Notification, SMS, Mail, PIN, OTP, QR etc. Streamlined Access Management and User Great User Experience and Productivity Improved User Experience Great UX, Self Service, One Login Access-All Applications Enhanced Collaboration and Productivity GDPR, KVKK, ISO Conclusion: Through the adoption of AuthTake user authentication software for VPN, OWA, and self-service password reset, the government agency achieved strengthened security measures, streamlined operations, and widespread employee satisfaction. AuthTake&#8217;s advanced security features, streamlined access management, and self-service password reset capabilities enhanced productivity, reduced IT support overhead, and empowered employees. The government agency is delighted with the success of AuthTake, \u00a0as it support after sale and continues to prioritize security, efficiency, and employee satisfaction in delivering its critical services to the public. \u00a0 AuthTake solutions can also inspire other Goverment Agencies to improve safety and help gain employee and \u00a0community trust. CONTACT US<\/p>","protected":false},"author":1,"featured_media":0,"parent":0,"menu_order":0,"comment_status":"closed","ping_status":"closed","template":"","meta":[],"_links":{"self":[{"href":"https:\/\/authtake.com\/tr\/wp-json\/wp\/v2\/pages\/15699"}],"collection":[{"href":"https:\/\/authtake.com\/tr\/wp-json\/wp\/v2\/pages"}],"about":[{"href":"https:\/\/authtake.com\/tr\/wp-json\/wp\/v2\/types\/page"}],"author":[{"embeddable":true,"href":"https:\/\/authtake.com\/tr\/wp-json\/wp\/v2\/users\/1"}],"replies":[{"embeddable":true,"href":"https:\/\/authtake.com\/tr\/wp-json\/wp\/v2\/comments?post=15699"}],"version-history":[{"count":41,"href":"https:\/\/authtake.com\/tr\/wp-json\/wp\/v2\/pages\/15699\/revisions"}],"predecessor-version":[{"id":15906,"href":"https:\/\/authtake.com\/tr\/wp-json\/wp\/v2\/pages\/15699\/revisions\/15906"}],"wp:attachment":[{"href":"https:\/\/authtake.com\/tr\/wp-json\/wp\/v2\/media?parent=15699"}],"curies":[{"name":"wp","href":"https:\/\/api.w.org\/{rel}","templated":true}]}}