{"id":15689,"date":"2023-07-14T14:23:11","date_gmt":"2023-07-14T11:23:11","guid":{"rendered":"https:\/\/authtake.com\/?page_id=15689"},"modified":"2023-07-18T14:56:17","modified_gmt":"2023-07-18T11:56:17","slug":"successstories-finance","status":"publish","type":"page","link":"https:\/\/authtake.com\/tr\/successstories-finance\/","title":{"rendered":"Success Stories-Finance &#8211;"},"content":{"rendered":"<div data-elementor-type=\"wp-page\" data-elementor-id=\"15689\" class=\"elementor elementor-15689\">\n\t\t\t\t\t\t<section class=\"elementor-section elementor-top-section elementor-element elementor-element-740f102 elementor-section-height-min-height elementor-section-boxed elementor-section-height-default elementor-section-items-middle wpr-particle-no wpr-sticky-section-no\" data-id=\"740f102\" data-element_type=\"section\" data-settings=\"{&quot;background_background&quot;:&quot;classic&quot;}\">\n\t\t\t\t\t\t<div class=\"elementor-container elementor-column-gap-default\">\n\t\t\t\t\t<div class=\"elementor-column elementor-col-50 elementor-top-column elementor-element elementor-element-e07d05d\" data-id=\"e07d05d\" data-element_type=\"column\">\n\t\t\t<div class=\"elementor-widget-wrap elementor-element-populated\">\n\t\t\t\t\t\t<div class=\"elementor-element elementor-element-e29f76e elementor-widget elementor-widget-heading\" data-id=\"e29f76e\" data-element_type=\"widget\" data-widget_type=\"heading.default\">\n\t\t\t\t<div class=\"elementor-widget-container\">\n\t\t\t<h2 class=\"elementor-heading-title elementor-size-default\">- Success Stories -<\/h2>\t\t<\/div>\n\t\t\t\t<\/div>\n\t\t\t\t<div class=\"elementor-element elementor-element-fce6c9f elementor-widget elementor-widget-heading\" data-id=\"fce6c9f\" data-element_type=\"widget\" data-widget_type=\"heading.default\">\n\t\t\t\t<div class=\"elementor-widget-container\">\n\t\t\t<h2 class=\"elementor-heading-title elementor-size-default\">Finans<\/h2>\t\t<\/div>\n\t\t\t\t<\/div>\n\t\t\t\t<div class=\"elementor-element elementor-element-879dff3 elementor-widget elementor-widget-text-editor\" data-id=\"879dff3\" data-element_type=\"widget\" data-widget_type=\"text-editor.default\">\n\t\t\t\t<div class=\"elementor-widget-container\">\n\t\t\t\t\t\t\t<p>Bir Finans \u015eirketinin VPN Eri\u015fimlerinde ve Self-Service Parola S\u0131f\u0131rlama S\u00fcre\u00e7lerinde AuthTake ile Ba\u015far\u0131 Hikayesi<\/p>\t\t\t\t\t\t<\/div>\n\t\t\t\t<\/div>\n\t\t\t\t\t<\/div>\n\t\t<\/div>\n\t\t\t\t<div class=\"elementor-column elementor-col-50 elementor-top-column elementor-element elementor-element-1b43b48\" data-id=\"1b43b48\" data-element_type=\"column\">\n\t\t\t<div class=\"elementor-widget-wrap\">\n\t\t\t\t\t\t\t<\/div>\n\t\t<\/div>\n\t\t\t\t\t<\/div>\n\t\t<\/section>\n\t\t\t\t<section class=\"elementor-section elementor-top-section elementor-element elementor-element-18a4851 elementor-section-boxed elementor-section-height-default elementor-section-height-default wpr-particle-no wpr-sticky-section-no\" data-id=\"18a4851\" data-element_type=\"section\">\n\t\t\t\t\t\t<div class=\"elementor-container elementor-column-gap-default\">\n\t\t\t\t\t<div class=\"elementor-column elementor-col-100 elementor-top-column elementor-element elementor-element-0d488c2\" data-id=\"0d488c2\" data-element_type=\"column\">\n\t\t\t<div class=\"elementor-widget-wrap elementor-element-populated\">\n\t\t\t\t\t\t<div class=\"elementor-element elementor-element-76e1c0c elementor-widget__width-initial elementor-widget elementor-widget-heading\" data-id=\"76e1c0c\" data-element_type=\"widget\" data-widget_type=\"heading.default\">\n\t\t\t\t<div class=\"elementor-widget-container\">\n\t\t\t<h2 class=\"elementor-heading-title elementor-size-default\">Bir Finans \u015eirketinin VPN Eri\u015fimlerinde ve Self-Service Parola S\u0131f\u0131rlama S\u00fcre\u00e7lerinde AuthTake ile Ba\u015far\u0131 Hikayesi<\/h2>\t\t<\/div>\n\t\t\t\t<\/div>\n\t\t\t\t\t<\/div>\n\t\t<\/div>\n\t\t\t\t\t<\/div>\n\t\t<\/section>\n\t\t\t\t<section class=\"elementor-section elementor-top-section elementor-element elementor-element-3203865 elementor-section-boxed elementor-section-height-default elementor-section-height-default wpr-particle-no wpr-sticky-section-no\" data-id=\"3203865\" data-element_type=\"section\" data-settings=\"{&quot;background_background&quot;:&quot;classic&quot;}\">\n\t\t\t\t\t\t<div class=\"elementor-container elementor-column-gap-default\">\n\t\t\t\t\t<div class=\"elementor-column elementor-col-50 elementor-top-column elementor-element elementor-element-7d2c3e6\" data-id=\"7d2c3e6\" data-element_type=\"column\">\n\t\t\t<div class=\"elementor-widget-wrap elementor-element-populated\">\n\t\t\t\t\t\t<div class=\"elementor-element elementor-element-b651530 elementor-widget__width-initial elementor-widget elementor-widget-text-editor\" data-id=\"b651530\" data-element_type=\"widget\" data-widget_type=\"text-editor.default\">\n\t\t\t\t<div class=\"elementor-widget-container\">\n\t\t\t\t\t\t\t<p><strong>Introduction:<\/strong><\/p>\n<p>Kritik verileri y\u00f6neten finans \u015firketleri i\u00e7in g\u00fcvenlik hayati \u00f6neme sahiptir. Bu ba\u015far\u0131 hikayesinde, bir finans \u015firketinin VPN eri\u015fimlerinde AuthTake kullan\u0131c\u0131 do\u011frulama ve self-servis parola s\u0131f\u0131rlama \u00e7\u00f6z\u00fcm\u00fcn\u00fc kullanarak nas\u0131l daha g\u00fcvenli, h\u0131zl\u0131 ve kolay bir kullan\u0131c\u0131 deneyimi elde etti\u011fini anlat\u0131yoruz.<\/p>\n<p><strong><br><\/strong><\/p><p><strong>Challenge<\/strong><\/p>\n<p>M\u00fc\u015fterimiz i\u00e7in, kritik finansal bilgileri korumak ve veri ihlali riskini azaltmak son derece \u00f6nemliydi. Ayr\u0131ca, artan uzaktan \u00e7al\u0131\u015fma s\u00fcre\u00e7leri, operasyonel verimlili\u011fi art\u0131rmak i\u00e7in kullan\u0131c\u0131 do\u011frulama ve parola y\u00f6netimi konusunda daha g\u00fcvenli bir yakla\u015f\u0131m gerektiriyordu.Bu sebeple kurumsal uygulamalar\u0131yla uyumlu, g\u00fc\u00e7l\u00fc bir kullan\u0131c\u0131 do\u011frulama sa\u011flayan ve parola s\u0131f\u0131rlama s\u00fcre\u00e7lerini kolayla\u015ft\u0131ran bir \u00e7\u00f6z\u00fcm ar\u0131yorlard\u0131.<\/p>\t\t\t\t\t\t<\/div>\n\t\t\t\t<\/div>\n\t\t\t\t\t<\/div>\n\t\t<\/div>\n\t\t\t\t<div class=\"elementor-column elementor-col-50 elementor-top-column elementor-element elementor-element-bb1232a\" data-id=\"bb1232a\" data-element_type=\"column\">\n\t\t\t<div class=\"elementor-widget-wrap elementor-element-populated\">\n\t\t\t\t\t\t<div class=\"elementor-element elementor-element-8f47478 elementor-widget elementor-widget-image\" data-id=\"8f47478\" data-element_type=\"widget\" data-widget_type=\"image.default\">\n\t\t\t\t<div class=\"elementor-widget-container\">\n\t\t\t\t\t\t\t\t\t\t\t\t\t<img fetchpriority=\"high\" decoding=\"async\" width=\"800\" height=\"725\" src=\"https:\/\/authtake.com\/wp-content\/uploads\/2023\/07\/finans_gorsel.png\" class=\"attachment-large size-large wp-image-15807\" alt=\"\" srcset=\"https:\/\/authtake.com\/wp-content\/uploads\/2023\/07\/finans_gorsel.png 916w, https:\/\/authtake.com\/wp-content\/uploads\/2023\/07\/finans_gorsel-300x272.png 300w, https:\/\/authtake.com\/wp-content\/uploads\/2023\/07\/finans_gorsel-768x696.png 768w, https:\/\/authtake.com\/wp-content\/uploads\/2023\/07\/finans_gorsel-13x12.png 13w, https:\/\/authtake.com\/wp-content\/uploads\/2023\/07\/finans_gorsel-600x544.png 600w, https:\/\/authtake.com\/wp-content\/uploads\/2023\/07\/finans_gorsel-716x649.png 716w\" sizes=\"(max-width: 800px) 100vw, 800px\" \/>\t\t\t\t\t\t\t\t\t\t\t\t\t<\/div>\n\t\t\t\t<\/div>\n\t\t\t\t\t<\/div>\n\t\t<\/div>\n\t\t\t\t\t<\/div>\n\t\t<\/section>\n\t\t\t\t<section class=\"elementor-section elementor-top-section elementor-element elementor-element-4f0f417 elementor-section-boxed elementor-section-height-default elementor-section-height-default wpr-particle-no wpr-sticky-section-no\" data-id=\"4f0f417\" data-element_type=\"section\" data-settings=\"{&quot;background_background&quot;:&quot;classic&quot;}\">\n\t\t\t\t\t\t<div class=\"elementor-container elementor-column-gap-default\">\n\t\t\t\t\t<div class=\"elementor-column elementor-col-100 elementor-top-column elementor-element elementor-element-f6cf206\" data-id=\"f6cf206\" data-element_type=\"column\">\n\t\t\t<div class=\"elementor-widget-wrap elementor-element-populated\">\n\t\t\t\t\t\t<div class=\"elementor-element elementor-element-c438a55 elementor-widget__width-initial elementor-widget elementor-widget-text-editor\" data-id=\"c438a55\" data-element_type=\"widget\" data-widget_type=\"text-editor.default\">\n\t\t\t\t<div class=\"elementor-widget-container\">\n\t\t\t\t\t\t\t<p><strong>Solution:<\/strong><\/p><p>M\u00fc\u015fterimize kullan\u0131c\u0131 do\u011frulama ve self-service parola s\u0131f\u0131rlama \u00e7\u00f6z\u00fcm\u00fcm\u00fcz\u00fc uygulad\u0131k. Kullan\u0131c\u0131 AuthTake, \u00e7ok fakt\u00f6rl\u00fc kimlik do\u011frulama (MFA) \u00f6zellikleri sunarken,  parola s\u0131f\u0131rlama \u00e7\u00f6z\u00fcm\u00fc ile kullan\u0131c\u0131lar\u0131n IT m\u00fcdahalesi olmadan g\u00fcvenli bir \u015fekilde parolalar\u0131n\u0131 s\u0131f\u0131rlamas\u0131na izin veriyordu. Bu \u00e7\u00f6z\u00fcmler m\u00fc\u015fterimize VPN altyap\u0131lar\u0131yla sorunsuz bir \u015fekilde entegre olarak kapsaml\u0131 bir g\u00fcvenlik ve parola y\u00f6netim sistemi sundu.<\/p>\t\t\t\t\t\t<\/div>\n\t\t\t\t<\/div>\n\t\t\t\t\t<\/div>\n\t\t<\/div>\n\t\t\t\t\t<\/div>\n\t\t<\/section>\n\t\t\t\t<section class=\"elementor-section elementor-top-section elementor-element elementor-element-15803d48 elementor-section-boxed elementor-section-height-default elementor-section-height-default wpr-particle-no wpr-sticky-section-no\" data-id=\"15803d48\" data-element_type=\"section\" data-settings=\"{&quot;background_background&quot;:&quot;classic&quot;}\">\n\t\t\t\t\t\t<div class=\"elementor-container elementor-column-gap-default\">\n\t\t\t\t\t<div class=\"elementor-column elementor-col-100 elementor-top-column elementor-element elementor-element-7be382e6\" data-id=\"7be382e6\" data-element_type=\"column\">\n\t\t\t<div class=\"elementor-widget-wrap elementor-element-populated\">\n\t\t\t\t\t\t<section class=\"elementor-section elementor-inner-section elementor-element elementor-element-496a69ba elementor-section-boxed elementor-section-height-default elementor-section-height-default wpr-particle-no wpr-sticky-section-no\" data-id=\"496a69ba\" data-element_type=\"section\">\n\t\t\t\t\t\t<div class=\"elementor-container elementor-column-gap-extended\">\n\t\t\t\t\t<div class=\"elementor-column elementor-col-25 elementor-inner-column elementor-element elementor-element-377613f7\" data-id=\"377613f7\" data-element_type=\"column\">\n\t\t\t<div class=\"elementor-widget-wrap elementor-element-populated\">\n\t\t\t\t\t\t<div class=\"elementor-element elementor-element-b59a053 elementor-view-framed elementor-position-top elementor-shape-circle elementor-mobile-position-top elementor-widget elementor-widget-icon-box\" data-id=\"b59a053\" data-element_type=\"widget\" data-widget_type=\"icon-box.default\">\n\t\t\t\t<div class=\"elementor-widget-container\">\n\t\t\t\t\t<div class=\"elementor-icon-box-wrapper\">\n\t\t\t\t\t\t<div class=\"elementor-icon-box-icon\">\n\t\t\t\t<span  class=\"elementor-icon elementor-animation-\">\n\t\t\t\t<i aria-hidden=\"true\" class=\"fas fa-mobile-alt\"><\/i>\t\t\t\t<\/span>\n\t\t\t<\/div>\n\t\t\t\t\t\t<div class=\"elementor-icon-box-content\">\n\t\t\t\t<h3 class=\"elementor-icon-box-title\">\n\t\t\t\t\t<span  >\n\t\t\t\t\t\tGeli\u015fmi\u015f G\u00fcvenlik\t\t\t\t\t<\/span>\n\t\t\t\t<\/h3>\n\t\t\t\t\t\t\t\t\t<p class=\"elementor-icon-box-description\">\n\t\t\t\t\t\tBiometrics, Push Notification, SMS, Mail, OTP, PIN, Voice etc.\t\t\t\t\t<\/p>\n\t\t\t\t\t\t\t<\/div>\n\t\t<\/div>\n\t\t\t\t<\/div>\n\t\t\t\t<\/div>\n\t\t\t\t\t<\/div>\n\t\t<\/div>\n\t\t\t\t<div class=\"elementor-column elementor-col-25 elementor-inner-column elementor-element elementor-element-554d5d19\" data-id=\"554d5d19\" data-element_type=\"column\">\n\t\t\t<div class=\"elementor-widget-wrap elementor-element-populated\">\n\t\t\t\t\t\t<div class=\"elementor-element elementor-element-d6c0e2b elementor-view-framed elementor-position-top elementor-shape-circle elementor-mobile-position-top elementor-widget elementor-widget-icon-box\" data-id=\"d6c0e2b\" data-element_type=\"widget\" data-widget_type=\"icon-box.default\">\n\t\t\t\t<div class=\"elementor-widget-container\">\n\t\t\t\t\t<div class=\"elementor-icon-box-wrapper\">\n\t\t\t\t\t\t<div class=\"elementor-icon-box-icon\">\n\t\t\t\t<span  class=\"elementor-icon elementor-animation-\">\n\t\t\t\t<i aria-hidden=\"true\" class=\"fas fa-shield-alt\"><\/i>\t\t\t\t<\/span>\n\t\t\t<\/div>\n\t\t\t\t\t\t<div class=\"elementor-icon-box-content\">\n\t\t\t\t<h3 class=\"elementor-icon-box-title\">\n\t\t\t\t\t<span  >\n\t\t\t\t\t\tKolay Parola Y\u00f6netimi\t\t\t\t\t<\/span>\n\t\t\t\t<\/h3>\n\t\t\t\t\t\t\t\t\t<p class=\"elementor-icon-box-description\">\n\t\t\t\t\t\tSelf-Service Parola S\u0131f\u0131rlama\t\t\t\t\t<\/p>\n\t\t\t\t\t\t\t<\/div>\n\t\t<\/div>\n\t\t\t\t<\/div>\n\t\t\t\t<\/div>\n\t\t\t\t\t<\/div>\n\t\t<\/div>\n\t\t\t\t<div class=\"elementor-column elementor-col-25 elementor-inner-column elementor-element elementor-element-76f6625\" data-id=\"76f6625\" data-element_type=\"column\">\n\t\t\t<div class=\"elementor-widget-wrap elementor-element-populated\">\n\t\t\t\t\t\t<div class=\"elementor-element elementor-element-6285043 elementor-view-framed elementor-position-top elementor-shape-circle elementor-mobile-position-top elementor-widget elementor-widget-icon-box\" data-id=\"6285043\" data-element_type=\"widget\" data-widget_type=\"icon-box.default\">\n\t\t\t\t<div class=\"elementor-widget-container\">\n\t\t\t\t\t<div class=\"elementor-icon-box-wrapper\">\n\t\t\t\t\t\t<div class=\"elementor-icon-box-icon\">\n\t\t\t\t<span  class=\"elementor-icon elementor-animation-\">\n\t\t\t\t<i aria-hidden=\"true\" class=\"fas fa-shield-virus\"><\/i>\t\t\t\t<\/span>\n\t\t\t<\/div>\n\t\t\t\t\t\t<div class=\"elementor-icon-box-content\">\n\t\t\t\t<h3 class=\"elementor-icon-box-title\">\n\t\t\t\t\t<span  >\n\t\t\t\t\t\tMaksimum Kullan\u0131c\u0131 Memnuniyeti\t\t\t\t\t<\/span>\n\t\t\t\t<\/h3>\n\t\t\t\t\t\t\t\t\t<p class=\"elementor-icon-box-description\">\n\t\t\t\t\t\tMaksimum Kullan\u0131c\u0131 Deneyimi ve Verimlilik\t\t\t\t\t<\/p>\n\t\t\t\t\t\t\t<\/div>\n\t\t<\/div>\n\t\t\t\t<\/div>\n\t\t\t\t<\/div>\n\t\t\t\t\t<\/div>\n\t\t<\/div>\n\t\t\t\t<div class=\"elementor-column elementor-col-25 elementor-inner-column elementor-element elementor-element-604b9253\" data-id=\"604b9253\" data-element_type=\"column\">\n\t\t\t<div class=\"elementor-widget-wrap elementor-element-populated\">\n\t\t\t\t\t\t<div class=\"elementor-element elementor-element-7e7a1ea elementor-view-framed elementor-position-top elementor-shape-circle elementor-mobile-position-top elementor-widget elementor-widget-icon-box\" data-id=\"7e7a1ea\" data-element_type=\"widget\" data-widget_type=\"icon-box.default\">\n\t\t\t\t<div class=\"elementor-widget-container\">\n\t\t\t\t\t<div class=\"elementor-icon-box-wrapper\">\n\t\t\t\t\t\t<div class=\"elementor-icon-box-icon\">\n\t\t\t\t<span  class=\"elementor-icon elementor-animation-\">\n\t\t\t\t<i aria-hidden=\"true\" class=\"fas fa-database\"><\/i>\t\t\t\t<\/span>\n\t\t\t<\/div>\n\t\t\t\t\t\t<div class=\"elementor-icon-box-content\">\n\t\t\t\t<h3 class=\"elementor-icon-box-title\">\n\t\t\t\t\t<span  >\n\t\t\t\t\t\t\u00c7al\u0131\u015fan Verimlili\u011fi\t\t\t\t\t<\/span>\n\t\t\t\t<\/h3>\n\t\t\t\t\t\t\t\t\t<p class=\"elementor-icon-box-description\">\n\t\t\t\t\t\tVerimlilik ve maliyet tasarrufu.\t\t\t\t\t<\/p>\n\t\t\t\t\t\t\t<\/div>\n\t\t<\/div>\n\t\t\t\t<\/div>\n\t\t\t\t<\/div>\n\t\t\t\t\t<\/div>\n\t\t<\/div>\n\t\t\t\t\t<\/div>\n\t\t<\/section>\n\t\t\t\t\t<\/div>\n\t\t<\/div>\n\t\t\t\t\t<\/div>\n\t\t<\/section>\n\t\t\t\t<section class=\"elementor-section elementor-top-section elementor-element elementor-element-da2e186 elementor-section-boxed elementor-section-height-default elementor-section-height-default wpr-particle-no wpr-sticky-section-no\" data-id=\"da2e186\" data-element_type=\"section\" data-settings=\"{&quot;background_background&quot;:&quot;classic&quot;}\">\n\t\t\t\t\t\t<div class=\"elementor-container elementor-column-gap-default\">\n\t\t\t\t\t<div class=\"elementor-column elementor-col-100 elementor-top-column elementor-element elementor-element-1658a22\" data-id=\"1658a22\" data-element_type=\"column\">\n\t\t\t<div class=\"elementor-widget-wrap elementor-element-populated\">\n\t\t\t\t\t\t<div class=\"elementor-element elementor-element-a8f986c elementor-widget__width-initial elementor-widget elementor-widget-text-editor\" data-id=\"a8f986c\" data-element_type=\"widget\" data-widget_type=\"text-editor.default\">\n\t\t\t\t<div class=\"elementor-widget-container\">\n\t\t\t\t\t\t\t<p><strong>Conclusion:<\/strong><\/p><p>M\u00fc\u015fterimiz, kullan\u0131c\u0131 do\u011frulama ve self-service parola s\u0131f\u0131rlama \u00e7\u00f6z\u00fcm\u00fc sayesinde artan g\u00fcvenlik, kolay parola y\u00f6netimi ve maksimum kullan\u0131c\u0131 memnuniyeti elde etti. AuthTake'in MFA \u00e7\u00f6z\u00fcm\u00fc VPN eri\u015fimi s\u0131ras\u0131nda daha g\u00fcvenli bir kullan\u0131c\u0131 do\u011frulama s\u00fcreci sa\u011flad\u0131, ayn\u0131 zamanda self-service parola s\u0131f\u0131rlama \u00f6zelli\u011fi de kullan\u0131c\u0131lar\u0131n parolalar\u0131n\u0131 kendi kendilerine y\u00f6netmesine olanak tan\u0131d\u0131.\u00a0<\/p>\t\t\t\t\t\t<\/div>\n\t\t\t\t<\/div>\n\t\t\t\t<div class=\"elementor-element elementor-element-4a3d392 elementor-widget elementor-widget-button\" data-id=\"4a3d392\" data-element_type=\"widget\" data-widget_type=\"button.default\">\n\t\t\t\t<div class=\"elementor-widget-container\">\n\t\t\t\t\t<div class=\"elementor-button-wrapper\">\n\t\t\t<a class=\"elementor-button elementor-button-link elementor-size-sm\" href=\"https:\/\/authtake.com\/tr\/company-contact-us\/\">\n\t\t\t\t\t\t<span class=\"elementor-button-content-wrapper\">\n\t\t\t\t\t\t<span class=\"elementor-button-text\">\u0130leti\u015fim<\/span>\n\t\t<\/span>\n\t\t\t\t\t<\/a>\n\t\t<\/div>\n\t\t\t\t<\/div>\n\t\t\t\t<\/div>\n\t\t\t\t\t<\/div>\n\t\t<\/div>\n\t\t\t\t\t<\/div>\n\t\t<\/section>\n\t\t\t\t<\/div>","protected":false},"excerpt":{"rendered":"<p>&#8211; Success Stories &#8211; Finance A Finance Company&#8217;s Success Story with AuthTake for VPN Access and Self Service Password Reset A Finance Company&#8217;s Success Story with AuthTake for VPN Access and Self Service Password Reset Introduction: Security and user empowerment are vital for finance companies handling sensitive financial data. This success story highlights how a finance company implemented user authentication software and self-service password reset functionality for VPN access, resulting in heightened security, improved productivity, and increased user satisfaction. Challenge: A finance company, our customer, knew the importance of robust security measures to protect confidential financial information and mitigate the risk of data breaches. Additionally, the growing remote workforce required a streamlined approach for user authentication and password management to enhance operational efficiency. They were looking for a solution that would provide strong user authentication, simplify password resets, and align with industry best practices. Solution: To address these challenges, we implemented an advanced user authentication software, along with self-service password reset functionality, across their organization. Our user authentication software, Authtake, offered multi-factor authentication (MFA) capabilities, while the self-service password reset feature enabled users to reset their passwords securely without IT intervention. These solutions seamlessly integrated with their VPN infrastructure, providing a comprehensive security and password management system. Heightened Security Biometrics, Push Notification, SMS, Mail, OTP, PIN, Voice etc. Streamlined Password Management Password Reset Self Service Enhanced User Satisfaction Great User Experience and Productivity Improved Operational Efficiency Efficiency and cost savings. Conclusion: By adopting user authentication software and self-service password reset functionality, the company achieved heightened security, streamlined password management, and increased user satisfaction. Authtake&#8217;s MFA capabilities ensured strong user authentication during VPN access, while the self-service password reset feature empowered users to manage their passwords independently. This resulted in enhanced security, improved operational efficiency, and a positive user experience.\u00a0 FREE TRIAL<\/p>","protected":false},"author":1,"featured_media":0,"parent":0,"menu_order":0,"comment_status":"closed","ping_status":"closed","template":"","meta":[],"_links":{"self":[{"href":"https:\/\/authtake.com\/tr\/wp-json\/wp\/v2\/pages\/15689"}],"collection":[{"href":"https:\/\/authtake.com\/tr\/wp-json\/wp\/v2\/pages"}],"about":[{"href":"https:\/\/authtake.com\/tr\/wp-json\/wp\/v2\/types\/page"}],"author":[{"embeddable":true,"href":"https:\/\/authtake.com\/tr\/wp-json\/wp\/v2\/users\/1"}],"replies":[{"embeddable":true,"href":"https:\/\/authtake.com\/tr\/wp-json\/wp\/v2\/comments?post=15689"}],"version-history":[{"count":20,"href":"https:\/\/authtake.com\/tr\/wp-json\/wp\/v2\/pages\/15689\/revisions"}],"predecessor-version":[{"id":15903,"href":"https:\/\/authtake.com\/tr\/wp-json\/wp\/v2\/pages\/15689\/revisions\/15903"}],"wp:attachment":[{"href":"https:\/\/authtake.com\/tr\/wp-json\/wp\/v2\/media?parent=15689"}],"curies":[{"name":"wp","href":"https:\/\/api.w.org\/{rel}","templated":true}]}}