{"id":15454,"date":"2023-07-05T13:11:04","date_gmt":"2023-07-05T10:11:04","guid":{"rendered":"https:\/\/authtake.com\/?page_id=15454"},"modified":"2023-11-15T16:58:16","modified_gmt":"2023-11-15T13:58:16","slug":"business-zero-trust-authentication","status":"publish","type":"page","link":"https:\/\/authtake.com\/tr\/business-zero-trust-authentication\/","title":{"rendered":"Business &#8211; Zero Trust Authentication"},"content":{"rendered":"<div data-elementor-type=\"wp-page\" data-elementor-id=\"15454\" class=\"elementor elementor-15454\">\n\t\t\t\t\t\t<section class=\"elementor-section elementor-top-section elementor-element elementor-element-0c5cbbb elementor-section-height-min-height elementor-section-boxed elementor-section-height-default elementor-section-items-middle wpr-particle-no wpr-sticky-section-no\" data-id=\"0c5cbbb\" data-element_type=\"section\" data-settings=\"{&quot;background_background&quot;:&quot;classic&quot;}\">\n\t\t\t\t\t\t<div class=\"elementor-container elementor-column-gap-default\">\n\t\t\t\t\t<div class=\"elementor-column elementor-col-50 elementor-top-column elementor-element elementor-element-fd8e779\" data-id=\"fd8e779\" data-element_type=\"column\">\n\t\t\t<div class=\"elementor-widget-wrap elementor-element-populated\">\n\t\t\t\t\t\t<div class=\"elementor-element elementor-element-2e3821b elementor-widget elementor-widget-heading\" data-id=\"2e3821b\" data-element_type=\"widget\" data-widget_type=\"heading.default\">\n\t\t\t\t<div class=\"elementor-widget-container\">\n\t\t\t<h2 class=\"elementor-heading-title elementor-size-default\">Kurumsal<\/h2>\t\t<\/div>\n\t\t\t\t<\/div>\n\t\t\t\t<div class=\"elementor-element elementor-element-ba6526d elementor-widget elementor-widget-heading\" data-id=\"ba6526d\" data-element_type=\"widget\" data-widget_type=\"heading.default\">\n\t\t\t\t<div class=\"elementor-widget-container\">\n\t\t\t<h2 class=\"elementor-heading-title elementor-size-default\">S\u0131f\u0131r G\u00fcven Kimlik Do\u011frulama<\/h2>\t\t<\/div>\n\t\t\t\t<\/div>\n\t\t\t\t<div class=\"elementor-element elementor-element-f440fec elementor-widget elementor-widget-text-editor\" data-id=\"f440fec\" data-element_type=\"widget\" data-widget_type=\"text-editor.default\">\n\t\t\t\t<div class=\"elementor-widget-container\">\n\t\t\t\t\t\t\t<p>\u0130\u015fletmelere ve m\u00fc\u015fterilerine ciddi zararlar verebilecek bir\u00e7ok siber tehdit bulunmakta. Siber g\u00fcvenli\u011fi art\u0131rmak i\u00e7in son y\u0131llarda \u00f6nem kazanan bir yakla\u015f\u0131m, S\u0131f\u0131r G\u00fcven Do\u011frulamas\u0131'd\u0131r.<\/p>\t\t\t\t\t\t<\/div>\n\t\t\t\t<\/div>\n\t\t\t\t<div class=\"elementor-element elementor-element-f246057 elementor-widget elementor-widget-button\" data-id=\"f246057\" data-element_type=\"widget\" data-widget_type=\"button.default\">\n\t\t\t\t<div class=\"elementor-widget-container\">\n\t\t\t\t\t<div class=\"elementor-button-wrapper\">\n\t\t\t<a class=\"elementor-button elementor-button-link elementor-size-sm\" href=\"https:\/\/authtake.com\/tr\/company-contact-us\/\">\n\t\t\t\t\t\t<span class=\"elementor-button-content-wrapper\">\n\t\t\t\t\t\t<span class=\"elementor-button-text\">\u0130leti\u015fim<\/span>\n\t\t<\/span>\n\t\t\t\t\t<\/a>\n\t\t<\/div>\n\t\t\t\t<\/div>\n\t\t\t\t<\/div>\n\t\t\t\t<div class=\"elementor-element elementor-element-0449500 elementor-widget elementor-widget-text-editor\" data-id=\"0449500\" data-element_type=\"widget\" data-widget_type=\"text-editor.default\">\n\t\t\t\t<div class=\"elementor-widget-container\">\n\t\t\t\t\t\t\t<p>\u00a0- 30 G\u00fcn \u00fccretsiz deneyin<\/p><p>\u00a0- \u0130stedi\u011finiz zaman iptal edin<\/p>\t\t\t\t\t\t<\/div>\n\t\t\t\t<\/div>\n\t\t\t\t\t<\/div>\n\t\t<\/div>\n\t\t\t\t<div class=\"elementor-column elementor-col-50 elementor-top-column elementor-element elementor-element-f30c080\" data-id=\"f30c080\" data-element_type=\"column\">\n\t\t\t<div class=\"elementor-widget-wrap\">\n\t\t\t\t\t\t\t<\/div>\n\t\t<\/div>\n\t\t\t\t\t<\/div>\n\t\t<\/section>\n\t\t\t\t<section class=\"elementor-section elementor-top-section elementor-element elementor-element-7276c4a elementor-section-boxed elementor-section-height-default elementor-section-height-default wpr-particle-no wpr-sticky-section-no\" data-id=\"7276c4a\" data-element_type=\"section\">\n\t\t\t\t\t\t<div class=\"elementor-container elementor-column-gap-default\">\n\t\t\t\t\t<div class=\"elementor-column elementor-col-100 elementor-top-column elementor-element elementor-element-215dfc6\" data-id=\"215dfc6\" data-element_type=\"column\" data-settings=\"{&quot;animation&quot;:&quot;none&quot;}\">\n\t\t\t<div class=\"elementor-widget-wrap elementor-element-populated\">\n\t\t\t\t\t\t<section class=\"elementor-section elementor-inner-section elementor-element elementor-element-6865e67 elementor-section-boxed elementor-section-height-default elementor-section-height-default wpr-particle-no wpr-sticky-section-no\" data-id=\"6865e67\" data-element_type=\"section\">\n\t\t\t\t\t\t<div class=\"elementor-container elementor-column-gap-default\">\n\t\t\t\t\t<div class=\"elementor-column elementor-col-50 elementor-inner-column elementor-element elementor-element-480e9b2\" data-id=\"480e9b2\" data-element_type=\"column\" data-settings=\"{&quot;animation&quot;:&quot;none&quot;,&quot;background_background&quot;:&quot;classic&quot;}\">\n\t\t\t<div class=\"elementor-widget-wrap elementor-element-populated\">\n\t\t\t\t\t\t<div class=\"elementor-element elementor-element-ac3981c elementor-view-default elementor-position-top elementor-mobile-position-top elementor-widget elementor-widget-icon-box\" data-id=\"ac3981c\" data-element_type=\"widget\" data-widget_type=\"icon-box.default\">\n\t\t\t\t<div class=\"elementor-widget-container\">\n\t\t\t\t\t<div class=\"elementor-icon-box-wrapper\">\n\t\t\t\t\t\t<div class=\"elementor-icon-box-icon\">\n\t\t\t\t<span  class=\"elementor-icon elementor-animation-\">\n\t\t\t\t<i aria-hidden=\"true\" class=\"fas fa-question-circle\"><\/i>\t\t\t\t<\/span>\n\t\t\t<\/div>\n\t\t\t\t\t\t<div class=\"elementor-icon-box-content\">\n\t\t\t\t<h3 class=\"elementor-icon-box-title\">\n\t\t\t\t\t<span  >\n\t\t\t\t\t\tG\u00fcn\u00fcm\u00fcz\u00fcn Problemi\t\t\t\t\t<\/span>\n\t\t\t\t<\/h3>\n\t\t\t\t\t\t\t\t\t<p class=\"elementor-icon-box-description\">\n\t\t\t\t\t\tG\u00fcn\u00fcm\u00fcz\u00fcn giderek dijitalle\u015fen d\u00fcnyas\u0131nda, siber g\u00fcvenlik, her boyuttaki ve t\u00fcrdeki organizasyonlar i\u00e7in kritik bir endi\u015fe haline gelmi\u015ftir. Veri ihlalleri ve fidye yaz\u0131l\u0131m sald\u0131r\u0131lar\u0131ndan, i\u00e7eriden gelen tehditlere ve kimlik av\u0131 doland\u0131r\u0131c\u0131l\u0131klar\u0131na kadar bir\u00e7ok farkl\u0131 t\u00fcrde siber tehdit bulunmaktad\u0131r ki bu tehditler, i\u015fletmelere ve m\u00fc\u015fterilere \u00f6nemli zararlar verebilir.\t\t\t\t\t<\/p>\n\t\t\t\t\t\t\t<\/div>\n\t\t<\/div>\n\t\t\t\t<\/div>\n\t\t\t\t<\/div>\n\t\t\t\t\t<\/div>\n\t\t<\/div>\n\t\t\t\t<div class=\"elementor-column elementor-col-50 elementor-inner-column elementor-element elementor-element-c38d9f4\" data-id=\"c38d9f4\" data-element_type=\"column\" data-settings=\"{&quot;animation&quot;:&quot;none&quot;,&quot;background_background&quot;:&quot;classic&quot;}\">\n\t\t\t<div class=\"elementor-widget-wrap elementor-element-populated\">\n\t\t\t\t\t\t<div class=\"elementor-element elementor-element-fd115a7 elementor-view-default elementor-position-top elementor-mobile-position-top elementor-widget elementor-widget-icon-box\" data-id=\"fd115a7\" data-element_type=\"widget\" data-widget_type=\"icon-box.default\">\n\t\t\t\t<div class=\"elementor-widget-container\">\n\t\t\t\t\t<div class=\"elementor-icon-box-wrapper\">\n\t\t\t\t\t\t<div class=\"elementor-icon-box-icon\">\n\t\t\t\t<span  class=\"elementor-icon elementor-animation-\">\n\t\t\t\t<i aria-hidden=\"true\" class=\"fas fa-check-circle\"><\/i>\t\t\t\t<\/span>\n\t\t\t<\/div>\n\t\t\t\t\t\t<div class=\"elementor-icon-box-content\">\n\t\t\t\t<h3 class=\"elementor-icon-box-title\">\n\t\t\t\t\t<span  >\n\t\t\t\t\t\tWhy Zero Trust?\t\t\t\t\t<\/span>\n\t\t\t\t<\/h3>\n\t\t\t\t\t\t\t\t\t<p class=\"elementor-icon-box-description\">\n\t\t\t\t\t\tHi\u00e7bir kullan\u0131c\u0131 ya da cihaz\u0131n g\u00fcvenilir olamayaca\u011f\u0131n\u0131 varsayarak hareket eden bu teknoloji, kurumlarda g\u00fcvenli\u011fi iyile\u015ftirebilir ve veri ihlalleri ile di\u011fer siber sald\u0131r\u0131 risklerini azaltabilir. S\u0131f\u0131r G\u00fcvenlik, organizasyonlara sald\u0131r\u0131 y\u00fczeyini azaltmada, g\u00f6r\u00fcn\u00fcrl\u00fck ve kontrol\u00fc art\u0131rmada ve g\u00fcvenli uzaktan eri\u015fimi sa\u011flamada yard\u0131mc\u0131 olabilir.\t\t\t\t\t<\/p>\n\t\t\t\t\t\t\t<\/div>\n\t\t<\/div>\n\t\t\t\t<\/div>\n\t\t\t\t<\/div>\n\t\t\t\t\t<\/div>\n\t\t<\/div>\n\t\t\t\t\t<\/div>\n\t\t<\/section>\n\t\t\t\t\t<\/div>\n\t\t<\/div>\n\t\t\t\t\t<\/div>\n\t\t<\/section>\n\t\t\t\t<section class=\"elementor-section elementor-top-section elementor-element elementor-element-81b5fcd elementor-section-content-middle elementor-section-boxed elementor-section-height-default elementor-section-height-default wpr-particle-no wpr-sticky-section-no\" data-id=\"81b5fcd\" data-element_type=\"section\" data-settings=\"{&quot;background_background&quot;:&quot;classic&quot;}\">\n\t\t\t\t\t\t<div class=\"elementor-container elementor-column-gap-default\">\n\t\t\t\t\t<div class=\"elementor-column elementor-col-50 elementor-top-column elementor-element elementor-element-3adb139\" data-id=\"3adb139\" data-element_type=\"column\">\n\t\t\t<div class=\"elementor-widget-wrap elementor-element-populated\">\n\t\t\t\t\t\t<div class=\"elementor-element elementor-element-7c8f4a6 elementor-widget__width-initial elementor-widget elementor-widget-image\" data-id=\"7c8f4a6\" data-element_type=\"widget\" data-widget_type=\"image.default\">\n\t\t\t\t<div class=\"elementor-widget-container\">\n\t\t\t\t\t\t\t\t\t\t\t\t\t<img fetchpriority=\"high\" decoding=\"async\" width=\"800\" height=\"467\" src=\"https:\/\/authtake.com\/wp-content\/uploads\/2023\/07\/kisspng-skyscraper-building-business-company-skyscrapers-5a722f3bde8c89.2670264115174326359116-1.png\" class=\"attachment-large size-large wp-image-15571\" alt=\"\" srcset=\"https:\/\/authtake.com\/wp-content\/uploads\/2023\/07\/kisspng-skyscraper-building-business-company-skyscrapers-5a722f3bde8c89.2670264115174326359116-1.png 800w, https:\/\/authtake.com\/wp-content\/uploads\/2023\/07\/kisspng-skyscraper-building-business-company-skyscrapers-5a722f3bde8c89.2670264115174326359116-1-300x175.png 300w, https:\/\/authtake.com\/wp-content\/uploads\/2023\/07\/kisspng-skyscraper-building-business-company-skyscrapers-5a722f3bde8c89.2670264115174326359116-1-768x448.png 768w, https:\/\/authtake.com\/wp-content\/uploads\/2023\/07\/kisspng-skyscraper-building-business-company-skyscrapers-5a722f3bde8c89.2670264115174326359116-1-18x12.png 18w, https:\/\/authtake.com\/wp-content\/uploads\/2023\/07\/kisspng-skyscraper-building-business-company-skyscrapers-5a722f3bde8c89.2670264115174326359116-1-600x350.png 600w\" sizes=\"(max-width: 800px) 100vw, 800px\" \/>\t\t\t\t\t\t\t\t\t\t\t\t\t<\/div>\n\t\t\t\t<\/div>\n\t\t\t\t\t<\/div>\n\t\t<\/div>\n\t\t\t\t<div class=\"elementor-column elementor-col-50 elementor-top-column elementor-element elementor-element-71b3ce3\" data-id=\"71b3ce3\" data-element_type=\"column\">\n\t\t\t<div class=\"elementor-widget-wrap elementor-element-populated\">\n\t\t\t\t\t\t<div class=\"elementor-element elementor-element-308be45 elementor-widget__width-initial elementor-widget elementor-widget-heading\" data-id=\"308be45\" data-element_type=\"widget\" data-widget_type=\"heading.default\">\n\t\t\t\t<div class=\"elementor-widget-container\">\n\t\t\t<h2 class=\"elementor-heading-title elementor-size-default\">S\u0131f\u0131r G\u00fcven Do\u011frulamas\u0131: Dijital D\u00fcnyan\u0131z\u0131 G\u00fcvenle Koruyun.<\/h2>\t\t<\/div>\n\t\t\t\t<\/div>\n\t\t\t\t<div class=\"elementor-element elementor-element-4eab00a elementor-widget__width-initial elementor-widget elementor-widget-text-editor\" data-id=\"4eab00a\" data-element_type=\"widget\" data-widget_type=\"text-editor.default\">\n\t\t\t\t<div class=\"elementor-widget-container\">\n\t\t\t\t\t\t\t<p>S\u0131f\u0131r G\u00fcven Do\u011frulamas\u0131, herhangi bir kullan\u0131c\u0131n\u0131n, cihaz\u0131n veya uygulaman\u0131n, konumuna veya ge\u00e7mi\u015f davran\u0131\u015f\u0131na bak\u0131lmaks\u0131z\u0131n varsay\u0131lan olarak g\u00fcvenilir kabul edilmemesini \u00f6n g\u00f6ren bir bilgisayar g\u00fcvenli\u011fi yakla\u015f\u0131m\u0131d\u0131r. \"Asla g\u00fcvenme, her zaman do\u011frula\" ilkesine dayan\u0131r ve \u00f6zellikle bulut tabanl\u0131 ortamlarda kaynaklara daha g\u00fcvenli bir eri\u015fim sa\u011flamay\u0131 ama\u00e7lar.<\/p>\t\t\t\t\t\t<\/div>\n\t\t\t\t<\/div>\n\t\t\t\t<div class=\"elementor-element elementor-element-277d03b elementor-align-left elementor-widget elementor-widget-button\" data-id=\"277d03b\" data-element_type=\"widget\" data-widget_type=\"button.default\">\n\t\t\t\t<div class=\"elementor-widget-container\">\n\t\t\t\t\t<div class=\"elementor-button-wrapper\">\n\t\t\t<a class=\"elementor-button elementor-button-link elementor-size-sm\" href=\"https:\/\/authtake.com\/tr\/resources-white-papers-zero-trust-authentication\/\">\n\t\t\t\t\t\t<span class=\"elementor-button-content-wrapper\">\n\t\t\t\t\t\t<span class=\"elementor-button-text\">Risk Tabanl\u0131 Do\u011frulama E-Kitab\u0131n\u0131 \u0130ndir<\/span>\n\t\t<\/span>\n\t\t\t\t\t<\/a>\n\t\t<\/div>\n\t\t\t\t<\/div>\n\t\t\t\t<\/div>\n\t\t\t\t\t<\/div>\n\t\t<\/div>\n\t\t\t\t\t<\/div>\n\t\t<\/section>\n\t\t\t\t<section class=\"elementor-section elementor-top-section elementor-element elementor-element-f690c2c elementor-section-boxed elementor-section-height-default elementor-section-height-default wpr-particle-no wpr-sticky-section-no\" data-id=\"f690c2c\" data-element_type=\"section\" data-settings=\"{&quot;background_background&quot;:&quot;classic&quot;}\">\n\t\t\t\t\t\t<div class=\"elementor-container elementor-column-gap-default\">\n\t\t\t\t\t<div class=\"elementor-column elementor-col-50 elementor-top-column elementor-element elementor-element-8cae2f7\" data-id=\"8cae2f7\" data-element_type=\"column\">\n\t\t\t<div class=\"elementor-widget-wrap elementor-element-populated\">\n\t\t\t\t\t\t<div class=\"elementor-element elementor-element-630000d elementor-hidden-desktop elementor-widget elementor-widget-image\" data-id=\"630000d\" data-element_type=\"widget\" data-widget_type=\"image.default\">\n\t\t\t\t<div class=\"elementor-widget-container\">\n\t\t\t\t\t\t\t\t\t\t\t\t\t<img decoding=\"async\" width=\"693\" height=\"451\" src=\"https:\/\/authtake.com\/wp-content\/uploads\/2023\/07\/dd.png\" class=\"attachment-large size-large wp-image-15573\" alt=\"\" srcset=\"https:\/\/authtake.com\/wp-content\/uploads\/2023\/07\/dd.png 693w, https:\/\/authtake.com\/wp-content\/uploads\/2023\/07\/dd-300x195.png 300w, https:\/\/authtake.com\/wp-content\/uploads\/2023\/07\/dd-18x12.png 18w, https:\/\/authtake.com\/wp-content\/uploads\/2023\/07\/dd-600x390.png 600w\" sizes=\"(max-width: 693px) 100vw, 693px\" \/>\t\t\t\t\t\t\t\t\t\t\t\t\t<\/div>\n\t\t\t\t<\/div>\n\t\t\t\t<div class=\"elementor-element elementor-element-a67048c elementor-widget__width-initial elementor-widget elementor-widget-heading\" data-id=\"a67048c\" data-element_type=\"widget\" data-widget_type=\"heading.default\">\n\t\t\t\t<div class=\"elementor-widget-container\">\n\t\t\t<h2 class=\"elementor-heading-title elementor-size-default\">S\u0131f\u0131r G\u00fcven Do\u011frulama Neden \u00d6nemli?\n<\/h2>\t\t<\/div>\n\t\t\t\t<\/div>\n\t\t\t\t<div class=\"elementor-element elementor-element-91fce33 elementor-widget__width-initial elementor-widget elementor-widget-text-editor\" data-id=\"91fce33\" data-element_type=\"widget\" data-widget_type=\"text-editor.default\">\n\t\t\t\t<div class=\"elementor-widget-container\">\n\t\t\t\t\t\t\t<p>S\u0131f\u0131r G\u00fcvenilirlik Kimlik Do\u011frulamada, her eri\u015fim iste\u011fi, kimin hangi kaynaklara, hangi ko\u015fullar alt\u0131nda ve hangi cihazlar\u0131 kullanarak eri\u015fime izin verildi\u011fini belirleyen bir dizi politikaya dayal\u0131 olarak de\u011ferlendirilir.<\/p>\t\t\t\t\t\t<\/div>\n\t\t\t\t<\/div>\n\t\t\t\t<div class=\"elementor-element elementor-element-54c937f elementor-widget__width-initial elementor-widget elementor-widget-text-editor\" data-id=\"54c937f\" data-element_type=\"widget\" data-widget_type=\"text-editor.default\">\n\t\t\t\t<div class=\"elementor-widget-container\">\n\t\t\t\t\t\t\t<p>S\u0131f\u0131r G\u00fcven Do\u011frulama yakla\u015f\u0131m\u0131n\u0131 benimseyerek, organizasyonlar g\u00fcvenlik durumlar\u0131n\u0131 iyile\u015ftirebilir ve veri ihlalleri ile di\u011fer siber sald\u0131r\u0131 risklerini azaltabilirler.<\/p>\t\t\t\t\t\t<\/div>\n\t\t\t\t<\/div>\n\t\t\t\t\t<\/div>\n\t\t<\/div>\n\t\t\t\t<div class=\"elementor-column elementor-col-50 elementor-top-column elementor-element elementor-element-393ec4f elementor-hidden-tablet elementor-hidden-mobile\" data-id=\"393ec4f\" data-element_type=\"column\">\n\t\t\t<div class=\"elementor-widget-wrap elementor-element-populated\">\n\t\t\t\t\t\t<div class=\"elementor-element elementor-element-ec1e833 elementor-hidden-tablet elementor-hidden-phone elementor-widget elementor-widget-image\" data-id=\"ec1e833\" data-element_type=\"widget\" data-widget_type=\"image.default\">\n\t\t\t\t<div class=\"elementor-widget-container\">\n\t\t\t\t\t\t\t\t\t\t\t\t\t<img decoding=\"async\" width=\"693\" height=\"451\" src=\"https:\/\/authtake.com\/wp-content\/uploads\/2023\/07\/dd.png\" class=\"attachment-large size-large wp-image-15573\" alt=\"\" srcset=\"https:\/\/authtake.com\/wp-content\/uploads\/2023\/07\/dd.png 693w, https:\/\/authtake.com\/wp-content\/uploads\/2023\/07\/dd-300x195.png 300w, https:\/\/authtake.com\/wp-content\/uploads\/2023\/07\/dd-18x12.png 18w, https:\/\/authtake.com\/wp-content\/uploads\/2023\/07\/dd-600x390.png 600w\" sizes=\"(max-width: 693px) 100vw, 693px\" \/>\t\t\t\t\t\t\t\t\t\t\t\t\t<\/div>\n\t\t\t\t<\/div>\n\t\t\t\t\t<\/div>\n\t\t<\/div>\n\t\t\t\t\t<\/div>\n\t\t<\/section>\n\t\t\t\t<\/div>","protected":false},"excerpt":{"rendered":"<p>&#8211; Business &#8211; Zero Trust Authentication There are many different types of cyber threats that can cause significant harm to businesses and their customers.\u00a0 One approach that has gained traction in recent years as a way to improve cybersecurity is Zero Trust Authentication. FREE TRIAL \u00a0&#8211; Try 30 days for free. \u00a0&#8211; Cancel anytime. Today&#8217;s Problem In today&#8217;s increasingly digital world, cybersecurity has become a critical concern for organizations of all sizes and types. From data breaches and ransomware attacks to insider threats and phishing scams, there are many different types of cyber threats that can cause significant harm to businesses and their customers Why Zero Trust? By assuming that no user or device can be trusted by default, organizations can improve their security posture and reduce the risk of data breaches and other cyber attacks. Zero Trust Security can help organizations to reduce the attack surface, improve visibility and control and enable secure remote access. Zero Trust Authentication: Secure Your Digital World with Confidence Zero Trust Authentication is an approach to computer security that assumes that no user, device, or application should be trusted by default, regardless of its location or past behavior. It is based on the principle of &#8220;never trust, always verify&#8221; and aims to provide a more secure way of accessing resources, especially in cloud-based environments. Download the Zero Trust Authantication Guide Why is Zero Trust Authentication important? In Zero Trust Authentication, every access request is evaluated based on a set of policies that define who is allowed to access what resources, under what conditions, and using what devices. These policies can take into account a wide range of factors, such as user identity, device health, network location, time of day, and other contextual information. By adopting a Zero Trust Authentication approach, organizations can improve their security posture and reduce the risk of data breaches and other cyberattacks.<\/p>","protected":false},"author":1,"featured_media":0,"parent":0,"menu_order":0,"comment_status":"closed","ping_status":"closed","template":"","meta":[],"_links":{"self":[{"href":"https:\/\/authtake.com\/tr\/wp-json\/wp\/v2\/pages\/15454"}],"collection":[{"href":"https:\/\/authtake.com\/tr\/wp-json\/wp\/v2\/pages"}],"about":[{"href":"https:\/\/authtake.com\/tr\/wp-json\/wp\/v2\/types\/page"}],"author":[{"embeddable":true,"href":"https:\/\/authtake.com\/tr\/wp-json\/wp\/v2\/users\/1"}],"replies":[{"embeddable":true,"href":"https:\/\/authtake.com\/tr\/wp-json\/wp\/v2\/comments?post=15454"}],"version-history":[{"count":37,"href":"https:\/\/authtake.com\/tr\/wp-json\/wp\/v2\/pages\/15454\/revisions"}],"predecessor-version":[{"id":16456,"href":"https:\/\/authtake.com\/tr\/wp-json\/wp\/v2\/pages\/15454\/revisions\/16456"}],"wp:attachment":[{"href":"https:\/\/authtake.com\/tr\/wp-json\/wp\/v2\/media?parent=15454"}],"curies":[{"name":"wp","href":"https:\/\/api.w.org\/{rel}","templated":true}]}}