{"id":10503,"date":"2021-05-26T11:14:41","date_gmt":"2021-05-26T11:14:41","guid":{"rendered":"https:\/\/authtake.com\/?page_id=10503"},"modified":"2024-03-25T11:27:38","modified_gmt":"2024-03-25T08:27:38","slug":"resources-blog","status":"publish","type":"page","link":"https:\/\/authtake.com\/tr\/resources-blog\/","title":{"rendered":"Resources &#8211; Blog"},"content":{"rendered":"<div data-elementor-type=\"wp-page\" data-elementor-id=\"10503\" class=\"elementor elementor-10503\">\n\t\t\t\t\t\t<section class=\"elementor-section elementor-top-section elementor-element elementor-element-89baeb7 elementor-section-height-min-height elementor-section-boxed elementor-section-height-default elementor-section-items-middle wpr-particle-no wpr-sticky-section-no\" data-id=\"89baeb7\" data-element_type=\"section\" data-settings=\"{&quot;background_background&quot;:&quot;classic&quot;}\">\n\t\t\t\t\t\t<div class=\"elementor-container elementor-column-gap-default\">\n\t\t\t\t\t<div class=\"elementor-column elementor-col-50 elementor-top-column elementor-element elementor-element-3e453c5\" data-id=\"3e453c5\" data-element_type=\"column\">\n\t\t\t<div class=\"elementor-widget-wrap elementor-element-populated\">\n\t\t\t\t\t\t<div class=\"elementor-element elementor-element-c1d67ee elementor-widget elementor-widget-heading\" data-id=\"c1d67ee\" data-element_type=\"widget\" data-widget_type=\"heading.default\">\n\t\t\t\t<div class=\"elementor-widget-container\">\n\t\t\t<h2 class=\"elementor-heading-title elementor-size-default\">- Kaynaklar -<\/h2>\t\t<\/div>\n\t\t\t\t<\/div>\n\t\t\t\t<div class=\"elementor-element elementor-element-aaabc6a elementor-widget elementor-widget-heading\" data-id=\"aaabc6a\" data-element_type=\"widget\" data-widget_type=\"heading.default\">\n\t\t\t\t<div class=\"elementor-widget-container\">\n\t\t\t<h2 class=\"elementor-heading-title elementor-size-default\">Blog<\/h2>\t\t<\/div>\n\t\t\t\t<\/div>\n\t\t\t\t\t<\/div>\n\t\t<\/div>\n\t\t\t\t<div class=\"elementor-column elementor-col-50 elementor-top-column elementor-element elementor-element-d619fbf\" data-id=\"d619fbf\" data-element_type=\"column\">\n\t\t\t<div class=\"elementor-widget-wrap\">\n\t\t\t\t\t\t\t<\/div>\n\t\t<\/div>\n\t\t\t\t\t<\/div>\n\t\t<\/section>\n\t\t\t\t<section class=\"elementor-section elementor-top-section elementor-element elementor-element-c0981a0 elementor-section-boxed elementor-section-height-default elementor-section-height-default wpr-particle-no wpr-sticky-section-no\" data-id=\"c0981a0\" data-element_type=\"section\">\n\t\t\t\t\t\t<div class=\"elementor-container elementor-column-gap-default\">\n\t\t\t\t\t<div class=\"elementor-column elementor-col-100 elementor-top-column elementor-element elementor-element-19a0bde\" data-id=\"19a0bde\" data-element_type=\"column\">\n\t\t\t<div class=\"elementor-widget-wrap elementor-element-populated\">\n\t\t\t\t\t\t<div class=\"elementor-element elementor-element-3e2872e elementor-grid-eael-col-3 elementor-grid-tablet-eael-col-2 elementor-grid-mobile-eael-col-1 elementor-widget elementor-widget-eael-post-grid\" data-id=\"3e2872e\" data-element_type=\"widget\" data-settings=\"{&quot;eael_post_grid_columns&quot;:&quot;eael-col-3&quot;,&quot;eael_post_grid_columns_tablet&quot;:&quot;eael-col-2&quot;,&quot;eael_post_grid_columns_mobile&quot;:&quot;eael-col-1&quot;}\" data-widget_type=\"eael-post-grid.default\">\n\t\t\t\t<div class=\"elementor-widget-container\">\n\t\t\t<div id=\"eael-post-grid-3e2872e\" class=\"eael-post-grid-container\">\n            <div class=\"eael-post-grid eael-post-appender eael-post-appender-3e2872e eael-post-grid-style-one\" data-layout-mode=\"grid\"><article class=\"eael-grid-post eael-post-grid-column\" data-id=\"16581\">\n        <div class=\"eael-grid-post-holder\">\n            <div class=\"eael-grid-post-holder-inner\"><div class=\"eael-entry-media\"><div class=\"eael-entry-overlay zoom-in\"><i class=\"\" aria-hidden=\"true\"><\/i><a href=\"https:\/\/authtake.com\/tr\/how-single-sign-on-behind-mechanical-magic-works\/\"><\/a><\/div><div class=\"eael-entry-thumbnail eael-image-ratio\">\n                <img fetchpriority=\"high\" decoding=\"async\" width=\"300\" height=\"177\" src=\"https:\/\/authtake.com\/wp-content\/uploads\/2024\/03\/Image-300x177.jpeg\" class=\"attachment-medium size-medium wp-image-16590\" alt=\"\" srcset=\"https:\/\/authtake.com\/wp-content\/uploads\/2024\/03\/Image-300x177.jpeg 300w, https:\/\/authtake.com\/wp-content\/uploads\/2024\/03\/Image-768x453.jpeg 768w, https:\/\/authtake.com\/wp-content\/uploads\/2024\/03\/Image-18x12.jpeg 18w, https:\/\/authtake.com\/wp-content\/uploads\/2024\/03\/Image-600x354.jpeg 600w, https:\/\/authtake.com\/wp-content\/uploads\/2024\/03\/Image.jpeg 822w\" sizes=\"(max-width: 300px) 100vw, 300px\" \/>\n            <\/div>\n        <\/div><div class=\"eael-entry-wrapper\"><header class=\"eael-entry-header\"><h2 class=\"eael-entry-title\"><a class=\"eael-grid-post-link\" href=\"https:\/\/authtake.com\/tr\/how-single-sign-on-behind-mechanical-magic-works\/\" title=\"Mekanik Sihrin Arkas\u0131ndaki Tekli Oturum A\u00e7ma Nas\u0131l \u00c7al\u0131\u015f\u0131r?\">Mekanik Sihrin Arkas\u0131ndaki Tekli Oturum A\u00e7ma Nas\u0131l \u00c7al\u0131\u015f\u0131r?<\/a><\/h2><\/header><div class=\"eael-entry-content\">\n                        <div class=\"eael-grid-post-excerpt\"><a href=\"https:\/\/authtake.com\/tr\/how-single-sign-on-behind-mechanical-magic-works\/\" class=\"eael-post-elements-readmore-btn\">Daha Fazlas\u0131<\/a><\/div>\n                    <\/div><div class=\"eael-entry-footer\"><div class=\"eael-entry-meta\"><\/div><\/div><\/div><\/div>\n        <\/div>\n    <\/article><article class=\"eael-grid-post eael-post-grid-column\" data-id=\"16541\">\n        <div class=\"eael-grid-post-holder\">\n            <div class=\"eael-grid-post-holder-inner\"><div class=\"eael-entry-media\"><div class=\"eael-entry-overlay zoom-in\"><i class=\"\" aria-hidden=\"true\"><\/i><a href=\"https:\/\/authtake.com\/tr\/if-your-digital-immune-system-is-strong-you-are-strong-too\/\"><\/a><\/div><div class=\"eael-entry-thumbnail eael-image-ratio\">\n                <img decoding=\"async\" width=\"300\" height=\"171\" src=\"https:\/\/authtake.com\/wp-content\/uploads\/2024\/02\/a-digital-body-with-cyber-security-elements-inside-upscaled-2-300x171.jpg\" class=\"attachment-medium size-medium wp-image-16548\" alt=\"\" srcset=\"https:\/\/authtake.com\/wp-content\/uploads\/2024\/02\/a-digital-body-with-cyber-security-elements-inside-upscaled-2-300x171.jpg 300w, https:\/\/authtake.com\/wp-content\/uploads\/2024\/02\/a-digital-body-with-cyber-security-elements-inside-upscaled-2-1024x585.jpg 1024w, https:\/\/authtake.com\/wp-content\/uploads\/2024\/02\/a-digital-body-with-cyber-security-elements-inside-upscaled-2-768x439.jpg 768w, https:\/\/authtake.com\/wp-content\/uploads\/2024\/02\/a-digital-body-with-cyber-security-elements-inside-upscaled-2-1536x878.jpg 1536w, https:\/\/authtake.com\/wp-content\/uploads\/2024\/02\/a-digital-body-with-cyber-security-elements-inside-upscaled-2-2048x1170.jpg 2048w, https:\/\/authtake.com\/wp-content\/uploads\/2024\/02\/a-digital-body-with-cyber-security-elements-inside-upscaled-2-18x10.jpg 18w, https:\/\/authtake.com\/wp-content\/uploads\/2024\/02\/a-digital-body-with-cyber-security-elements-inside-upscaled-2-600x343.jpg 600w, https:\/\/authtake.com\/wp-content\/uploads\/2024\/02\/a-digital-body-with-cyber-security-elements-inside-upscaled-2-1136x649.jpg 1136w\" sizes=\"(max-width: 300px) 100vw, 300px\" \/>\n            <\/div>\n        <\/div><div class=\"eael-entry-wrapper\"><header class=\"eael-entry-header\"><h2 class=\"eael-entry-title\"><a class=\"eael-grid-post-link\" href=\"https:\/\/authtake.com\/tr\/if-your-digital-immune-system-is-strong-you-are-strong-too\/\" title=\"Dijital Ba\u011f\u0131\u015f\u0131kl\u0131k Sisteminiz G\u00fc\u00e7l\u00fcyse Siz De G\u00fc\u00e7l\u00fcs\u00fcn\u00fcz!\">Dijital Ba\u011f\u0131\u015f\u0131kl\u0131k Sisteminiz G\u00fc\u00e7l\u00fcyse Siz De G\u00fc\u00e7l\u00fcs\u00fcn\u00fcz!<\/a><\/h2><\/header><div class=\"eael-entry-content\">\n                        <div class=\"eael-grid-post-excerpt\"><a href=\"https:\/\/authtake.com\/tr\/if-your-digital-immune-system-is-strong-you-are-strong-too\/\" class=\"eael-post-elements-readmore-btn\">Daha Fazlas\u0131<\/a><\/div>\n                    <\/div><div class=\"eael-entry-footer\"><div class=\"eael-entry-meta\"><\/div><\/div><\/div><\/div>\n        <\/div>\n    <\/article><article class=\"eael-grid-post eael-post-grid-column\" data-id=\"16527\">\n        <div class=\"eael-grid-post-holder\">\n            <div class=\"eael-grid-post-holder-inner\"><div class=\"eael-entry-media\"><div class=\"eael-entry-overlay zoom-in\"><i class=\"\" aria-hidden=\"true\"><\/i><a href=\"https:\/\/authtake.com\/tr\/our-data-is-an-ocean-hackers-are-a-fisherman-what-is-whaling\/\"><\/a><\/div><div class=\"eael-entry-thumbnail eael-image-ratio\">\n                <img decoding=\"async\" width=\"300\" height=\"169\" src=\"https:\/\/authtake.com\/wp-content\/uploads\/2024\/01\/whaling-300x169.png\" class=\"attachment-medium size-medium wp-image-16532\" alt=\"\" srcset=\"https:\/\/authtake.com\/wp-content\/uploads\/2024\/01\/whaling-300x169.png 300w, https:\/\/authtake.com\/wp-content\/uploads\/2024\/01\/whaling-1024x576.png 1024w, https:\/\/authtake.com\/wp-content\/uploads\/2024\/01\/whaling-768x432.png 768w, https:\/\/authtake.com\/wp-content\/uploads\/2024\/01\/whaling-1536x864.png 1536w, https:\/\/authtake.com\/wp-content\/uploads\/2024\/01\/whaling-18x10.png 18w, https:\/\/authtake.com\/wp-content\/uploads\/2024\/01\/whaling-600x338.png 600w, https:\/\/authtake.com\/wp-content\/uploads\/2024\/01\/whaling-1154x649.png 1154w, https:\/\/authtake.com\/wp-content\/uploads\/2024\/01\/whaling.png 1920w\" sizes=\"(max-width: 300px) 100vw, 300px\" \/>\n            <\/div>\n        <\/div><div class=\"eael-entry-wrapper\"><header class=\"eael-entry-header\"><h2 class=\"eael-entry-title\"><a class=\"eael-grid-post-link\" href=\"https:\/\/authtake.com\/tr\/our-data-is-an-ocean-hackers-are-a-fisherman-what-is-whaling\/\" title=\"Verilerimiz Bir Okyanus, Hackerlar Bir Bal\u0131k\u00e7\u0131: Balina Av\u0131 Nedir?\">Verilerimiz Bir Okyanus, Hackerlar Bir Bal\u0131k\u00e7\u0131: Balina Av\u0131 Nedir?<\/a><\/h2><\/header><div class=\"eael-entry-content\">\n                        <div class=\"eael-grid-post-excerpt\"><a href=\"https:\/\/authtake.com\/tr\/our-data-is-an-ocean-hackers-are-a-fisherman-what-is-whaling\/\" class=\"eael-post-elements-readmore-btn\">Daha Fazlas\u0131<\/a><\/div>\n                    <\/div><div class=\"eael-entry-footer\"><div class=\"eael-entry-meta\"><\/div><\/div><\/div><\/div>\n        <\/div>\n    <\/article><article class=\"eael-grid-post eael-post-grid-column\" data-id=\"16520\">\n        <div class=\"eael-grid-post-holder\">\n            <div class=\"eael-grid-post-holder-inner\"><div class=\"eael-entry-media\"><div class=\"eael-entry-overlay zoom-in\"><i class=\"\" aria-hidden=\"true\"><\/i><a href=\"https:\/\/authtake.com\/tr\/reset-your-passwords-with-authtake-passkiosk-and-reduce-your-costs\/\"><\/a><\/div><div class=\"eael-entry-thumbnail eael-image-ratio\">\n                <img loading=\"lazy\" decoding=\"async\" width=\"300\" height=\"169\" src=\"https:\/\/authtake.com\/wp-content\/uploads\/2023\/12\/PassKiosk_2-Kopyasi-300x169.png\" class=\"attachment-medium size-medium wp-image-16525\" alt=\"\" srcset=\"https:\/\/authtake.com\/wp-content\/uploads\/2023\/12\/PassKiosk_2-Kopyasi-300x169.png 300w, https:\/\/authtake.com\/wp-content\/uploads\/2023\/12\/PassKiosk_2-Kopyasi-1024x576.png 1024w, https:\/\/authtake.com\/wp-content\/uploads\/2023\/12\/PassKiosk_2-Kopyasi-768x432.png 768w, https:\/\/authtake.com\/wp-content\/uploads\/2023\/12\/PassKiosk_2-Kopyasi-1536x864.png 1536w, https:\/\/authtake.com\/wp-content\/uploads\/2023\/12\/PassKiosk_2-Kopyasi-18x10.png 18w, https:\/\/authtake.com\/wp-content\/uploads\/2023\/12\/PassKiosk_2-Kopyasi-600x338.png 600w, https:\/\/authtake.com\/wp-content\/uploads\/2023\/12\/PassKiosk_2-Kopyasi-1154x649.png 1154w, https:\/\/authtake.com\/wp-content\/uploads\/2023\/12\/PassKiosk_2-Kopyasi.png 1600w\" sizes=\"(max-width: 300px) 100vw, 300px\" \/>\n            <\/div>\n        <\/div><div class=\"eael-entry-wrapper\"><header class=\"eael-entry-header\"><h2 class=\"eael-entry-title\"><a class=\"eael-grid-post-link\" href=\"https:\/\/authtake.com\/tr\/reset-your-passwords-with-authtake-passkiosk-and-reduce-your-costs\/\" title=\"Parolalar\u0131n\u0131z\u0131 AuthTake PassKiosk ile S\u0131f\u0131rlay\u0131n, Maliyetlerinizi Azalt\u0131n\">Parolalar\u0131n\u0131z\u0131 AuthTake PassKiosk ile S\u0131f\u0131rlay\u0131n, Maliyetlerinizi Azalt\u0131n<\/a><\/h2><\/header><div class=\"eael-entry-content\">\n                        <div class=\"eael-grid-post-excerpt\"><a href=\"https:\/\/authtake.com\/tr\/reset-your-passwords-with-authtake-passkiosk-and-reduce-your-costs\/\" class=\"eael-post-elements-readmore-btn\">Daha Fazlas\u0131<\/a><\/div>\n                    <\/div><div class=\"eael-entry-footer\"><div class=\"eael-entry-meta\"><\/div><\/div><\/div><\/div>\n        <\/div>\n    <\/article><article class=\"eael-grid-post eael-post-grid-column\" data-id=\"16499\">\n        <div class=\"eael-grid-post-holder\">\n            <div class=\"eael-grid-post-holder-inner\"><div class=\"eael-entry-media\"><div class=\"eael-entry-overlay zoom-in\"><i class=\"\" aria-hidden=\"true\"><\/i><a href=\"https:\/\/authtake.com\/tr\/problems-created-by-password-managers-and-the-safest-way-of-authentication-passwordless-authentication\/\"><\/a><\/div><div class=\"eael-entry-thumbnail eael-image-ratio\">\n                <img loading=\"lazy\" decoding=\"async\" width=\"300\" height=\"180\" src=\"https:\/\/authtake.com\/wp-content\/uploads\/2023\/12\/passwordless_blog_cover-300x180.png\" class=\"attachment-medium size-medium wp-image-16507\" alt=\"\" srcset=\"https:\/\/authtake.com\/wp-content\/uploads\/2023\/12\/passwordless_blog_cover-300x180.png 300w, https:\/\/authtake.com\/wp-content\/uploads\/2023\/12\/passwordless_blog_cover-768x461.png 768w, https:\/\/authtake.com\/wp-content\/uploads\/2023\/12\/passwordless_blog_cover-18x12.png 18w, https:\/\/authtake.com\/wp-content\/uploads\/2023\/12\/passwordless_blog_cover-600x360.png 600w, https:\/\/authtake.com\/wp-content\/uploads\/2023\/12\/passwordless_blog_cover.png 980w\" sizes=\"(max-width: 300px) 100vw, 300px\" \/>\n            <\/div>\n        <\/div><div class=\"eael-entry-wrapper\"><header class=\"eael-entry-header\"><h2 class=\"eael-entry-title\"><a class=\"eael-grid-post-link\" href=\"https:\/\/authtake.com\/tr\/problems-created-by-password-managers-and-the-safest-way-of-authentication-passwordless-authentication\/\" title=\"Parola Y\u00f6neticilerinin Yaratt\u0131\u011f\u0131 Sorunlar ve Kimlik Do\u011frulaman\u0131n En G\u00fcvenli Yolu: Parolas\u0131z Kimlik Do\u011frulama\">Parola Y\u00f6neticilerinin Yaratt\u0131\u011f\u0131 Sorunlar ve Kimlik Do\u011frulaman\u0131n En G\u00fcvenli Yolu: Parolas\u0131z Kimlik Do\u011frulama<\/a><\/h2><\/header><div class=\"eael-entry-content\">\n                        <div class=\"eael-grid-post-excerpt\"><a href=\"https:\/\/authtake.com\/tr\/problems-created-by-password-managers-and-the-safest-way-of-authentication-passwordless-authentication\/\" class=\"eael-post-elements-readmore-btn\">Daha Fazlas\u0131<\/a><\/div>\n                    <\/div><div class=\"eael-entry-footer\"><div class=\"eael-entry-meta\"><\/div><\/div><\/div><\/div>\n        <\/div>\n    <\/article><article class=\"eael-grid-post eael-post-grid-column\" data-id=\"16482\">\n        <div class=\"eael-grid-post-holder\">\n            <div class=\"eael-grid-post-holder-inner\"><div class=\"eael-entry-media\"><div class=\"eael-entry-overlay zoom-in\"><i class=\"\" aria-hidden=\"true\"><\/i><a href=\"https:\/\/authtake.com\/tr\/increase-your-security-with-risk-based-authentication-rba\/\"><\/a><\/div><div class=\"eael-entry-thumbnail eael-image-ratio\">\n                <img loading=\"lazy\" decoding=\"async\" width=\"300\" height=\"180\" src=\"https:\/\/authtake.com\/wp-content\/uploads\/2023\/11\/Image-300x180.jpeg\" class=\"attachment-medium size-medium wp-image-16484\" alt=\"\" srcset=\"https:\/\/authtake.com\/wp-content\/uploads\/2023\/11\/Image-300x180.jpeg 300w, https:\/\/authtake.com\/wp-content\/uploads\/2023\/11\/Image-768x461.jpeg 768w, https:\/\/authtake.com\/wp-content\/uploads\/2023\/11\/Image-18x12.jpeg 18w, https:\/\/authtake.com\/wp-content\/uploads\/2023\/11\/Image-600x360.jpeg 600w, https:\/\/authtake.com\/wp-content\/uploads\/2023\/11\/Image.jpeg 980w\" sizes=\"(max-width: 300px) 100vw, 300px\" \/>\n            <\/div>\n        <\/div><div class=\"eael-entry-wrapper\"><header class=\"eael-entry-header\"><h2 class=\"eael-entry-title\"><a class=\"eael-grid-post-link\" href=\"https:\/\/authtake.com\/tr\/increase-your-security-with-risk-based-authentication-rba\/\" title=\"Risk Tabanl\u0131 Kimlik Do\u011frulama (RBA) ile G\u00fcvenli\u011finizi Art\u0131r\u0131n\">Risk Tabanl\u0131 Kimlik Do\u011frulama (RBA) ile G\u00fcvenli\u011finizi Art\u0131r\u0131n<\/a><\/h2><\/header><div class=\"eael-entry-content\">\n                        <div class=\"eael-grid-post-excerpt\"><a href=\"https:\/\/authtake.com\/tr\/increase-your-security-with-risk-based-authentication-rba\/\" class=\"eael-post-elements-readmore-btn\">Daha Fazlas\u0131<\/a><\/div>\n                    <\/div><div class=\"eael-entry-footer\"><div class=\"eael-entry-meta\"><\/div><\/div><\/div><\/div>\n        <\/div>\n    <\/article><\/div>\n            <div class=\"clearfix\"><\/div>\n        <\/div>            <div class=\"eael-load-more-button-wrap\">\n                <button class=\"eael-load-more-button\" id=\"eael-load-more-btn-3e2872e\" data-widget-id=\"3e2872e\" data-widget=\"3e2872e\" data-page-id=\"10503\" data-template=\"{&quot;dir&quot;:&quot;lite&quot;,&quot;file_name&quot;:&quot;one.php&quot;,&quot;name&quot;:&quot;Post-Grid&quot;}\" data-class=\"Essential_Addons_Elementor\\Elements\\Post_Grid\" data-layout=\"grid\" data-page=\"1\" data-args=\"orderby=date&amp;order=desc&amp;ignore_sticky_posts=1&amp;post_status=publish&amp;posts_per_page=6&amp;offset=0&amp;post_type=post\" data-max-page=\"3\">\n                    <span class=\"eael-btn-loader button__loader\"><\/span>\n                    <span class=\"eael_load_more_text\">Load More<\/span>\n                <\/button>\n            <\/div>\n            \t\t<\/div>\n\t\t\t\t<\/div>\n\t\t\t\t\t<\/div>\n\t\t<\/div>\n\t\t\t\t\t<\/div>\n\t\t<\/section>\n\t\t\t\t<\/div>","protected":false},"excerpt":{"rendered":"<p>&#8211; Resources &#8211; Blog How Single Sign-On Behind Mechanical Magic Works? Read More If Your Digital Immune System is Strong, You Are Strong Too! Read More Our Data is an Ocean, Hackers are a Fisherman: What is Whaling? Read More Reset Your Passwords with AuthTake PassKiosk and Reduce Your Costs Read More Problems Created by Password Managers and The Safest Way of Authentication: Passwordless Authentication Read More Increase Your Security with Risk-Based Authentication (RBA) Read More Load More<\/p>","protected":false},"author":1,"featured_media":0,"parent":0,"menu_order":0,"comment_status":"closed","ping_status":"closed","template":"","meta":[],"_links":{"self":[{"href":"https:\/\/authtake.com\/tr\/wp-json\/wp\/v2\/pages\/10503"}],"collection":[{"href":"https:\/\/authtake.com\/tr\/wp-json\/wp\/v2\/pages"}],"about":[{"href":"https:\/\/authtake.com\/tr\/wp-json\/wp\/v2\/types\/page"}],"author":[{"embeddable":true,"href":"https:\/\/authtake.com\/tr\/wp-json\/wp\/v2\/users\/1"}],"replies":[{"embeddable":true,"href":"https:\/\/authtake.com\/tr\/wp-json\/wp\/v2\/comments?post=10503"}],"version-history":[{"count":27,"href":"https:\/\/authtake.com\/tr\/wp-json\/wp\/v2\/pages\/10503\/revisions"}],"predecessor-version":[{"id":16600,"href":"https:\/\/authtake.com\/tr\/wp-json\/wp\/v2\/pages\/10503\/revisions\/16600"}],"wp:attachment":[{"href":"https:\/\/authtake.com\/tr\/wp-json\/wp\/v2\/media?parent=10503"}],"curies":[{"name":"wp","href":"https:\/\/api.w.org\/{rel}","templated":true}]}}