{"id":10184,"date":"2021-04-16T07:41:00","date_gmt":"2021-04-16T07:41:00","guid":{"rendered":"http:\/\/authtake.com\/?page_id=10184"},"modified":"2023-03-07T07:21:52","modified_gmt":"2023-03-07T07:21:52","slug":"resources-videos","status":"publish","type":"page","link":"https:\/\/authtake.com\/tr\/resources-videos\/","title":{"rendered":"Resources &#8211; Videos"},"content":{"rendered":"<div data-elementor-type=\"wp-page\" data-elementor-id=\"10184\" class=\"elementor elementor-10184\">\n\t\t\t\t\t\t<section class=\"elementor-section elementor-top-section elementor-element elementor-element-f443d48 elementor-section-height-min-height elementor-section-boxed elementor-section-height-default elementor-section-items-middle wpr-particle-no wpr-sticky-section-no\" data-id=\"f443d48\" data-element_type=\"section\" data-settings=\"{&quot;background_background&quot;:&quot;classic&quot;}\">\n\t\t\t\t\t\t<div class=\"elementor-container elementor-column-gap-default\">\n\t\t\t\t\t<div class=\"elementor-column elementor-col-50 elementor-top-column elementor-element elementor-element-5181b10\" data-id=\"5181b10\" data-element_type=\"column\">\n\t\t\t<div class=\"elementor-widget-wrap elementor-element-populated\">\n\t\t\t\t\t\t<div class=\"elementor-element elementor-element-16e7a56 elementor-widget elementor-widget-heading\" data-id=\"16e7a56\" data-element_type=\"widget\" data-widget_type=\"heading.default\">\n\t\t\t\t<div class=\"elementor-widget-container\">\n\t\t\t<h2 class=\"elementor-heading-title elementor-size-default\">- Kaynaklar -<\/h2>\t\t<\/div>\n\t\t\t\t<\/div>\n\t\t\t\t<div class=\"elementor-element elementor-element-32fca2e elementor-widget elementor-widget-heading\" data-id=\"32fca2e\" data-element_type=\"widget\" data-widget_type=\"heading.default\">\n\t\t\t\t<div class=\"elementor-widget-container\">\n\t\t\t<h2 class=\"elementor-heading-title elementor-size-default\">Videolar<\/h2>\t\t<\/div>\n\t\t\t\t<\/div>\n\t\t\t\t<div class=\"elementor-element elementor-element-d430e5e elementor-widget elementor-widget-text-editor\" data-id=\"d430e5e\" data-element_type=\"widget\" data-widget_type=\"text-editor.default\">\n\t\t\t\t<div class=\"elementor-widget-container\">\n\t\t\t\t\t\t\t<p>Tan\u0131t\u0131m videolar\u0131m\u0131z\u0131, kullan\u0131m \u00f6rneklerimizi, web seminerlerimizi ve daha fazlas\u0131n\u0131 \u015fimdi izleyin.<\/p>\t\t\t\t\t\t<\/div>\n\t\t\t\t<\/div>\n\t\t\t\t<div class=\"elementor-element elementor-element-34739ba elementor-widget elementor-widget-button\" data-id=\"34739ba\" data-element_type=\"widget\" data-widget_type=\"button.default\">\n\t\t\t\t<div class=\"elementor-widget-container\">\n\t\t\t\t\t<div class=\"elementor-button-wrapper\">\n\t\t\t<a class=\"elementor-button elementor-button-link elementor-size-sm\" href=\"https:\/\/authtake.com\/tr\/company-contact-us\/\">\n\t\t\t\t\t\t<span class=\"elementor-button-content-wrapper\">\n\t\t\t\t\t\t<span class=\"elementor-button-text\">B\u0130ZE ULA\u015eIN<\/span>\n\t\t<\/span>\n\t\t\t\t\t<\/a>\n\t\t<\/div>\n\t\t\t\t<\/div>\n\t\t\t\t<\/div>\n\t\t\t\t\t<\/div>\n\t\t<\/div>\n\t\t\t\t<div class=\"elementor-column elementor-col-50 elementor-top-column elementor-element elementor-element-8d245c5\" data-id=\"8d245c5\" data-element_type=\"column\">\n\t\t\t<div class=\"elementor-widget-wrap\">\n\t\t\t\t\t\t\t<\/div>\n\t\t<\/div>\n\t\t\t\t\t<\/div>\n\t\t<\/section>\n\t\t\t\t<section class=\"elementor-section elementor-top-section elementor-element elementor-element-b25e80a elementor-section-boxed elementor-section-height-default elementor-section-height-default wpr-particle-no wpr-sticky-section-no\" data-id=\"b25e80a\" data-element_type=\"section\">\n\t\t\t\t\t\t<div class=\"elementor-container elementor-column-gap-default\">\n\t\t\t\t\t<div class=\"elementor-column elementor-col-33 elementor-top-column elementor-element elementor-element-8189ef1\" data-id=\"8189ef1\" data-element_type=\"column\">\n\t\t\t<div class=\"elementor-widget-wrap elementor-element-populated\">\n\t\t\t\t\t\t<div class=\"elementor-element elementor-element-9fa31c9 elementor-widget elementor-widget-wp-widget-media_video\" data-id=\"9fa31c9\" data-element_type=\"widget\" data-widget_type=\"wp-widget-media_video.default\">\n\t\t\t\t<div class=\"elementor-widget-container\">\n\t\t\t<h5>Parolas\u0131z Ya\u015fam\u0131n G\u00fcvenli\u011fini Ke\u015ffedin<\/h5><div style=\"width:100%;\" class=\"wp-video\"><!--[if lt IE 9]><script>document.createElement('video');<\/script><![endif]-->\n<video class=\"wp-video-shortcode\" id=\"video-10184-1\" preload=\"metadata\" controls=\"controls\"><source type=\"video\/mp4\" src=\"https:\/\/authtake.com\/wp-content\/uploads\/2021\/04\/AuthTake-Passwordless-Video-12.04.2021-edit.mp4?_=1\" \/><source type=\"video\/mp4\" src=\"http:\/\/authtake.com\/wp-content\/uploads\/2021\/04\/AuthTake-Passwordless-Video-12.04.2021-edit.mp4?_=1\" \/><a href=\"https:\/\/authtake.com\/wp-content\/uploads\/2021\/04\/AuthTake-Passwordless-Video-12.04.2021-edit.mp4\">https:\/\/authtake.com\/wp-content\/uploads\/2021\/04\/AuthTake-Passwordless-Video-12.04.2021-edit.mp4<\/a><\/video><\/div>\t\t<\/div>\n\t\t\t\t<\/div>\n\t\t\t\t\t<\/div>\n\t\t<\/div>\n\t\t\t\t<div class=\"elementor-column elementor-col-33 elementor-top-column elementor-element elementor-element-74c1107\" data-id=\"74c1107\" data-element_type=\"column\">\n\t\t\t<div class=\"elementor-widget-wrap elementor-element-populated\">\n\t\t\t\t\t\t<div class=\"elementor-element elementor-element-ff59295 elementor-widget elementor-widget-wp-widget-media_video\" data-id=\"ff59295\" data-element_type=\"widget\" data-widget_type=\"wp-widget-media_video.default\">\n\t\t\t\t<div class=\"elementor-widget-container\">\n\t\t\t<h5>AuthTake Parolas\u0131z MFA Nas\u0131l Kullan\u0131l\u0131r \u2013 Microsoft OWA<\/h5><div style=\"width:100%;\" class=\"wp-video\"><video class=\"wp-video-shortcode\" id=\"video-10184-2\" preload=\"metadata\" controls=\"controls\"><source type=\"video\/mp4\" src=\"https:\/\/authtake.com\/wp-content\/uploads\/2021\/07\/AuthTakeOWAvideo080721pr_1.mp4?_=2\" \/><source type=\"video\/mp4\" src=\"https:\/\/authtake.com\/wp-content\/uploads\/2021\/07\/AuthTakeOWAvideo080721pr_1.mp4?_=2\" \/><a href=\"https:\/\/authtake.com\/wp-content\/uploads\/2021\/07\/AuthTakeOWAvideo080721pr_1.mp4\">https:\/\/authtake.com\/wp-content\/uploads\/2021\/07\/AuthTakeOWAvideo080721pr_1.mp4<\/a><\/video><\/div>\t\t<\/div>\n\t\t\t\t<\/div>\n\t\t\t\t\t<\/div>\n\t\t<\/div>\n\t\t\t\t<div class=\"elementor-column elementor-col-33 elementor-top-column elementor-element elementor-element-77977f8\" data-id=\"77977f8\" data-element_type=\"column\">\n\t\t\t<div class=\"elementor-widget-wrap elementor-element-populated\">\n\t\t\t\t\t\t<div class=\"elementor-element elementor-element-6ec85a9 elementor-widget elementor-widget-wp-widget-media_video\" data-id=\"6ec85a9\" data-element_type=\"widget\" data-widget_type=\"wp-widget-media_video.default\">\n\t\t\t\t<div class=\"elementor-widget-container\">\n\t\t\t<h5>AuthTake Parolas\u0131z MFA Nas\u0131l Kullan\u0131l\u0131r \u2013 Web Siteleri<\/h5><div style=\"width:100%;\" class=\"wp-video\"><video class=\"wp-video-shortcode\" id=\"video-10184-3\" preload=\"metadata\" controls=\"controls\"><source type=\"video\/mp4\" src=\"https:\/\/authtake.com\/wp-content\/uploads\/2021\/04\/authtake-mfa-website-video-with-music.mp4?_=3\" \/><source type=\"video\/mp4\" src=\"http:\/\/authtake.com\/wp-content\/uploads\/2021\/04\/authtake-mfa-website-video-with-music.mp4?_=3\" \/><a href=\"https:\/\/authtake.com\/wp-content\/uploads\/2021\/04\/authtake-mfa-website-video-with-music.mp4\">https:\/\/authtake.com\/wp-content\/uploads\/2021\/04\/authtake-mfa-website-video-with-music.mp4<\/a><\/video><\/div>\t\t<\/div>\n\t\t\t\t<\/div>\n\t\t\t\t\t<\/div>\n\t\t<\/div>\n\t\t\t\t\t<\/div>\n\t\t<\/section>\n\t\t\t\t<\/div>","protected":false},"excerpt":{"rendered":"<p>&#8211; Resources &#8211; Videos Watch our promotional videos, use cases, webinars and more now. CONTACT US<\/p>","protected":false},"author":1,"featured_media":0,"parent":0,"menu_order":0,"comment_status":"closed","ping_status":"closed","template":"","meta":[],"_links":{"self":[{"href":"https:\/\/authtake.com\/tr\/wp-json\/wp\/v2\/pages\/10184"}],"collection":[{"href":"https:\/\/authtake.com\/tr\/wp-json\/wp\/v2\/pages"}],"about":[{"href":"https:\/\/authtake.com\/tr\/wp-json\/wp\/v2\/types\/page"}],"author":[{"embeddable":true,"href":"https:\/\/authtake.com\/tr\/wp-json\/wp\/v2\/users\/1"}],"replies":[{"embeddable":true,"href":"https:\/\/authtake.com\/tr\/wp-json\/wp\/v2\/comments?post=10184"}],"version-history":[{"count":7,"href":"https:\/\/authtake.com\/tr\/wp-json\/wp\/v2\/pages\/10184\/revisions"}],"predecessor-version":[{"id":14073,"href":"https:\/\/authtake.com\/tr\/wp-json\/wp\/v2\/pages\/10184\/revisions\/14073"}],"wp:attachment":[{"href":"https:\/\/authtake.com\/tr\/wp-json\/wp\/v2\/media?parent=10184"}],"curies":[{"name":"wp","href":"https:\/\/api.w.org\/{rel}","templated":true}]}}